{"id":25402,"date":"2024-02-21T09:20:10","date_gmt":"2024-02-21T09:20:10","guid":{"rendered":"https:\/\/vibetrace.com\/?page_id=25402"},"modified":"2024-02-21T10:14:33","modified_gmt":"2024-02-21T10:14:33","slug":"marketing-automation-roi-calculator","status":"publish","type":"page","link":"https:\/\/vibetrace.com\/fr\/calculateur-de-retour-sur-investissement-pour-lautomatisation-du-marketing\/","title":{"rendered":"Calculateur de retour sur investissement"},"content":{"rendered":"<p>Entrez vos chiffres ci-dessous et d\u00e9couvrez combien d&#039;argent vous laissez sur la table sans Vibetrace<\/p>\n\n\n\n<style>\n.roi-pricing p.has-medium-font-size {margin-bottom:4px; margin-top:12px}\n.roi-pricing p.has-medium-font-size {margin-bottom:4px; margin-top:12px}\n<\/style>\n\n\n<div class=\"gb-container gb-container-ae3b4f52 roi-pricing\">\n<div class=\"gb-grid-wrapper gb-grid-wrapper-4307aaaf\">\n<div class=\"gb-grid-column gb-grid-column-8af595c2\"><div class=\"gb-container gb-container-8af595c2\">\n\n<p class=\"has-medium-font-size\" style=\"letter-spacing:0px\">Nombre de visiteurs mensuels<\/p>\n\n\n\n<input type=\"number\" min=\"0\" value=\"200000\" id=\"input_calc1\" class=\"input\" required=\"\">\n\n\n\n<p class=\"has-medium-font-size\">Nombre de commandes par mois<\/p>\n\n\n\n<input type=\"number\" min=\"0\" value=\"1400\" id=\"input_calc2\" class=\"input\" required=\"\">\n\n\n\n<p class=\"has-medium-font-size\">Valeur moyenne des commandes<\/p>\n\n\n\n<input type=\"number\" min=\"0\" value=\"220\" id=\"input_calc3\" class=\"input\" required=\"\">\n\n\n\n<p class=\"has-medium-font-size\">Taux de prospect \u00e0 client<\/p>\n\n\n\n<p class=\"has-small-font-size\">Si vous n&#039;avez pas de donn\u00e9es, veuillez laisser vide. <\/p>\n\n\n\n<input type=\"number\" min=\"0\" max=\"100\" step=\"0.1\" value=\"0.5\" id=\"input_calc4\" class=\"input\" required=\"\">\n\n\n\n<p class=\"has-medium-font-size\">Taux de fid\u00e9lisation des clients<\/p>\n\n\n\n<p class=\"has-small-font-size\">Si vous n&#039;avez pas de donn\u00e9es, veuillez laisser vide.<\/p>\n\n\n\n<input type=\"number\" min=\"0\" max=\"100\" step=\"1\" value=\"40\" id=\"input_calc5\" class=\"input\" required=\"\">\n\n\n\n<div style=\"height:50px\" aria-hidden=\"true\" class=\"wp-block-spacer\"><\/div>\n\n\n\n<div class=\"wp-block-buttons is-horizontal is-layout-flex wp-block-buttons-is-layout-flex\">\n<div class=\"wp-block-button\"><a class=\"wp-block-button__link wp-element-button\" href=\"javascript:calculateResult()\">Calculer<\/a><\/div>\n<\/div>\n\n<\/div><\/div>\n\n<div class=\"gb-grid-column gb-grid-column-e762286a\"><div class=\"gb-container gb-container-e762286a\">\n\n<p class=\"has-text-align-left has-medium-font-size\">Taux de conversion potentiel avec Vibetrace<\/p>\n\n\n\n<p class=\"gb-headline gb-headline-text\" id=\"result_html1\">1 <\/p>\n\n\n\n<p class=\"has-text-align-left has-medium-font-size\">Ventes suppl\u00e9mentaires potentielles<\/p>\n\n\n\n<p class=\"gb-headline gb-headline-text\" id=\"result_html2\">1 <\/p>\n\n\n\n<p class=\"has-text-align-left has-medium-font-size\">AOV potentiel avec Vibetrace<\/p>\n\n\n\n<p class=\"gb-headline gb-headline-text\" id=\"result_html3\">1<\/p>\n\n\n\n<p class=\"has-text-align-left has-medium-font-size\">Taux potentiel de prospection et de client<\/p>\n\n\n\n<p class=\"has-text-align-left has-small-font-size\">Un bon taux Lead to Customer est d&#039;au moins 1% (la moyenne est de 2,5%)<\/p>\n\n\n\n<p class=\"gb-headline gb-headline-text\" id=\"result_html5\">1<\/p>\n\n\n\n<p class=\"has-text-align-left has-medium-font-size\">Taux de fid\u00e9lisation des clients potentiels<\/p>\n\n\n\n<p class=\"has-text-align-left has-small-font-size\">Un bon taux de fid\u00e9lisation des clients est d&#039;au moins 50%. (La moyenne est de 60%)<\/p>\n\n\n\n<p class=\"gb-headline gb-headline-text\" id=\"result_html6\">1<\/p>\n\n\n\n<p class=\"has-text-align-left has-medium-font-size\">Co\u00fbt d&#039;abonnement mensuel estim\u00e9<\/p>\n\n\n\n<p class=\"gb-headline gb-headline-text\" id=\"result_html7\">1<\/p>\n\n\n\n<p class=\"has-text-align-left has-medium-font-size\">ROI estim\u00e9<\/p>\n\n\n\n<p class=\"gb-headline gb-headline-text\" id=\"result_html8\">1<\/p>\n\n\n\n<script>\n      function calculateResult() {\nvar calc1 = document.getElementById('input_calc1').value;\nvar calc2 = document.getElementById('input_calc2').value;\nvar calc3 = document.getElementById('input_calc3').value;\nvar calc4 = document.getElementById('input_calc4').value;\nvar calc5 = document.getElementById('input_calc5').value;\n        \nvar result1=((calc2 \/ calc1) * 100);\nresult1 = result1*1.08;\n\/\/conversio rate\ndocument.getElementById('result_html1').innerHTML = result1.toFixed(2) + '%';\n\n\/\/aov\nvar result3=(calc3 * 1.14);\ndocument.getElementById('result_html3').innerHTML = result3.toFixed(2) + '';\n\/\/ additional sales\nresult2 = calc2*1.08 - calc2;\ndocument.getElementById('result_html2').innerHTML = result2 + '  = [$' + result3 * result2  + \"]\";\n\/\/lead to customer\nvar result5 = 2.5;\nif (calc4 > 2 && calc4<4) {\nresult5 = calc4*1.2\n}\nif (calc4 <= 2.5) {\nresult5 = calc4*1.4\n}\nif (calc4 > 4) {\nresult5 = calc4*1.06\n}\nif (result5<1) {result5 = 1}\ndocument.getElementById('result_html5').innerHTML = result5.toFixed(2) + '%';\nvar result6 = 55;\nif (calc5 > 50 && calc5<65) {\nresult6 = calc5*1.15\n}\nif (calc5 <= 50) {\nresult6 = calc5*1.3\n}\nif (calc4 > 70) {\nresult6 = calc5*1.08\n}\ndocument.getElementById('result_html6').innerHTML = result6.toFixed(2) + '%';\n\/\/costs\nresult7 = (calc1\/1000 * 6 + 15)\ndocument.getElementById('result_html7').innerHTML = \"$\" \n+ result7.toFixed(2) + '';\n\/\/ ROI\nvar result8 = (result3 * result2 ) - result7;\ndocument.getElementById('result_html8').innerHTML = \"$\" \n+ result8.toFixed(2) + '';\n\n      }\n    <\/script>\n\n<\/div><\/div>\n<\/div>\n\n\n<p><\/p>\n\n\n\n<p class=\"has-text-align-center has-medium-font-size\"> Retour sur investissement R\u00e9sultats<\/p>\n\n\n\n<p>Le tableau suivant est une estimation des rendements que vous obtiendrez avec Vibetrace. Il convient de mentionner qu&#039;il s&#039;agit d&#039;une estimation de haut niveau et qu&#039;elle peut \u00eatre affect\u00e9e par les besoins uniques de votre entreprise et votre situation actuelle.<\/p>\n\n\n\n<p><\/p>\n\n<\/div>\n\n\n<div style=\"height:100px\" aria-hidden=\"true\" class=\"wp-block-spacer\"><\/div>\n\n\n\n<p><\/p>\n\n\n\n<h2 class=\"wp-block-heading\">Calculateur de retour sur investissement pour l&#039;automatisation du marketing<\/h2>\n\n\n\n<p>L&#039;objectif de notre calculateur de retour sur investissement d&#039;automatisation du marketing est d&#039;aider \u00e0 prendre des d\u00e9cisions \u00e9clair\u00e9es concernant l&#039;investissement dans la technologie d&#039;automatisation du marketing en quantifiant son impact financier. <\/p>\n\n\n\n<p>Cependant, il est important de garder \u00e0 l&#039;esprit que la v\u00e9ritable valeur de l&#039;automatisation du marketing peut \u00e9galement inclure des avantages intangibles, tels qu&#039;une meilleure exp\u00e9rience client et une meilleure perception de la marque, qui peuvent ne pas \u00eatre directement pris en compte dans un calcul de retour sur investissement.<\/p>\n\n\n<div id=\"rank-math-faq\" class=\"rank-math-block\">\n<div class=\"rank-math-list\">\n<div id=\"faq-question-1708503817003\" class=\"rank-math-list-item\">\n<h3 class=\"rank-math-question\">Quels co\u00fbts dois-je prendre en compte pour \u00e9valuer Vibetrace\u00a0?<\/h3>\n<div class=\"rank-math-answer\">\n\n<p>Co\u00fbts des intrants<br \/><strong>Co\u00fbts du logiciel\u00a0:<\/strong> Les frais d&#039;abonnement mensuels ou annuels \u00e0 la plateforme d&#039;automatisation du marketing.<br \/><strong>Co\u00fbts de mise en \u0153uvre\u00a0:<\/strong> Co\u00fbts ponctuels associ\u00e9s \u00e0 la mise en place du syst\u00e8me d&#039;automatisation du marketing, qui peuvent inclure la personnalisation, l&#039;int\u00e9gration et la formation du personnel.<br \/><strong>Co\u00fbts op\u00e9rationnels:<\/strong> Co\u00fbts permanents tels que le personnel ou les consultants suppl\u00e9mentaires n\u00e9cessaires pour g\u00e9rer les processus d&#039;automatisation du marketing.<\/p>\n\n<\/div>\n<\/div>\n<div id=\"faq-question-1708503839701\" class=\"rank-math-list-item\">\n<h3 class=\"rank-math-question\">Quelle augmentation de revenus dois-je envisager<\/h3>\n<div class=\"rank-math-answer\">\n\n<p>Des revenus suppl\u00e9mentaires peuvent \u00eatre d\u00e9termin\u00e9s par une augmentation des revenus ou des \u00e9conomies de co\u00fbts<\/p>\n<p><strong>Augmentation de la g\u00e9n\u00e9ration de leads\u00a0:<\/strong> Estimez l\u2019augmentation du nombre de leads gr\u00e2ce \u00e0 des campagnes marketing plus efficaces.<br \/><strong>Taux de conversion am\u00e9lior\u00e9s\u00a0:<\/strong> L&#039;augmentation des taux de conversion gr\u00e2ce \u00e0 un engagement plus personnalis\u00e9 et plus rapide avec les prospects.<br \/><strong>Gains d&#039;efficacit\u00e9:<\/strong> \u00c9conomies de co\u00fbts gr\u00e2ce \u00e0 la r\u00e9duction des t\u00e2ches manuelles et \u00e0 des processus marketing plus efficaces.<br \/><strong>Fid\u00e9lisation de la client\u00e8le:<\/strong> L\u2019impact financier d\u2019une fid\u00e9lisation et d\u2019une fid\u00e9lisation am\u00e9lior\u00e9es des clients gr\u00e2ce \u00e0 un engagement client personnalis\u00e9.<\/p>\n\n<\/div>\n<\/div>\n<div id=\"faq-question-1708503897183\" class=\"rank-math-list-item\">\n<h3 class=\"rank-math-question\">Qu\u2019est-ce que la formule ROI\u00a0?<\/h3>\n<div class=\"rank-math-answer\">\n\n<p>Le ROI est calcul\u00e9 en comparant les gains financiers aux co\u00fbts. Une formule de base pour le retour sur investissement est la suivante\u00a0:<br \/>ROI = ((Gains totaux \u2212 Co\u00fbts totaux) \/ Co\u00fbts totaux) \u00d7 100<\/p>\n\n<\/div>\n<\/div>\n<div id=\"faq-question-1708503989234\" class=\"rank-math-list-item\">\n<h3 class=\"rank-math-question\">Autres consid\u00e9rations<\/h3>\n<div class=\"rank-math-answer\">\n\n<p><strong>P\u00e9riode de temps:<\/strong> Le calculateur peut permettre de sp\u00e9cifier une p\u00e9riode de temps sur laquelle mesurer le retour sur investissement, par exemple un an, pour tenir compte du fait que les avantages de l&#039;automatisation du marketing s&#039;accumulent au fil du temps.<br \/><strong>M\u00e9triques personnalis\u00e9es\u00a0:<\/strong> Certains calculateurs permettent d&#039;ajouter des mesures personnalis\u00e9es pertinentes \u00e0 votre entreprise ou secteur sp\u00e9cifique, offrant ainsi une estimation du retour sur investissement plus personnalis\u00e9e.<br \/><strong>Pr\u00e9cision des entr\u00e9es\u00a0:<\/strong> La fiabilit\u00e9 du calcul du retour sur investissement d\u00e9pend fortement de la pr\u00e9cision des donn\u00e9es d&#039;entr\u00e9e. Les estimations doivent \u00eatre aussi r\u00e9alistes que possible.<br \/><strong>Analyse comparative\u00a0:<\/strong> Il peut \u00eatre utile de comparer le retour sur investissement calcul\u00e9 aux r\u00e9f\u00e9rences du secteur ou aux mesures de performances pr\u00e9c\u00e9dentes pour \u00e9valuer l&#039;efficacit\u00e9 de votre investissement dans l&#039;automatisation du marketing.<\/p>\n\n<\/div>\n<\/div>\n<div id=\"faq-question-1708506492488\" class=\"rank-math-list-item\">\n<h3 class=\"rank-math-question\">O\u00f9 puis-je trouver plus d&#039;informations sur les statistiques mentionn\u00e9es\u00a0?<\/h3>\n<div class=\"rank-math-answer\">\n\n<p>Si vous souhaitez en savoir plus sur la fa\u00e7on de calculer vos m\u00e9triques, vous pouvez lire nos pages d\u00e9di\u00e9es :<br \/><a href=\"https:\/\/vibetrace.com\/fr\/ratio-prospect-client\/\">Ratio prospects\/clients<\/a> <\/p>\n\n<\/div>\n<\/div>\n<\/div>\n<\/div>","protected":false},"excerpt":{"rendered":"<p>Entrez vos chiffres ci-dessous et d\u00e9couvrez combien d&#039;argent vous laissez sur la table sans\u2026 <a title=\"Calculateur de retour sur investissement\" class=\"read-more\" href=\"https:\/\/vibetrace.com\/fr\/calculateur-de-retour-sur-investissement-pour-lautomatisation-du-marketing\/\" aria-label=\"En savoir plus sur ROI Calculator\"> <\/a><\/p>","protected":false},"author":9,"featured_media":0,"parent":0,"menu_order":0,"comment_status":"closed","ping_status":"closed","template":"","meta":{"inline_featured_image":false,"footnotes":""},"class_list":["post-25402","page","type-page","status-publish"],"_links":{"self":[{"href":"https:\/\/vibetrace.com\/fr\/wp-json\/wp\/v2\/pages\/25402","targetHints":{"allow":["GET"]}}],"collection":[{"href":"https:\/\/vibetrace.com\/fr\/wp-json\/wp\/v2\/pages"}],"about":[{"href":"https:\/\/vibetrace.com\/fr\/wp-json\/wp\/v2\/types\/page"}],"author":[{"embeddable":true,"href":"https:\/\/vibetrace.com\/fr\/wp-json\/wp\/v2\/users\/9"}],"replies":[{"embeddable":true,"href":"https:\/\/vibetrace.com\/fr\/wp-json\/wp\/v2\/comments?post=25402"}],"version-history":[{"count":54,"href":"https:\/\/vibetrace.com\/fr\/wp-json\/wp\/v2\/pages\/25402\/revisions"}],"predecessor-version":[{"id":25469,"href":"https:\/\/vibetrace.com\/fr\/wp-json\/wp\/v2\/pages\/25402\/revisions\/25469"}],"wp:attachment":[{"href":"https:\/\/vibetrace.com\/fr\/wp-json\/wp\/v2\/media?parent=25402"}],"curies":[{"name":"wp","href":"https:\/\/api.w.org\/{rel}","templated":true}]}}