{"id":20297,"date":"2023-03-18T06:39:23","date_gmt":"2023-03-18T06:39:23","guid":{"rendered":"https:\/\/vibetrace.com\/?page_id=20297"},"modified":"2023-03-22T13:48:29","modified_gmt":"2023-03-22T13:48:29","slug":"lp-white-label-agencies2","status":"publish","type":"page","link":"https:\/\/vibetrace.com\/fr\/agences-lp-marque-blanche2\/","title":{"rendered":"Solution marque blanche pour les agences"},"content":{"rendered":"<p><img decoding=\"async\" src=\"https:\/\/vibetrace.com\/wp-content\/uploads\/2023\/02\/logo_vibetrace_white@3x-300x65.png\" title=\"\" alt=\"\" loading=\"lazy\"><\/p>\n<h2>Votre propre plateforme de marketing omnicanal de marque\u00a0!<\/h2>\n<p>Marketing par e-mail, SMS, publicit\u00e9 payante, enqu\u00eates et analyses\u00a0: synchronisez votre marketing avec une puissante plateforme en liste blanche\u00a0!<\/p>\n<h2>Planifiez une d\u00e9mo en direct d\u00e8s aujourd&#039;hui\u00a0!<\/h2>\n<style>\n.lp-input-container input.wp-lp-input {width:100%}<br \/>.lp-input-container {margin:10px 0}<br \/><\/style>\n<form id=\"demo_list_form\" action=\"https:\/\/pages.vtcdn.net\/lists\/213\/2693\/7ZPO5yLnxNeP\/subscribe\" method=\"POST\" target=\"_blank\" data-trp-original-action=\"https:\/\/pages.vtcdn.net\/lists\/213\/2693\/7ZPO5yLnxNeP\/subscribe\">\n<input name=\"name\" required=\"\" type=\"text\" placeholder=\"Votre nom *\"><br \/>\n<input name=\"email\" required=\"\" type=\"text\" placeholder=\"Votre adresse e-mail *\"><br \/>\n<input name=\"tel\" type=\"text\" placeholder=\"Num\u00e9ro de t\u00e9l\u00e9phone\"><br \/>\n<input name=\"source\" type=\"hidden\" value=\"lp_agency\"><br \/>\n<input style=\"display: none;\" name=\"__em\" type=\"text\" value=\"\"><br \/>\n<input style=\"display: none;\" name=\"__name\" type=\"text\" value=\"\"><br \/>\n<button>Voyez-le en action<\/button><br \/>\n<input type=\"hidden\" name=\"trp-form-language\" value=\"fr\"\/><\/form>\n<p>* Laissez-nous vos informations et nous vous contacterons au plus vite !<\/p>\n<h2>Approuv\u00e9 par plus de 100 marques<\/h2>\n<p>&quot;Nous sommes pass\u00e9s \u00e0 Vibetrace de Klaviyo et obtenons de meilleurs r\u00e9sultats avec une approche marketing int\u00e9gr\u00e9e&quot;<br \/>\n<img decoding=\"async\" width=\"608\" height=\"612\" src=\"https:\/\/vibetrace.com\/wp-content\/uploads\/2023\/03\/Screenshot-2023-03-18-at-10.24.03-AM.png\" alt=\"\" loading=\"lazy\"><br \/>\nAlina, prendsMARA<br \/>\nOp\u00e9rations<br \/>\n<i>\ue934<\/i><i>\ue934<\/i><i>\ue934<\/i><i>\ue934<\/i><i>\ue934<\/i> 5\/5<br \/>\n\u00ab Nous sommes pass\u00e9s \u00e0 Vibetrace de Klaviyo et obtenons de meilleurs r\u00e9sultats avec une approche marketing int\u00e9gr\u00e9e. \u00bb Nos clients nous appr\u00e9cient beaucoup plus et nous n&#039;avons perdu aucun autre client car \u00ab ils obtiendront moins cher \u00bb avec un freelance.<br \/>\nDe plus, les services en marque blanche nous ont aid\u00e9s \u00e0 g\u00e9n\u00e9rer des revenus suppl\u00e9mentaires d\u00e8s le deuxi\u00e8me jour.\u200b\u201d<br \/>\n<img decoding=\"async\" src=\"https:\/\/vibetrace.com\/wp-content\/uploads\/2023\/02\/image-69.png\" title=\"\" alt=\"\" loading=\"lazy\"><br \/>\nMike, VebaMarketing<br \/>\nFondateur<br \/>\n<i>\ue934<\/i><i>\ue934<\/i><i>\ue934<\/i><i>\ue934<\/i><i>\ue934<\/i> 5\/5<\/p>\n<h2>Devenez irrempla\u00e7able.<br \/>\nAvec votre propre solution de marque.<\/h2>\n<p>Trop d&#039;outils vous rendent la vie plus difficile ? Utilisez Vibetrace comme solution marketing unique.<\/p>\n<p><img decoding=\"async\" width=\"1024\" height=\"1024\" src=\"https:\/\/vibetrace.com\/wp-content\/uploads\/2022\/05\/Whitelabel-for-Agencies-Hero-2.svg\" alt=\"Alternative \u00e0 Klaviyo\" loading=\"lazy\"><\/p>\n<h2>Utilisez Vibetrace comme solution marketing unique.<\/h2>\n<ul>\n<li>\n\t\t\t\t\t\t\t\t\t\tD\u00e9marquez-vous dans un oc\u00e9an d&#039;agences \u00ab\u00a0moi aussi\u00a0\u00bb.<\/li>\n<li>\n\t\t\t\t\t\t\t\t\t\tLes clients restent avec vous plus longtemps parce qu\u2019ils aiment votre plateforme.<\/li>\n<li>\n\t\t\t\t\t\t\t\t\t\tUn LTV \u00e9lev\u00e9 vous permet de fournir un service de premier ordre.<\/li>\n<\/ul>\n<p><a href=\"#\" role=\"button\"><br \/>\nVoyez-le en action<br \/>\n<\/a><\/p>\n<h2>Le marketing omnicanal, simplifi\u00e9<\/h2>\n<h3>\n\t\t\t\t\t\tFlux de marketing par e-mail et d&#039;automatisation<\/h3>\n<p>Flux de bienvenue, s\u00e9quences de d\u00e9veloppement, flux de ventes d&#039;abandon de panier et bien plus encore\u00a0! Configurez des d\u00e9clencheurs personnalis\u00e9s pour augmenter le retour sur investissement de la campagne.<\/p>\n<h3>\n\t\t\t\t\t\tSMS et Web Push<\/h3>\n<p>Engagez vos clients et d\u00e9tournez leur attention<br \/>\nen retour sur investissement.<\/p>\n<h3>\n\t\t\t\t\t\tPersonnalisation avanc\u00e9e<\/h3>\n<p>Utilisez la puissance de l\u2019IA pour toucher la bonne corde sensible\u00a0!<br \/>\nRecommander des produits en fonction du comportement des utilisateurs.<\/p>\n<h3>\n\t\t\t\t\t\tFen\u00eatres contextuelles du site Web<\/h3>\n<p>Chaque visiteur compte. Utilisez des pop-ups pour promouvoir des offres int\u00e9ressantes<br \/>\net transformez les visiteurs en prospects ou en clients.<\/p>\n<h3>\n\t\t\t\t\t\tSondages et enqu\u00eates<\/h3>\n<p>\u00c9coutez les commentaires de vos clients gr\u00e2ce \u00e0 des sondages et des enqu\u00eates.<br \/>\nAugmentez votre retour sur investissement avec des donn\u00e9es de haute qualit\u00e9.<\/p>\n<h3>\n\t\t\t\t\t\tPublicit\u00e9 Facebook<\/h3>\n<p>Faites \u00e9voluer vos campagnes vers la lune gr\u00e2ce \u00e0 la publicit\u00e9 payante. Tirez parti d\u2019un ciblage puissant<br \/>\npour engager des prospects inconscients.<\/p>\n<h3>\n\t\t\t\t\t\tRapports en temps r\u00e9el<\/h3>\n<p>Les rapports int\u00e9gr\u00e9s facilitent le suivi<br \/>\net analyser les performances de la campagne.<\/p>\n<h3>\n\t\t\t\t\t\tl&#039;image de marque<\/h3>\n<p>Ajoutez des URL de marque et une marque personnalis\u00e9e \u00e0<br \/>\nvos communications marketing.<\/p>\n<h2>Int\u00e9gration transparente des donn\u00e9es<\/h2>\n<p>Dites adieu aux tableaux de bord encombrants\u00a0!<\/p>\n<p>Qu&#039;il s&#039;agisse de donn\u00e9es sur les produits, les utilisateurs, les commandes ou les comportements, conservez tout cela dans une seule base de donn\u00e9es et int\u00e9grez-le \u00e0 vos campagnes en quelques secondes.<\/p>\n<p><img decoding=\"async\" width=\"934\" height=\"416\" src=\"https:\/\/vibetrace.com\/wp-content\/uploads\/2023\/03\/Imagereporting-tool-white-label-automation.png\" alt=\"\" loading=\"lazy\" srcset=\"https:\/\/vibetrace.com\/wp-content\/uploads\/2023\/03\/Imagereporting-tool-white-label-automation.png 934w, https:\/\/vibetrace.com\/wp-content\/uploads\/2023\/03\/Imagereporting-tool-white-label-automation-300x134.png 300w, https:\/\/vibetrace.com\/wp-content\/uploads\/2023\/03\/Imagereporting-tool-white-label-automation-768x342.png 768w, https:\/\/vibetrace.com\/wp-content\/uploads\/2023\/03\/Imagereporting-tool-white-label-automation-18x8.png 18w\" sizes=\"auto, (max-width: 934px) 100vw, 934px\"><\/p>\n<h2>Pr\u00eat \u00e0 gagner votre avantage concurrentiel ?<\/h2>\n<p>D\u00e9couvrez Vibetrace en action. D\u00e9couvrez comment il peut faire passer les campagnes de vos clients au niveau sup\u00e9rieur.<\/p>\n<p><a href=\"#\" role=\"button\"><br \/>\nVoyez-le en action<br \/>\n<\/a><\/p>\n<p>2023 \u2013 Vibetrace \u2013 Zurich Suisse<\/p>\n<p>Notre solution White Label alimente actuellement bon nombre des 500 plus grands d\u00e9taillants en ligne et sites Web de commerce \u00e9lectronique. Vibetrace est une soci\u00e9t\u00e9 de produits ax\u00e9e sur les agences et les clients de grande taille.<\/p>","protected":false},"excerpt":{"rendered":"<p>Votre propre plateforme marketing omnicanal personnalis\u00e9e\u00a0! Marketing par e-mail, SMS, publicit\u00e9 payante, sondages et analyses\u2026 <a title=\"Solution marque blanche pour les agences\" class=\"read-more\" href=\"https:\/\/vibetrace.com\/fr\/agences-lp-marque-blanche2\/\" aria-label=\"En savoir plus sur Solution Marque Blanche pour Agences\"> <\/a><\/p>","protected":false},"author":9,"featured_media":0,"parent":0,"menu_order":0,"comment_status":"closed","ping_status":"closed","template":"","meta":{"inline_featured_image":false,"footnotes":""},"class_list":["post-20297","page","type-page","status-publish"],"_links":{"self":[{"href":"https:\/\/vibetrace.com\/fr\/wp-json\/wp\/v2\/pages\/20297","targetHints":{"allow":["GET"]}}],"collection":[{"href":"https:\/\/vibetrace.com\/fr\/wp-json\/wp\/v2\/pages"}],"about":[{"href":"https:\/\/vibetrace.com\/fr\/wp-json\/wp\/v2\/types\/page"}],"author":[{"embeddable":true,"href":"https:\/\/vibetrace.com\/fr\/wp-json\/wp\/v2\/users\/9"}],"replies":[{"embeddable":true,"href":"https:\/\/vibetrace.com\/fr\/wp-json\/wp\/v2\/comments?post=20297"}],"version-history":[{"count":0,"href":"https:\/\/vibetrace.com\/fr\/wp-json\/wp\/v2\/pages\/20297\/revisions"}],"wp:attachment":[{"href":"https:\/\/vibetrace.com\/fr\/wp-json\/wp\/v2\/media?parent=20297"}],"curies":[{"name":"wp","href":"https:\/\/api.w.org\/{rel}","templated":true}]}}