{"id":19301,"date":"2023-02-20T18:22:27","date_gmt":"2023-02-20T18:22:27","guid":{"rendered":"https:\/\/vibetrace.com\/?page_id=19301"},"modified":"2023-03-22T13:50:29","modified_gmt":"2023-03-22T13:50:29","slug":"lp-white-label-agencies","status":"publish","type":"page","link":"https:\/\/vibetrace.com\/fr\/agences-de-marque-blanche-lp\/","title":{"rendered":"Agences de marque blanche LP"},"content":{"rendered":"<div class=\"gb-container gb-container-dbaba807\"><div class=\"gb-inside-container\">\n<div class=\"gb-container gb-container-aca22789\"><div class=\"gb-inside-container\">\n<div class=\"gb-grid-wrapper gb-grid-wrapper-3fbb2bd4\">\n<div class=\"gb-grid-column gb-grid-column-eb5d4634\"><div class=\"gb-container gb-container-eb5d4634\"><div class=\"gb-inside-container\">\n\n<figure class=\"wp-block-image size-large is-resized\"><a href=\"https:\/\/vibetrace.com\/fr\/\"><img loading=\"lazy\" decoding=\"async\" src=\"https:\/\/vibetrace.com\/wp-content\/uploads\/2023\/02\/logo_vibetrace_white@3x-1024x221.png\" alt=\"\" class=\"wp-image-19377\" width=\"228\" height=\"49\" srcset=\"https:\/\/vibetrace.com\/wp-content\/uploads\/2023\/02\/logo_vibetrace_white@3x-1024x221.png 1024w, https:\/\/vibetrace.com\/wp-content\/uploads\/2023\/02\/logo_vibetrace_white@3x-300x65.png 300w, https:\/\/vibetrace.com\/wp-content\/uploads\/2023\/02\/logo_vibetrace_white@3x-768x166.png 768w, https:\/\/vibetrace.com\/wp-content\/uploads\/2023\/02\/logo_vibetrace_white@3x-1536x332.png 1536w, https:\/\/vibetrace.com\/wp-content\/uploads\/2023\/02\/logo_vibetrace_white@3x-2048x442.png 2048w, https:\/\/vibetrace.com\/wp-content\/uploads\/2023\/02\/logo_vibetrace_white@3x-18x4.png 18w\" sizes=\"auto, (max-width: 228px) 100vw, 228px\" \/><\/a><\/figure>\n\n<\/div><\/div><\/div>\n\n<div class=\"gb-grid-column gb-grid-column-e40872a1\"><div class=\"gb-container gb-container-e40872a1\"><div class=\"gb-inside-container\"><\/div><\/div><\/div>\n<\/div>\n<\/div><\/div>\n\n<div class=\"gb-container gb-container-e28b46d5\"><div class=\"gb-inside-container\">\n<div class=\"gb-grid-wrapper gb-grid-wrapper-e86a6f43\">\n<div class=\"gb-grid-column gb-grid-column-e51f5970\"><div class=\"gb-container gb-container-e51f5970\"><div class=\"gb-inside-container\">\n\n<h2 class=\"gb-headline gb-headline-e5abb250 gb-headline-text\">Augmentez vos revenus en fid\u00e9lisant vos clients plus longtemps<\/h2>\n\n\n\n<p class=\"has-base-3-color has-text-color\">Ayez le v\u00f4tre <strong>logiciel complet d&#039;automatisation du marketing en marque blanche<\/strong> pour vos clients d&#039;agence.<\/p>\n\n\n\n<p class=\"has-base-3-color has-text-color\">Conservez davantage de clients et fid\u00e9lisez-les pour une r\u00e9tention et une valeur \u00e0 vie accrues.<\/p>\n\n<\/div><\/div><\/div>\n\n<div class=\"gb-grid-column gb-grid-column-988b9c58\"><div class=\"gb-container gb-container-988b9c58\"><div class=\"gb-inside-container\">\n\n<figure class=\"wp-block-image size-full\"><img loading=\"lazy\" decoding=\"async\" width=\"984\" height=\"566\" src=\"https:\/\/vibetrace.com\/wp-content\/uploads\/2023\/02\/white-label-customer-database-marketing-platform-2.png\" alt=\"\" class=\"wp-image-19426\" srcset=\"https:\/\/vibetrace.com\/wp-content\/uploads\/2023\/02\/white-label-customer-database-marketing-platform-2.png 984w, https:\/\/vibetrace.com\/wp-content\/uploads\/2023\/02\/white-label-customer-database-marketing-platform-2-300x173.png 300w, https:\/\/vibetrace.com\/wp-content\/uploads\/2023\/02\/white-label-customer-database-marketing-platform-2-768x442.png 768w, https:\/\/vibetrace.com\/wp-content\/uploads\/2023\/02\/white-label-customer-database-marketing-platform-2-18x10.png 18w\" sizes=\"auto, (max-width: 984px) 100vw, 984px\" \/><\/figure>\n\n<\/div><\/div><\/div>\n<\/div>\n<\/div><\/div>\n<\/div><\/div>\n\n<div class=\"gb-container gb-container-20d46cfa\"><div class=\"gb-inside-container\">\n\n<h2 class=\"gb-headline gb-headline-7f21273f gb-headline-text\">Augmenter et conserver les revenus tout en restant pertinent<\/h2>\n\n\n\n<script>window.vt_stopcampaigns=true;<\/script>\n\n\n\n<p><\/p>\n\n\n<div class=\"gb-grid-wrapper gb-grid-wrapper-0f10da0d\">\n<div class=\"gb-grid-column gb-grid-column-f7960c80\"><div class=\"gb-container gb-container-f7960c80\"><div class=\"gb-inside-container\">\n\n<h3 class=\"wp-block-heading\">Ce que vous obtiendrez :<\/h3>\n\n\n\n<ol class=\"wp-block-list\">\n<li>Le tien <strong>Plateforme d&#039;automatisation du marketing<\/strong><\/li>\n\n\n\n<li>Plus besoin de changer et d&#039;apprendre plusieurs solutions logicielles<\/li>\n\n\n\n<li><strong>Moins de travail<\/strong> int\u00e9gration de donn\u00e9es et de solutions techniques.<\/li>\n\n\n\n<li>\u00catre <strong>plus comp\u00e9titif<\/strong> avec les derni\u00e8res tendances et technologies<\/li>\n<\/ol>\n\n\n\n<p>Fonctionnalit\u00e9s incluses :<\/p>\n\n\n\n<ul class=\"wp-block-list\">\n<li>Publicit\u00e9 par e-mail<\/li>\n\n\n\n<li>SMS et Webpush<\/li>\n\n\n\n<li>Flux de travail d&#039;automatisation<\/li>\n\n\n\n<li>Recommandations de produits<\/li>\n\n\n\n<li>Pop-ups de sites Web, contenu dynamique<\/li>\n\n\n\n<li>Sondages, enqu\u00eates et formulaires<\/li>\n\n\n\n<li>Publicit\u00e9 Facebook <\/li>\n<\/ul>\n\n\n\n<p>En plus de cela, vous avez<strong> contr\u00f4le total sur les prix, la facturation et les paiements<\/strong>Les clients sont factur\u00e9s automatiquement et avec pr\u00e9cision, ce qui vous permet de vous concentrer sur de nouvelles affaires.<\/p>\n\n\n\n<p>Demandez \u00e0 utiliser notre solution et faites <strong>jusqu&#039;\u00e0 30% de b\u00e9n\u00e9fices suppl\u00e9mentaires<\/strong>.<\/p>\n\n\n\n<p>Int\u00e9gration facile avec : Shopify, Magento, Prestashop, Woocommerce, Opencart pour vos clients<\/p>\n\n<\/div><\/div><\/div>\n\n<div class=\"gb-grid-column gb-grid-column-fca872b4\"><div class=\"gb-container gb-container-fca872b4\"><div class=\"gb-inside-container\">\n\n<h3 class=\"gb-headline gb-headline-cb47f91b gb-headline-text\">Vous voulez une d\u00e9mo ?<\/h3>\n\n\n\n<p>Laissez-nous vos informations et nous vous contacterons dans les plus brefs d\u00e9lais !<\/p>\n\n\n\n<style>\n.lp-input-container input.wp-lp-input {width:100%}\n.lp-input-container {margin:10px 0}\n<\/style>\n<form id=\"demo_list_form\" class=\"book-form\" action=\"https:\/\/pages.vtcdn.net\/lists\/213\/2693\/7ZPO5yLnxNeP\/subscribe\" method=\"POST\" target=\"_blank\" data-trp-original-action=\"https:\/\/pages.vtcdn.net\/lists\/213\/2693\/7ZPO5yLnxNeP\/subscribe\">\n<div class=\"lp-input-container\">\n<input class=\"wp-block-search__input wp-block-search__input wp-lp-input\" placeholder=\"Votre nom *\" name=\"name\" required=\"\">\n<\/div>\n<div class=\"lp-input-container\">\n<input class=\"wp-block-search__input wp-block-search__input wp-lp-input\" placeholder=\"Votre adresse e-mail *\" name=\"email\" required=\"\">\n<\/div>\n<div class=\"lp-input-container\">\n<input class=\"wp-block-search__input wp-block-search__input wp-lp-input\" placeholder=\"Num\u00e9ro de t\u00e9l\u00e9phone\" name=\"tel\">\n<\/div>\n<input type=\"hidden\" value=\"lp_agency\" name=\"source\">\n<input type=\"text\" style=\"display:none\" name=\"__em\" value=\"\">\n<input type=\"text\" style=\"display:none\" name=\"__name\" value=\"\">\n<div class=\"lp-input-container\">\n<button class=\"\">Envoyer des informations<\/button>\n<\/div>\n<input type=\"hidden\" name=\"trp-form-language\" value=\"fr\"\/><\/form>\n\n<\/div><\/div><\/div>\n<\/div>\n<\/div><\/div>\n\n<div class=\"gb-container gb-container-8bfaa8b3\"><div class=\"gb-inside-container\">\n\n<p class=\"has-text-align-center has-large-font-size\">Des questions ?<\/p>\n\n\n\n<p class=\"has-text-align-center has-medium-font-size\">Nous serons heureux de vous parler par t\u00e9l\u00e9phone :<\/p>\n\n\n\n<p class=\"has-text-align-center has-medium-font-size\"><a href=\"tel: 41764656765\">+41 764 65 67 65<\/a> (CH)<\/p>\n\n<\/div><\/div>\n\n<div class=\"gb-container gb-container-40117758\"><div class=\"gb-inside-container\">\n<div class=\"gb-container gb-container-11add892\"><div class=\"gb-inside-container\">\n<div class=\"gb-grid-wrapper gb-grid-wrapper-b8d9abbf\">\n<div class=\"gb-grid-column gb-grid-column-c84977b6\"><div class=\"gb-container gb-container-c84977b6\"><div class=\"gb-inside-container\">\n\n<p class=\"has-text-align-center has-large-font-size\">1<\/p>\n\n\n\n<p class=\"has-text-align-center\">Personnalisation compl\u00e8te, image de marque et URL<\/p>\n\n<\/div><\/div><\/div>\n\n<div class=\"gb-grid-column gb-grid-column-b31fd408\"><div class=\"gb-container gb-container-b31fd408\"><div class=\"gb-inside-container\">\n\n<p class=\"has-text-align-center has-large-font-size\">2 <\/p>\n\n\n\n<p class=\"has-text-align-center\">Int\u00e9grations rapides et int\u00e9gration des clients<\/p>\n\n<\/div><\/div><\/div>\n\n<div class=\"gb-grid-column gb-grid-column-16d1af56\"><div class=\"gb-container gb-container-16d1af56\"><div class=\"gb-inside-container\">\n\n<p class=\"has-text-align-center has-large-font-size\">3<\/p>\n\n\n\n<p class=\"has-text-align-center\">Services en marque blanche (marketing et d\u00e9veloppement)<\/p>\n\n<\/div><\/div><\/div>\n\n<div class=\"gb-grid-column gb-grid-column-512e3db4\"><div class=\"gb-container gb-container-512e3db4\"><div class=\"gb-inside-container\">\n\n<p class=\"has-text-align-center has-large-font-size\">4<\/p>\n\n\n\n<p class=\"has-text-align-center\">Remises sur volume, tarification personnalis\u00e9e et facturation automatique<\/p>\n\n<\/div><\/div><\/div>\n<\/div>\n<\/div><\/div>\n<\/div><\/div>\n\n<div class=\"gb-container gb-container-c038a6c8\"><div class=\"gb-inside-container\">\n\n<h3 class=\"wp-block-heading\">Ce que disent les agences actuelles.<\/h3>\n\n\n<div class=\"gb-grid-wrapper gb-grid-wrapper-478292e2\">\n<div class=\"gb-grid-column gb-grid-column-c309719d\"><div class=\"gb-container gb-container-c309719d\"><div class=\"gb-inside-container\">\n<div class=\"wp-block-image\">\n<figure class=\"alignleft size-large is-resized\"><img loading=\"lazy\" decoding=\"async\" src=\"https:\/\/vibetrace.com\/wp-content\/uploads\/2023\/02\/image-34-1024x1024.png\" alt=\"\" class=\"wp-image-19370\" width=\"131\" height=\"131\" srcset=\"https:\/\/vibetrace.com\/wp-content\/uploads\/2023\/02\/image-34.png 1024w, https:\/\/vibetrace.com\/wp-content\/uploads\/2023\/02\/image-34-300x300.png 300w, https:\/\/vibetrace.com\/wp-content\/uploads\/2023\/02\/image-34-150x150.png 150w, https:\/\/vibetrace.com\/wp-content\/uploads\/2023\/02\/image-34-768x768.png 768w, https:\/\/vibetrace.com\/wp-content\/uploads\/2023\/02\/image-34-12x12.png 12w\" sizes=\"auto, (max-width: 131px) 100vw, 131px\" \/><\/figure>\n<\/div>\n\n\n<p>Nous sommes pass\u00e9s de Klaviyo \u00e0 Vibetrace pour nos clients et obtenons de meilleurs r\u00e9sultats avec une approche marketing int\u00e9gr\u00e9e. <\/p>\n\n\n\n<p>Pas besoin d&#039;apporter diff\u00e9rents outils et les utilisateurs voient tout comme si c&#039;\u00e9tait NOTRE LOGICIEL !<\/p>\n\n\n\n<p>Alina, Op\u00e9rations @getMARA<\/p>\n\n\n\n<p><\/p>\n\n<\/div><\/div><\/div>\n\n<div class=\"gb-grid-column gb-grid-column-79a9b593\"><div class=\"gb-container gb-container-79a9b593\"><div class=\"gb-inside-container\">\n<div class=\"wp-block-image\">\n<figure class=\"alignleft size-large is-resized\"><img decoding=\"async\" src=\"https:\/\/vibetrace.com\/wp-content\/uploads\/2023\/02\/image-69-1024x1024.png\" alt=\"\" class=\"wp-image-19503\" width=\"131\" srcset=\"https:\/\/vibetrace.com\/wp-content\/uploads\/2023\/02\/image-69.png 1024w, https:\/\/vibetrace.com\/wp-content\/uploads\/2023\/02\/image-69-300x300.png 300w, https:\/\/vibetrace.com\/wp-content\/uploads\/2023\/02\/image-69-150x150.png 150w, https:\/\/vibetrace.com\/wp-content\/uploads\/2023\/02\/image-69-768x768.png 768w, https:\/\/vibetrace.com\/wp-content\/uploads\/2023\/02\/image-69-12x12.png 12w\" sizes=\"(max-width: 1024px) 100vw, 1024px\" \/><\/figure>\n<\/div>\n\n\n<p>Nos clients nous appr\u00e9cient beaucoup plus et nous n&#039;avons perdu aucun autre client parce qu&#039;ils \u00ab l&#039;obtiendront moins cher \u00bb avec un freelance. <\/p>\n\n\n\n<p>Les services en marque blanche nous ont \u00e9galement aid\u00e9s \u00e0 g\u00e9n\u00e9rer des revenus suppl\u00e9mentaires le deuxi\u00e8me jour.<\/p>\n\n\n\n<p>Mike, fondateur de VebaMarketing<\/p>\n\n<\/div><\/div><\/div>\n<\/div>\n\n\n<p><\/p>\n\n\n\n<p>2023 \u2013 Vibetrace \u2013 Zurich Suisse<\/p>\n\n\n\n<p>Notre solution en marque blanche \u00e9quipe actuellement de nombreux sites web de vente en ligne et de commerce \u00e9lectronique parmi les 500 plus grands. Vibetrace est une entreprise sp\u00e9cialis\u00e9e dans les produits destin\u00e9s aux agences et aux grands comptes.<\/p>\n\n<\/div><\/div>","protected":false},"excerpt":{"rendered":"<p>Augmentez et fid\u00e9lisez votre chiffre d&#039;affaires tout en restant pertinent. Des questions\u00a0? Nous serons ravis de\u2026 <a title=\"Agences de marque blanche LP\" class=\"read-more\" href=\"https:\/\/vibetrace.com\/fr\/agences-de-marque-blanche-lp\/\" aria-label=\"En savoir plus sur LP White Label Agencies\"> <\/a><\/p>","protected":false},"author":9,"featured_media":0,"parent":0,"menu_order":0,"comment_status":"closed","ping_status":"closed","template":"","meta":{"inline_featured_image":false,"footnotes":""},"class_list":["post-19301","page","type-page","status-publish"],"_links":{"self":[{"href":"https:\/\/vibetrace.com\/fr\/wp-json\/wp\/v2\/pages\/19301","targetHints":{"allow":["GET"]}}],"collection":[{"href":"https:\/\/vibetrace.com\/fr\/wp-json\/wp\/v2\/pages"}],"about":[{"href":"https:\/\/vibetrace.com\/fr\/wp-json\/wp\/v2\/types\/page"}],"author":[{"embeddable":true,"href":"https:\/\/vibetrace.com\/fr\/wp-json\/wp\/v2\/users\/9"}],"replies":[{"embeddable":true,"href":"https:\/\/vibetrace.com\/fr\/wp-json\/wp\/v2\/comments?post=19301"}],"version-history":[{"count":0,"href":"https:\/\/vibetrace.com\/fr\/wp-json\/wp\/v2\/pages\/19301\/revisions"}],"wp:attachment":[{"href":"https:\/\/vibetrace.com\/fr\/wp-json\/wp\/v2\/media?parent=19301"}],"curies":[{"name":"wp","href":"https:\/\/api.w.org\/{rel}","templated":true}]}}