{"id":18406,"date":"2023-02-02T14:52:17","date_gmt":"2023-02-02T14:52:17","guid":{"rendered":"https:\/\/vibetrace.com\/?page_id=18406"},"modified":"2023-02-02T16:30:50","modified_gmt":"2023-02-02T16:30:50","slug":"email-subject-lines-generator","status":"publish","type":"page","link":"https:\/\/vibetrace.com\/fr\/generateur-de-lignes-dobjet-de-mail\/","title":{"rendered":"G\u00e9n\u00e9rateur de lignes d&#039;objet d&#039;e-mail"},"content":{"rendered":"<h3 class=\"wp-block-heading\">G\u00e9n\u00e9rons et am\u00e9liorons les lignes d&#039;objet \u00e0 l&#039;aide de l&#039;IA\u00a0:<\/h3>\n\n\n\n<p>Vous en avez assez de chercher la ligne d&#039;objet parfaite pour votre e-mail ? Cr\u00e9ez des lignes d&#039;objet uniques ou \u00e9valuez vos id\u00e9es avec notre g\u00e9n\u00e9rateur de lignes d&#039;objet d&#039;e-mail bas\u00e9 sur la technologie OpenAI et GPT\u00a0:<\/p>\n\n\n\n<iframe src=\"https:\/\/subjectlines.vibetrace.com\/\" style=\"border:0px; width:100%; height:1000px\"><\/iframe>\n\n\n\n<p>Un bon g\u00e9n\u00e9rateur de lignes d&#039;objet d&#039;e-mail doit \u00eatre capable de g\u00e9n\u00e9rer des lignes d&#039;objet cr\u00e9atives, accrocheuses et accrocheuses, adapt\u00e9es au contenu de l&#039;e-mail.<\/p>\n\n\n\n<p>Il doit \u00e9galement \u00eatre capable de sugg\u00e9rer des lignes d&#039;objet en fonction des mots-cl\u00e9s utilis\u00e9s dans le corps de l&#039;e-mail. Notre g\u00e9n\u00e9rateur de ligne d&#039;objet d&#039;e-mail devrait \u00eatre en mesure de recommander des mots, des expressions et des signes de ponctuation sp\u00e9cifiques qui peuvent \u00eatre utilis\u00e9s pour rendre la ligne d&#039;objet plus efficace.<\/p>\n\n\n\n<p>Une bonne ligne d\u2019objet comporte de toute fa\u00e7on entre 10 et 50 caract\u00e8res. G\u00e9n\u00e9rez-en un en utilisant l&#039;intelligence artificielle fournie par Vibetrace Email Marketing avec OpenAi et ChatGPT<\/p>\n\n\n\n<p>Les lignes d&#039;objet des e-mails sont un sujet important dans le marketing par e-mail et nous avons cr\u00e9\u00e9 quelques articles pour&nbsp;<a href=\"https:\/\/vibetrace.com\/fr\/tag\/email-subject-lines\/\" target=\"_blank\" rel=\"noreferrer noopener\">vacances sp\u00e9ciales<\/a>.<\/p>","protected":false},"excerpt":{"rendered":"<p>G\u00e9n\u00e9rons et am\u00e9liorons les lignes d&#039;objet \u00e0 l&#039;aide de l&#039;IA\u00a0: Fatigu\u00e9 de chercher le sujet parfait\u2026 <a title=\"G\u00e9n\u00e9rateur de lignes d&#039;objet d&#039;e-mail\" class=\"read-more\" href=\"https:\/\/vibetrace.com\/fr\/generateur-de-lignes-dobjet-de-mail\/\" aria-label=\"En savoir plus sur G\u00e9n\u00e9rateur de lignes d&#039;objet d&#039;e-mail\"> <\/a><\/p>","protected":false},"author":9,"featured_media":18427,"parent":0,"menu_order":0,"comment_status":"closed","ping_status":"closed","template":"","meta":{"inline_featured_image":false,"footnotes":""},"class_list":["post-18406","page","type-page","status-publish","has-post-thumbnail"],"_links":{"self":[{"href":"https:\/\/vibetrace.com\/fr\/wp-json\/wp\/v2\/pages\/18406","targetHints":{"allow":["GET"]}}],"collection":[{"href":"https:\/\/vibetrace.com\/fr\/wp-json\/wp\/v2\/pages"}],"about":[{"href":"https:\/\/vibetrace.com\/fr\/wp-json\/wp\/v2\/types\/page"}],"author":[{"embeddable":true,"href":"https:\/\/vibetrace.com\/fr\/wp-json\/wp\/v2\/users\/9"}],"replies":[{"embeddable":true,"href":"https:\/\/vibetrace.com\/fr\/wp-json\/wp\/v2\/comments?post=18406"}],"version-history":[{"count":0,"href":"https:\/\/vibetrace.com\/fr\/wp-json\/wp\/v2\/pages\/18406\/revisions"}],"wp:featuredmedia":[{"embeddable":true,"href":"https:\/\/vibetrace.com\/fr\/wp-json\/wp\/v2\/media\/18427"}],"wp:attachment":[{"href":"https:\/\/vibetrace.com\/fr\/wp-json\/wp\/v2\/media?parent=18406"}],"curies":[{"name":"wp","href":"https:\/\/api.w.org\/{rel}","templated":true}]}}