{"id":168,"date":"2021-08-12T09:55:01","date_gmt":"2021-08-12T09:55:01","guid":{"rendered":"https:\/\/vibetrace.com\/blog\/?page_id=168"},"modified":"2023-06-14T08:15:55","modified_gmt":"2023-06-14T08:15:55","slug":"refund-policy","status":"publish","type":"page","link":"https:\/\/vibetrace.com\/fr\/politique-de-remboursement\/","title":{"rendered":"Politique de remboursement"},"content":{"rendered":"<div class=\"gb-container gb-container-f62b97ef\"><div class=\"gb-inside-container\">\n\n<h3 class=\"gb-headline gb-headline-c663a4db gb-headline-text\">Politique de remboursement<\/h3>\n\n\n\n<p><strong>Abonnements mensuels\u00a0:<\/strong>&nbsp;Vous disposez de TRENTE (30) jours \u00e0 compter de la date d&#039;achat d&#039;origine pour demander le remboursement de votre abonnement mensuel. Toute demande de remboursement apr\u00e8s le d\u00e9lai de TRENTE (30) JOURS ne sera pas trait\u00e9e. Vous pouvez annuler \u00e0 tout moment une fois les TRENTE (30) jours initiaux \u00e9coul\u00e9s.<\/p>\n\n\n\n<p><strong>Abonnements annuels\u00a0:<\/strong>&nbsp;Pour les achats d&#039;abonnement annuel, vous disposez de TRENTE (30) jours \u00e0 compter de la date d&#039;achat d&#039;origine pour demander le remboursement de votre abonnement annuel. Toute demande de remboursement apr\u00e8s 30 jours sera calcul\u00e9e au prorata du temps restant sous la p\u00e9riode d&#039;abonnement annuelle initiale. Exemple : Si vous achetez un abonnement annuel en janvier de cette ann\u00e9e et que vous d\u00e9cidez que vous souhaitez un remboursement 6 mois apr\u00e8s la date d&#039;achat, votre remboursement au prorata serait de 50% du prix d&#039;achat. Une fois qu&#039;un retour est re\u00e7u ou qu&#039;une demande de remboursement valide est soumise, le processus de remboursement ne prendra pas plus de 30 jours. Tous les remboursements seront soit retourn\u00e9s sur la carte de cr\u00e9dit d&#039;origine -OU- envoy\u00e9s par la poste sous forme de ch\u00e8que au nom et \u00e0 l&#039;adresse de facturation. Les commandes internationales qui seront rembours\u00e9es sur la carte de cr\u00e9dit d&#039;origine, et les commandes PayPal seront cr\u00e9dit\u00e9es sur le compte PayPal.<\/p>\n\n\n\n<p><\/p>\n\n\n\n<p>Du montant total \u00e0 rembourser, nous d\u00e9duirons les ressources utilis\u00e9es qui doivent \u00eatre pay\u00e9es \u00e0 nos sous-traitants\u00a0: cr\u00e9dits SMS, utilisation des e-mails, frais de publicit\u00e9.<\/p>\n\n<\/div><\/div>","protected":false},"excerpt":{"rendered":"<p>Politique de remboursement Abonnements mensuels : Vous disposez de TRENTE (30) jours \u00e0 compter de la date d&#039;achat initiale \u2026 <a title=\"Politique de remboursement\" class=\"read-more\" href=\"https:\/\/vibetrace.com\/fr\/politique-de-remboursement\/\" aria-label=\"En savoir plus sur Politique de remboursement\"> <\/a><\/p>","protected":false},"author":9,"featured_media":0,"parent":0,"menu_order":0,"comment_status":"closed","ping_status":"closed","template":"","meta":{"inline_featured_image":false,"footnotes":""},"class_list":["post-168","page","type-page","status-publish"],"_links":{"self":[{"href":"https:\/\/vibetrace.com\/fr\/wp-json\/wp\/v2\/pages\/168","targetHints":{"allow":["GET"]}}],"collection":[{"href":"https:\/\/vibetrace.com\/fr\/wp-json\/wp\/v2\/pages"}],"about":[{"href":"https:\/\/vibetrace.com\/fr\/wp-json\/wp\/v2\/types\/page"}],"author":[{"embeddable":true,"href":"https:\/\/vibetrace.com\/fr\/wp-json\/wp\/v2\/users\/9"}],"replies":[{"embeddable":true,"href":"https:\/\/vibetrace.com\/fr\/wp-json\/wp\/v2\/comments?post=168"}],"version-history":[{"count":0,"href":"https:\/\/vibetrace.com\/fr\/wp-json\/wp\/v2\/pages\/168\/revisions"}],"wp:attachment":[{"href":"https:\/\/vibetrace.com\/fr\/wp-json\/wp\/v2\/media?parent=168"}],"curies":[{"name":"wp","href":"https:\/\/api.w.org\/{rel}","templated":true}]}}