{"id":167,"date":"2021-08-12T09:55:01","date_gmt":"2021-08-12T09:55:01","guid":{"rendered":"https:\/\/vibetrace.com\/blog\/?page_id=167"},"modified":"2023-03-30T10:08:54","modified_gmt":"2023-03-30T10:08:54","slug":"data-processing","status":"publish","type":"page","link":"https:\/\/vibetrace.com\/fr\/traitement-de-linformation\/","title":{"rendered":"Accord de traitement des donn\u00e9es"},"content":{"rendered":"<div class=\"gb-container gb-container-92c4bcb7\"><div class=\"gb-inside-container\">\n\n<h1 class=\"wp-block-heading\">Accord de traitement des donn\u00e9es<\/h1>\n\n\n\n<p>Nous proposons un accord de traitement des donn\u00e9es pour les donn\u00e9es de votre organisation, ce qui vous permet de vous assurer plus facilement que vous utilisez les meilleures protections contractuelles. Notre accord de traitement des donn\u00e9es \u00e9nonce clairement nos engagements en mati\u00e8re de confidentialit\u00e9.<\/p>\n\n\n\n<p>Dans le cadre de la fourniture de notre service, Vibetrace peut traiter des donn\u00e9es personnelles en votre nom. Ce document fait partie d&#039;un contrat de service avec Vibetrace (en tant que processeur de donn\u00e9es) et nos clients (contr\u00f4leurs de donn\u00e9es). Ce DPA refl\u00e8te l&#039;accord des parties en ce qui concerne le traitement des donn\u00e9es personnelles effectu\u00e9 \u00e0 l&#039;aide de notre service. Apr\u00e8s accord de notre DPA, vous pouvez utiliser notre service complet.<\/p>\n\n\n\n<h3 class=\"wp-block-heading\">Comment cet accord s&#039;applique-t-il\u00a0?<\/h3>\n\n\n\n<p>Si le contr\u00f4leur de donn\u00e9es est un client payant de Vibetrace, le pr\u00e9sent accord fait partie d&#039;un contrat de service avec Vibetrace. Si le contr\u00f4leur acceptant le pr\u00e9sent accord ne paie pas pour les services Vibetrace, le pr\u00e9sent accord n&#039;est pas valide et n&#039;est pas juridiquement contraignant.<\/p>\n\n\n\n<p>Si vous avez besoin de cet accord en version imprim\u00e9e, veuillez nous contacter pour qu&#039;il en soit ainsi.<\/p>\n\n\n\n<h3 class=\"wp-block-heading\">D\u00e9finitions<\/h3>\n\n\n\n<p><strong>&quot;Manette&quot;<\/strong>&nbsp;d\u00e9signe la personne physique ou morale, l&#039;autorit\u00e9 publique, l&#039;agence ou tout autre organisme qui, seul ou conjointement avec d&#039;autres, d\u00e9termine les finalit\u00e9s et les moyens du Traitement des Donn\u00e9es Personnelles. Pour notre cas sp\u00e9cifique, Controller est repr\u00e9sent\u00e9 par nos clients, qui cr\u00e9ent un compte sur notre service.<\/p>\n\n\n\n<p><strong>&quot;Loi sur la protection des donn\u00e9es&quot;<\/strong>&nbsp;d\u00e9signe toute l\u00e9gislation applicable relative \u00e0 la protection des donn\u00e9es et \u00e0 la vie priv\u00e9e, y compris, sans s&#039;y limiter, la directive europ\u00e9enne sur la protection des donn\u00e9es 95\/46\/CE et toutes les lois et r\u00e9glementations locales qui modifient ou remplacent l&#039;une d&#039;entre elles, y compris le RGPD, ainsi que toutes les lois nationales de mise en \u0153uvre dans tout membre \u00c9tat de l&#039;Union europ\u00e9enne ou, le cas \u00e9ch\u00e9ant, dans tout autre pays, tel que modifi\u00e9, abrog\u00e9, consolid\u00e9 ou remplac\u00e9 de temps \u00e0 autre. Les termes \u00ab traiter \u00bb, \u00ab traiter \u00bb et \u00ab trait\u00e9 \u00bb seront interpr\u00e9t\u00e9s en cons\u00e9quence.<\/p>\n\n\n\n<p><strong>\u00ab Personne concern\u00e9e \u00bb<\/strong>&nbsp;d\u00e9signe la personne \u00e0 laquelle les donn\u00e9es personnelles se rapportent.<\/p>\n\n\n\n<p><strong>&quot;RGPD&quot;<\/strong>&nbsp;d\u00e9signe le R\u00e8glement g\u00e9n\u00e9ral sur la protection des donn\u00e9es (UE) 2016\/679 du Parlement europ\u00e9en et du Conseil du 27 avril 2016 relatif \u00e0 la protection des personnes physiques \u00e0 l&#039;\u00e9gard du traitement des donn\u00e9es \u00e0 caract\u00e8re personnel et \u00e0 la libre circulation de ces donn\u00e9es.<\/p>\n\n\n\n<p><strong>&quot;Instruction&quot;<\/strong>&nbsp;d\u00e9signe l&#039;instruction \u00e9crite et document\u00e9e, \u00e9mise par le Responsable du traitement au Sous-traitant, et ordonnant \u00e0 celui-ci d&#039;effectuer une action sp\u00e9cifique concernant les Donn\u00e9es personnelles (y compris, mais sans s&#039;y limiter, la d\u00e9personnalisation, le blocage, la suppression, la mise \u00e0 disposition).<\/p>\n\n\n\n<p><strong>&quot;Donn\u00e9es personnelles&quot;<\/strong>&nbsp;d\u00e9signe toute information relative \u00e0 une personne identifi\u00e9e ou identifiable lorsque cette information est contenue dans les donn\u00e9es client et est prot\u00e9g\u00e9e de la m\u00eame mani\u00e8re que les donn\u00e9es personnelles ou les informations personnellement identifiables en vertu de la loi sur la protection des donn\u00e9es applicable<\/p>\n\n\n\n<p><strong>\u00ab\u00a0Violation des donn\u00e9es personnelles\u00a0\u00bb<\/strong>&nbsp;d\u00e9signe une violation de la s\u00e9curit\u00e9 entra\u00eenant la destruction accidentelle ou ill\u00e9gale, la perte, l&#039;alt\u00e9ration, la divulgation non autoris\u00e9e ou l&#039;acc\u00e8s aux donn\u00e9es personnelles transmises, stock\u00e9es ou autrement trait\u00e9es.<\/p>\n\n\n\n<p><strong>&quot;Traitement&quot;<\/strong>&nbsp;d\u00e9signe toute op\u00e9ration ou ensemble d&#039;op\u00e9rations effectu\u00e9es sur des donn\u00e9es personnelles, englobant la collecte, l&#039;enregistrement, l&#039;organisation, la structuration, le stockage, l&#039;adaptation ou la modification, la r\u00e9cup\u00e9ration, la consultation, l&#039;utilisation, la divulgation par transmission, la diffusion ou la mise \u00e0 disposition, l&#039;alignement ou la combinaison, restriction ou effacement des donn\u00e9es personnelles.<\/p>\n\n\n\n<p><strong>&quot;Processeur&quot;<\/strong>&nbsp;d\u00e9signe une personne physique ou morale, une autorit\u00e9 publique, une agence ou un autre organisme qui traite des donn\u00e9es personnelles pour le compte du responsable du traitement. Dans ce cas, c&#039;est nous, Vibetrace<\/p>\n\n\n\n<p><strong>&quot;Conditions d&#039;utilisation&quot;<\/strong>&nbsp;d\u00e9signe l&#039;accord juridique entre le Contr\u00f4leur en tant qu&#039;utilisateur et le Sous-traitant, qui r\u00e9git le droit limit\u00e9, non exclusif et r\u00e9siliable du Contr\u00f4leur d&#039;utiliser le site et les services Vibetrace tels que d\u00e9finis dans les Conditions d&#039;utilisation.<\/p>\n\n\n\n<h3 class=\"wp-block-heading\">Rendez-vous<\/h3>\n\n\n\n<p>Le sous-traitant est nomm\u00e9 par le responsable du traitement pour traiter ces donn\u00e9es personnelles pour et au nom du responsable du traitement. Les services fournis par Vibetrace rendent n\u00e9cessaire la mise en place de cet accord, car les donn\u00e9es personnelles circulent facilement du contr\u00f4leur au processeur.<\/p>\n\n\n\n<p>Le Responsable du traitement traitera les Donn\u00e9es personnelles conform\u00e9ment aux exigences des Lois applicables. Le responsable du traitement est seul responsable de l&#039;exactitude, de la qualit\u00e9 et de la l\u00e9galit\u00e9 de toutes les donn\u00e9es et des moyens par lesquels il acquiert ces donn\u00e9es personnelles.<\/p>\n\n\n\n<h3 class=\"wp-block-heading\">Dur\u00e9e<\/h3>\n\n\n\n<p>Le pr\u00e9sent accord commence \u00e0 la date \u00e0 laquelle le contr\u00f4leur (client de Vibetrace) cr\u00e9e ou obtient un compte sur notre plate-forme\/site Web.<\/p>\n\n\n\n<p>L&#039;accord de traitement des donn\u00e9es est valable jusqu&#039;\u00e0\u00a0:<\/p>\n\n\n\n<ul class=\"wp-block-list\">\n<li>Le contrat de traitement des donn\u00e9es est r\u00e9sili\u00e9 ou r\u00e9voqu\u00e9.<\/li>\n\n\n\n<li>Le ou les accords relatifs \u00e0 la fourniture des Services Principaux cessent<\/li>\n<\/ul>\n\n\n\n<p>Chaque contr\u00f4leur utilisant le service Vibetrace a le contr\u00f4le total de sa date personnelle et d\u00e9cide de la dur\u00e9e de son enregistrement dans le service. Les anciennes donn\u00e9es qui deviennent inactives apr\u00e8s des p\u00e9riodes de temps sp\u00e9cifiques seront automatiquement supprim\u00e9es des serveurs Vibetrace.<\/p>\n\n\n\n<h3 class=\"wp-block-heading\">Traitement de l&#039;information<\/h3>\n\n\n\n<p>Le sous-traitant traitera les donn\u00e9es personnelles aux fins d\u00e9crites dans les conditions d&#039;utilisation, telles qu&#039;elles ont \u00e9t\u00e9 conclues entre les parties, au nom et sous la direction du responsable du traitement.<\/p>\n\n\n\n<p>Les donn\u00e9es seront trait\u00e9es soit dans un \u00c9tat de l&#039;Union europ\u00e9enne, soit en dehors de l&#039;are. Le sous-traitant, Vibetrace, se r\u00e9serve le droit de transf\u00e9rer des donn\u00e9es en dehors du territoire de l&#039;Union europ\u00e9enne afin de fournir ses services.<\/p>\n\n\n\n<h3 class=\"wp-block-heading\">Mesures techniques et organisationnelles<\/h3>\n\n\n\n<p>Vibetrace prend toutes les mesures techniques et organisationnelles raisonnables pour s&#039;engager sur la confidentialit\u00e9 de vos donn\u00e9es notamment :<\/p>\n\n\n\n<ul class=\"wp-block-list\">\n<li>Utilisation du cryptage<\/li>\n\n\n\n<li>Surveillance continue de la confidentialit\u00e9, de l&#039;int\u00e9grit\u00e9, de la disponibilit\u00e9 et de la r\u00e9silience de nos syst\u00e8mes<\/li>\n\n\n\n<li>Pr\u00e9paration pour r\u00e9tablir la disponibilit\u00e9 de nos services en cas d&#039;incident physique ou technique<\/li>\n\n\n\n<li>\u00c9valuations r\u00e9guli\u00e8res des risques de tous les syst\u00e8mes<\/li>\n\n\n\n<li>Mesures commercialement raisonnables pour s&#039;assurer que les employ\u00e9s et ceux qui agissent au nom de Vibetrace maintiennent la confidentialit\u00e9 des donn\u00e9es personnelles<\/li>\n\n\n\n<li>Accords de donn\u00e9es et confirmations de confidentialit\u00e9 de tous les sous-traitants engag\u00e9s dans la fourniture de services \u00e0 Vibetrace<\/li>\n\n\n\n<li>Fournir des r\u00e9ponses \u00e9crites \u00e0 toutes les demandes raisonnables d&#039;informations faites par les clients<\/li>\n\n\n\n<li>Assister raisonnablement les clients dans les audits de s\u00e9curit\u00e9 des donn\u00e9es, y compris les inspections, men\u00e9es par le client, les auditeurs ou d&#039;autres autorit\u00e9s de contr\u00f4le<\/li>\n\n\n\n<li>Informer les clients des violations de donn\u00e9es personnelles<\/li>\n<\/ul>\n\n\n\n<h3 class=\"wp-block-heading\">Droits sur les donn\u00e9es<\/h3>\n\n\n\n<p>Les contr\u00f4leurs de donn\u00e9es et les sujets ont les droits suivants sur les donn\u00e9es personnelles trait\u00e9es par Vibetrace<\/p>\n\n\n\n<p><strong>Droit d&#039;\u00eatre inform\u00e9 :<\/strong>&nbsp;Les contr\u00f4leurs ou leurs sujets peuvent poser des questions sur les donn\u00e9es personnelles, comment elles sont utilis\u00e9es et pourquoi elles sont utilis\u00e9es \u00e0 tout moment.<\/p>\n\n\n\n<p><strong>Droit d&#039;acc\u00e8s\u00a0: tel que d\u00e9crit dans notre politique de confidentialit\u00e9 (acc\u00e8s aux informations personnelles).<\/strong><\/p>\n\n\n\n<p><strong>Droit de rectification :<\/strong>&nbsp;Les contr\u00f4leurs ou leurs sujets peuvent mettre \u00e0 jour (ou demander des mises \u00e0 jour) des informations personnelles \u00e0 tout moment.<\/p>\n\n\n\n<p><strong>Droit d&#039;effacement :<\/strong>&nbsp;Les contr\u00f4leurs peuvent annuler leurs comptes \u00e0 tout moment et peuvent en outre demander \u00e0 Vibetrace d&#039;effacer toutes les donn\u00e9es personnelles, de cesser toute diffusion ult\u00e9rieure des donn\u00e9es et \u00e9ventuellement de demander \u00e0 des tiers d&#039;arr\u00eater le traitement des donn\u00e9es. Vos personnes concern\u00e9es peuvent \u00e9galement demander aux contr\u00f4leurs de faire de m\u00eame pour leurs donn\u00e9es personnelles. Vibetrace se r\u00e9serve le droit de conserver le minimum d&#039;informations qui nous aide \u00e0 pr\u00e9venir la fraude afin de maintenir votre d\u00e9livrabilit\u00e9 la plus \u00e9lev\u00e9e possible.<\/p>\n\n\n\n<p><strong>Droit de limiter le traitement\u00a0:<\/strong>&nbsp;Les contr\u00f4leurs peuvent mettre votre compte en attente \u00e0 tout moment, ce qui limite l&#039;envoi de communications par e-mail, SMS ou notifications push. Vos donn\u00e9es seront toujours trait\u00e9es pour d&#039;autres actions telles que la facturation et par nos sous-traitants ult\u00e9rieurs. Les contr\u00f4leurs peuvent annuler leur compte pour restreindre tout traitement de vos donn\u00e9es et les r\u00e9activer tant que nous n&#039;avons pas encore supprim\u00e9 vos informations conform\u00e9ment \u00e0 nos politiques de conservation.<\/p>\n\n\n\n<p><strong>Droit \u00e0 la portabilit\u00e9 des donn\u00e9es\u00a0:<\/strong>&nbsp;Les contr\u00f4leurs peuvent exporter n&#039;importe laquelle de vos listes, ou des informations s\u00e9lectionn\u00e9es dans n&#039;importe quelle liste, \u00e0 tout moment pendant que votre compte est actif.<\/p>\n\n\n\n<h3 class=\"wp-block-heading\">Sous-traitants ult\u00e9rieurs<\/h3>\n\n\n\n<p>Le sous-traitant peut faire appel \u00e0 des tiers pour le traitement des donn\u00e9es personnelles du responsable du traitement dans la mesure o\u00f9 cela est indiqu\u00e9 dans\u00a0:<\/p>\n\n\n\n<ul class=\"wp-block-list\">\n<li>l&#039;annexe 3 du pr\u00e9sent accord de traitement des donn\u00e9es, ou<\/li>\n\n\n\n<li>Instructions du responsable du traitement des donn\u00e9es.<\/li>\n<\/ul>\n\n\n\n<p>Le processeur de donn\u00e9es tiers doit fournir les m\u00eames obligations de protection des donn\u00e9es que le processeur de donn\u00e9es (y compris celles pr\u00e9vues par l&#039;accord de traitement des donn\u00e9es).<\/p>\n\n\n\n<p>Le sous-traitant tiers n&#039;agit sp\u00e9cifiquement que conform\u00e9ment et en relation avec les instructions convenues avec le responsable du traitement. Sauf convention contraire, toutes les communications avec le sous-traitant tiers sont trait\u00e9es par le sous-traitant. Toute modification ou clarification des instructions du responsable du traitement doit \u00eatre imm\u00e9diatement transmise par le sous-traitant au sous-traitant tiers.<\/p>\n\n\n\n<p>Le responsable du traitement des donn\u00e9es est directement responsable d&#039;assurer le traitement des donn\u00e9es personnelles par le responsable du traitement des donn\u00e9es tiers de la m\u00eame mani\u00e8re que si elles \u00e9taient trait\u00e9es par le responsable du traitement des donn\u00e9es lui-m\u00eame.<\/p>\n\n\n\n<h3 class=\"wp-block-heading\">Annexe 1 \u2013 Principaux services<\/h3>\n\n\n\n<p>Par le pr\u00e9sent avenant, le B\u00e9n\u00e9ficiaire autorise le Sous-traitant (Prestataire de services) \u00e0\u00a0:\u00a0Identifier, collecter, agr\u00e9ger, traiter et h\u00e9berger les donn\u00e9es personnelles, mentionn\u00e9es dans le pr\u00e9sent Contrat, re\u00e7ues directement du Responsable du traitement via des int\u00e9grations de syst\u00e8mes techniques des codes fournis par le Responsable du traitement (Vibetrace) ou importation manuelle via la plate-forme du contr\u00f4leur ou \u00e0 l&#039;aide des API fournies par le contr\u00f4leur et utiliser ces donn\u00e9es dans le but d&#039;analyser le comportement des utilisateurs du contr\u00f4leur (personnes concern\u00e9es) et la prestation des services.<\/p>\n\n\n\n<p>La prestation de services comprend, mais sans s&#039;y limiter, la communication au nom du responsable du traitement avec ses utilisateurs, conform\u00e9ment aux r\u00e8gles d\u00e9finies par le responsable du traitement.<\/p>\n\n\n\n<ul class=\"wp-block-list\">\n<li>Envoi d&#039;e-mails ou de SMS sur des num\u00e9ros mobiles<\/li>\n\n\n\n<li>Envoi d&#039;une notification push personnelle \u00e0 l&#039;appareil du sujet<\/li>\n\n\n\n<li>Personnalisez le contenu du site Web en fonction de chaque profil de sujet<\/li>\n\n\n\n<li>Recueillir des donn\u00e9es \u00e0 l&#039;aide d&#039;enqu\u00eates et de sondages<\/li>\n\n\n\n<li>Diffusion d&#039;annonces personnalis\u00e9es via les r\u00e9seaux publicitaires Facebook, Instagram, Google et Bing<\/li>\n<\/ul>\n\n\n\n<h3 class=\"wp-block-heading\">Annexe 2 \u2013 Types et cat\u00e9gories de donn\u00e9es<\/h3>\n\n\n\n<p>Les donn\u00e9es trait\u00e9es par le sous-traitant peuvent \u00eatre l&#039;une des suivantes, mais sans s&#039;y limiter\u00a0:<\/p>\n\n\n\n<ul class=\"wp-block-list\">\n<li>Adresse e-mail, pr\u00e9nom et nom des sujets ou adresses<\/li>\n\n\n\n<li>Les num\u00e9ros de t\u00e9l\u00e9phone<\/li>\n\n\n\n<li>Notifications push du navigateur Jetons<\/li>\n\n\n\n<li>Adresse IP de l&#039;appareil (stock\u00e9e dans un format anonymis\u00e9)<\/li>\n\n\n\n<li>R\u00e9solution d&#039;\u00e9cran de l&#039;appareil, syst\u00e8me d&#039;exploitation, type de navigateur<\/li>\n\n\n\n<li>Position g\u00e9ographique<\/li>\n\n\n\n<li>Pages visit\u00e9es, commandes<\/li>\n\n\n\n<li>URL et domaines de r\u00e9f\u00e9rence<\/li>\n<\/ul>\n\n\n\n<h3 class=\"wp-block-heading\">Annexe 3 \u2013 Sous-traitants ult\u00e9rieurs<\/h3>\n\n\n\n<p>La liste suivante peut \u00eatre mise \u00e0 jour \u00e0 l&#039;avenir si d&#039;autres sous-traitants ult\u00e9rieurs sont utilis\u00e9s. si vous vous opposez \u00e0 tout ajout de sous-traitant ult\u00e9rieur lorsqu&#039;il est ajout\u00e9, vous pouvez annuler votre compte dans les 5 jours suivant la notification \u00e0 condition que cette objection soit fond\u00e9e sur des motifs raisonnables li\u00e9s \u00e0 la protection des donn\u00e9es.<\/p>\n\n\n\n<figure class=\"wp-block-table table\"><table><tbody><tr><td>DigitalOcean<\/td><td>Sparkpost<\/td><td>Amazone<\/td><td>Pay Pal<\/td><td>Google<\/td><td>D\u00e9rive<\/td><\/tr><tr><td>Microsoft<\/td><td>Braintree<\/td><td>Force de vente<\/td><td>Kissmetrics<\/td><td>Nuageux<\/td><td>Twilio<\/td><\/tr><tr><td>Tournesol<\/td><td>Hubspot<\/td><td>Interphone<\/td><\/tr><\/tbody><\/table><\/figure>\n\n\n\n<h3 class=\"wp-block-heading\">Annexe 4 \u2013 Liste des \u00e9l\u00e9ments pour DPA<\/h3>\n\n\n\n<p>Nous recommandons \u00e0 nos clients d&#039;ajouter la liste d&#039;\u00e9l\u00e9ments suivante \u00e0 leur page Conditions g\u00e9n\u00e9rales, respectivement Accord de traitement des donn\u00e9es.<\/p>\n\n\n\n<ul class=\"wp-block-list\">\n<li>Afin d&#039;am\u00e9liorer nos services, nous surveillons, suivons et cr\u00e9ons des profils uniques de nos visiteurs et clients \u00e0 l&#039;aide de la plateforme Vibetrace Marketing Automation (https:\/\/vibetrace.com)\/<\/li>\n\n\n\n<li>Ces activit\u00e9s ne sont pas n\u00e9cessaires pour cr\u00e9er une commande ou utiliser notre site Web et n&#039;ont aucun effet juridiquement contraignant. Les utilisateurs peuvent choisir de ne pas \u00eatre suivis et de ne pas recevoir nos communications marketing.<\/li>\n\n\n\n<li>Pour que les services Vibetrace fonctionnent et cr\u00e9ent la plate-forme de donn\u00e9es marketing, qui sert de base aux services d&#039;automatisation marketing qu&#039;ils proposent, les informations suivantes sont collect\u00e9es\u00a0: e-mail, num\u00e9ros de t\u00e9l\u00e9phone, adresse IP, emplacement, informations sur le navigateur, interaction avec les pages du site , ainsi que l&#039;horodatage de ces actions.<\/li>\n\n\n\n<li>La liste des sous-traitants utilis\u00e9s par Vibetrace pour fournir les services mentionn\u00e9s ci-dessus est toujours disponible sur https:\/\/vibetrace.com\/data-processing\/<\/li>\n\n\n\n<li>La conservation des donn\u00e9es est jusqu&#039;\u00e0 2 ans pour les visiteurs identifi\u00e9s (ceux qui ont une adresse e-mail) et jusqu&#039;\u00e0 6 mois pour les visiteurs qui n&#039;ont pas d&#039;adresse e-mail et\/ou de num\u00e9ro de t\u00e9l\u00e9phone associ\u00e9s<\/li>\n<\/ul>\n\n<\/div><\/div>","protected":false},"excerpt":{"rendered":"<p>Accord de traitement des donn\u00e9es Nous proposons un accord de traitement des donn\u00e9es pour les donn\u00e9es de votre organisation, ce qui en fait\u2026 <a title=\"Accord de traitement des donn\u00e9es\" class=\"read-more\" href=\"https:\/\/vibetrace.com\/fr\/traitement-de-linformation\/\" aria-label=\"En savoir plus sur Accord de traitement des donn\u00e9es\"> <\/a><\/p>","protected":false},"author":9,"featured_media":0,"parent":0,"menu_order":0,"comment_status":"closed","ping_status":"closed","template":"","meta":{"inline_featured_image":false,"footnotes":""},"class_list":["post-167","page","type-page","status-publish"],"_links":{"self":[{"href":"https:\/\/vibetrace.com\/fr\/wp-json\/wp\/v2\/pages\/167","targetHints":{"allow":["GET"]}}],"collection":[{"href":"https:\/\/vibetrace.com\/fr\/wp-json\/wp\/v2\/pages"}],"about":[{"href":"https:\/\/vibetrace.com\/fr\/wp-json\/wp\/v2\/types\/page"}],"author":[{"embeddable":true,"href":"https:\/\/vibetrace.com\/fr\/wp-json\/wp\/v2\/users\/9"}],"replies":[{"embeddable":true,"href":"https:\/\/vibetrace.com\/fr\/wp-json\/wp\/v2\/comments?post=167"}],"version-history":[{"count":0,"href":"https:\/\/vibetrace.com\/fr\/wp-json\/wp\/v2\/pages\/167\/revisions"}],"wp:attachment":[{"href":"https:\/\/vibetrace.com\/fr\/wp-json\/wp\/v2\/media?parent=167"}],"curies":[{"name":"wp","href":"https:\/\/api.w.org\/{rel}","templated":true}]}}