{"id":166,"date":"2021-08-12T09:55:01","date_gmt":"2021-08-12T09:55:01","guid":{"rendered":"https:\/\/vibetrace.com\/blog\/?page_id=166"},"modified":"2023-06-14T08:15:19","modified_gmt":"2023-06-14T08:15:19","slug":"cookie-policy","status":"publish","type":"page","link":"https:\/\/vibetrace.com\/fr\/cookie-policy\/","title":{"rendered":"Politique relative aux cookies"},"content":{"rendered":"<div class=\"gb-container gb-container-1d3c9211\"><div class=\"gb-inside-container\">\n\n<h1 class=\"gb-headline gb-headline-c7d43197 gb-headline-text\">Politique relative aux cookies<\/h1>\n\n\n\n<p class=\"gb-headline gb-headline-d3ef2b05 gb-headline-text\">Comment Vibetrace g\u00e8re les cookies.<\/p>\n\n\n\n<p>Derni\u00e8re modification : mai 2018<\/p>\n\n\n\n<p>Ce site Web ou ses outils tiers utilisent des cookies, qui sont n\u00e9cessaires \u00e0 son fonctionnement et n\u00e9cessaires pour atteindre les objectifs illustr\u00e9s dans cette politique de cookies. En fermant le bandeau d&#039;avertissement sur les cookies, en faisant d\u00e9filer la page, en cliquant sur un lien ou en poursuivant votre navigation autrement, vous acceptez l&#039;utilisation de cookies.<\/p>\n\n<\/div><\/div>\n\n<div class=\"gb-container gb-container-3c618fce\"><div class=\"gb-inside-container\">\n\n<h2 class=\"gb-headline gb-headline-6ab5fe31 gb-headline-text\">Que sont les cookies ?<\/h2>\n\n\n\n<p>Pour que les sites Web modernes fonctionnent selon les attentes des visiteurs, ils doivent collecter certaines informations de base sur les visiteurs. Pour ce faire, un site cr\u00e9era de petits fichiers texte qui seront plac\u00e9s sur les appareils des visiteurs \u2013 ces fichiers sont connus sous le nom de cookies. Les cookies sont attribu\u00e9s de mani\u00e8re unique \u00e0 chaque visiteur et ne peuvent \u00eatre lus que par un serveur Web du domaine qui a \u00e9mis le cookie au visiteur. Les cookies ne peuvent pas \u00eatre utilis\u00e9s pour ex\u00e9cuter des programmes ou transmettre des virus \u00e0 l&#039;appareil d&#039;un visiteur.<\/p>\n\n\n\n<p>Les cookies effectuent diverses t\u00e2ches qui rendent l&#039;exp\u00e9rience du visiteur sur Internet beaucoup plus fluide et plus interactive. Par exemple, les cookies sont utilis\u00e9s pour m\u00e9moriser les pr\u00e9f\u00e9rences du visiteur sur les sites qu&#039;il visite souvent, pour m\u00e9moriser la pr\u00e9f\u00e9rence de langue et pour aider \u00e0 naviguer plus efficacement entre les pages. La plupart des donn\u00e9es collect\u00e9es, mais pas toutes, sont anonymes, bien que certaines d&#039;entre elles soient con\u00e7ues pour d\u00e9tecter les habitudes de navigation et la localisation g\u00e9ographique approximative afin d&#039;am\u00e9liorer l&#039;exp\u00e9rience des visiteurs.<\/p>\n\n\n\n<h2 class=\"gb-headline gb-headline-8e136e62 gb-headline-text\">Comment les cookies sont-ils utilis\u00e9s sur vibetrace.com ?<\/h2>\n\n\n\n<p>Vibetrace place des cookies pour stocker puis r\u00e9cup\u00e9rer de petites informations sur votre ordinateur lors de votre visite. Il s&#039;agit de garantir que notre contenu est adapt\u00e9 \u00e0 vos sp\u00e9cifications, am\u00e9liorant ainsi l&#039;exp\u00e9rience des visiteurs du site. Entre autres choses, les cookies que nous utilisons permettent aux visiteurs de s&#039;inscrire sur le site et nous permettent de calculer (de mani\u00e8re anonyme) le nombre de visiteurs du site.<\/p>\n\n\n\n<p>Nous pensons que l&#039;exp\u00e9rience des visiteurs du site Web serait affect\u00e9e si les visiteurs refusaient les cookies que nous utilisons.<\/p>\n\n\n\n<h2 class=\"gb-headline gb-headline-7a48a6d9 gb-headline-text\">Quels types de cookies existe-t-il et lesquels utilisons-nous ?<\/h2>\n\n\n\n<p>Les cookies peuvent \u00eatre class\u00e9s en fonction de leur dur\u00e9e de stockage et de leur fonction.<\/p>\n\n\n\n<h3 class=\"gb-headline gb-headline-029c37a4 gb-headline-text\">Cookies class\u00e9s par dur\u00e9e de stockage :<\/h3>\n\n\n\n<h4 class=\"gb-headline gb-headline-6b95bc84 gb-headline-text\">Cookies persistants<\/h4>\n\n\n\n<p>Les cookies persistants restent sur l&#039;appareil d&#039;un visiteur pendant une p\u00e9riode de temps d\u00e9finie sp\u00e9cifi\u00e9e dans le cookie. Ils sont activ\u00e9s chaque fois que le visiteur visite le site Web qui a cr\u00e9\u00e9 ce cookie particulier.<\/p>\n\n\n\n<p>Exemples d&#039;utilisation des cookies persistants\u00a0:<\/p>\n\n\n\n<ul class=\"wp-block-list\">\n<li>Permettre aux visiteurs de s&#039;inscrire<\/li>\n\n\n\n<li>Calcul du nombre de visiteurs du site<\/li>\n<\/ul>\n\n\n\n<h4 class=\"gb-headline gb-headline-aa22531c gb-headline-text\">Cookies de session<\/h4>\n\n\n\n<p>Les cookies de session sont temporaires. Ils permettent aux op\u00e9rateurs de sites Web de lier les actions d&#039;un visiteur au cours d&#039;une session de navigation. Une session de navigateur d\u00e9marre lorsqu&#039;un visiteur ouvre une fen\u00eatre de navigateur et se termine lorsqu&#039;il la ferme. Une fois que vous fermez le navigateur, tous les cookies de session sont supprim\u00e9s.<\/p>\n\n\n\n<p>Exemples d&#039;utilisation des cookies de session\u00a0:<\/p>\n\n\n\n<ul class=\"wp-block-list\">\n<li>Pour am\u00e9liorer la convivialit\u00e9 de notre site<\/li>\n\n\n\n<li>Pour diriger le visiteur vers le serveur Web le plus disponible<\/li>\n<\/ul>\n\n\n\n<h3 class=\"gb-headline gb-headline-78dd96e0 gb-headline-text\">Cookies class\u00e9s selon leur fonction :<\/h3>\n\n\n\n<h4 class=\"gb-headline gb-headline-13d6fc6a gb-headline-text\">Cookies strictement n\u00e9cessaires<\/h4>\n\n\n\n<p>Les cookies strictement n\u00e9cessaires sont indispensables pour naviguer sur un site Web et utiliser ses fonctionnalit\u00e9s. Sans eux, les visiteurs ne pourraient pas utiliser les services de base comme l&#039;enregistrement. Ces cookies ne recueillent pas d&#039;informations sur les visiteurs qui pourraient \u00eatre utilis\u00e9es \u00e0 des fins de marketing ou pour se rappeler o\u00f9 un visiteur a \u00e9t\u00e9 sur Internet.<\/p>\n\n\n\n<p>Voici des exemples de la mani\u00e8re dont Vibetrace utilise les cookies \u00ab\u00a0strictement n\u00e9cessaires\u00a0\u00bb\u00a0:<\/p>\n\n\n\n<ul class=\"wp-block-list\">\n<li>Permettre aux visiteurs de se connecter au site Web en tant qu&#039;utilisateur enregistr\u00e9<\/li>\n<\/ul>\n\n\n\n<h4 class=\"gb-headline gb-headline-e7d44885 gb-headline-text\">Cookies non essentiels<\/h4>\n\n\n\n<p>Il s&#039;agit de tous les cookies qui ne rel\u00e8vent pas de la d\u00e9finition des cookies essentiels, tels que les cookies utilis\u00e9s pour analyser votre comportement sur un site Web (cookies &quot;analytiques&quot;) ou les cookies utilis\u00e9s pour vous afficher des publicit\u00e9s (cookies &quot;publicitaires&quot;).<\/p>\n\n\n\n<p>Les cookies de performance collectent des donn\u00e9es anonymes \u00e0 des fins statistiques sur la fa\u00e7on dont les visiteurs utilisent un site Web et sont utilis\u00e9s pour am\u00e9liorer l&#039;exp\u00e9rience des visiteurs. Il existe \u00e9galement des cookies non essentiels qui identifient les utilisateurs afin de personnaliser l&#039;apparence d&#039;un site Web, de fournir une personnalisation du site Web et d&#039;am\u00e9liorer le marketing.<\/p>\n\n\n\n<p>Voici des exemples de la mani\u00e8re dont Vibetrace utilise les cookies de performance\u00a0:<\/p>\n\n\n\n<ul class=\"wp-block-list\">\n<li>Collecte de donn\u00e9es sur les visites du site Web, y compris le nombre de visiteurs et de visites, le temps pass\u00e9 sur le site, les pages cliqu\u00e9es ou la provenance des visiteurs<\/li>\n\n\n\n<li>Les informations fournies par les cookies de performance nous aident \u00e0 comprendre comment les visiteurs utilisent le site\u00a0; par exemple, si les visiteurs ont d\u00e9j\u00e0 visit\u00e9 ou non, ce que les visiteurs ont regard\u00e9 ou cliqu\u00e9 et comment ils nous ont trouv\u00e9s<\/li>\n\n\n\n<li>Les informations fournies par les cookies de performance sont utilis\u00e9es dans des activit\u00e9s de (re)marketing.<\/li>\n\n\n\n<li>Se souvenir du choix de langue d&#039;un visiteur<\/li>\n\n\n\n<li>Se souvenir du nom d&#039;utilisateur pour la page de connexion.<\/li>\n<\/ul>\n\n\n\n<h2 class=\"gb-headline gb-headline-493b2fba gb-headline-text\">Comment les visiteurs peuvent-ils contr\u00f4ler les cookies\u00a0?<\/h2>\n\n\n\n<p>Les visiteurs doivent \u00eatre conscients que toutes les pr\u00e9f\u00e9rences seront perdues si les cookies sont supprim\u00e9s et que de nombreux sites Web ne fonctionneront pas correctement ou que des fonctionnalit\u00e9s seront perdues. Vibetrace ne recommande donc pas de d\u00e9sactiver les cookies lors de l&#039;utilisation de vibetrace.com.<\/p>\n\n\n\n<p>La plupart des navigateurs acceptent automatiquement les cookies, mais les visiteurs peuvent modifier les param\u00e8tres de leur navigateur pour supprimer les cookies ou emp\u00eacher leur acceptation automatique. Les navigateurs offrent g\u00e9n\u00e9ralement la possibilit\u00e9 de voir les cookies actuellement stock\u00e9s et d&#039;accepter, de rejeter ou de supprimer les cookies, de bloquer les cookies tiers, de bloquer les cookies de sites particuliers, d&#039;accepter tous les cookies et de s&#039;abonner \u00e0 une notification lorsqu&#039;un cookie est \u00e9mis. Une visite dans le menu &quot;options&quot; ou &quot;pr\u00e9f\u00e9rences&quot; de leur navigateur permettra aux visiteurs de modifier les param\u00e8tres. La section d&#039;aide du navigateur fournit g\u00e9n\u00e9ralement des informations d\u00e9taill\u00e9es sur la fa\u00e7on dont cela est accompli.<\/p>\n\n\n\n<h3 class=\"gb-headline gb-headline-38daf538 gb-headline-text\">Gestion des cookies de performance<\/h3>\n\n\n\n<p>Il est possible de refuser que votre activit\u00e9 de navigation anonymis\u00e9e sur les sites Web soit enregistr\u00e9e par les cookies de performance. Les visiteurs peuvent emp\u00eacher l&#039;utilisation de leurs donn\u00e9es en installant un module compl\u00e9mentaire de navigateur qui bloque la fonctionnalit\u00e9.<\/p>\n\n\n\n<p>Vibetrace.com utilise diff\u00e9rents outils d&#039;enregistrement de cookies de performance :<\/p>\n\n\n\n<ul class=\"wp-block-list\">\n<li>Google Analytics<\/li>\n\n\n\n<li>Google Adwords (DoubleClick)<\/li>\n\n\n\n<li>Pixel Facebook<\/li>\n\n\n\n<li>Autres services tiers similaires<\/li>\n<\/ul>\n\n\n\n<p>N&#039;oubliez pas qu&#039;en n&#039;autorisant pas les cookies de performance, cela nous emp\u00eache de savoir ce que les gens aiment ou n&#039;aiment pas sur notre site Web afin que nous puissions l&#039;am\u00e9liorer.<\/p>\n\n\n\n<h2 class=\"gb-headline gb-headline-fc46a9f1 gb-headline-text\">Consentement du visiteur<\/h2>\n\n\n\n<p>En poursuivant votre navigation sur le site, vous acceptez le placement de cookies sur votre appareil. Si vous choisissez de ne pas recevoir nos cookies, nous ne pouvons pas garantir que votre exp\u00e9rience sera aussi satisfaisante qu&#039;elle le serait autrement.<\/p>\n\n<\/div><\/div>","protected":false},"excerpt":{"rendered":"<p>Politique de cookies Comment Vibetrace g\u00e8re les cookies. Derni\u00e8re modification : mai 2018 Ce site Web ou ses tiers \u2026 <a title=\"Politique relative aux cookies\" class=\"read-more\" href=\"https:\/\/vibetrace.com\/fr\/cookie-policy\/\" aria-label=\"En savoir plus sur Politique de cookies\"> <\/a><\/p>","protected":false},"author":9,"featured_media":0,"parent":0,"menu_order":0,"comment_status":"closed","ping_status":"closed","template":"","meta":{"inline_featured_image":false,"footnotes":""},"class_list":["post-166","page","type-page","status-publish"],"_links":{"self":[{"href":"https:\/\/vibetrace.com\/fr\/wp-json\/wp\/v2\/pages\/166","targetHints":{"allow":["GET"]}}],"collection":[{"href":"https:\/\/vibetrace.com\/fr\/wp-json\/wp\/v2\/pages"}],"about":[{"href":"https:\/\/vibetrace.com\/fr\/wp-json\/wp\/v2\/types\/page"}],"author":[{"embeddable":true,"href":"https:\/\/vibetrace.com\/fr\/wp-json\/wp\/v2\/users\/9"}],"replies":[{"embeddable":true,"href":"https:\/\/vibetrace.com\/fr\/wp-json\/wp\/v2\/comments?post=166"}],"version-history":[{"count":0,"href":"https:\/\/vibetrace.com\/fr\/wp-json\/wp\/v2\/pages\/166\/revisions"}],"wp:attachment":[{"href":"https:\/\/vibetrace.com\/fr\/wp-json\/wp\/v2\/media?parent=166"}],"curies":[{"name":"wp","href":"https:\/\/api.w.org\/{rel}","templated":true}]}}