{"id":120,"date":"2021-08-11T08:36:45","date_gmt":"2021-08-11T08:36:45","guid":{"rendered":"https:\/\/vibetrace.com\/blog\/?page_id=120"},"modified":"2021-08-14T14:34:22","modified_gmt":"2021-08-14T14:34:22","slug":"ecommerce-crm","status":"publish","type":"page","link":"https:\/\/vibetrace.com\/fr\/ecommerce-crm\/","title":{"rendered":"CRM de commerce \u00e9lectronique"},"content":{"rendered":"<div class=\"gb-container gb-container-6b1c7030\"><div class=\"gb-inside-container\">\n<div class=\"gb-grid-wrapper gb-grid-wrapper-c2668a42\">\n<div class=\"gb-grid-column gb-grid-column-e9f2de89\"><div class=\"gb-container gb-container-e9f2de89\"><div class=\"gb-inside-container\">\n\n<h1 class=\"gb-headline gb-headline-6198c2a0 gb-headline-text\">CRM de commerce \u00e9lectronique<\/h1>\n\n\n\n<p class=\"gb-headline gb-headline-c7d89497\"><span class=\"gb-icon\"><svg style=\"fill-rule:evenodd;clip-rule:evenodd;stroke-linejoin:round;stroke-miterlimit:2;\" xml:space=\"preserve\" xmlns:xlink=\"http:\/\/www.w3.org\/1999\/xlink\" xmlns=\"http:\/\/www.w3.org\/2000\/svg\" version=\"1.1\" viewbox=\"0 0 600 456\" height=\"100%\" width=\"100%\"><path style=\"fill-rule:nonzero;\" d=\"M214.5,443.5c-7.7,7.7 -16.4,11.6 -26.1,11.6c-9.7,0 -18.4,-3.9 -26.1,-11.6l-162.3,-162.3l52.2,-52.2l136.2,136.2l362.3,-365.2l49.3,52.2l-385.5,391.3Z\"><\/path><\/svg><\/span><span class=\"gb-headline-text\">Augmentez le retour sur investissement des campagnes marketing gr\u00e2ce \u00e0 des informations clients riches<\/span><\/p>\n\n\n\n<p class=\"gb-headline gb-headline-7d862e64\"><span class=\"gb-icon\"><svg style=\"fill-rule:evenodd;clip-rule:evenodd;stroke-linejoin:round;stroke-miterlimit:2;\" xml:space=\"preserve\" xmlns:xlink=\"http:\/\/www.w3.org\/1999\/xlink\" xmlns=\"http:\/\/www.w3.org\/2000\/svg\" version=\"1.1\" viewbox=\"0 0 600 456\" height=\"100%\" width=\"100%\"><path style=\"fill-rule:nonzero;\" d=\"M214.5,443.5c-7.7,7.7 -16.4,11.6 -26.1,11.6c-9.7,0 -18.4,-3.9 -26.1,-11.6l-162.3,-162.3l52.2,-52.2l136.2,136.2l362.3,-365.2l49.3,52.2l-385.5,391.3Z\"><\/path><\/svg><\/span><span class=\"gb-headline-text\"><strong>Personnaliser la communication<\/strong>\u00a0avec chaque client<\/span><\/p>\n\n\n\n<p class=\"gb-headline gb-headline-8511c2f6\"><span class=\"gb-icon\"><svg style=\"fill-rule:evenodd;clip-rule:evenodd;stroke-linejoin:round;stroke-miterlimit:2;\" xml:space=\"preserve\" xmlns:xlink=\"http:\/\/www.w3.org\/1999\/xlink\" xmlns=\"http:\/\/www.w3.org\/2000\/svg\" version=\"1.1\" viewbox=\"0 0 600 456\" height=\"100%\" width=\"100%\"><path style=\"fill-rule:nonzero;\" d=\"M214.5,443.5c-7.7,7.7 -16.4,11.6 -26.1,11.6c-9.7,0 -18.4,-3.9 -26.1,-11.6l-162.3,-162.3l52.2,-52.2l136.2,136.2l362.3,-365.2l49.3,52.2l-385.5,391.3Z\"><\/path><\/svg><\/span><span class=\"gb-headline-text\"><strong>Augmenter l&#039;engagement<\/strong>\u00a0et optimiser la fid\u00e9lisation<\/span><\/p>\n\n\n\n<p class=\"gb-headline gb-headline-3d67146b\"><span class=\"gb-icon\"><svg style=\"fill-rule:evenodd;clip-rule:evenodd;stroke-linejoin:round;stroke-miterlimit:2;\" xml:space=\"preserve\" xmlns:xlink=\"http:\/\/www.w3.org\/1999\/xlink\" xmlns=\"http:\/\/www.w3.org\/2000\/svg\" version=\"1.1\" viewbox=\"0 0 600 456\" height=\"100%\" width=\"100%\"><path style=\"fill-rule:nonzero;\" d=\"M214.5,443.5c-7.7,7.7 -16.4,11.6 -26.1,11.6c-9.7,0 -18.4,-3.9 -26.1,-11.6l-162.3,-162.3l52.2,-52.2l136.2,136.2l362.3,-365.2l49.3,52.2l-385.5,391.3Z\"><\/path><\/svg><\/span><span class=\"gb-headline-text\">Segmentez les utilisateurs par valeur client, activit\u00e9 du cycle de vie ou engagement<\/span><\/p>\n\n\n\n<p class=\"gb-headline gb-headline-1d94a96e\"><span class=\"gb-icon\"><svg style=\"fill-rule:evenodd;clip-rule:evenodd;stroke-linejoin:round;stroke-miterlimit:2;\" xml:space=\"preserve\" xmlns:xlink=\"http:\/\/www.w3.org\/1999\/xlink\" xmlns=\"http:\/\/www.w3.org\/2000\/svg\" version=\"1.1\" viewbox=\"0 0 600 456\" height=\"100%\" width=\"100%\"><path style=\"fill-rule:nonzero;\" d=\"M214.5,443.5c-7.7,7.7 -16.4,11.6 -26.1,11.6c-9.7,0 -18.4,-3.9 -26.1,-11.6l-162.3,-162.3l52.2,-52.2l136.2,136.2l362.3,-365.2l49.3,52.2l-385.5,391.3Z\"><\/path><\/svg><\/span><span class=\"gb-headline-text\">Tirez le meilleur parti de chaque client et cr\u00e9ez\u00a0<strong>comportement d&#039;achat r\u00e9p\u00e9t\u00e9<\/strong><\/span><\/p>\n\n<\/div><\/div><\/div>\n\n<div class=\"gb-grid-column gb-grid-column-bf84404e\"><div class=\"gb-container gb-container-bf84404e\"><div class=\"gb-inside-container\">\n\n<figure class=\"wp-block-image size-full\"><img loading=\"lazy\" decoding=\"async\" width=\"598\" height=\"376\" src=\"https:\/\/vibetrace.com\/blog\/wp-content\/uploads\/2021\/08\/ecommerce-crm.webp\" alt=\"\" class=\"wp-image-443\" srcset=\"https:\/\/vibetrace.com\/wp-content\/uploads\/2021\/08\/ecommerce-crm.webp 598w, https:\/\/vibetrace.com\/wp-content\/uploads\/2021\/08\/ecommerce-crm-300x189.webp 300w\" sizes=\"auto, (max-width: 598px) 100vw, 598px\" \/><\/figure>\n\n<\/div><\/div><\/div>\n<\/div>\n<\/div><\/div>\n\n<div class=\"gb-container gb-container-3c675f5c\"><div class=\"gb-inside-container\">\n<div class=\"gb-grid-wrapper gb-grid-wrapper-9aa1cfd1\">\n<div class=\"gb-grid-column gb-grid-column-d47fa173\"><div class=\"gb-container gb-container-d47fa173 box-shadow\"><div class=\"gb-inside-container\">\n<div class=\"gb-button-wrapper gb-button-wrapper-b1932e92\">\n\n<a class=\"gb-button gb-button-90d9518b gb-button-text\" href=\"https:\/\/vibetrace.com\/fr\/blog\/pricing\/\">Voir les prix<\/a>\n\n<\/div>\n\n\n<div class=\"gb-headline gb-headline-5039b65d gb-headline-text\">Vos clients sont votre atout le plus important. Tirez le meilleur parti et augmentez vos ventes.<\/div>\n\n<\/div><\/div><\/div>\n<\/div>\n<\/div><\/div>\n\n<div class=\"gb-container gb-container-4b9794f7\"><div class=\"gb-inside-container\">\n<div class=\"gb-grid-wrapper gb-grid-wrapper-41e9f2fa\">\n<div class=\"gb-grid-column gb-grid-column-25d49cf4\"><div class=\"gb-container gb-container-25d49cf4\"><div class=\"gb-inside-container\">\n\n<h3 class=\"wp-block-heading\">Communiquer \u00e0 un niveau personnel<\/h3>\n\n\n\n<ul class=\"wp-block-list\"><li><strong>Augmentez votre retour sur investissement sur tous les canaux gr\u00e2ce \u00e0 une approche de communication personnalis\u00e9e avec vos clients.<\/strong><\/li><li><strong>Augmenter les ventes et les taux de conversion<\/strong>&nbsp;en mettant le client au centre de votre strat\u00e9gie retail.<\/li><li>Fournir un&nbsp;<strong>exp\u00e9rience d&#039;achat personnalis\u00e9e<\/strong>&nbsp;pour fid\u00e9liser et fid\u00e9liser les clients.<\/li><\/ul>\n\n\n\n<h3 class=\"wp-block-heading\">Moteur d&#039;intelligence client<\/h3>\n\n\n\n<p>Toutes les informations, activit\u00e9s et achats des utilisateurs sont regroup\u00e9s dans ce que nous appelons Customer Intelligence Engine. C&#039;est l&#039;\u00e9pine dorsale de Vibetrace, branch\u00e9 sur votre magasin pour&nbsp;<strong>augmenter les revenus, le taux de conversion gr\u00e2ce \u00e0 l&#039;automatisation et \u00e0 la personnalisation.<\/strong><\/p>\n\n<\/div><\/div><\/div>\n\n<div class=\"gb-grid-column gb-grid-column-b670558e\"><div class=\"gb-container gb-container-b670558e\"><div class=\"gb-inside-container\">\n\n<figure class=\"wp-block-image size-full\"><img loading=\"lazy\" decoding=\"async\" width=\"489\" height=\"436\" src=\"https:\/\/vibetrace.com\/blog\/wp-content\/uploads\/2021\/08\/personalized-communication-1.webp\" alt=\"\" class=\"wp-image-510\" srcset=\"https:\/\/vibetrace.com\/wp-content\/uploads\/2021\/08\/personalized-communication-1.webp 489w, https:\/\/vibetrace.com\/wp-content\/uploads\/2021\/08\/personalized-communication-1-300x267.webp 300w\" sizes=\"auto, (max-width: 489px) 100vw, 489px\" \/><\/figure>\n\n<\/div><\/div><\/div>\n<\/div>\n<\/div><\/div>\n\n<div class=\"gb-container gb-container-00c0c01c\"><div class=\"gb-inside-container\">\n<div class=\"gb-container gb-container-8a4fbb37\"><div class=\"gb-inside-container\">\n<div class=\"gb-grid-wrapper gb-grid-wrapper-07335223\">\n<div class=\"gb-grid-column gb-grid-column-d5084e57\"><div class=\"gb-container gb-container-d5084e57\"><div class=\"gb-inside-container\">\n\n<h4 class=\"has-text-align-center wp-block-heading\">Recueillir des informations<\/h4>\n\n\n\n<p>Vibetrace consid\u00e8re intelligemment chaque visiteur individuel lors de son parcours sur votre site. Il garde une trace de la fa\u00e7on dont ils acc\u00e8dent \u00e0 votre site Web, des produits consult\u00e9s, de ceux qu&#039;ils s\u00e9lectionnent ou ignorent, des achats qu&#039;ils effectuent et de ceux qu&#039;ils abandonnent.<\/p>\n\n<\/div><\/div><\/div>\n\n<div class=\"gb-grid-column gb-grid-column-85af019a\"><div class=\"gb-container gb-container-85af019a\"><div class=\"gb-inside-container\">\n\n<h4 class=\"has-text-align-center wp-block-heading\">Analyser les donn\u00e9es<\/h4>\n\n\n\n<p>Nous analysons le comportement des utilisateurs sur votre site Web, l&#039;activit\u00e9 d&#039;e-mailing, le flux de visites et les m\u00e9langeons dans des techniques de mod\u00e9lisation comportementale de pointe pour anticiper les d\u00e9sirs et les besoins de l&#039;acheteur. Au fur et \u00e0 mesure que les donn\u00e9es sont collect\u00e9es, un riche profil de consommateur est cr\u00e9\u00e9.<\/p>\n\n<\/div><\/div><\/div>\n\n<div class=\"gb-grid-column gb-grid-column-8dc97181\"><div class=\"gb-container gb-container-8dc97181\"><div class=\"gb-inside-container\">\n\n<h5 class=\"has-text-align-center wp-block-heading\">Offrez de la personnalisation<\/h5>\n\n\n\n<p>Ce profil combin\u00e9 \u00e0 l&#039;activit\u00e9 des autres acheteurs constitue la base des recommandations de produits et de la personnalisation du site. Le r\u00e9sultat est une exp\u00e9rience d&#039;achat personnalis\u00e9e pour chaque visiteur : de la page de destination au paiement.<\/p>\n\n<\/div><\/div><\/div>\n<\/div>\n<\/div><\/div>\n<\/div><\/div>\n\n<div class=\"gb-container gb-container-7ffa1e8f\"><div class=\"gb-inside-container\">\n<div class=\"gb-grid-wrapper gb-grid-wrapper-d6af49d5\">\n<div class=\"gb-grid-column gb-grid-column-84ef6882\"><div class=\"gb-container gb-container-84ef6882\"><div class=\"gb-inside-container\">\n\n<h2 class=\"gb-headline gb-headline-357a88bf gb-headline-text\">Vous souhaitez en savoir plus sur vos utilisateurs ?<\/h2>\n\n<\/div><\/div><\/div>\n\n<div class=\"gb-grid-column gb-grid-column-4584798e\"><div class=\"gb-container gb-container-4584798e\"><div class=\"gb-inside-container\">\n<div class=\"gb-button-wrapper gb-button-wrapper-8d6a8be0\">\n\n<span class=\"gb-button gb-button-771305e4 gb-button-text\">Connaissez vos clients, demandez une d\u00e9mo<\/span>\n\n<\/div>\n<\/div><\/div><\/div>\n<\/div>\n\n\n<p class=\"has-text-align-center\">Le premier c&#039;est sur nous, et nous connaissons pas mal de jolis endroits<\/p>\n\n<\/div><\/div>","protected":false},"excerpt":{"rendered":"<p>Le premier c&#039;est sur nous, et nous connaissons pas mal de jolis endroits<\/p>","protected":false},"author":9,"featured_media":0,"parent":0,"menu_order":0,"comment_status":"closed","ping_status":"closed","template":"","meta":{"inline_featured_image":false,"footnotes":""},"class_list":["post-120","page","type-page","status-publish"],"_links":{"self":[{"href":"https:\/\/vibetrace.com\/fr\/wp-json\/wp\/v2\/pages\/120","targetHints":{"allow":["GET"]}}],"collection":[{"href":"https:\/\/vibetrace.com\/fr\/wp-json\/wp\/v2\/pages"}],"about":[{"href":"https:\/\/vibetrace.com\/fr\/wp-json\/wp\/v2\/types\/page"}],"author":[{"embeddable":true,"href":"https:\/\/vibetrace.com\/fr\/wp-json\/wp\/v2\/users\/9"}],"replies":[{"embeddable":true,"href":"https:\/\/vibetrace.com\/fr\/wp-json\/wp\/v2\/comments?post=120"}],"version-history":[{"count":0,"href":"https:\/\/vibetrace.com\/fr\/wp-json\/wp\/v2\/pages\/120\/revisions"}],"wp:attachment":[{"href":"https:\/\/vibetrace.com\/fr\/wp-json\/wp\/v2\/media?parent=120"}],"curies":[{"name":"wp","href":"https:\/\/api.w.org\/{rel}","templated":true}]}}