{"id":600,"date":"2021-08-14T18:19:47","date_gmt":"2021-08-14T18:19:47","guid":{"rendered":"https:\/\/vibetrace.com\/blog\/?page_id=600"},"modified":"2021-08-23T10:37:02","modified_gmt":"2021-08-23T10:37:02","slug":"why-vibetrace","status":"publish","type":"page","link":"https:\/\/vibetrace.com\/es\/por-que-vibetrace\/","title":{"rendered":"\u00bfPor qu\u00e9 Vibetrace?"},"content":{"rendered":"<div class=\"gb-container gb-container-65dc0282\"><div class=\"gb-inside-container\">\n\n<h1 class=\"gb-headline gb-headline-c6197b0e gb-headline-text\">Porque nosotros<\/h1>\n\n\n\n<p class=\"gb-headline gb-headline-3fe98b7a gb-headline-text\">Creemos que un servicio incre\u00edble es excelente para los negocios.<\/p>\n\n<\/div><\/div>\n\n<div class=\"gb-container gb-container-ca70e7d4\"><div class=\"gb-inside-container\">\n<div class=\"gb-grid-wrapper gb-grid-wrapper-2224c9a9\">\n<div class=\"gb-grid-column gb-grid-column-3cb2db8a\"><div class=\"gb-container gb-container-3cb2db8a\"><div class=\"gb-inside-container\">\n\n<h4 class=\"wp-block-heading\">Experiencia de comercio electr\u00f3nico<\/h4>\n\n\n\n<p class=\"\">Desde 2007, hemos trabajado con varios negocios en l\u00ednea para ayudarlos a aumentar la tasa de conversi\u00f3n. En este momento&nbsp;<strong>hemos utilizado m\u00e1s de unas pocas docenas de herramientas para nuestros clientes.<\/strong><\/p>\n\n<\/div><\/div><\/div>\n\n<div class=\"gb-grid-column gb-grid-column-281c305b\"><div class=\"gb-container gb-container-281c305b\"><div class=\"gb-inside-container\">\n\n<h4 class=\"wp-block-heading\">Nosotros (todav\u00eda) probamos las herramientas de la competencia<\/h4>\n\n\n\n<p class=\"\">Desde soluciones de marketing por correo electr\u00f3nico hasta pruebas A\/B, creadores de formularios de contacto, widgets para compartir en redes sociales, recomendaciones de productos y banners basados en el clima, los hemos probado todos. Algunos funcionaron bien, otros no. Mientras tanto&nbsp;<strong>hemos encontrado lo que los minoristas en l\u00ednea realmente necesitan, as\u00ed que comenzamos a construir el nuestro.<\/strong><\/p>\n\n<\/div><\/div><\/div>\n\n<div class=\"gb-grid-column gb-grid-column-51ef2e8e\"><div class=\"gb-container gb-container-51ef2e8e\"><div class=\"gb-inside-container\">\n\n<h4 class=\"wp-block-heading\">Trabajo duro involucrado<\/h4>\n\n\n\n<p class=\"\">Actualmente Vibetrace es un&nbsp;<strong>herramienta simple de usar pero poderosa<\/strong>&nbsp;que ayuda a los comerciantes de comercio electr\u00f3nico&nbsp;<strong>convertir el tr\u00e1fico en ventas mediante la personalizaci\u00f3n y la automatizaci\u00f3n.<\/strong><\/p>\n\n<\/div><\/div><\/div>\n\n<div class=\"gb-grid-column gb-grid-column-58f91747\"><div class=\"gb-container gb-container-58f91747\"><div class=\"gb-inside-container\">\n\n<h4 class=\"wp-block-heading\">buenos especialistas<\/h4>\n\n\n\n<p class=\"\">Es el trabajo continuo de programadores muy h\u00e1biles, t\u00e9cnicos inteligentes y grandes dise\u00f1adores bajo la direcci\u00f3n de&nbsp;<strong>varios especialistas en comercio electr\u00f3nico<\/strong>, cient\u00edficos de datos y gerentes de producto para hacerlo mejor cada d\u00eda.<\/p>\n\n<\/div><\/div><\/div>\n<\/div>\n<\/div><\/div>\n\n<div class=\"gb-container gb-container-ea29bac9\"><div class=\"gb-inside-container\">\n<div class=\"gb-grid-wrapper gb-grid-wrapper-7eca65fa\">\n<div class=\"gb-grid-column gb-grid-column-a05264a0\"><div class=\"gb-container gb-container-a05264a0\"><div class=\"gb-inside-container\">\n\n<h2 class=\"wp-block-heading\">Un vistazo r\u00e1pido a nuestro equipo y lo que logramos:<\/h2>\n\n\n\n<ul class=\"wp-block-list\"><li>Todos nuestros clientes est\u00e1n con nosotros desde el principio.<\/li><li>Tenemos clientes de tres continentes: Europa, Australia y Am\u00e9rica<\/li><li>El mayor aumento en la tasa de conversi\u00f3n fue 73.6% para un cliente mediano. (decenas de pedidos por d\u00eda)<\/li><li>El mejor d\u00eda en la recopilaci\u00f3n de clientes potenciales fue el 27 de septiembre de 2013 con 7392 direcciones de correo electr\u00f3nico para un cliente.<\/li><li>Para clientes m\u00e1s peque\u00f1os (&lt; 10 pedidos\/d\u00eda) el incremento es de m\u00e1s de 100%.<\/li><\/ul>\n\n<\/div><\/div><\/div>\n\n<div class=\"gb-grid-column gb-grid-column-b801391d\"><div class=\"gb-container gb-container-b801391d\"><div class=\"gb-inside-container\"><\/div><\/div><\/div>\n<\/div>\n<\/div><\/div>","protected":false},"excerpt":{"rendered":"<p>Por qu\u00e9 nosotros Creemos que un servicio excelente es excelente para los negocios<\/p>","protected":false},"author":9,"featured_media":0,"parent":0,"menu_order":0,"comment_status":"closed","ping_status":"closed","template":"","meta":{"inline_featured_image":false,"footnotes":""},"class_list":["post-600","page","type-page","status-publish"],"_links":{"self":[{"href":"https:\/\/vibetrace.com\/es\/wp-json\/wp\/v2\/pages\/600","targetHints":{"allow":["GET"]}}],"collection":[{"href":"https:\/\/vibetrace.com\/es\/wp-json\/wp\/v2\/pages"}],"about":[{"href":"https:\/\/vibetrace.com\/es\/wp-json\/wp\/v2\/types\/page"}],"author":[{"embeddable":true,"href":"https:\/\/vibetrace.com\/es\/wp-json\/wp\/v2\/users\/9"}],"replies":[{"embeddable":true,"href":"https:\/\/vibetrace.com\/es\/wp-json\/wp\/v2\/comments?post=600"}],"version-history":[{"count":0,"href":"https:\/\/vibetrace.com\/es\/wp-json\/wp\/v2\/pages\/600\/revisions"}],"wp:attachment":[{"href":"https:\/\/vibetrace.com\/es\/wp-json\/wp\/v2\/media?parent=600"}],"curies":[{"name":"wp","href":"https:\/\/api.w.org\/{rel}","templated":true}]}}