{"id":26629,"date":"2024-08-07T12:22:32","date_gmt":"2024-08-07T12:22:32","guid":{"rendered":"https:\/\/vibetrace.com\/?page_id=26629"},"modified":"2024-08-07T12:22:33","modified_gmt":"2024-08-07T12:22:33","slug":"essential-resources-for-digital-marketers-and-agencies","status":"publish","type":"page","link":"https:\/\/vibetrace.com\/es\/recursos-esenciales-para-agencias-y-especialistas-en-marketing-digital\/","title":{"rendered":"Recursos esenciales para agencias y especialistas en marketing digital"},"content":{"rendered":"<p>Ya sea que sea un especialista en marketing experimentado o reci\u00e9n est\u00e9 comenzando, tener las herramientas y los recursos adecuados a su disposici\u00f3n puede marcar la diferencia. Desde dominar el SEO y el PPC hasta crear contenido atractivo, analizar datos o realizar marketing por correo electr\u00f3nico, el panorama del marketing digital es amplio y evoluciona continuamente.<\/p>\n\n\n\n<p>Aqu\u00ed tienes tu gu\u00eda ideal, que recopila los mejores recursos que los profesionales del marketing digital deber\u00edan tener en su kit de herramientas. <\/p>\n\n\n\n<p>Hemos elaborado una lista completa de herramientas, sitios web y plataformas esenciales que cubren todos los aspectos del marketing digital. Estos recursos te ayudar\u00e1n a mejorar tus habilidades, optimizar tu flujo de trabajo y, en \u00faltima instancia, generar mejores resultados para tus campa\u00f1as.<a href=\"https:\/\/www.reddit.com\/r\/agency\/?f=flair_name%3A%22r%2FAgency%20Updates%22\" target=\"_blank\" rel=\"noopener\"><\/a><\/p>\n\n\n\n<h2 class=\"wp-block-heading\">PPC\/B\u00fasqueda paga<\/h2>\n\n\n\n<ul class=\"wp-block-list\">\n<li><a href=\"https:\/\/www.amazon.com\/Becoming-Digital-Marketer-Tech-Driven-Marketing\/dp\/1733794875\/\" target=\"_blank\" rel=\"noreferrer noopener\">C\u00f3mo convertirse en un profesional del marketing digital: adquirir habilidades t\u00e9cnicas y sociales para una carrera de marketing impulsada por la tecnolog\u00eda<\/a>\u00a0Por Gil y Anya Gildner<\/li>\n\n\n\n<li><a href=\"https:\/\/www.amazon.com\/Beginners-Guide-Google-Ads-Everything\/dp\/1733794808\" target=\"_blank\" rel=\"noreferrer noopener\">Gu\u00eda para principiantes sobre Google Ads<\/a>\u00a0Por Anya Gildner<\/li>\n\n\n\n<li><a href=\"https:\/\/www.amazon.com\/Unlevel-Playing-Field-Biggest-Mindshift\/dp\/1544523335\/\" target=\"_blank\" rel=\"noreferrer noopener\">Desnivelar el campo de juego: el mayor cambio de mentalidad en la historia del PPC<\/a>\u00a0Por Frederick Vallaeys<\/li>\n\n\n\n<li><a href=\"https:\/\/www.amazon.com\/Ponderings-Professional-Philosophical-Pay-Click\/dp\/0578770199\/\" target=\"_blank\" rel=\"noreferrer noopener\">Reflexiones de un profesional de PPC<\/a>\u00a0Por Kirk Williams<\/li>\n<\/ul>\n\n\n\n<h2 class=\"wp-block-heading\">Agencias\/Negocios en marcha<\/h2>\n\n\n\n<ul class=\"wp-block-list\">\n<li><a href=\"https:\/\/www.amazon.com\/Building-Successful-Micro-Agency-Profitable-Sustainable\/dp\/1733794840\" target=\"_blank\" rel=\"noreferrer noopener\">C\u00f3mo crear una microagencia exitosa: gu\u00eda para crear agencias de marketing digital rentables y sostenibles<\/a>\u00a0Por Gil y Anya Gildner<\/li>\n\n\n\n<li><a href=\"https:\/\/www.amazon.com\/Zero-One-Notes-Startups-Future\/dp\/0804139296\/\" target=\"_blank\" rel=\"noreferrer noopener\">De cero a uno: notas sobre startups o c\u00f3mo construir el futuro<\/a>\u00a0Por Peter Thiel y Blake Masters<\/li>\n\n\n\n<li><a href=\"https:\/\/www.amazon.com\/Stop-Scale-Building-Digital-Actually\/dp\/B09Z9QZWYL\" target=\"_blank\" rel=\"noreferrer noopener\">Detener la escala: c\u00f3mo crear una agencia digital que realmente te guste<\/a>\u00a0Por Kirk Williams<\/li>\n\n\n\n<li><a href=\"https:\/\/www.amazon.com\/Digital-Marketing-AI-World-Futureproofing\/dp\/1544513372\/\" target=\"_blank\" rel=\"noreferrer noopener\">Marketing digital en un mundo de IA: c\u00f3mo preparar su agencia de PPC para el futuro<\/a>\u00a0Por Fred Vallaeys<\/li>\n\n\n\n<li><a href=\"https:\/\/www.amazon.com\/Good-Great-Some-Companies-Others-ebook\/dp\/B0058DRUV6\" target=\"_blank\" rel=\"noreferrer noopener\">De bueno a excelente<\/a>\u00a0Por Jim Collins<\/li>\n<\/ul>\n\n\n\n<h2 class=\"wp-block-heading\">PPC\/B\u00fasqueda paga<\/h2>\n\n\n\n<ul class=\"wp-block-list\">\n<li><a href=\"https:\/\/www.discosloth.com\/beginners-guide-to-ppc\/?utm_source=ZATO%20Blog&amp;utm_medium=referral&amp;utm_campaign=where-to-start-in-ppc-blogpost\" target=\"_blank\" rel=\"noreferrer noopener\">Gu\u00eda para principiantes sobre publicidad PPC<\/a>\u00a0por Discosloth (gratis)<\/li>\n\n\n\n<li><a href=\"https:\/\/www.amazon.com\/Beginners-Guide-Google-Ads-Everything\/dp\/1733794808\" target=\"_blank\" rel=\"noreferrer noopener\">Gu\u00eda para principiantes sobre Google Ads<\/a>\u00a0Por Anya Gildner<\/li>\n\n\n\n<li><a href=\"https:\/\/www.godtierads.com\/framework\/\" target=\"_blank\" rel=\"noreferrer noopener\">Anuncios de nivel Dios<\/a>\u00a0Por Ed Leake<\/li>\n\n\n\n<li><a href=\"https:\/\/www.amazon.com\/Ponderings-Professional-Philosophical-Pay-Click\/dp\/0578770199\/\" target=\"_blank\" rel=\"noreferrer noopener\">Reflexiones de un profesional de PPC<\/a>\u00a0Por Kirk Williams<\/li>\n\n\n\n<li><a href=\"https:\/\/www.amazon.com\/Unlevel-Playing-Field-Biggest-Mindshift\/dp\/1544523335\/\" target=\"_blank\" rel=\"noreferrer noopener\">Desnivelar el campo de juego: el mayor cambio de mentalidad en la historia del PPC<\/a>\u00a0Por Frederick Vallaeys<\/li>\n\n\n\n<li><a href=\"https:\/\/www.udemy.com\/course\/the-ultimate-google-adwords-training-course\/\" target=\"_blank\" rel=\"noreferrer noopener\">Capacitaci\u00f3n definitiva sobre Google Ads 2021<\/a>\u00a0por Isaac Rudansky (desactualizado)<\/li>\n<\/ul>\n\n\n\n<h2 class=\"wp-block-heading\">SEO<\/h2>\n\n\n\n<ul class=\"wp-block-list\">\n<li><a href=\"https:\/\/moz.com\/beginners-guide-to-seo\" target=\"_blank\" rel=\"noreferrer noopener\">Gu\u00eda para principiantes sobre SEO<\/a>\u00a0Por Rand Fishkin<\/li>\n\n\n\n<li><a href=\"https:\/\/zyppy.com\/seo-success-factors\/\" target=\"_blank\" rel=\"noreferrer noopener\">M\u00e1s de 100 factores de clasificaci\u00f3n de Google<\/a>\u00a0por Zyppy<\/li>\n\n\n\n<li><a href=\"https:\/\/developers.google.com\/search\/docs\/fundamentals\/seo-starter-guide\" target=\"_blank\" rel=\"noreferrer noopener\">Gu\u00eda de inicio para SEO<\/a>\u00a0de Google<\/li>\n\n\n\n<li><a href=\"https:\/\/blog.hubspot.com\/marketing\/seo\" target=\"_blank\" rel=\"noreferrer noopener\">La gu\u00eda definitiva para el SEO en 2023<\/a>\u00a0de Hubspot<\/li>\n<\/ul>\n\n\n\n<h2 class=\"wp-block-heading\">Correo electr\u00f3nico<\/h2>\n\n\n\n<p>Independientemente de lo que env\u00edes por correo electr\u00f3nico, existen dos grandes categor\u00edas: el correo electr\u00f3nico en fr\u00edo (difusi\u00f3n) y el marketing por correo electr\u00f3nico. La forma sencilla de entender la diferencia es que, en el caso del correo electr\u00f3nico en fr\u00edo, compras o encuentras listas de correo electr\u00f3nico para intentar venderles algo, mientras que el verdadero marketing por correo electr\u00f3nico consiste en crear listas e interactuar con los suscriptores a lo largo del tiempo.<\/p>\n\n\n\n<ul class=\"wp-block-list\">\n<li><a href=\"https:\/\/backlinko.com\/email-marketing-guide\" target=\"_blank\" rel=\"noopener\">Gu\u00eda de marketing por correo electr\u00f3nico<\/a> Enlace de retroceso<\/li>\n\n\n\n<li><a href=\"https:\/\/www.litmus.com\/blog\/\" target=\"_blank\" rel=\"noopener\">Blog de Tornasol<\/a> \u2013 especialmente para la parte t\u00e9cnica del correo electr\u00f3nico<\/li>\n\n\n\n<li><a href=\"https:\/\/academy.hubspot.com\/courses\/email-marketing\" target=\"_blank\" rel=\"noopener\">Curso de marketing por correo electr\u00f3nico<\/a> \u2013 Hubspot<\/li>\n\n\n\n<li><a href=\"https:\/\/www.coursera.org\/learn\/think-outside-the-inbox\" target=\"_blank\" rel=\"noopener\">Piense m\u00e1s all\u00e1 de lo establecido: marketing por correo electr\u00f3nico<\/a> \u2013 Google\/Coursera<\/li>\n\n\n\n<li><a href=\"https:\/\/www.linkedin.com\/learning\/email-and-newsletter-marketing-foundations\/welcome\" target=\"_blank\" rel=\"noopener\">Fundamentos del marketing por correo electr\u00f3nico<\/a> \u2013 Linkedin<\/li>\n<\/ul>","protected":false},"excerpt":{"rendered":"<p>Ya sea que sea un comercializador experimentado o reci\u00e9n est\u00e9 comenzando, contar con las herramientas y los recursos adecuados... <a title=\"Recursos esenciales para agencias y especialistas en marketing digital\" class=\"read-more\" href=\"https:\/\/vibetrace.com\/es\/recursos-esenciales-para-agencias-y-especialistas-en-marketing-digital\/\" aria-label=\"Leer m\u00e1s sobre Recursos esenciales para agencias y especialistas en marketing digital\"> <\/a><\/p>","protected":false},"author":9,"featured_media":0,"parent":0,"menu_order":0,"comment_status":"closed","ping_status":"closed","template":"","meta":{"inline_featured_image":false,"footnotes":""},"class_list":["post-26629","page","type-page","status-publish"],"_links":{"self":[{"href":"https:\/\/vibetrace.com\/es\/wp-json\/wp\/v2\/pages\/26629","targetHints":{"allow":["GET"]}}],"collection":[{"href":"https:\/\/vibetrace.com\/es\/wp-json\/wp\/v2\/pages"}],"about":[{"href":"https:\/\/vibetrace.com\/es\/wp-json\/wp\/v2\/types\/page"}],"author":[{"embeddable":true,"href":"https:\/\/vibetrace.com\/es\/wp-json\/wp\/v2\/users\/9"}],"replies":[{"embeddable":true,"href":"https:\/\/vibetrace.com\/es\/wp-json\/wp\/v2\/comments?post=26629"}],"version-history":[{"count":1,"href":"https:\/\/vibetrace.com\/es\/wp-json\/wp\/v2\/pages\/26629\/revisions"}],"predecessor-version":[{"id":26630,"href":"https:\/\/vibetrace.com\/es\/wp-json\/wp\/v2\/pages\/26629\/revisions\/26630"}],"wp:attachment":[{"href":"https:\/\/vibetrace.com\/es\/wp-json\/wp\/v2\/media?parent=26629"}],"curies":[{"name":"wp","href":"https:\/\/api.w.org\/{rel}","templated":true}]}}