{"id":26547,"date":"2024-07-31T07:56:19","date_gmt":"2024-07-31T07:56:19","guid":{"rendered":"https:\/\/vibetrace.com\/?page_id=26547"},"modified":"2024-07-31T08:00:06","modified_gmt":"2024-07-31T08:00:06","slug":"content-partnership","status":"publish","type":"page","link":"https:\/\/vibetrace.com\/es\/asociacion-de-contenido\/","title":{"rendered":"Asociaci\u00f3n de contenido"},"content":{"rendered":"<p>\u00bfEst\u00e1 interesado en producir juntos contenido de buena calidad? \u00a1As\u00ed somos nosotros!<\/p>\n\n\n\n<p>En el mundo online, las asociaciones funcionan muy bien cuando ambas partes se benefician de ellas. Si quieres colaborar en alg\u00fan contenido, nuestra experiencia est\u00e1 relacionada con:<\/p>\n\n\n\n<ul class=\"wp-block-list\">\n<li>Informaci\u00f3n y an\u00e1lisis de datos, especialmente relacionados con el comercio electr\u00f3nico, los viajes en l\u00ednea y los servicios financieros.<\/li>\n\n\n\n<li>automatizaci\u00f3n de marketing, omnicanal: marketing por correo electr\u00f3nico, SMS, notificaciones push, marketing por whatsapp<\/li>\n\n\n\n<li>Experiencia del cliente: personalizaci\u00f3n, tasa de conversi\u00f3n, retenci\u00f3n.<\/li>\n\n\n\n<li>Plataformas de datos de clientes: an\u00e1lisis de datos, segmentos de clientes, modelos de clientes.<\/li>\n<\/ul>\n\n\n\n<p><\/p>\n\n\n\n<p><strong>Beneficios de realizar una asociaci\u00f3n de contenido<\/strong><\/p>\n\n\n\n<ul class=\"wp-block-list\">\n<li>Exposici\u00f3n a una audiencia m\u00e1s amplia.<\/li>\n\n\n\n<li>Mejorar la credibilidad de su marca<\/li>\n\n\n\n<li>Oportunidades de crecimiento y aprendizaje mutuo<\/li>\n\n\n\n<li>Acceso a nuestra informaci\u00f3n sobre datos, recursos de expertos internos y herramientas<\/li>\n<\/ul>\n\n\n\n<p><strong>Qu\u00e9 estamos buscando<\/strong><\/p>\n\n\n\n<ul class=\"wp-block-list\">\n<li>Est\u00e1ndares de contenido de calidad (p. ej., originalidad, relevancia, valor)<\/li>\n\n\n\n<li>P\u00fablico objetivo y relevancia de la industria. Aqu\u00ed nos enfocamos en las siguientes audiencias: agencias digitales, comercio electr\u00f3nico, servicios en l\u00ednea, comercio minorista. <\/li>\n\n\n\n<li>No importa lo grande o peque\u00f1o que seas, ponte en contacto y comencemos a hablar.<\/li>\n\n\n\n<li>Seriosidad <\/li>\n<\/ul>\n\n\n\n<p>Buscamos asociaciones que brinden contenido nuevo, original y valioso a nuestra audiencia. Esto incluye publicaciones de blogs, videos, estudios de casos y otras formas de contenido relevante para nuestra industria. Nuestro enfoque principal es el contenido que se alinea con los intereses de nuestra audiencia y proporciona valor genuino.<\/p>\n\n\n\n<p><strong>C\u00f3mo colaborar<\/strong><\/p>\n\n\n\n<ul class=\"wp-block-list\">\n<li>\u00bfListo para asociarse con nosotros? As\u00ed es c\u00f3mo:\n<ol class=\"wp-block-list\">\n<li><strong>Alcanzar:<\/strong> Env\u00edanos un correo electr\u00f3nico a <strong>contacto@vibetrace.com<\/strong> con tu idea o propuesta. Incluye lo que crees que necesitar\u00e1s de nosotros.<\/li>\n\n\n\n<li><strong>Revisar:<\/strong> Nuestro equipo revisar\u00e1 su propuesta y se comunicar\u00e1 con usted dentro de 1 semana.<\/li>\n\n\n\n<li><strong>Colaborar:<\/strong> Una vez acordado, trabajaremos juntos para crear y promover el contenido.<\/li>\n\n\n\n<li><strong>Publicar:<\/strong> Publicaremos el contenido en nuestra plataforma y lo promocionaremos a trav\u00e9s de nuestros canales (redes sociales + correo electr\u00f3nico + publicidad)<\/li>\n<\/ol>\n<\/li>\n<\/ul>\n\n\n\n<p>Si est\u00e1 interesado en publicaciones de invitados, puede <a href=\"https:\/\/vibetrace.com\/es\/guest-post-escribe-para-nosotros\/\" data-type=\"page\" data-id=\"20855\">lea nuestros requisitos aqu\u00ed<\/a>.<\/p>","protected":false},"excerpt":{"rendered":"<p>\u00bfTe interesa que produzcamos contenido de calidad y de calidad juntos? \u00a1A nosotros tambi\u00e9n! En el \u2026 <a title=\"Asociaci\u00f3n de contenido\" class=\"read-more\" href=\"https:\/\/vibetrace.com\/es\/asociacion-de-contenido\/\" aria-label=\"Leer m\u00e1s sobre Asociaci\u00f3n de contenido\"> <\/a><\/p>","protected":false},"author":9,"featured_media":0,"parent":0,"menu_order":0,"comment_status":"closed","ping_status":"closed","template":"","meta":{"inline_featured_image":false,"footnotes":""},"class_list":["post-26547","page","type-page","status-publish"],"_links":{"self":[{"href":"https:\/\/vibetrace.com\/es\/wp-json\/wp\/v2\/pages\/26547","targetHints":{"allow":["GET"]}}],"collection":[{"href":"https:\/\/vibetrace.com\/es\/wp-json\/wp\/v2\/pages"}],"about":[{"href":"https:\/\/vibetrace.com\/es\/wp-json\/wp\/v2\/types\/page"}],"author":[{"embeddable":true,"href":"https:\/\/vibetrace.com\/es\/wp-json\/wp\/v2\/users\/9"}],"replies":[{"embeddable":true,"href":"https:\/\/vibetrace.com\/es\/wp-json\/wp\/v2\/comments?post=26547"}],"version-history":[{"count":2,"href":"https:\/\/vibetrace.com\/es\/wp-json\/wp\/v2\/pages\/26547\/revisions"}],"predecessor-version":[{"id":26550,"href":"https:\/\/vibetrace.com\/es\/wp-json\/wp\/v2\/pages\/26547\/revisions\/26550"}],"wp:attachment":[{"href":"https:\/\/vibetrace.com\/es\/wp-json\/wp\/v2\/media?parent=26547"}],"curies":[{"name":"wp","href":"https:\/\/api.w.org\/{rel}","templated":true}]}}