{"id":25843,"date":"2024-03-26T11:44:13","date_gmt":"2024-03-26T11:44:13","guid":{"rendered":"https:\/\/vibetrace.com\/?page_id=25843"},"modified":"2024-03-26T11:45:34","modified_gmt":"2024-03-26T11:45:34","slug":"connected-media","status":"publish","type":"page","link":"https:\/\/vibetrace.com\/es\/medios-conectados\/","title":{"rendered":"Medios conectados"},"content":{"rendered":"<p>\u201cMedios conectados\u201d se refiere a la integraci\u00f3n de varios canales y dispositivos digitales para ofrecer experiencias fluidas y personalizadas a los consumidores. <\/p>\n\n\n\n<p>En el contexto del marketing y la publicidad, los medios conectados presentan oportunidades significativas para que las marcas interact\u00faen con sus audiencias objetivo a trav\u00e9s de m\u00faltiples puntos de contacto, incluidos tel\u00e9fonos inteligentes, tabletas, computadoras de escritorio, televisores inteligentes, dispositivos port\u00e1tiles y m\u00e1s. <\/p>\n\n\n\n<p>En un mundo donde los consumidores utilizan diversos canales de comunicaci\u00f3n, es necesario poder utilizar: correo electr\u00f3nico, mensajes de texto, sitio web, WhatsApp y todo lo que falta.<\/p>\n\n\n\n<p>Las caracter\u00edsticas y oportunidades clave de los medios conectados en marketing y publicidad incluyen:<\/p>\n\n\n\n<ol class=\"wp-block-list\">\n<li><strong>Integraci\u00f3n multicanal:<\/strong> Los medios conectados permiten a las marcas integrar sus esfuerzos de marketing en diferentes canales, como redes sociales, correo electr\u00f3nico, motores de b\u00fasqueda, publicidad gr\u00e1fica y aplicaciones m\u00f3viles. Esta integraci\u00f3n permite una experiencia de marca coherente y consistente para los consumidores a medida que interact\u00faan con la marca en varias plataformas.<\/li>\n\n\n\n<li><strong>Personalizaci\u00f3n y segmentaci\u00f3n:<\/strong> Con acceso a datos de consumidores enriquecidos y capacidades avanzadas de segmentaci\u00f3n, los medios conectados permiten a las marcas ofrecer contenido personalizado y anuncios adaptados a las preferencias, comportamientos y caracter\u00edsticas demogr\u00e1ficas de los consumidores individuales. Este enfoque personalizado mejora la participaci\u00f3n y aumenta la relevancia de los mensajes de marketing, lo que genera mayores tasas de conversi\u00f3n y ROI.<\/li>\n\n\n\n<li><strong>Seguimiento entre dispositivos:<\/strong> Los medios conectados permiten el seguimiento entre dispositivos, lo que permite a los especialistas en marketing comprender c\u00f3mo interact\u00faan los consumidores con su marca en diferentes dispositivos y canales. Esta visi\u00f3n integral del comportamiento del consumidor permite un modelado de atribuci\u00f3n m\u00e1s preciso y la optimizaci\u00f3n de las campa\u00f1as de marketing para maximizar la eficacia y la eficiencia.<\/li>\n\n\n\n<li><strong>Comunicaci\u00f3n en tiempo real:<\/strong> Los medios conectados facilitan la comunicaci\u00f3n en tiempo real entre las marcas y los consumidores, lo que permite obtener comentarios, atenci\u00f3n al cliente y compromiso al instante. Las marcas pueden aprovechar los datos en tiempo real para responder r\u00e1pidamente a las consultas de los consumidores, abordar sus inquietudes y aprovechar las oportunidades emergentes en el mercado.<\/li>\n\n\n\n<li><strong>Experiencias interactivas:<\/strong> Los medios conectados abren oportunidades para experiencias interactivas e inmersivas, como la realidad aumentada (RA), la realidad virtual (RV), la transmisi\u00f3n en vivo y la gamificaci\u00f3n. Estas experiencias interactivas cautivan a las audiencias y profundizan el compromiso con la marca, fomentando la lealtad y la promoci\u00f3n de la marca.<\/li>\n\n\n\n<li><strong>Medici\u00f3n y an\u00e1lisis:<\/strong> Los medios conectados brindan s\u00f3lidas capacidades de medici\u00f3n y an\u00e1lisis, lo que permite a los especialistas en marketing realizar un seguimiento y analizar el rendimiento de sus campa\u00f1as en tiempo real. A trav\u00e9s de m\u00e9tricas como impresiones, clics, conversiones y tasas de interacci\u00f3n, las marcas pueden obtener informaci\u00f3n valiosa sobre la eficacia de sus iniciativas de marketing y optimizar sus estrategias en consecuencia.<\/li>\n<\/ol>","protected":false},"excerpt":{"rendered":"<p>\u201cMedios conectados\u201d se refiere a la integraci\u00f3n de varios canales y dispositivos digitales para ofrecer una experiencia fluida\u2026 <a title=\"Medios conectados\" class=\"read-more\" href=\"https:\/\/vibetrace.com\/es\/medios-conectados\/\" aria-label=\"Leer m\u00e1s sobre Medios conectados\"> <\/a><\/p>","protected":false},"author":9,"featured_media":0,"parent":0,"menu_order":0,"comment_status":"closed","ping_status":"closed","template":"","meta":{"inline_featured_image":false,"footnotes":""},"class_list":["post-25843","page","type-page","status-publish"],"_links":{"self":[{"href":"https:\/\/vibetrace.com\/es\/wp-json\/wp\/v2\/pages\/25843","targetHints":{"allow":["GET"]}}],"collection":[{"href":"https:\/\/vibetrace.com\/es\/wp-json\/wp\/v2\/pages"}],"about":[{"href":"https:\/\/vibetrace.com\/es\/wp-json\/wp\/v2\/types\/page"}],"author":[{"embeddable":true,"href":"https:\/\/vibetrace.com\/es\/wp-json\/wp\/v2\/users\/9"}],"replies":[{"embeddable":true,"href":"https:\/\/vibetrace.com\/es\/wp-json\/wp\/v2\/comments?post=25843"}],"version-history":[{"count":3,"href":"https:\/\/vibetrace.com\/es\/wp-json\/wp\/v2\/pages\/25843\/revisions"}],"predecessor-version":[{"id":25847,"href":"https:\/\/vibetrace.com\/es\/wp-json\/wp\/v2\/pages\/25843\/revisions\/25847"}],"wp:attachment":[{"href":"https:\/\/vibetrace.com\/es\/wp-json\/wp\/v2\/media?parent=25843"}],"curies":[{"name":"wp","href":"https:\/\/api.w.org\/{rel}","templated":true}]}}