{"id":25402,"date":"2024-02-21T09:20:10","date_gmt":"2024-02-21T09:20:10","guid":{"rendered":"https:\/\/vibetrace.com\/?page_id=25402"},"modified":"2024-02-21T10:14:33","modified_gmt":"2024-02-21T10:14:33","slug":"marketing-automation-roi-calculator","status":"publish","type":"page","link":"https:\/\/vibetrace.com\/es\/calculadora-de-roi-de-automatizacion-de-marketing\/","title":{"rendered":"Calculadora de retorno de la inversi\u00f3n"},"content":{"rendered":"<p>Ingresa tus n\u00fameros a continuaci\u00f3n y descubre cu\u00e1nto dinero est\u00e1s dejando en la mesa sin Vibetrace<\/p>\n\n\n\n<style>\n.roi-pricing p.has-medium-font-size {margin-bottom:4px; margin-top:12px}\n.roi-pricing p.has-medium-font-size {margin-bottom:4px; margin-top:12px}\n<\/style>\n\n\n<div class=\"gb-container gb-container-ae3b4f52 roi-pricing\">\n<div class=\"gb-grid-wrapper gb-grid-wrapper-4307aaaf\">\n<div class=\"gb-grid-column gb-grid-column-8af595c2\"><div class=\"gb-container gb-container-8af595c2\">\n\n<p class=\"has-medium-font-size\" style=\"letter-spacing:0px\">N\u00famero de visitantes mensuales<\/p>\n\n\n\n<input type=\"number\" min=\"0\" value=\"200000\" id=\"input_calc1\" class=\"input\" required=\"\">\n\n\n\n<p class=\"has-medium-font-size\">N\u00famero de pedidos por mes<\/p>\n\n\n\n<input type=\"number\" min=\"0\" value=\"1400\" id=\"input_calc2\" class=\"input\" required=\"\">\n\n\n\n<p class=\"has-medium-font-size\">Valor promedio de pedido<\/p>\n\n\n\n<input type=\"number\" min=\"0\" value=\"220\" id=\"input_calc3\" class=\"input\" required=\"\">\n\n\n\n<p class=\"has-medium-font-size\">Tasa de prospecto a cliente<\/p>\n\n\n\n<p class=\"has-small-font-size\">Si no tiene datos, por favor d\u00e9jelo en blanco. <\/p>\n\n\n\n<input type=\"number\" min=\"0\" max=\"100\" step=\"0.1\" value=\"0.5\" id=\"input_calc4\" class=\"input\" required=\"\">\n\n\n\n<p class=\"has-medium-font-size\">Tasa de retenci\u00f3n de clientes<\/p>\n\n\n\n<p class=\"has-small-font-size\">Si no tiene datos, por favor d\u00e9jelo en blanco.<\/p>\n\n\n\n<input type=\"number\" min=\"0\" max=\"100\" step=\"1\" value=\"40\" id=\"input_calc5\" class=\"input\" required=\"\">\n\n\n\n<div style=\"height:50px\" aria-hidden=\"true\" class=\"wp-block-spacer\"><\/div>\n\n\n\n<div class=\"wp-block-buttons is-horizontal is-layout-flex wp-block-buttons-is-layout-flex\">\n<div class=\"wp-block-button\"><a class=\"wp-block-button__link wp-element-button\" href=\"javascript:calculateResult()\">Calcular<\/a><\/div>\n<\/div>\n\n<\/div><\/div>\n\n<div class=\"gb-grid-column gb-grid-column-e762286a\"><div class=\"gb-container gb-container-e762286a\">\n\n<p class=\"has-text-align-left has-medium-font-size\">Tasa de conversi\u00f3n potencial con Vibetrace<\/p>\n\n\n\n<p class=\"gb-headline gb-headline-text\" id=\"result_html1\">1 <\/p>\n\n\n\n<p class=\"has-text-align-left has-medium-font-size\">Posibles ventas adicionales<\/p>\n\n\n\n<p class=\"gb-headline gb-headline-text\" id=\"result_html2\">1 <\/p>\n\n\n\n<p class=\"has-text-align-left has-medium-font-size\">AOV potencial con Vibetrace<\/p>\n\n\n\n<p class=\"gb-headline gb-headline-text\" id=\"result_html3\">1<\/p>\n\n\n\n<p class=\"has-text-align-left has-medium-font-size\">Potencial resultado en la tarifa del cliente<\/p>\n\n\n\n<p class=\"has-text-align-left has-small-font-size\">Una buena tasa de clientes potenciales es de al menos 1% (el promedio es 2,5%)<\/p>\n\n\n\n<p class=\"gb-headline gb-headline-text\" id=\"result_html5\">1<\/p>\n\n\n\n<p class=\"has-text-align-left has-medium-font-size\">Tasa de retenci\u00f3n de clientes potenciales<\/p>\n\n\n\n<p class=\"has-text-align-left has-small-font-size\">Una buena tasa de retenci\u00f3n de clientes es de al menos 50%. (El promedio es 60%)<\/p>\n\n\n\n<p class=\"gb-headline gb-headline-text\" id=\"result_html6\">1<\/p>\n\n\n\n<p class=\"has-text-align-left has-medium-font-size\">Costo estimado de suscripci\u00f3n mensual<\/p>\n\n\n\n<p class=\"gb-headline gb-headline-text\" id=\"result_html7\">1<\/p>\n\n\n\n<p class=\"has-text-align-left has-medium-font-size\">Retorno de la inversi\u00f3n estimado<\/p>\n\n\n\n<p class=\"gb-headline gb-headline-text\" id=\"result_html8\">1<\/p>\n\n\n\n<script>\n      function calculateResult() {\nvar calc1 = document.getElementById('input_calc1').value;\nvar calc2 = document.getElementById('input_calc2').value;\nvar calc3 = document.getElementById('input_calc3').value;\nvar calc4 = document.getElementById('input_calc4').value;\nvar calc5 = document.getElementById('input_calc5').value;\n        \nvar result1=((calc2 \/ calc1) * 100);\nresult1 = result1*1.08;\n\/\/conversio rate\ndocument.getElementById('result_html1').innerHTML = result1.toFixed(2) + '%';\n\n\/\/aov\nvar result3=(calc3 * 1.14);\ndocument.getElementById('result_html3').innerHTML = result3.toFixed(2) + '';\n\/\/ additional sales\nresult2 = calc2*1.08 - calc2;\ndocument.getElementById('result_html2').innerHTML = result2 + '  = [$' + result3 * result2  + \"]\";\n\/\/lead to customer\nvar result5 = 2.5;\nif (calc4 > 2 && calc4<4) {\nresult5 = calc4*1.2\n}\nif (calc4 <= 2.5) {\nresult5 = calc4*1.4\n}\nif (calc4 > 4) {\nresult5 = calc4*1.06\n}\nif (result5<1) {result5 = 1}\ndocument.getElementById('result_html5').innerHTML = result5.toFixed(2) + '%';\nvar result6 = 55;\nif (calc5 > 50 && calc5<65) {\nresult6 = calc5*1.15\n}\nif (calc5 <= 50) {\nresult6 = calc5*1.3\n}\nif (calc4 > 70) {\nresult6 = calc5*1.08\n}\ndocument.getElementById('result_html6').innerHTML = result6.toFixed(2) + '%';\n\/\/costs\nresult7 = (calc1\/1000 * 6 + 15)\ndocument.getElementById('result_html7').innerHTML = \"$\" \n+ result7.toFixed(2) + '';\n\/\/ ROI\nvar result8 = (result3 * result2 ) - result7;\ndocument.getElementById('result_html8').innerHTML = \"$\" \n+ result8.toFixed(2) + '';\n\n      }\n    <\/script>\n\n<\/div><\/div>\n<\/div>\n\n\n<p><\/p>\n\n\n\n<p class=\"has-text-align-center has-medium-font-size\"> Retorno de la inversi\u00f3n Resultados<\/p>\n\n\n\n<p>La siguiente tabla es una estimaci\u00f3n de los retornos que obtendr\u00e1 con Vibetrace. Vale la pena mencionar que esta es una estimaci\u00f3n de alto nivel y podr\u00eda verse afectada por sus necesidades comerciales espec\u00edficas y su situaci\u00f3n actual.<\/p>\n\n\n\n<p><\/p>\n\n<\/div>\n\n\n<div style=\"height:100px\" aria-hidden=\"true\" class=\"wp-block-spacer\"><\/div>\n\n\n\n<p><\/p>\n\n\n\n<h2 class=\"wp-block-heading\">Calculadora de ROI de automatizaci\u00f3n de marketing<\/h2>\n\n\n\n<p>El objetivo de nuestra Calculadora de ROI de automatizaci\u00f3n de marketing es ayudar a tomar decisiones informadas sobre la inversi\u00f3n en tecnolog\u00eda de automatizaci\u00f3n de marketing cuantificando su impacto financiero. <\/p>\n\n\n\n<p>Sin embargo, es importante recordar que el verdadero valor de la automatizaci\u00f3n del marketing tambi\u00e9n puede incluir beneficios intangibles, como una mejor experiencia del cliente y percepci\u00f3n de la marca, que podr\u00edan no reflejarse directamente en un c\u00e1lculo del ROI.<\/p>\n\n\n<div id=\"rank-math-faq\" class=\"rank-math-block\">\n<div class=\"rank-math-list\">\n<div id=\"faq-question-1708503817003\" class=\"rank-math-list-item\">\n<h3 class=\"rank-math-question\">\u00bfQu\u00e9 costes debo considerar para evaluar Vibetrace?<\/h3>\n<div class=\"rank-math-answer\">\n\n<p>Costos de insumos<br \/><strong>Costos de software:<\/strong> Las tarifas de suscripci\u00f3n mensual o anual a la plataforma de automatizaci\u00f3n de marketing.<br \/><strong>Costos de implementaci\u00f3n:<\/strong> Costos \u00fanicos asociados con la configuraci\u00f3n del sistema de automatizaci\u00f3n de marketing, que podr\u00edan incluir personalizaci\u00f3n, integraci\u00f3n y capacitaci\u00f3n del personal del software.<br \/><strong>Costos operativos:<\/strong> Costos continuos, como personal adicional o consultores necesarios para gestionar los procesos de automatizaci\u00f3n de marketing.<\/p>\n\n<\/div>\n<\/div>\n<div id=\"faq-question-1708503839701\" class=\"rank-math-list-item\">\n<h3 class=\"rank-math-question\">\u00bfQu\u00e9 aumento de ingresos debo considerar?<\/h3>\n<div class=\"rank-math-answer\">\n\n<p>Se pueden determinar m\u00e1s ingresos mediante el aumento de ingresos o el ahorro de costos.<\/p>\n<p><strong>Mayor generaci\u00f3n de leads:<\/strong> Calcule el aumento de clientes potenciales debido a campa\u00f1as de marketing m\u00e1s efectivas.<br \/><strong>Tasas de conversi\u00f3n mejoradas:<\/strong> El aumento de las tasas de conversi\u00f3n como resultado de una interacci\u00f3n m\u00e1s personalizada y oportuna con los clientes potenciales.<br \/><strong>Ganancias de eficiencia:<\/strong> Ahorro de costos gracias a la reducci\u00f3n de tareas manuales y procesos de marketing m\u00e1s eficientes.<br \/><strong>Retenci\u00f3n de clientes:<\/strong> El impacto financiero de una mejor retenci\u00f3n y lealtad de los clientes impulsada por una participaci\u00f3n personalizada del cliente.<\/p>\n\n<\/div>\n<\/div>\n<div id=\"faq-question-1708503897183\" class=\"rank-math-list-item\">\n<h3 class=\"rank-math-question\">\u00bfQu\u00e9 es la f\u00f3rmula de retorno de la inversi\u00f3n?<\/h3>\n<div class=\"rank-math-answer\">\n\n<p>El ROI se calcula comparando las ganancias financieras con los costos. Una f\u00f3rmula b\u00e1sica para el retorno de la inversi\u00f3n es:<br \/>ROI = ((Ganancias totales - Costos totales) \/ Costos totales) \u00d7 100<\/p>\n\n<\/div>\n<\/div>\n<div id=\"faq-question-1708503989234\" class=\"rank-math-list-item\">\n<h3 class=\"rank-math-question\">Otras Consideraciones<\/h3>\n<div class=\"rank-math-answer\">\n\n<p><strong>Periodo de tiempo:<\/strong> La calculadora puede permitir especificar un per\u00edodo de tiempo durante el cual medir el ROI, como un a\u00f1o, para tener en cuenta el hecho de que los beneficios de la automatizaci\u00f3n del marketing se acumulan con el tiempo.<br \/><strong>M\u00e9tricas personalizadas:<\/strong> Algunas calculadoras permiten agregar m\u00e9tricas personalizadas relevantes para su negocio o industria espec\u00edfica, ofreciendo una estimaci\u00f3n del ROI m\u00e1s personalizada.<br \/><strong>Precisi\u00f3n de las entradas:<\/strong> La confiabilidad del c\u00e1lculo del ROI depende en gran medida de la precisi\u00f3n de los datos de entrada. Las estimaciones deben ser lo m\u00e1s realistas posible.<br \/><strong>Evaluaci\u00f3n comparativa:<\/strong> Puede resultar \u00fatil comparar el ROI calculado con puntos de referencia de la industria o m\u00e9tricas de rendimiento anteriores para evaluar la eficacia de su inversi\u00f3n en automatizaci\u00f3n de marketing.<\/p>\n\n<\/div>\n<\/div>\n<div id=\"faq-question-1708506492488\" class=\"rank-math-list-item\">\n<h3 class=\"rank-math-question\">\u00bfD\u00f3nde puedo encontrar m\u00e1s informaci\u00f3n sobre las m\u00e9tricas mencionadas?<\/h3>\n<div class=\"rank-math-answer\">\n\n<p>Si desea obtener m\u00e1s informaci\u00f3n sobre c\u00f3mo calcular sus m\u00e9tricas, puede leer nuestras p\u00e1ginas dedicadas:<br \/><a href=\"https:\/\/vibetrace.com\/es\/ratio-de-clientes-potenciales\/\">Proporci\u00f3n de cliente potencial<\/a> <\/p>\n\n<\/div>\n<\/div>\n<\/div>\n<\/div>","protected":false},"excerpt":{"rendered":"<p>Ingresa tus n\u00fameros a continuaci\u00f3n y descubre cu\u00e1nto dinero est\u00e1s dejando en la mesa sin... <a title=\"Calculadora de retorno de la inversi\u00f3n\" class=\"read-more\" href=\"https:\/\/vibetrace.com\/es\/calculadora-de-roi-de-automatizacion-de-marketing\/\" aria-label=\"Leer m\u00e1s sobre Calculadora de ROI\"> <\/a><\/p>","protected":false},"author":9,"featured_media":0,"parent":0,"menu_order":0,"comment_status":"closed","ping_status":"closed","template":"","meta":{"inline_featured_image":false,"footnotes":""},"class_list":["post-25402","page","type-page","status-publish"],"_links":{"self":[{"href":"https:\/\/vibetrace.com\/es\/wp-json\/wp\/v2\/pages\/25402","targetHints":{"allow":["GET"]}}],"collection":[{"href":"https:\/\/vibetrace.com\/es\/wp-json\/wp\/v2\/pages"}],"about":[{"href":"https:\/\/vibetrace.com\/es\/wp-json\/wp\/v2\/types\/page"}],"author":[{"embeddable":true,"href":"https:\/\/vibetrace.com\/es\/wp-json\/wp\/v2\/users\/9"}],"replies":[{"embeddable":true,"href":"https:\/\/vibetrace.com\/es\/wp-json\/wp\/v2\/comments?post=25402"}],"version-history":[{"count":54,"href":"https:\/\/vibetrace.com\/es\/wp-json\/wp\/v2\/pages\/25402\/revisions"}],"predecessor-version":[{"id":25469,"href":"https:\/\/vibetrace.com\/es\/wp-json\/wp\/v2\/pages\/25402\/revisions\/25469"}],"wp:attachment":[{"href":"https:\/\/vibetrace.com\/es\/wp-json\/wp\/v2\/media?parent=25402"}],"curies":[{"name":"wp","href":"https:\/\/api.w.org\/{rel}","templated":true}]}}