{"id":20297,"date":"2023-03-18T06:39:23","date_gmt":"2023-03-18T06:39:23","guid":{"rendered":"https:\/\/vibetrace.com\/?page_id=20297"},"modified":"2023-03-22T13:48:29","modified_gmt":"2023-03-22T13:48:29","slug":"lp-white-label-agencies2","status":"publish","type":"page","link":"https:\/\/vibetrace.com\/es\/agencias-de-marca-blanca-lp2\/","title":{"rendered":"Soluci\u00f3n de marca blanca para agencias"},"content":{"rendered":"<p><img decoding=\"async\" src=\"https:\/\/vibetrace.com\/wp-content\/uploads\/2023\/02\/logo_vibetrace_white@3x-300x65.png\" title=\"\" alt=\"\" loading=\"lazy\"><\/p>\n<h2>\u00a1Su propia plataforma de marketing omnicanal de marca!<\/h2>\n<p>Marketing por correo electr\u00f3nico, SMS, publicidad paga, encuestas y an\u00e1lisis: \u00a1sincronice su marketing con una potente plataforma incluida en la lista blanca!<\/p>\n<h2>\u00a1Programe una demostraci\u00f3n en vivo hoy!<\/h2>\n<style>\n.lp-input-container input.wp-lp-input {width:100%}<br \/>.lp-input-container {margin:10px 0}<br \/><\/style>\n<form id=\"demo_list_form\" action=\"https:\/\/pages.vtcdn.net\/lists\/213\/2693\/7ZPO5yLnxNeP\/subscribe\" method=\"POST\" target=\"_blank\" data-trp-original-action=\"https:\/\/pages.vtcdn.net\/lists\/213\/2693\/7ZPO5yLnxNeP\/subscribe\">\n<input name=\"name\" required=\"\" type=\"text\" placeholder=\"Su nombre *\"><br \/>\n<input name=\"email\" required=\"\" type=\"text\" placeholder=\"Su direcci\u00f3n de correo electr\u00f3nico *\"><br \/>\n<input name=\"tel\" type=\"text\" placeholder=\"N\u00famero de tel\u00e9fono\"><br \/>\n<input name=\"source\" type=\"hidden\" value=\"lp_agency\"><br \/>\n<input style=\"display: none;\" name=\"__em\" type=\"text\" value=\"\"><br \/>\n<input style=\"display: none;\" name=\"__name\" type=\"text\" value=\"\"><br \/>\n<button>V\u00e9alo en acci\u00f3n<\/button><br \/>\n<input type=\"hidden\" name=\"trp-form-language\" value=\"es\"\/><\/form>\n<p>* \u00a1D\u00e9janos tus datos y nos pondremos en contacto contigo lo antes posible!<\/p>\n<h2>Con la confianza de m\u00e1s de 100 marcas<\/h2>\n<p>&quot;Hemos pasado de Klaviyo a Vibetrace y hemos obtenido mejores resultados con un enfoque de marketing integrado&quot;<br \/>\n<img decoding=\"async\" width=\"608\" height=\"612\" src=\"https:\/\/vibetrace.com\/wp-content\/uploads\/2023\/03\/Screenshot-2023-03-18-at-10.24.03-AM.png\" alt=\"\" loading=\"lazy\"><br \/>\nAlina, consigue MARA<br \/>\nOperaciones<br \/>\n<i>\ue934<\/i><i>\ue934<\/i><i>\ue934<\/i><i>\ue934<\/i><i>\ue934<\/i> 5\/5<br \/>\n\u201cHemos pasado de Klaviyo a Vibetrace y tenemos mejores resultados con un enfoque de marketing integrado\u201d. Nuestros clientes nos valoran mucho m\u00e1s y no perdimos ning\u00fan otro cliente porque \u201clo conseguir\u00e1n m\u00e1s barato\u201d con un profesional independiente.<br \/>\nAdem\u00e1s, los servicios de marca blanca nos ayudaron a obtener ingresos adicionales el segundo d\u00eda&quot;.<br \/>\n<img decoding=\"async\" src=\"https:\/\/vibetrace.com\/wp-content\/uploads\/2023\/02\/image-69.png\" title=\"\" alt=\"\" loading=\"lazy\"><br \/>\nMike, VebaMarketing<br \/>\nFundador<br \/>\n<i>\ue934<\/i><i>\ue934<\/i><i>\ue934<\/i><i>\ue934<\/i><i>\ue934<\/i> 5\/5<\/p>\n<h2>Convi\u00e9rtete en irremplazable.<br \/>\nCon su propia soluci\u00f3n de marca.<\/h2>\n<p>\u00bfDemasiadas herramientas que te hacen la vida m\u00e1s dif\u00edcil? Utilice Vibetrace como su soluci\u00f3n de marketing integral.<\/p>\n<p><img decoding=\"async\" width=\"1024\" height=\"1024\" src=\"https:\/\/vibetrace.com\/wp-content\/uploads\/2022\/05\/Whitelabel-for-Agencies-Hero-2.svg\" alt=\"Alternativa a Klaviyo\" loading=\"lazy\"><\/p>\n<h2>Utilice Vibetrace como su soluci\u00f3n de marketing integral.<\/h2>\n<ul>\n<li>\n\t\t\t\t\t\t\t\t\t\tDestaca en un oc\u00e9ano de agencias &quot;yo tambi\u00e9n&quot;.<\/li>\n<li>\n\t\t\t\t\t\t\t\t\t\tLos clientes permanecen contigo m\u00e1s tiempo porque aman tu plataforma.<\/li>\n<li>\n\t\t\t\t\t\t\t\t\t\tUn LTV alto le permite brindar un servicio de primer nivel.<\/li>\n<\/ul>\n<p><a href=\"#\" role=\"button\"><br \/>\nV\u00e9alo en acci\u00f3n<br \/>\n<\/a><\/p>\n<h2>Marketing omnicanal, simplificado<\/h2>\n<h3>\n\t\t\t\t\t\tFlujos de automatizaci\u00f3n y marketing por correo electr\u00f3nico<\/h3>\n<p>Flujos de bienvenida, secuencias de crianza, flujos de carrito de abandono de ventas y m\u00e1s. Configure activadores personalizados para aumentar el ROI de la campa\u00f1a.<\/p>\n<h3>\n\t\t\t\t\t\tSMS y env\u00edo web<\/h3>\n<p>Involucra a tus clientes y dirige su atenci\u00f3n<br \/>\nen retorno de la inversi\u00f3n.<\/p>\n<h3>\n\t\t\t\t\t\tPersonalizaci\u00f3n avanzada<\/h3>\n<p>\u00a1Usa el poder de la IA para tocar la fibra sensible!<br \/>\nRecomendar productos seg\u00fan el comportamiento del usuario.<\/p>\n<h3>\n\t\t\t\t\t\tVentanas emergentes de sitios web<\/h3>\n<p>Cada visitante cuenta. Utilice ventanas emergentes para promocionar ofertas interesantes<br \/>\ny convertir a los visitantes en clientes potenciales o clientes.<\/p>\n<h3>\n\t\t\t\t\t\tEncuestas y Encuestas<\/h3>\n<p>Escuche los comentarios de sus clientes con encuestas y sondeos.<br \/>\nAumente su ROI con datos de alta calidad.<\/p>\n<h3>\n\t\t\t\t\t\tPublicidad en Facebook<\/h3>\n<p>Lleve sus campa\u00f1as a la luna con publicidad paga. Aproveche la potente segmentaci\u00f3n<br \/>\npara involucrar a prospectos inconscientes.<\/p>\n<h3>\n\t\t\t\t\t\tInformes en tiempo real<\/h3>\n<p>Los informes integrados facilitan el seguimiento<br \/>\ny analizar el rendimiento de la campa\u00f1a.<\/p>\n<h3>\n\t\t\t\t\t\tMarca<\/h3>\n<p>Agregue URL de marca y marcas personalizadas a<br \/>\nsus comunicaciones de marketing.<\/p>\n<h2>Integraci\u00f3n de datos perfecta<\/h2>\n<p>\u00a1Diga adi\u00f3s a los torpes paneles de control!<\/p>\n<p>Ya sean datos de productos, usuarios, pedidos o comportamiento, gu\u00e1rdelos todos en una \u00fanica base de datos y con\u00e9ctelos a sus campa\u00f1as en segundos.<\/p>\n<p><img decoding=\"async\" width=\"934\" height=\"416\" src=\"https:\/\/vibetrace.com\/wp-content\/uploads\/2023\/03\/Imagereporting-tool-white-label-automation.png\" alt=\"\" loading=\"lazy\" srcset=\"https:\/\/vibetrace.com\/wp-content\/uploads\/2023\/03\/Imagereporting-tool-white-label-automation.png 934w, https:\/\/vibetrace.com\/wp-content\/uploads\/2023\/03\/Imagereporting-tool-white-label-automation-300x134.png 300w, https:\/\/vibetrace.com\/wp-content\/uploads\/2023\/03\/Imagereporting-tool-white-label-automation-768x342.png 768w, https:\/\/vibetrace.com\/wp-content\/uploads\/2023\/03\/Imagereporting-tool-white-label-automation-18x8.png 18w\" sizes=\"auto, (max-width: 934px) 100vw, 934px\"><\/p>\n<h2>\u00bfListo para obtener su ventaja competitiva?<\/h2>\n<p>Vea Vibetrace en acci\u00f3n. Descubra c\u00f3mo puede llevar las campa\u00f1as de sus clientes al siguiente nivel.<\/p>\n<p><a href=\"#\" role=\"button\"><br \/>\nV\u00e9alo en acci\u00f3n<br \/>\n<\/a><\/p>\n<p>2023 \u2013 Vibetrace \u2013 Z\u00farich Suiza<\/p>\n<p>Nuestra soluci\u00f3n White Label actualmente impulsa a muchos de los 500 principales minoristas en l\u00ednea y sitios web de comercio electr\u00f3nico. Vibetrace es una empresa de productos enfocada a agencias y grandes clientes.<\/p>","protected":false},"excerpt":{"rendered":"<p>\u00a1Su propia plataforma de marketing omnicanal de marca! Marketing por correo electr\u00f3nico, SMS, publicidad paga, encuestas y an\u00e1lisis \u2013\u2026 <a title=\"Soluci\u00f3n de marca blanca para agencias\" class=\"read-more\" href=\"https:\/\/vibetrace.com\/es\/agencias-de-marca-blanca-lp2\/\" aria-label=\"Leer m\u00e1s sobre Soluci\u00f3n Marca Blanca para Agencias\"> <\/a><\/p>","protected":false},"author":9,"featured_media":0,"parent":0,"menu_order":0,"comment_status":"closed","ping_status":"closed","template":"","meta":{"inline_featured_image":false,"footnotes":""},"class_list":["post-20297","page","type-page","status-publish"],"_links":{"self":[{"href":"https:\/\/vibetrace.com\/es\/wp-json\/wp\/v2\/pages\/20297","targetHints":{"allow":["GET"]}}],"collection":[{"href":"https:\/\/vibetrace.com\/es\/wp-json\/wp\/v2\/pages"}],"about":[{"href":"https:\/\/vibetrace.com\/es\/wp-json\/wp\/v2\/types\/page"}],"author":[{"embeddable":true,"href":"https:\/\/vibetrace.com\/es\/wp-json\/wp\/v2\/users\/9"}],"replies":[{"embeddable":true,"href":"https:\/\/vibetrace.com\/es\/wp-json\/wp\/v2\/comments?post=20297"}],"version-history":[{"count":0,"href":"https:\/\/vibetrace.com\/es\/wp-json\/wp\/v2\/pages\/20297\/revisions"}],"wp:attachment":[{"href":"https:\/\/vibetrace.com\/es\/wp-json\/wp\/v2\/media?parent=20297"}],"curies":[{"name":"wp","href":"https:\/\/api.w.org\/{rel}","templated":true}]}}