{"id":19301,"date":"2023-02-20T18:22:27","date_gmt":"2023-02-20T18:22:27","guid":{"rendered":"https:\/\/vibetrace.com\/?page_id=19301"},"modified":"2023-03-22T13:50:29","modified_gmt":"2023-03-22T13:50:29","slug":"lp-white-label-agencies","status":"publish","type":"page","link":"https:\/\/vibetrace.com\/es\/agencias-de-marca-blanca-lp\/","title":{"rendered":"Agencias de marca blanca LP"},"content":{"rendered":"<div class=\"gb-container gb-container-dbaba807\"><div class=\"gb-inside-container\">\n<div class=\"gb-container gb-container-aca22789\"><div class=\"gb-inside-container\">\n<div class=\"gb-grid-wrapper gb-grid-wrapper-3fbb2bd4\">\n<div class=\"gb-grid-column gb-grid-column-eb5d4634\"><div class=\"gb-container gb-container-eb5d4634\"><div class=\"gb-inside-container\">\n\n<figure class=\"wp-block-image size-large is-resized\"><a href=\"https:\/\/vibetrace.com\/es\/\"><img loading=\"lazy\" decoding=\"async\" src=\"https:\/\/vibetrace.com\/wp-content\/uploads\/2023\/02\/logo_vibetrace_white@3x-1024x221.png\" alt=\"\" class=\"wp-image-19377\" width=\"228\" height=\"49\" srcset=\"https:\/\/vibetrace.com\/wp-content\/uploads\/2023\/02\/logo_vibetrace_white@3x-1024x221.png 1024w, https:\/\/vibetrace.com\/wp-content\/uploads\/2023\/02\/logo_vibetrace_white@3x-300x65.png 300w, https:\/\/vibetrace.com\/wp-content\/uploads\/2023\/02\/logo_vibetrace_white@3x-768x166.png 768w, https:\/\/vibetrace.com\/wp-content\/uploads\/2023\/02\/logo_vibetrace_white@3x-1536x332.png 1536w, https:\/\/vibetrace.com\/wp-content\/uploads\/2023\/02\/logo_vibetrace_white@3x-2048x442.png 2048w, https:\/\/vibetrace.com\/wp-content\/uploads\/2023\/02\/logo_vibetrace_white@3x-18x4.png 18w\" sizes=\"auto, (max-width: 228px) 100vw, 228px\" \/><\/a><\/figure>\n\n<\/div><\/div><\/div>\n\n<div class=\"gb-grid-column gb-grid-column-e40872a1\"><div class=\"gb-container gb-container-e40872a1\"><div class=\"gb-inside-container\"><\/div><\/div><\/div>\n<\/div>\n<\/div><\/div>\n\n<div class=\"gb-container gb-container-e28b46d5\"><div class=\"gb-inside-container\">\n<div class=\"gb-grid-wrapper gb-grid-wrapper-e86a6f43\">\n<div class=\"gb-grid-column gb-grid-column-e51f5970\"><div class=\"gb-container gb-container-e51f5970\"><div class=\"gb-inside-container\">\n\n<h2 class=\"gb-headline gb-headline-e5abb250 gb-headline-text\">Aumente los ingresos reteniendo a sus clientes por m\u00e1s tiempo<\/h2>\n\n\n\n<p class=\"has-base-3-color has-text-color\">ten el tuyo propio <strong>software completo de automatizaci\u00f3n de marketing de marca blanca<\/strong> para los clientes de su agencia.<\/p>\n\n\n\n<p class=\"has-base-3-color has-text-color\">Retenga a m\u00e1s clientes y enganchelos para aumentar la retenci\u00f3n y el valor de por vida.<\/p>\n\n<\/div><\/div><\/div>\n\n<div class=\"gb-grid-column gb-grid-column-988b9c58\"><div class=\"gb-container gb-container-988b9c58\"><div class=\"gb-inside-container\">\n\n<figure class=\"wp-block-image size-full\"><img loading=\"lazy\" decoding=\"async\" width=\"984\" height=\"566\" src=\"https:\/\/vibetrace.com\/wp-content\/uploads\/2023\/02\/white-label-customer-database-marketing-platform-2.png\" alt=\"\" class=\"wp-image-19426\" srcset=\"https:\/\/vibetrace.com\/wp-content\/uploads\/2023\/02\/white-label-customer-database-marketing-platform-2.png 984w, https:\/\/vibetrace.com\/wp-content\/uploads\/2023\/02\/white-label-customer-database-marketing-platform-2-300x173.png 300w, https:\/\/vibetrace.com\/wp-content\/uploads\/2023\/02\/white-label-customer-database-marketing-platform-2-768x442.png 768w, https:\/\/vibetrace.com\/wp-content\/uploads\/2023\/02\/white-label-customer-database-marketing-platform-2-18x10.png 18w\" sizes=\"auto, (max-width: 984px) 100vw, 984px\" \/><\/figure>\n\n<\/div><\/div><\/div>\n<\/div>\n<\/div><\/div>\n<\/div><\/div>\n\n<div class=\"gb-container gb-container-20d46cfa\"><div class=\"gb-inside-container\">\n\n<h2 class=\"gb-headline gb-headline-7f21273f gb-headline-text\">Aumentar y retener ingresos sin dejar de ser relevante<\/h2>\n\n\n\n<script>window.vt_stopcampaigns=true;<\/script>\n\n\n\n<p><\/p>\n\n\n<div class=\"gb-grid-wrapper gb-grid-wrapper-0f10da0d\">\n<div class=\"gb-grid-column gb-grid-column-f7960c80\"><div class=\"gb-container gb-container-f7960c80\"><div class=\"gb-inside-container\">\n\n<h3 class=\"wp-block-heading\">Lo que obtendr\u00e1s:<\/h3>\n\n\n\n<ol class=\"wp-block-list\">\n<li>Tu propio <strong>Plataforma de automatizaci\u00f3n de marketing<\/strong><\/li>\n\n\n\n<li>No m\u00e1s cambiar y aprender m\u00faltiples soluciones de software<\/li>\n\n\n\n<li><strong>Menos trabajo<\/strong> integrando datos y soluciones t\u00e9cnicas.<\/li>\n\n\n\n<li>Ser <strong>mas competitivo<\/strong> con las \u00faltimas tendencias y tecnolog\u00eda<\/li>\n<\/ol>\n\n\n\n<p>Caracter\u00edsticas incluidas:<\/p>\n\n\n\n<ul class=\"wp-block-list\">\n<li>Correo de propaganda<\/li>\n\n\n\n<li>SMS y env\u00edo web<\/li>\n\n\n\n<li>Flujos de trabajo de automatizaci\u00f3n<\/li>\n\n\n\n<li>Recomendaciones de productos<\/li>\n\n\n\n<li>Ventanas emergentes de sitios web, contenido din\u00e1mico<\/li>\n\n\n\n<li>Encuestas, sondeos y formularios<\/li>\n\n\n\n<li>Publicidad en Facebook <\/li>\n<\/ul>\n\n\n\n<p>Adem\u00e1s de esto, tienes<strong> control total sobre precios, facturaci\u00f3n y pagos<\/strong>. A los clientes se les factura con precisi\u00f3n y autom\u00e1ticamente, para que usted pueda concentrarse en nuevos negocios.<\/p>\n\n\n\n<p>Solicite el uso de nuestra soluci\u00f3n y haga <strong>hasta 30% m\u00e1s de ganancias<\/strong>.<\/p>\n\n\n\n<p>F\u00e1cil integraci\u00f3n con: Shopify, Magento, Prestashop, Woocommerce, Opencart para tus clientes<\/p>\n\n<\/div><\/div><\/div>\n\n<div class=\"gb-grid-column gb-grid-column-fca872b4\"><div class=\"gb-container gb-container-fca872b4\"><div class=\"gb-inside-container\">\n\n<h3 class=\"gb-headline gb-headline-cb47f91b gb-headline-text\">\u00bfQuieres una demostraci\u00f3n?<\/h3>\n\n\n\n<p>\u00a1D\u00e9janos tus datos y nos pondremos en contacto contigo lo antes posible!<\/p>\n\n\n\n<style>\n.lp-input-container input.wp-lp-input {width:100%}\n.lp-input-container {margin:10px 0}\n<\/style>\n<form id=\"demo_list_form\" class=\"book-form\" action=\"https:\/\/pages.vtcdn.net\/lists\/213\/2693\/7ZPO5yLnxNeP\/subscribe\" method=\"POST\" target=\"_blank\" data-trp-original-action=\"https:\/\/pages.vtcdn.net\/lists\/213\/2693\/7ZPO5yLnxNeP\/subscribe\">\n<div class=\"lp-input-container\">\n<input class=\"wp-block-search__input wp-block-search__input wp-lp-input\" placeholder=\"Su nombre *\" name=\"name\" required=\"\">\n<\/div>\n<div class=\"lp-input-container\">\n<input class=\"wp-block-search__input wp-block-search__input wp-lp-input\" placeholder=\"Su direcci\u00f3n de correo electr\u00f3nico *\" name=\"email\" required=\"\">\n<\/div>\n<div class=\"lp-input-container\">\n<input class=\"wp-block-search__input wp-block-search__input wp-lp-input\" placeholder=\"N\u00famero de tel\u00e9fono\" name=\"tel\">\n<\/div>\n<input type=\"hidden\" value=\"lp_agency\" name=\"source\">\n<input type=\"text\" style=\"display:none\" name=\"__em\" value=\"\">\n<input type=\"text\" style=\"display:none\" name=\"__name\" value=\"\">\n<div class=\"lp-input-container\">\n<button class=\"\">Enviar informaci\u00f3n<\/button>\n<\/div>\n<input type=\"hidden\" name=\"trp-form-language\" value=\"es\"\/><\/form>\n\n<\/div><\/div><\/div>\n<\/div>\n<\/div><\/div>\n\n<div class=\"gb-container gb-container-8bfaa8b3\"><div class=\"gb-inside-container\">\n\n<p class=\"has-text-align-center has-large-font-size\">\u00bfQueda alguna pregunta?<\/p>\n\n\n\n<p class=\"has-text-align-center has-medium-font-size\">Estaremos encantados de hablar contigo por tel\u00e9fono:<\/p>\n\n\n\n<p class=\"has-text-align-center has-medium-font-size\"><a href=\"tel: 41764656765\">+41 764 65 67 65<\/a> (CH)<\/p>\n\n<\/div><\/div>\n\n<div class=\"gb-container gb-container-40117758\"><div class=\"gb-inside-container\">\n<div class=\"gb-container gb-container-11add892\"><div class=\"gb-inside-container\">\n<div class=\"gb-grid-wrapper gb-grid-wrapper-b8d9abbf\">\n<div class=\"gb-grid-column gb-grid-column-c84977b6\"><div class=\"gb-container gb-container-c84977b6\"><div class=\"gb-inside-container\">\n\n<p class=\"has-text-align-center has-large-font-size\">1<\/p>\n\n\n\n<p class=\"has-text-align-center\">Personalizaci\u00f3n completa, marca y URL<\/p>\n\n<\/div><\/div><\/div>\n\n<div class=\"gb-grid-column gb-grid-column-b31fd408\"><div class=\"gb-container gb-container-b31fd408\"><div class=\"gb-inside-container\">\n\n<p class=\"has-text-align-center has-large-font-size\">2 <\/p>\n\n\n\n<p class=\"has-text-align-center\">Integraciones r\u00e1pidas e incorporaci\u00f3n de clientes<\/p>\n\n<\/div><\/div><\/div>\n\n<div class=\"gb-grid-column gb-grid-column-16d1af56\"><div class=\"gb-container gb-container-16d1af56\"><div class=\"gb-inside-container\">\n\n<p class=\"has-text-align-center has-large-font-size\">3<\/p>\n\n\n\n<p class=\"has-text-align-center\">Servicios de marca blanca (marketing + desarrollo)<\/p>\n\n<\/div><\/div><\/div>\n\n<div class=\"gb-grid-column gb-grid-column-512e3db4\"><div class=\"gb-container gb-container-512e3db4\"><div class=\"gb-inside-container\">\n\n<p class=\"has-text-align-center has-large-font-size\">4<\/p>\n\n\n\n<p class=\"has-text-align-center\">Descuentos por volumen, precios personalizados y facturaci\u00f3n autom\u00e1tica<\/p>\n\n<\/div><\/div><\/div>\n<\/div>\n<\/div><\/div>\n<\/div><\/div>\n\n<div class=\"gb-container gb-container-c038a6c8\"><div class=\"gb-inside-container\">\n\n<h3 class=\"wp-block-heading\">Lo que dicen las agencias actuales.<\/h3>\n\n\n<div class=\"gb-grid-wrapper gb-grid-wrapper-478292e2\">\n<div class=\"gb-grid-column gb-grid-column-c309719d\"><div class=\"gb-container gb-container-c309719d\"><div class=\"gb-inside-container\">\n<div class=\"wp-block-image\">\n<figure class=\"alignleft size-large is-resized\"><img loading=\"lazy\" decoding=\"async\" src=\"https:\/\/vibetrace.com\/wp-content\/uploads\/2023\/02\/image-34-1024x1024.png\" alt=\"\" class=\"wp-image-19370\" width=\"131\" height=\"131\" srcset=\"https:\/\/vibetrace.com\/wp-content\/uploads\/2023\/02\/image-34.png 1024w, https:\/\/vibetrace.com\/wp-content\/uploads\/2023\/02\/image-34-300x300.png 300w, https:\/\/vibetrace.com\/wp-content\/uploads\/2023\/02\/image-34-150x150.png 150w, https:\/\/vibetrace.com\/wp-content\/uploads\/2023\/02\/image-34-768x768.png 768w, https:\/\/vibetrace.com\/wp-content\/uploads\/2023\/02\/image-34-12x12.png 12w\" sizes=\"auto, (max-width: 131px) 100vw, 131px\" \/><\/figure>\n<\/div>\n\n\n<p>Hemos pasado a Vibetrace de usar Klaviyo para nuestros clientes y tenemos mejores resultados con un enfoque de marketing integrado. <\/p>\n\n\n\n<p>\u00a1No es necesario incorporar diferentes herramientas y los usuarios ven todo como si fuera NUESTRO SOFTWARE!<\/p>\n\n\n\n<p>Alina, Operaciones @getMARA<\/p>\n\n\n\n<p><\/p>\n\n<\/div><\/div><\/div>\n\n<div class=\"gb-grid-column gb-grid-column-79a9b593\"><div class=\"gb-container gb-container-79a9b593\"><div class=\"gb-inside-container\">\n<div class=\"wp-block-image\">\n<figure class=\"alignleft size-large is-resized\"><img decoding=\"async\" src=\"https:\/\/vibetrace.com\/wp-content\/uploads\/2023\/02\/image-69-1024x1024.png\" alt=\"\" class=\"wp-image-19503\" width=\"131\" srcset=\"https:\/\/vibetrace.com\/wp-content\/uploads\/2023\/02\/image-69.png 1024w, https:\/\/vibetrace.com\/wp-content\/uploads\/2023\/02\/image-69-300x300.png 300w, https:\/\/vibetrace.com\/wp-content\/uploads\/2023\/02\/image-69-150x150.png 150w, https:\/\/vibetrace.com\/wp-content\/uploads\/2023\/02\/image-69-768x768.png 768w, https:\/\/vibetrace.com\/wp-content\/uploads\/2023\/02\/image-69-12x12.png 12w\" sizes=\"(max-width: 1024px) 100vw, 1024px\" \/><\/figure>\n<\/div>\n\n\n<p>Nuestros clientes nos valoran mucho m\u00e1s y no perdimos ning\u00fan otro cliente porque \u201clo conseguir\u00e1n m\u00e1s barato\u201d con un freelance. <\/p>\n\n\n\n<p>Adem\u00e1s, los servicios de marca blanca nos ayudaron a obtener ingresos adicionales el segundo d\u00eda.<\/p>\n\n\n\n<p>Mike, fundador de VebaMarketing<\/p>\n\n<\/div><\/div><\/div>\n<\/div>\n\n\n<p><\/p>\n\n\n\n<p>2023 \u2013 Vibetrace \u2013 Z\u00farich Suiza<\/p>\n\n\n\n<p>Nuestra soluci\u00f3n White Label actualmente impulsa a muchos de los 500 principales minoristas en l\u00ednea y sitios web de comercio electr\u00f3nico. Vibetrace es una empresa de productos enfocada a agencias y grandes clientes.<\/p>\n\n<\/div><\/div>","protected":false},"excerpt":{"rendered":"<p>Aumente y conserve sus ingresos sin perder relevancia. \u00bfTiene alguna pregunta? Con gusto le atenderemos. <a title=\"Agencias de marca blanca LP\" class=\"read-more\" href=\"https:\/\/vibetrace.com\/es\/agencias-de-marca-blanca-lp\/\" aria-label=\"Leer m\u00e1s sobre LP Agencias Marca Blanca\"> <\/a><\/p>","protected":false},"author":9,"featured_media":0,"parent":0,"menu_order":0,"comment_status":"closed","ping_status":"closed","template":"","meta":{"inline_featured_image":false,"footnotes":""},"class_list":["post-19301","page","type-page","status-publish"],"_links":{"self":[{"href":"https:\/\/vibetrace.com\/es\/wp-json\/wp\/v2\/pages\/19301","targetHints":{"allow":["GET"]}}],"collection":[{"href":"https:\/\/vibetrace.com\/es\/wp-json\/wp\/v2\/pages"}],"about":[{"href":"https:\/\/vibetrace.com\/es\/wp-json\/wp\/v2\/types\/page"}],"author":[{"embeddable":true,"href":"https:\/\/vibetrace.com\/es\/wp-json\/wp\/v2\/users\/9"}],"replies":[{"embeddable":true,"href":"https:\/\/vibetrace.com\/es\/wp-json\/wp\/v2\/comments?post=19301"}],"version-history":[{"count":0,"href":"https:\/\/vibetrace.com\/es\/wp-json\/wp\/v2\/pages\/19301\/revisions"}],"wp:attachment":[{"href":"https:\/\/vibetrace.com\/es\/wp-json\/wp\/v2\/media?parent=19301"}],"curies":[{"name":"wp","href":"https:\/\/api.w.org\/{rel}","templated":true}]}}