{"id":18406,"date":"2023-02-02T14:52:17","date_gmt":"2023-02-02T14:52:17","guid":{"rendered":"https:\/\/vibetrace.com\/?page_id=18406"},"modified":"2023-02-02T16:30:50","modified_gmt":"2023-02-02T16:30:50","slug":"email-subject-lines-generator","status":"publish","type":"page","link":"https:\/\/vibetrace.com\/es\/generador-de-lineas-de-asunto-de-correo-electronico\/","title":{"rendered":"Generador de l\u00edneas de asunto de correo electr\u00f3nico"},"content":{"rendered":"<h3 class=\"wp-block-heading\">Generemos y mejoremos l\u00edneas de asunto usando IA:<\/h3>\n\n\n\n<p>\u00bfEst\u00e1s cansado de buscar el asunto perfecto para tu correo electr\u00f3nico? Cree l\u00edneas de asunto \u00fanicas o eval\u00fae sus ideas con nuestro generador de l\u00edneas de asunto de correo electr\u00f3nico basado en la tecnolog\u00eda OpenAI y GPT:<\/p>\n\n\n\n<iframe src=\"https:\/\/subjectlines.vibetrace.com\/\" style=\"border:0px; width:100%; height:1000px\"><\/iframe>\n\n\n\n<p>Un buen generador de l\u00edneas de asunto de correo electr\u00f3nico deber\u00eda ser capaz de generar l\u00edneas de asunto creativas, atractivas y que llamen la atenci\u00f3n y que se adapten al contenido del correo electr\u00f3nico.<\/p>\n\n\n\n<p>Tambi\u00e9n deber\u00eda poder sugerir l\u00edneas de asunto basadas en las palabras clave utilizadas en el cuerpo del correo electr\u00f3nico. Nuestro generador de l\u00edneas de asunto de correo electr\u00f3nico deber\u00eda poder recomendar palabras, frases y signos de puntuaci\u00f3n espec\u00edficos que puedan usarse para hacer que la l\u00ednea de asunto sea m\u00e1s efectiva.<\/p>\n\n\n\n<p>Una buena l\u00ednea de asunto tiene de todos modos entre 10 y 50 caracteres. Genera uno utilizando Inteligencia Artificial proporcionada por Vibetrace Email Marketing junto con OpenAi y ChatGPT<\/p>\n\n\n\n<p>Las l\u00edneas de asunto del correo electr\u00f3nico son un tema importante dentro del marketing por correo electr\u00f3nico y hemos creado algunos art\u00edculos para&nbsp;<a href=\"https:\/\/vibetrace.com\/es\/tag\/email-subject-lines\/\" target=\"_blank\" rel=\"noreferrer noopener\">Vacaciones especiales<\/a>.<\/p>","protected":false},"excerpt":{"rendered":"<p>Generemos y mejoremos l\u00edneas de asunto usando IA: \u00bfEst\u00e1s cansado de buscar el asunto perfecto...? <a title=\"Generador de l\u00edneas de asunto de correo electr\u00f3nico\" class=\"read-more\" href=\"https:\/\/vibetrace.com\/es\/generador-de-lineas-de-asunto-de-correo-electronico\/\" aria-label=\"Leer m\u00e1s sobre Generador de l\u00edneas de asunto de correo electr\u00f3nico\"> <\/a><\/p>","protected":false},"author":9,"featured_media":18427,"parent":0,"menu_order":0,"comment_status":"closed","ping_status":"closed","template":"","meta":{"inline_featured_image":false,"footnotes":""},"class_list":["post-18406","page","type-page","status-publish","has-post-thumbnail"],"_links":{"self":[{"href":"https:\/\/vibetrace.com\/es\/wp-json\/wp\/v2\/pages\/18406","targetHints":{"allow":["GET"]}}],"collection":[{"href":"https:\/\/vibetrace.com\/es\/wp-json\/wp\/v2\/pages"}],"about":[{"href":"https:\/\/vibetrace.com\/es\/wp-json\/wp\/v2\/types\/page"}],"author":[{"embeddable":true,"href":"https:\/\/vibetrace.com\/es\/wp-json\/wp\/v2\/users\/9"}],"replies":[{"embeddable":true,"href":"https:\/\/vibetrace.com\/es\/wp-json\/wp\/v2\/comments?post=18406"}],"version-history":[{"count":0,"href":"https:\/\/vibetrace.com\/es\/wp-json\/wp\/v2\/pages\/18406\/revisions"}],"wp:featuredmedia":[{"embeddable":true,"href":"https:\/\/vibetrace.com\/es\/wp-json\/wp\/v2\/media\/18427"}],"wp:attachment":[{"href":"https:\/\/vibetrace.com\/es\/wp-json\/wp\/v2\/media?parent=18406"}],"curies":[{"name":"wp","href":"https:\/\/api.w.org\/{rel}","templated":true}]}}