{"id":168,"date":"2021-08-12T09:55:01","date_gmt":"2021-08-12T09:55:01","guid":{"rendered":"https:\/\/vibetrace.com\/blog\/?page_id=168"},"modified":"2023-06-14T08:15:55","modified_gmt":"2023-06-14T08:15:55","slug":"refund-policy","status":"publish","type":"page","link":"https:\/\/vibetrace.com\/es\/politica-de-reembolso\/","title":{"rendered":"Politica de reembolso"},"content":{"rendered":"<div class=\"gb-container gb-container-f62b97ef\"><div class=\"gb-inside-container\">\n\n<h3 class=\"gb-headline gb-headline-c663a4db gb-headline-text\">Politica de reembolso<\/h3>\n\n\n\n<p><strong>Suscripciones Mensuales:<\/strong>&nbsp;Tiene TREINTA (30) D\u00edas a partir de la fecha de la compra original para solicitar el reembolso de su suscripci\u00f3n mensual. Cualquier solicitud de reembolso despu\u00e9s del l\u00edmite de TREINTA (30) D\u00cdAS no ser\u00e1 procesada. Puede cancelar en cualquier momento despu\u00e9s de que hayan pasado los TREINTA (30) D\u00edas iniciales.<\/p>\n\n\n\n<p><strong>Suscripciones anuales:<\/strong>&nbsp;Para las compras de suscripciones anuales, tiene TREINTA (30) d\u00edas a partir de la fecha de la compra original para solicitar un reembolso por su suscripci\u00f3n anual. Cualquier solicitud de reembolso despu\u00e9s de 30 d\u00edas ser\u00e1 prorrateada por la cantidad de tiempo restante del per\u00edodo de suscripci\u00f3n anual original. Ejemplo: si compra una suscripci\u00f3n anual en enero de este a\u00f1o y decide que desea un reembolso 6 meses despu\u00e9s de la fecha de compra, su reembolso prorrateado ser\u00eda 50% del precio de compra. Una vez que se recibe una devoluci\u00f3n o se env\u00eda una solicitud de reembolso v\u00e1lida, el proceso de reembolso no demorar\u00e1 m\u00e1s de 30 d\u00edas. Todos los reembolsos se devolver\u00e1n a la tarjeta de cr\u00e9dito original o se enviar\u00e1n por correo en forma de cheque al nombre y la direcci\u00f3n de facturaci\u00f3n. Los pedidos internacionales se reembolsar\u00e1n a la tarjeta de cr\u00e9dito original y los pedidos de PayPal se reembolsar\u00e1n a la cuenta de PayPal.<\/p>\n\n\n\n<p><\/p>\n\n\n\n<p>Del monto total a reembolsar deduciremos los recursos utilizados que deben pagarse a nuestros contratistas: cr\u00e9ditos de SMS, uso de correo electr\u00f3nico, costos de publicidad.<\/p>\n\n<\/div><\/div>","protected":false},"excerpt":{"rendered":"<p>Pol\u00edtica de reembolso Suscripciones mensuales: Tienes TREINTA (30) D\u00edas a partir de la fecha de la compra original\u2026 <a title=\"Politica de reembolso\" class=\"read-more\" href=\"https:\/\/vibetrace.com\/es\/politica-de-reembolso\/\" aria-label=\"Leer m\u00e1s sobre Pol\u00edtica de reembolso\"> <\/a><\/p>","protected":false},"author":9,"featured_media":0,"parent":0,"menu_order":0,"comment_status":"closed","ping_status":"closed","template":"","meta":{"inline_featured_image":false,"footnotes":""},"class_list":["post-168","page","type-page","status-publish"],"_links":{"self":[{"href":"https:\/\/vibetrace.com\/es\/wp-json\/wp\/v2\/pages\/168","targetHints":{"allow":["GET"]}}],"collection":[{"href":"https:\/\/vibetrace.com\/es\/wp-json\/wp\/v2\/pages"}],"about":[{"href":"https:\/\/vibetrace.com\/es\/wp-json\/wp\/v2\/types\/page"}],"author":[{"embeddable":true,"href":"https:\/\/vibetrace.com\/es\/wp-json\/wp\/v2\/users\/9"}],"replies":[{"embeddable":true,"href":"https:\/\/vibetrace.com\/es\/wp-json\/wp\/v2\/comments?post=168"}],"version-history":[{"count":0,"href":"https:\/\/vibetrace.com\/es\/wp-json\/wp\/v2\/pages\/168\/revisions"}],"wp:attachment":[{"href":"https:\/\/vibetrace.com\/es\/wp-json\/wp\/v2\/media?parent=168"}],"curies":[{"name":"wp","href":"https:\/\/api.w.org\/{rel}","templated":true}]}}