{"id":167,"date":"2021-08-12T09:55:01","date_gmt":"2021-08-12T09:55:01","guid":{"rendered":"https:\/\/vibetrace.com\/blog\/?page_id=167"},"modified":"2023-03-30T10:08:54","modified_gmt":"2023-03-30T10:08:54","slug":"data-processing","status":"publish","type":"page","link":"https:\/\/vibetrace.com\/es\/procesamiento-de-datos\/","title":{"rendered":"Acuerdo de procesamiento de datos"},"content":{"rendered":"<div class=\"gb-container gb-container-92c4bcb7\"><div class=\"gb-inside-container\">\n\n<h1 class=\"wp-block-heading\">Acuerdo de procesamiento de datos<\/h1>\n\n\n\n<p>Ofrecemos un acuerdo de procesamiento de datos para los datos de su organizaci\u00f3n, lo que facilita asegurarse de que est\u00e1 utilizando las protecciones contractuales de mejores pr\u00e1cticas. Nuestro acuerdo de procesamiento de datos articula claramente nuestros compromisos de privacidad.<\/p>\n\n\n\n<p>En el curso de la prestaci\u00f3n de nuestro servicio, Vibetrace puede procesar datos personales en su nombre. Este documento forma parte de un contrato de servicio con Vibetrace (como Procesador de datos) y nuestros clientes (Controladores de datos). Este DPA refleja el acuerdo de las partes con respecto al procesamiento de datos personales realizado utilizando nuestro servicio. Con el acuerdo de nuestro DPA, puede utilizar nuestro servicio completo.<\/p>\n\n\n\n<h3 class=\"wp-block-heading\">\u00bfC\u00f3mo se aplica este Acuerdo?<\/h3>\n\n\n\n<p>Si el Controlador de datos es un cliente que paga de Vibetrace, este Acuerdo forma parte de un contrato de servicio con Vibetrace. Si el Controlador que acepta este Acuerdo no paga los servicios de Vibetrace, este Acuerdo no es v\u00e1lido y no es legalmente vinculante.<\/p>\n\n\n\n<p>Si necesita este acuerdo impreso, comun\u00edquese con nosotros para hacerlo de esa manera.<\/p>\n\n\n\n<h3 class=\"wp-block-heading\">Definiciones<\/h3>\n\n\n\n<p><strong>&quot;Controlador&quot;<\/strong>&nbsp;significa la persona f\u00edsica o jur\u00eddica, autoridad p\u00fablica, agencia u otro organismo que, solo o junto con otros, determina los prop\u00f3sitos y medios del procesamiento de datos personales. Para nuestro caso espec\u00edfico, el Controlador est\u00e1 representado por nuestros clientes, quienes crean una cuenta en nuestro servicio.<\/p>\n\n\n\n<p><strong>\u201cLey de Protecci\u00f3n de Datos\u201d<\/strong>&nbsp;significa toda la legislaci\u00f3n aplicable relacionada con la protecci\u00f3n de datos y la privacidad, incluida, entre otras, la Directiva de protecci\u00f3n de datos de la UE 95\/46\/EC y todas las leyes y reglamentos locales que modifican o reemplazan cualquiera de ellos, incluido el RGPD, junto con cualquier ley nacional de implementaci\u00f3n en cualquier Estado miembro de la Uni\u00f3n Europea o, en la medida aplicable, en cualquier otro pa\u00eds, seg\u00fan se modifique, derogue, consolide o reemplace ocasionalmente. Los t\u00e9rminos \u201cproceso\u201d, \u201cprocesos\u201d y \u201cprocesado\u201d se interpretar\u00e1n en consecuencia.<\/p>\n\n\n\n<p><strong>&quot;Sujeto de datos&quot;<\/strong>&nbsp;significa la persona a la que se refieren los Datos personales.<\/p>\n\n\n\n<p><strong>&quot;RGPD&quot;<\/strong>&nbsp;significa el Reglamento General de Protecci\u00f3n de Datos (UE) 2016\/679 del Parlamento Europeo y del Consejo, de 27 de abril de 2016, relativo a la protecci\u00f3n de las personas f\u00edsicas en lo que respecta al tratamiento de datos personales y a la libre circulaci\u00f3n de estos datos.<\/p>\n\n\n\n<p><strong>&quot;Instrucci\u00f3n&quot;<\/strong>&nbsp;significa la instrucci\u00f3n escrita y documentada, emitida por el Controlador al Procesador, y que le indica que realice una acci\u00f3n espec\u00edfica con respecto a los Datos personales (que incluye, entre otros, despersonalizar, bloquear, eliminar, poner a disposici\u00f3n).<\/p>\n\n\n\n<p><strong>&quot;Informaci\u00f3n personal&quot;<\/strong>&nbsp;significa cualquier informaci\u00f3n relacionada con un individuo identificado o identificable donde dicha informaci\u00f3n est\u00e1 contenida en los Datos del Cliente y est\u00e1 protegida de manera similar a los datos personales o la informaci\u00f3n de identificaci\u00f3n personal bajo la Ley de Protecci\u00f3n de Datos aplicable<\/p>\n\n\n\n<p><strong>\u201cViolaci\u00f3n de datos personales\u201d<\/strong>&nbsp;significa una violaci\u00f3n de la seguridad que conduce a la destrucci\u00f3n, p\u00e9rdida, alteraci\u00f3n, divulgaci\u00f3n no autorizada o acceso accidental o ilegal a los Datos personales transmitidos, almacenados o procesados de otra manera.<\/p>\n\n\n\n<p><strong>&quot;Procesando&quot;<\/strong>&nbsp;significa cualquier operaci\u00f3n o conjunto de operaciones que se realiza con Datos personales, que abarca la recopilaci\u00f3n, el registro, la organizaci\u00f3n, la estructuraci\u00f3n, el almacenamiento, la adaptaci\u00f3n o alteraci\u00f3n, la recuperaci\u00f3n, la consulta, el uso, la divulgaci\u00f3n por transmisi\u00f3n, la difusi\u00f3n o la puesta a disposici\u00f3n de otro modo, la alineaci\u00f3n o combinaci\u00f3n, la restricci\u00f3n o la eliminaci\u00f3n de Datos personales.<\/p>\n\n\n\n<p><strong>&quot;Procesador&quot;<\/strong>&nbsp;significa una persona f\u00edsica o jur\u00eddica, autoridad p\u00fablica, agencia u otro organismo que procesa Datos personales en nombre del Controlador. En este caso somos nosotros, Vibetrace<\/p>\n\n\n\n<p><strong>&quot;T\u00e9rminos de servicio&quot;<\/strong>&nbsp;significa el acuerdo legal entre el Controlador como usuario y el Procesador, que rige el derecho limitado, no exclusivo y rescindible del Controlador al uso del sitio y los servicios de Vibetrace como se define en los T\u00e9rminos de servicio.<\/p>\n\n\n\n<h3 class=\"wp-block-heading\">Cita<\/h3>\n\n\n\n<p>El Procesador es designado por el Controlador para procesar dichos Datos personales para y en nombre del Controlador. Los servicios proporcionados por Vibetrace hacen que sea necesario que este acuerdo est\u00e9 vigente, ya que los datos personales fluyen f\u00e1cilmente del Controlador al Procesador.<\/p>\n\n\n\n<p>El Controlador procesar\u00e1 los Datos Personales de acuerdo con los requisitos de las Leyes Aplicables. El Controlador ser\u00e1 el \u00fanico responsable de la exactitud, calidad y legalidad de todos los datos y los medios por los cuales adquiere estos Datos Personales.<\/p>\n\n\n\n<h3 class=\"wp-block-heading\">Duraci\u00f3n<\/h3>\n\n\n\n<p>Este Acuerdo comienza en la fecha en que el Controlador (cliente de Vibetrace) crea u obtiene una cuenta en nuestra plataforma\/sitio web.<\/p>\n\n\n\n<p>El Acuerdo de procesamiento de datos es v\u00e1lido hasta que:<\/p>\n\n\n\n<ul class=\"wp-block-list\">\n<li>El Acuerdo de procesamiento de datos se rescinde o revoca.<\/li>\n\n\n\n<li>El (los) contrato(s) relativo(s) a la prestaci\u00f3n de los Servicios Principales cesa(n)<\/li>\n<\/ul>\n\n\n\n<p>Cada controlador que usa el servicio Vibetrace tiene control total de su fecha personal y decide por cu\u00e1nto tiempo se guarda en el servicio. Los datos antiguos que se vuelven inactivos despu\u00e9s de per\u00edodos de tiempo espec\u00edficos se eliminar\u00e1n autom\u00e1ticamente de los servidores de Vibetrace.<\/p>\n\n\n\n<h3 class=\"wp-block-heading\">Procesamiento de datos<\/h3>\n\n\n\n<p>El Procesador procesar\u00e1 los Datos personales para el Prop\u00f3sito descrito en los T\u00e9rminos de servicio, seg\u00fan lo acordado entre las partes, en nombre y bajo la direcci\u00f3n del Controlador.<\/p>\n\n\n\n<p>Los datos se procesar\u00e1n dentro de un estado de la Uni\u00f3n Europea o fuera del \u00e1rea. El Encargado del Tratamiento, Vibetrace, se reserva los derechos de transferencia de datos fuera del territorio de la Uni\u00f3n Europea para la prestaci\u00f3n de sus servicios.<\/p>\n\n\n\n<h3 class=\"wp-block-heading\">Medidas t\u00e9cnicas y organizativas<\/h3>\n\n\n\n<p>Vibetrace toma todas las medidas t\u00e9cnicas y organizativas razonables para comprometerse con la confidencialidad de sus datos, lo que incluye:<\/p>\n\n\n\n<ul class=\"wp-block-list\">\n<li>uso de cifrado<\/li>\n\n\n\n<li>Monitoreo continuo de la confidencialidad, integridad, disponibilidad y resiliencia de nuestros sistemas<\/li>\n\n\n\n<li>Preparaci\u00f3n para restaurar la disponibilidad de nuestros servicios en caso de un incidente f\u00edsico o t\u00e9cnico<\/li>\n\n\n\n<li>Evaluaciones peri\u00f3dicas de riesgos de todos los sistemas<\/li>\n\n\n\n<li>Medidas comercialmente razonables para garantizar que los empleados y quienes act\u00faan en nombre de Vibetrace mantengan la confidencialidad de los datos personales<\/li>\n\n\n\n<li>Acuerdos de datos y confirmaciones de privacidad de todos los subprocesadores involucrados en la prestaci\u00f3n de servicios a Vibetrace<\/li>\n\n\n\n<li>Proporcionar respuestas por escrito a todas las solicitudes razonables de informaci\u00f3n realizadas por los clientes.<\/li>\n\n\n\n<li>Ayudar razonablemente a los clientes con las auditor\u00edas de seguridad de datos, incluidas las inspecciones, realizadas por el cliente, los auditores u otras autoridades de supervisi\u00f3n.<\/li>\n\n\n\n<li>Notificar a los clientes sobre violaciones de datos personales.<\/li>\n<\/ul>\n\n\n\n<h3 class=\"wp-block-heading\">Derechos sobre los datos<\/h3>\n\n\n\n<p>Los controladores de datos y los sujetos tienen los siguientes derechos sobre los datos personales que procesa Vibetrace<\/p>\n\n\n\n<p><strong>Derecho a ser informado:<\/strong>&nbsp;Los Controladores o sus Sujetos pueden preguntar sobre los datos personales, c\u00f3mo se usan y por qu\u00e9 se usan en cualquier momento.<\/p>\n\n\n\n<p><strong>Derecho de acceso: Como se describe en nuestra Pol\u00edtica de Privacidad (Acceso a Informaci\u00f3n Personal).<\/strong><\/p>\n\n\n\n<p><strong>Derecho de rectificaci\u00f3n:<\/strong>&nbsp;Los Controladores o sus Sujetos pueden actualizar (o solicitar actualizaciones) la informaci\u00f3n personal en cualquier momento.<\/p>\n\n\n\n<p><strong>Derecho de supresi\u00f3n:<\/strong>&nbsp;Los controladores pueden cancelar sus cuentas en cualquier momento y, adem\u00e1s, pueden solicitar que Vibetrace borre todos los Datos personales, deje de difundir los datos y, potencialmente, haga que terceros detengan el procesamiento de los datos. Sus Interesados tambi\u00e9n pueden solicitar que los Controladores hagan lo mismo con sus datos personales. Vibetrace se reserva el derecho de mantener la cantidad m\u00ednima de informaci\u00f3n que nos ayude a prevenir el fraude para mantener su capacidad de entrega lo m\u00e1s alta posible.<\/p>\n\n\n\n<p><strong>Derecho a restringir el procesamiento:<\/strong>&nbsp;Los controladores pueden suspender su cuenta en cualquier momento, lo que restringe el env\u00edo de comunicaciones por correo electr\u00f3nico, mensajes de texto o notificaciones autom\u00e1ticas. Sus datos seguir\u00e1n siendo procesados para otras acciones, como la facturaci\u00f3n y por nuestros subprocesadores. Los controladores pueden cancelar su cuenta para restringir todo el procesamiento de sus datos y reactivarla siempre que a\u00fan no hayamos eliminado su informaci\u00f3n de acuerdo con nuestras pol\u00edticas de retenci\u00f3n.<\/p>\n\n\n\n<p><strong>Derecho a la portabilidad de los datos:<\/strong>&nbsp;Los controladores pueden exportar cualquiera de sus listas, o informaci\u00f3n seleccionada dentro de cualquier lista, en cualquier momento mientras su cuenta est\u00e9 activa.<\/p>\n\n\n\n<h3 class=\"wp-block-heading\">subprocesadores<\/h3>\n\n\n\n<p>El Procesador de datos puede utilizar a terceros para el procesamiento de datos personales para el Controlador de datos en la medida en que esto se establezca en:<\/p>\n\n\n\n<ul class=\"wp-block-list\">\n<li>Ap\u00e9ndice 3 de este Acuerdo de procesamiento de datos, o<\/li>\n\n\n\n<li>Instrucciones del Encargado del Tratamiento.<\/li>\n<\/ul>\n\n\n\n<p>El Procesador de datos de terceros debe cumplir con las mismas obligaciones de protecci\u00f3n de datos que el Procesador de datos (incluidas las previstas en el Acuerdo de procesamiento de datos).<\/p>\n\n\n\n<p>El Procesador de datos de terceros solo act\u00faa espec\u00edficamente de acuerdo con y en relaci\u00f3n con las Instrucciones acordadas con el Controlador de datos. A menos que se acuerde espec\u00edficamente lo contrario, todas las comunicaciones con el Procesador de datos de terceros son manejadas por el Procesador de datos. Cualquier cambio o aclaraci\u00f3n de las Instrucciones del Controlador de datos se transmitir\u00e1 inmediatamente por el Encargado del tratamiento al Encargado de datos de terceros.<\/p>\n\n\n\n<p>El Procesador de datos es directamente responsable de garantizar que el Procesador de datos de terceros procese los datos personales de la misma manera que si fueran procesados por el Procesador de datos mismo.<\/p>\n\n\n\n<h3 class=\"wp-block-heading\">Ap\u00e9ndice 1 \u2013 Servicios Principales<\/h3>\n\n\n\n<p>Mediante el ap\u00e9ndice actual, el Beneficiario faculta al Procesador de datos (Proveedor de servicios) a: Identificar, Recopilar, Agregar, Procesar y alojar datos personales, mencionados en este Acuerdo, recibidos directamente del Controlador a trav\u00e9s de integraciones de sistemas t\u00e9cnicos de los c\u00f3digos proporcionados por el Controlador (Vibetrace) o importaci\u00f3n manual a trav\u00e9s de la Plataforma del Controlador o usando API proporcionadas por el Controlador y usar estos datos con el fin de analizar el comportamiento de los usuarios del Controlador (Sujetos de datos) y la prestaci\u00f3n de los servicios.<\/p>\n\n\n\n<p>La prestaci\u00f3n de servicios incluye, entre otros, la comunicaci\u00f3n en nombre del Controlador de datos con sus usuarios, de acuerdo con las reglas establecidas por el Controlador.<\/p>\n\n\n\n<ul class=\"wp-block-list\">\n<li>Env\u00edo de correos electr\u00f3nicos o mensajes de texto a n\u00fameros m\u00f3viles<\/li>\n\n\n\n<li>Env\u00edo de notificaciones push personales al dispositivo Sujeto<\/li>\n\n\n\n<li>Personalice el contenido del sitio web de acuerdo con el perfil de cada sujeto<\/li>\n\n\n\n<li>Recopilar datos mediante encuestas y sondeos<\/li>\n\n\n\n<li>Entrega de anuncios personalizados a trav\u00e9s de las redes publicitarias de Facebook, Instagram, Google y Bing<\/li>\n<\/ul>\n\n\n\n<h3 class=\"wp-block-heading\">Ap\u00e9ndice 2: tipos y categor\u00edas de datos<\/h3>\n\n\n\n<p>Los datos que procesa el Procesador de datos pueden ser uno de los siguientes, entre otros:<\/p>\n\n\n\n<ul class=\"wp-block-list\">\n<li>Direcci\u00f3n de correo electr\u00f3nico, nombre y apellido de los Sujetos o direcciones<\/li>\n\n\n\n<li>N\u00fameros de tel\u00e9fono<\/li>\n\n\n\n<li>Tokens de notificaciones push del navegador<\/li>\n\n\n\n<li>Direcci\u00f3n IP del dispositivo (almacenada en formato an\u00f3nimo)<\/li>\n\n\n\n<li>Resoluci\u00f3n de pantalla del dispositivo, sistema operativo, tipo de navegador<\/li>\n\n\n\n<li>Ubicaci\u00f3n geogr\u00e1fica<\/li>\n\n\n\n<li>P\u00e1ginas visitadas, pedidos<\/li>\n\n\n\n<li>URL de referencia y dominios<\/li>\n<\/ul>\n\n\n\n<h3 class=\"wp-block-heading\">Ap\u00e9ndice 3: subprocesadores<\/h3>\n\n\n\n<p>La siguiente lista podr\u00eda actualizarse en el futuro si se utilizan otros subprocesadores. Si se opone a cualquier adici\u00f3n de subprocesador cuando se agregue, puede cancelar su cuenta dentro de los 5 d\u00edas posteriores a la notificaci\u00f3n, siempre que dicha objeci\u00f3n se base en motivos razonables relacionados con la protecci\u00f3n de datos.<\/p>\n\n\n\n<figure class=\"wp-block-table table\"><table><tbody><tr><td>oc\u00e9ano digital<\/td><td>poste de chispa<\/td><td>Amazonas<\/td><td>PayPal<\/td><td>Google<\/td><td>Deriva<\/td><\/tr><tr><td>microsoft<\/td><td>\u00c1rbol de cerebro<\/td><td>Fuerza de ventas<\/td><td>Kissmetrics<\/td><td>Llamarada de la nube<\/td><td>Twilio<\/td><\/tr><tr><td>Tornasol<\/td><td>hubspot<\/td><td>Intercomunicador<\/td><\/tr><\/tbody><\/table><\/figure>\n\n\n\n<h3 class=\"wp-block-heading\">Ap\u00e9ndice 4 \u2013 Lista de art\u00edculos para DPA<\/h3>\n\n\n\n<p>Recomendamos a nuestros clientes que agreguen la siguiente lista de elementos a su p\u00e1gina de T\u00e9rminos y condiciones, respectivamente Acuerdo de procesamiento de datos.<\/p>\n\n\n\n<ul class=\"wp-block-list\">\n<li>Para mejorar nuestros servicios, monitoreamos, rastreamos y creamos perfiles \u00fanicos de nuestros visitantes y clientes utilizando la plataforma de Automatizaci\u00f3n de Marketing de Vibetrace (https:\/\/vibetrace.com)\/<\/li>\n\n\n\n<li>Esas actividades no son necesarias para crear un pedido o utilizar nuestro sitio web, y no tienen ning\u00fan efecto legal vinculante. Los usuarios pueden optar por no ser rastreados y no recibir nuestras comunicaciones de marketing.<\/li>\n\n\n\n<li>Para que los servicios de Vibetrace funcionen y creen la plataforma de datos de marketing, que act\u00faa como base para los servicios de automatizaci\u00f3n de marketing que ofrecen, se recopila la siguiente informaci\u00f3n: correo electr\u00f3nico, n\u00fameros de tel\u00e9fono, direcci\u00f3n IP, ubicaci\u00f3n, informaci\u00f3n del navegador, interacci\u00f3n con las p\u00e1ginas del sitio, as\u00ed como la marca de tiempo de esas acciones.<\/li>\n\n\n\n<li>La lista de subprocesadores utilizados por Vibetrace para brindar los servicios mencionados anteriormente se puede encontrar siempre en https:\/\/vibetrace.com\/data-processing\/<\/li>\n\n\n\n<li>La retenci\u00f3n de datos es de hasta 2 a\u00f1os para visitantes identificados (aquellos que tienen una direcci\u00f3n de correo electr\u00f3nico) y hasta 6 meses para visitantes que no tienen una direcci\u00f3n de correo electr\u00f3nico y\/o n\u00famero de tel\u00e9fono asociado<\/li>\n<\/ul>\n\n<\/div><\/div>","protected":false},"excerpt":{"rendered":"<p>Acuerdo de procesamiento de datos Ofrecemos un acuerdo de procesamiento de datos para los datos de su organizaci\u00f3n, haci\u00e9ndolo... <a title=\"Acuerdo de procesamiento de datos\" class=\"read-more\" href=\"https:\/\/vibetrace.com\/es\/procesamiento-de-datos\/\" aria-label=\"Leer m\u00e1s sobre Acuerdo de Tratamiento de Datos\"> <\/a><\/p>","protected":false},"author":9,"featured_media":0,"parent":0,"menu_order":0,"comment_status":"closed","ping_status":"closed","template":"","meta":{"inline_featured_image":false,"footnotes":""},"class_list":["post-167","page","type-page","status-publish"],"_links":{"self":[{"href":"https:\/\/vibetrace.com\/es\/wp-json\/wp\/v2\/pages\/167","targetHints":{"allow":["GET"]}}],"collection":[{"href":"https:\/\/vibetrace.com\/es\/wp-json\/wp\/v2\/pages"}],"about":[{"href":"https:\/\/vibetrace.com\/es\/wp-json\/wp\/v2\/types\/page"}],"author":[{"embeddable":true,"href":"https:\/\/vibetrace.com\/es\/wp-json\/wp\/v2\/users\/9"}],"replies":[{"embeddable":true,"href":"https:\/\/vibetrace.com\/es\/wp-json\/wp\/v2\/comments?post=167"}],"version-history":[{"count":0,"href":"https:\/\/vibetrace.com\/es\/wp-json\/wp\/v2\/pages\/167\/revisions"}],"wp:attachment":[{"href":"https:\/\/vibetrace.com\/es\/wp-json\/wp\/v2\/media?parent=167"}],"curies":[{"name":"wp","href":"https:\/\/api.w.org\/{rel}","templated":true}]}}