{"id":166,"date":"2021-08-12T09:55:01","date_gmt":"2021-08-12T09:55:01","guid":{"rendered":"https:\/\/vibetrace.com\/blog\/?page_id=166"},"modified":"2023-06-14T08:15:19","modified_gmt":"2023-06-14T08:15:19","slug":"cookie-policy","status":"publish","type":"page","link":"https:\/\/vibetrace.com\/es\/politica-de-cookies\/","title":{"rendered":"Pol\u00edtica de cookies"},"content":{"rendered":"<div class=\"gb-container gb-container-1d3c9211\"><div class=\"gb-inside-container\">\n\n<h1 class=\"gb-headline gb-headline-c7d43197 gb-headline-text\">Pol\u00edtica de cookies<\/h1>\n\n\n\n<p class=\"gb-headline gb-headline-d3ef2b05 gb-headline-text\">C\u00f3mo gestiona Vibetrace las cookies.<\/p>\n\n\n\n<p>\u00daltima modificaci\u00f3n: mayo de 2018<\/p>\n\n\n\n<p>Este sitio web o sus herramientas de terceros utilizan cookies, que son necesarias para su funcionamiento y necesarias para lograr los fines ilustrados en esta pol\u00edtica de cookies. Al cerrar el banner de advertencia de cookies, desplazarse por la p\u00e1gina, hacer clic en un enlace o continuar navegando, acepta el uso de cookies.<\/p>\n\n<\/div><\/div>\n\n<div class=\"gb-container gb-container-3c618fce\"><div class=\"gb-inside-container\">\n\n<h2 class=\"gb-headline gb-headline-6ab5fe31 gb-headline-text\">\u00bfQu\u00e9 son las cookies?<\/h2>\n\n\n\n<p>Para que los sitios web modernos funcionen de acuerdo con las expectativas de los visitantes, deben recopilar cierta informaci\u00f3n b\u00e1sica sobre los visitantes. Para hacer esto, un sitio crear\u00e1 peque\u00f1os archivos de texto que se colocan en los dispositivos de los visitantes; estos archivos se conocen como cookies. Las cookies se asignan de forma \u00fanica a cada visitante y solo pueden ser le\u00eddas por un servidor web en el dominio que emiti\u00f3 la cookie para el visitante. Las cookies no se pueden utilizar para ejecutar programas o enviar virus al dispositivo de un visitante.<\/p>\n\n\n\n<p>Las cookies realizan varios trabajos que hacen que la experiencia del visitante en Internet sea mucho m\u00e1s fluida e interactiva. Por ejemplo, las cookies se utilizan para recordar las preferencias del visitante en los sitios que visita con frecuencia, para recordar la preferencia de idioma y para ayudar a navegar entre las p\u00e1ginas de manera m\u00e1s eficiente. Gran parte de los datos recopilados, aunque no todos, son an\u00f3nimos, aunque algunos est\u00e1n dise\u00f1ados para detectar patrones de navegaci\u00f3n y la ubicaci\u00f3n geogr\u00e1fica aproximada para mejorar la experiencia del visitante.<\/p>\n\n\n\n<h2 class=\"gb-headline gb-headline-8e136e62 gb-headline-text\">\u00bfC\u00f3mo se utilizan las cookies en vibetrace.com?<\/h2>\n\n\n\n<p>Vibetrace coloca cookies para almacenar y luego recuperar peque\u00f1os fragmentos de informaci\u00f3n en su computadora cuando lo visita. Esto es para garantizar que nuestro contenido se adapte a sus especificaciones, mejorando as\u00ed la experiencia del visitante del sitio. Entre otras cosas, las cookies que utilizamos permiten a los visitantes registrarse en el sitio y calcular (de forma an\u00f3nima) cu\u00e1ntos visitantes tiene el sitio web.<\/p>\n\n\n\n<p>Creemos que la experiencia del visitante del sitio web se ver\u00eda afectada negativamente si los visitantes optan por no utilizar las cookies que utilizamos.<\/p>\n\n\n\n<h2 class=\"gb-headline gb-headline-7a48a6d9 gb-headline-text\">\u00bfQu\u00e9 tipo de cookies hay y cu\u00e1les utilizamos?<\/h2>\n\n\n\n<p>Las cookies se pueden clasificar por el tiempo que se almacenan y su funci\u00f3n.<\/p>\n\n\n\n<h3 class=\"gb-headline gb-headline-029c37a4 gb-headline-text\">Cookies clasificadas por duraci\u00f3n de almacenamiento:<\/h3>\n\n\n\n<h4 class=\"gb-headline gb-headline-6b95bc84 gb-headline-text\">Cookies persistentes<\/h4>\n\n\n\n<p>Las cookies persistentes permanecen en el dispositivo de un visitante durante un per\u00edodo de tiempo determinado especificado en la cookie. Se activan cada vez que el visitante visita el sitio web que cre\u00f3 esa cookie en particular.<\/p>\n\n\n\n<p>Ejemplos de c\u00f3mo usamos cookies persistentes:<\/p>\n\n\n\n<ul class=\"wp-block-list\">\n<li>Permitir que los visitantes se registren<\/li>\n\n\n\n<li>C\u00e1lculo del n\u00famero de visitantes del sitio<\/li>\n<\/ul>\n\n\n\n<h4 class=\"gb-headline gb-headline-aa22531c gb-headline-text\">Cookies de sesi\u00f3n<\/h4>\n\n\n\n<p>Las cookies de sesi\u00f3n son temporales. Permiten a los operadores de sitios web vincular las acciones de un visitante durante una sesi\u00f3n de navegaci\u00f3n. Una sesi\u00f3n del navegador comienza cuando un visitante abre una ventana del navegador y finaliza cuando la cierra. Una vez que cierra el navegador, se eliminan todas las cookies de sesi\u00f3n.<\/p>\n\n\n\n<p>Ejemplos de c\u00f3mo utilizamos las cookies de sesi\u00f3n:<\/p>\n\n\n\n<ul class=\"wp-block-list\">\n<li>Para mejorar la usabilidad de nuestro sitio<\/li>\n\n\n\n<li>Para enrutar al visitante al servidor web m\u00e1s disponible<\/li>\n<\/ul>\n\n\n\n<h3 class=\"gb-headline gb-headline-78dd96e0 gb-headline-text\">Cookies clasificadas seg\u00fan su funci\u00f3n:<\/h3>\n\n\n\n<h4 class=\"gb-headline gb-headline-13d6fc6a gb-headline-text\">Cookies estrictamente necesarias<\/h4>\n\n\n\n<p>Las cookies estrictamente necesarias son esenciales para navegar por un sitio web y utilizar sus funciones. Sin ellos, los visitantes no podr\u00edan utilizar servicios b\u00e1sicos como el registro. Estas cookies no recopilan informaci\u00f3n sobre los visitantes que podr\u00eda usarse para marketing o para recordar d\u00f3nde ha estado un visitante en Internet.<\/p>\n\n\n\n<p>Ejemplos de c\u00f3mo Vibetrace utiliza cookies &quot;estrictamente necesarias&quot; incluyen:<\/p>\n\n\n\n<ul class=\"wp-block-list\">\n<li>Permitir a los visitantes iniciar sesi\u00f3n en el sitio web como un usuario registrado<\/li>\n<\/ul>\n\n\n\n<h4 class=\"gb-headline gb-headline-e7d44885 gb-headline-text\">Galletas no esenciales<\/h4>\n\n\n\n<p>Estas son las cookies que no entran dentro de la definici\u00f3n de cookies esenciales, como las cookies utilizadas para analizar su comportamiento en un sitio web (cookies &#039;anal\u00edticas&#039;) o las cookies utilizadas para mostrarle anuncios (cookies &#039;publicitarias&#039;)<\/p>\n\n\n\n<p>Las cookies de rendimiento recopilan datos an\u00f3nimos con fines estad\u00edsticos sobre c\u00f3mo los visitantes usan un sitio web y se utilizan para mejorar la experiencia del visitante. Tambi\u00e9n hay cookies no esenciales que identifican a los usuarios para personalizar la forma en que un sitio web los busca y para proporcionar personalizaci\u00f3n del sitio web y mejorar el marketing.<\/p>\n\n\n\n<p>Ejemplos de c\u00f3mo Vibetrace utiliza cookies de rendimiento incluyen:<\/p>\n\n\n\n<ul class=\"wp-block-list\">\n<li>Recopilaci\u00f3n de datos sobre las visitas al sitio web, incluido el n\u00famero de visitantes y visitas, el tiempo de permanencia en el sitio, las p\u00e1ginas en las que se hizo clic o de d\u00f3nde provienen los visitantes<\/li>\n\n\n\n<li>La informaci\u00f3n proporcionada por las cookies de rendimiento nos ayuda a comprender c\u00f3mo los visitantes usan el sitio web; por ejemplo, si los visitantes han visitado antes o no, qu\u00e9 vieron los visitantes o en qu\u00e9 hicieron clic y c\u00f3mo nos encontraron<\/li>\n\n\n\n<li>La informaci\u00f3n proporcionada por las cookies de rendimiento se utiliza en actividades de (re)marketing.<\/li>\n\n\n\n<li>Recordar la elecci\u00f3n de idioma de un visitante<\/li>\n\n\n\n<li>Recordar el nombre de usuario para la p\u00e1gina de inicio de sesi\u00f3n.<\/li>\n<\/ul>\n\n\n\n<h2 class=\"gb-headline gb-headline-493b2fba gb-headline-text\">\u00bfC\u00f3mo pueden los visitantes controlar las cookies?<\/h2>\n\n\n\n<p>Los visitantes deben saber que cualquier preferencia se perder\u00e1 si se eliminan las cookies, y muchos sitios web no funcionar\u00e1n correctamente o se perder\u00e1 la funcionalidad. Por lo tanto, Vibetrace no recomienda desactivar las cookies al usar vibetrace.com.<\/p>\n\n\n\n<p>La mayor\u00eda de los navegadores aceptan cookies autom\u00e1ticamente, pero los visitantes pueden modificar la configuraci\u00f3n de su navegador para borrar las cookies o para evitar la aceptaci\u00f3n autom\u00e1tica. Los navegadores generalmente brindan la opci\u00f3n de ver las cookies almacenadas actualmente y aceptar, rechazar o eliminar cookies, bloquear cookies de terceros, bloquear cookies de sitios particulares, aceptar todas las cookies y suscribirse a una notificaci\u00f3n cuando se emite una cookie. Una visita al men\u00fa de &#039;opciones&#039; o &#039;preferencias&#039; en su navegador permitir\u00e1 a los visitantes cambiar la configuraci\u00f3n. La secci\u00f3n de ayuda del navegador generalmente proporciona informaci\u00f3n detallada sobre c\u00f3mo se logra esto.<\/p>\n\n\n\n<h3 class=\"gb-headline gb-headline-38daf538 gb-headline-text\">Gesti\u00f3n de cookies de rendimiento<\/h3>\n\n\n\n<p>Es posible optar por no tener su actividad de navegaci\u00f3n an\u00f3nima dentro de los sitios web registrados por cookies de rendimiento. Los visitantes pueden evitar que se utilicen sus datos instalando un complemento del navegador que bloquea la funcionalidad.<\/p>\n\n\n\n<p>Vibetrace.com utiliza varias herramientas para registrar cookies de rendimiento:<\/p>\n\n\n\n<ul class=\"wp-block-list\">\n<li>Google analitico<\/li>\n\n\n\n<li>Google Adwords (Doble Click)<\/li>\n\n\n\n<li>P\u00edxel de Facebook<\/li>\n\n\n\n<li>Otros servicios de terceros similares<\/li>\n<\/ul>\n\n\n\n<p>No olvide que al no permitir las cookies de rendimiento, esto nos impide saber qu\u00e9 le gusta o no le gusta a la gente de nuestro sitio web para que podamos mejorarlo.<\/p>\n\n\n\n<h2 class=\"gb-headline gb-headline-fc46a9f1 gb-headline-text\">Consentimiento del visitante<\/h2>\n\n\n\n<p>Al continuar utilizando el sitio web, acepta la colocaci\u00f3n de cookies en su dispositivo. Si elige no recibir nuestras cookies, no podemos garantizar que su experiencia sea tan satisfactoria como lo ser\u00eda de otra manera.<\/p>\n\n<\/div><\/div>","protected":false},"excerpt":{"rendered":"<p>Pol\u00edtica de cookies. C\u00f3mo Vibetrace gestiona las cookies. \u00daltima modificaci\u00f3n: mayo de 2018. Este sitio web o sus terceros\u2026 <a title=\"Pol\u00edtica de cookies\" class=\"read-more\" href=\"https:\/\/vibetrace.com\/es\/politica-de-cookies\/\" aria-label=\"Leer m\u00e1s sobre Pol\u00edtica de Cookies\"> <\/a><\/p>","protected":false},"author":9,"featured_media":0,"parent":0,"menu_order":0,"comment_status":"closed","ping_status":"closed","template":"","meta":{"inline_featured_image":false,"footnotes":""},"class_list":["post-166","page","type-page","status-publish"],"_links":{"self":[{"href":"https:\/\/vibetrace.com\/es\/wp-json\/wp\/v2\/pages\/166","targetHints":{"allow":["GET"]}}],"collection":[{"href":"https:\/\/vibetrace.com\/es\/wp-json\/wp\/v2\/pages"}],"about":[{"href":"https:\/\/vibetrace.com\/es\/wp-json\/wp\/v2\/types\/page"}],"author":[{"embeddable":true,"href":"https:\/\/vibetrace.com\/es\/wp-json\/wp\/v2\/users\/9"}],"replies":[{"embeddable":true,"href":"https:\/\/vibetrace.com\/es\/wp-json\/wp\/v2\/comments?post=166"}],"version-history":[{"count":0,"href":"https:\/\/vibetrace.com\/es\/wp-json\/wp\/v2\/pages\/166\/revisions"}],"wp:attachment":[{"href":"https:\/\/vibetrace.com\/es\/wp-json\/wp\/v2\/media?parent=166"}],"curies":[{"name":"wp","href":"https:\/\/api.w.org\/{rel}","templated":true}]}}