{"id":165,"date":"2021-08-12T09:55:01","date_gmt":"2021-08-12T09:55:01","guid":{"rendered":"https:\/\/vibetrace.com\/blog\/?page_id=165"},"modified":"2023-06-14T08:14:47","modified_gmt":"2023-06-14T08:14:47","slug":"privacy-policy","status":"publish","type":"page","link":"https:\/\/vibetrace.com\/es\/politica-de-privacidad\/","title":{"rendered":"pol\u00edtica de privacidad"},"content":{"rendered":"<div class=\"gb-container gb-container-69601c13\"><div class=\"gb-inside-container\">\n\n<h1 class=\"wp-block-heading has-text-align-center\">pol\u00edtica de privacidad<\/h1>\n\n\n\n<p class=\"has-text-align-center\">\u00daltima actualizaci\u00f3n: febrero de 2022<\/p>\n\n<\/div><\/div>\n\n<div class=\"gb-container gb-container-b0feab63\"><div class=\"gb-inside-container\">\n\n<h2 class=\"gb-headline gb-headline-e2e2670e gb-headline-text\">1. Introducci\u00f3n<\/h2>\n\n\n\n<p>Vibetrace proporciona una plataforma de automatizaci\u00f3n de marketing a trav\u00e9s de un modelo de software como servicio (SaaS). En Vibetrace, la privacidad y la seguridad de nuestros clientes y sus visitantes son de suma importancia. Vibetrace se compromete a proteger los datos que comparte con nosotros. Esta pol\u00edtica de privacidad explica c\u00f3mo Vibetrace procesa la informaci\u00f3n que se puede utilizar para identificar directa o indirectamente a una persona (&quot;Datos personales&quot;) recopilada a trav\u00e9s del uso de su sitio web y plataforma. A los efectos de esta pol\u00edtica, Vibetrace define el t\u00e9rmino &quot;Cliente&quot; o &quot;Cliente&quot; como una entidad con la que Vibetrace tiene una relaci\u00f3n establecida, el t\u00e9rmino &quot;Cliente visitante&quot; como cualquier persona que visita cualquier sitio web de nuestros Clientes impulsado por Vibetrace o que se incluye como un contacto en la cuenta de un Cliente, y el t\u00e9rmino &quot;Visitante&quot; como una persona que visita nuestro sitio web (por ejemplo, vibetrace.com). Cualquier informaci\u00f3n almacenada en la plataforma de Vibetrace se trata de forma confidencial. Toda la informaci\u00f3n se almacena de forma segura y solo el personal autorizado puede acceder a ella. Vibetrace implementa y mantiene medidas t\u00e9cnicas, de seguridad y organizativas apropiadas para proteger los Datos personales contra el procesamiento y uso no autorizado o ilegal, y contra la p\u00e9rdida, destrucci\u00f3n, da\u00f1o, robo o divulgaci\u00f3n accidentales.<\/p>\n\n\n\n<h2 class=\"gb-headline gb-headline-3e27e8f8 gb-headline-text\">2. Recolecci\u00f3n y uso<\/h2>\n\n\n\n<h3 class=\"gb-headline gb-headline-016ad7a5 gb-headline-text\">2.1 .General<\/h3>\n\n\n\n<p>Las siguientes secciones cubren los detalles de cada uno de los tres grupos de los cuales se recopilan datos: Visitantes del sitio web, Visitantes del cliente y Visitantes.<\/p>\n\n\n\n<h3 class=\"gb-headline gb-headline-6804def4 gb-headline-text\">2.2 Visitantes del sitio web<\/h3>\n\n\n\n<p>Si usted es un Visitante de nuestro sitio web solamente, entonces esta secci\u00f3n es relevante para usted. Al visitar este sitio web, acepta la recopilaci\u00f3n y el uso de sus datos personales como se describe en este documento. Si no est\u00e1 de acuerdo con los t\u00e9rminos establecidos en este documento, no visite este sitio web. Si lo requiere la ley aplicable, buscaremos su consentimiento expl\u00edcito para procesar los Datos personales recopilados en este sitio web o proporcionados voluntariamente por usted. Tenga en cuenta que cualquier consentimiento ser\u00e1 totalmente voluntario. Sin embargo, si no otorga el consentimiento solicitado para el procesamiento de sus Datos personales, es posible que no sea posible el uso de este sitio web. Vibetrace puede recopilar, registrar y analizar informaci\u00f3n de los visitantes de su sitio web. Podemos registrar su direcci\u00f3n IP y utilizar cookies. Vibetrace puede agregar informaci\u00f3n recopilada a trav\u00e9s de la actividad de visitas a la p\u00e1gina o interacciones con elementos de la p\u00e1gina. Adem\u00e1s, Vibetrace puede recopilar y procesar cualquier Dato personal que nos proporcione voluntariamente en los formularios de nuestro sitio web, como cuando se registra para eventos o se registra para recibir informaci\u00f3n y boletines. Si proporciona a Vibetrace los detalles de sus redes sociales, Vibetrace puede recuperar informaci\u00f3n disponible p\u00fablicamente sobre usted de las redes sociales. Dichos Datos personales pueden comprender su direcci\u00f3n IP, nombre y apellido, su direcci\u00f3n postal y de correo electr\u00f3nico, su n\u00famero de tel\u00e9fono, su cargo, datos para redes sociales, sus \u00e1reas de inter\u00e9s, inter\u00e9s en los productos de Vibetrace y cierta informaci\u00f3n sobre la empresa que usted trabaja para (nombre y direcci\u00f3n de la empresa), as\u00ed como informaci\u00f3n sobre el tipo de relaci\u00f3n que existe entre Vibetrace y usted. Vibetrace recopila datos sobre las visitas al sitio web, incluido el n\u00famero de Visitantes y visitas, datos de ubicaci\u00f3n geogr\u00e1fica, tiempo de permanencia en el sitio, p\u00e1ginas en las que se hizo clic o de d\u00f3nde han venido los Visitantes.<\/p>\n\n\n\n<h4 class=\"gb-headline gb-headline-70975dae gb-headline-text\">2.2.1 Finalidad del tratamiento de datos personales<\/h4>\n\n\n\n<p>Vibetrace utiliza los datos recopilados para comunicarse con los Visitantes, personalizar el contenido para los Visitantes, mostrar anuncios en otros sitios web a los Visitantes y mejorar su sitio web mediante el an\u00e1lisis de c\u00f3mo los Visitantes navegan por su sitio web.<\/p>\n\n\n\n<h4 class=\"gb-headline gb-headline-4e3d8d72 gb-headline-text\">2.2.2 Compartir datos personales<\/h4>\n\n\n\n<p>Vibetrace tambi\u00e9n puede compartir dicha informaci\u00f3n con proveedores de servicios o contratistas para proporcionar un servicio o transacci\u00f3n solicitados o para analizar el comportamiento del Visitante en su sitio web.<\/p>\n\n\n\n<h4 class=\"gb-headline gb-headline-d4260ed2 gb-headline-text\">2.2.3 Galletas<\/h4>\n\n\n\n<p>Las cookies son peque\u00f1os fragmentos de informaci\u00f3n enviados por un sitio web al disco duro de un Visitante. Las cookies no se pueden utilizar para ejecutar programas o enviar virus a su computadora. Al continuar visitando el sitio web, acepta la colocaci\u00f3n de cookies en su dispositivo. Si elige no aceptar nuestras cookies, no podemos garantizar que su experiencia sea tan satisfactoria como lo ser\u00eda de otra manera. Tambi\u00e9n podemos colocar cookies de terceros con fines funcionales y de marketing. El uso de cookies est\u00e1 muy extendido y beneficia al navegante. Para m\u00e1s informaci\u00f3n, consulte&nbsp;<a href=\"https:\/\/vibetrace.com\/es\/static\/cookie-policy.html\/\">Pol\u00edtica de cookies de Vibetrace.<\/a><\/p>\n\n\n\n<h4 class=\"gb-headline gb-headline-1e269500 gb-headline-text\">2.2.4 Enlaces a otros sitios<\/h4>\n\n\n\n<p>Tenga en cuenta que mientras visitan nuestro sitio, los visitantes pueden seguir enlaces a otros sitios que est\u00e1n fuera de nuestra esfera de influencia. Vibetrace no es responsable del contenido o la pol\u00edtica de privacidad de estos otros sitios.<\/p>\n\n\n\n<h3 class=\"gb-headline gb-headline-ae4b50d9 gb-headline-text\">2.3 Clientes visitantes<\/h3>\n\n\n\n<p>Los visitantes del cliente deben ser conscientes de que, en su interacci\u00f3n con nuestra soluci\u00f3n en los sitios web de los clientes, podr\u00edan revelar informaci\u00f3n que podr\u00eda identificarlos personalmente para los clientes de Vibetrace. La protecci\u00f3n de seguridad y privacidad implementada en la plataforma de Vibetrace no cubre este tipo de transferencia o divulgaci\u00f3n de informaci\u00f3n personal. Los visitantes de los clientes que interact\u00faan con campa\u00f1as creadas con la plataforma Vibetrace deben saber que solo ellos son responsables del contenido de sus entradas de datos o respuestas a encuestas. Para obtener informaci\u00f3n m\u00e1s detallada sobre la protecci\u00f3n de la privacidad al interactuar con nuestras campa\u00f1as o responder a las encuestas de los clientes, los visitantes pueden comunicarse con la entidad que realiza la encuesta. Es responsabilidad de los Clientes asegurarse de que la recopilaci\u00f3n y el procesamiento de datos se realicen de acuerdo con la ley aplicable. Vibetrace no procesar\u00e1 los datos personales de los visitantes de los clientes para otros fines o por otros medios que no sean los indicados por sus clientes. Consulte la Pol\u00edtica de privacidad de cada cliente.<\/p>\n\n\n\n<h4 class=\"gb-headline gb-headline-d9457085 gb-headline-text\">2.3.1. consultas<\/h4>\n\n\n\n<p>Si desea consultar sobre sus Datos personales que Vibetrace puede haber recopilado, le recomendamos que se comunique con la entidad que los cre\u00f3 o tiene conexiones con ellos. Como Vibetrace es un Procesador de datos, solo controla los Datos personales enviados por los Clientes y se procesan en nombre de sus Clientes. Si no est\u00e1 seguro de qui\u00e9n es el responsable de crearlo, puede comunicarse con nosotros para obtener m\u00e1s aclaraciones.<\/p>\n\n\n\n<h3 class=\"gb-headline gb-headline-7ffd696c gb-headline-text\">2.4 Clientes<\/h3>\n\n\n\n<h4 class=\"gb-headline gb-headline-a73aed0d gb-headline-text\">2.4.1. General<\/h4>\n\n\n\n<p>Para proporcionar servicios a sus Clientes, Vibetrace recopila ciertos tipos de datos de ellos. Adem\u00e1s, los Clientes de Vibetrace recopilan informaci\u00f3n de los Visitantes de los Clientes cuando visitan o interact\u00faan con propiedades digitales o fuera de l\u00ednea integradas con la plataforma Vibetrace. Esta secci\u00f3n describir\u00e1 c\u00f3mo Vibetrace recopila y utiliza estos dos tipos de datos, as\u00ed como las diferencias geogr\u00e1ficas que afectan esta pol\u00edtica. Los datos ingresados o transferidos a Vibetrace por los Clientes, como textos, preguntas, contactos, archivos multimedia, etc., siguen siendo propiedad del Cliente y Vibetrace no puede compartirlos con terceros sin el consentimiento expreso del Cliente.<\/p>\n\n\n\n<h4 class=\"gb-headline gb-headline-ecf1cdbc gb-headline-text\">2.4.2 Recopilaci\u00f3n de datos del Cliente<\/h4>\n\n\n\n<p>Durante el registro de un Cliente y posteriormente en la plataforma de Vibetrace, proporciona informaci\u00f3n como nombre, raz\u00f3n social, correo electr\u00f3nico, direcci\u00f3n, tel\u00e9fono, n\u00famero de tarjeta de cr\u00e9dito y otros datos relevantes. Esta informaci\u00f3n es utilizada por Vibetrace para identificar al Cliente y brindarle soporte, servicios, correos, acciones de ventas y marketing, facturaci\u00f3n y para cumplir con las obligaciones contractuales. Los Clientes de Vibetrace pueden en cualquier momento acceder y editar, actualizar o eliminar sus datos de contacto iniciando sesi\u00f3n con su nombre de usuario y contrase\u00f1a en la plataforma de Vibetrace. El Cliente de Vibetrace puede crear m\u00e1s cuentas de Cliente con diferentes niveles de privilegios dentro de su cuenta. Es responsabilidad del Cliente que crea otras cuentas de Cliente, elegir el nivel de acceso que debe tener cada Cliente. Una vez que estos nuevos Clientes inician sesi\u00f3n en Vibetrace, cumplen con la definici\u00f3n de Cliente en esta pol\u00edtica. Vibetrace no retendr\u00e1 los datos del Cliente m\u00e1s tiempo del necesario para cumplir con los fines para los que se recopilaron o seg\u00fan lo exijan las leyes o reglamentos aplicables.<\/p>\n\n\n\n<h4 class=\"gb-headline gb-headline-3d3bc958 gb-headline-text\">2.4.3 Recopilaci\u00f3n de datos del visitante del cliente<\/h4>\n\n\n\n<p>Las campa\u00f1as, los correos electr\u00f3nicos, las interacciones, los sitios web, las interacciones en el sitio o las encuestas utilizadas para recopilar datos son creados por los Clientes, quienes los ponen a disposici\u00f3n de empresas, organizaciones e individuos relevantes. Es responsabilidad del Cliente asegurarse de que la recopilaci\u00f3n y el procesamiento de datos se realice de acuerdo con la ley aplicable. Vibetrace no procesar\u00e1 Datos personales para otros fines o por otros medios que no sean los indicados por sus Clientes. Los datos de los visitantes del cliente incluyen datos de personas que son rastreadas, cargadas, transferidas o ingresadas manualmente por un cliente de Vibetrace en su cuenta con fines comerciales o de marketing para el cliente. Los datos personales pueden incluir informaci\u00f3n de contacto personal, como el nombre, la direcci\u00f3n particular, el tel\u00e9fono particular o el n\u00famero de tel\u00e9fono m\u00f3vil, la direcci\u00f3n de correo electr\u00f3nico, la informaci\u00f3n relativa a la familia, el estilo de vida y las circunstancias sociales, incluida la edad, la fecha de nacimiento, el estado civil, el n\u00famero de hijos, los detalles del empleo, la educaci\u00f3n. \/calificaci\u00f3n, detalles de contacto comercial, g\u00e9nero, religi\u00f3n, raza, detalles de salud y otros datos personales confidenciales. Las respuestas a las preguntas de los Clientes Visitantes tambi\u00e9n pueden incluir Datos Personales. El prop\u00f3sito de recopilar Datos personales variar\u00e1 seg\u00fan las necesidades comerciales y de marketing de cada cliente, seg\u00fan lo establezcan los Clientes de Vibetrace. Como Vibetrace brinda servicios a un amplio grupo de clientes y empresas, el prop\u00f3sito puede variar mucho. Para los Clientes en el EEE, o para los Clientes que prestan servicios a personas en el EEE, los Clientes ser\u00e1n el &quot;Controlador de datos&quot;, tal como se define en la Directiva y el RGPD. En consecuencia, el prop\u00f3sito ser\u00e1 definido por el Cliente de Vibetrace. Si usted o su organizaci\u00f3n est\u00e1n obligados en virtud del Reglamento General de Protecci\u00f3n de Datos (GDPR) de la Uni\u00f3n Europea a celebrar un contrato u otro acto legal vinculante en virtud de la legislaci\u00f3n de la UE o de los Estados miembros, con sus procesadores de datos,&nbsp;<a href=\"https:\/\/vibetrace.com\/es\/static\/data-processing.html\/\">revise y acepte el Acuerdo de procesamiento de datos de Vibetrace<\/a>&nbsp;en su cuenta de Vibetrace.<\/p>\n\n\n\n<h4 class=\"gb-headline gb-headline-73736007 gb-headline-text\">2.4.4. Localizaci\u00f3n geogr\u00e1fica<\/h4>\n\n\n\n<p>Vibetrace ofrece varias regiones de datos. <\/p>\n\n\n\n<p>Una &quot;regi\u00f3n de datos&quot; de Vibetrace es un conjunto de centros de datos ubicados dentro de un \u00e1rea geogr\u00e1fica definida donde se almacenan los datos del cliente y del visitante del cliente. Los datos personales pueden transmitirse entre regiones de datos. Para los Clientes de Vibetrace con cuentas ubicadas en la Regi\u00f3n de datos europea de Vibetrace, todos los Datos personales se procesan en el EEE. Para los Clientes con cuentas en las Regiones de datos: Estados Unidos de Am\u00e9rica (EE. UU.) y Canad\u00e1, todos los Datos personales se procesan en el EEE o los Estados Unidos de Am\u00e9rica o Canad\u00e1. Para los Clientes con cuentas en nuestra Regi\u00f3n de datos de Asia Pac\u00edfico, todos los Datos personales se procesan en Singapur, el EEE o los Estados Unidos de Am\u00e9rica.<\/p>\n\n\n\n<h4 class=\"gb-headline gb-headline-00522b25 gb-headline-text\">2.4.4. Localizaci\u00f3n geogr\u00e1fica<\/h4>\n\n\n\n<p>Vibetrace ofrece varias regiones de datos. Una &quot;regi\u00f3n de datos&quot; de Vibetrace es un conjunto de centros de datos ubicados dentro de un \u00e1rea geogr\u00e1fica definida donde se almacenan los datos del cliente y del visitante del cliente. Los datos personales pueden transmitirse entre regiones de datos. Para los Clientes de Vibetrace con cuentas ubicadas en la Regi\u00f3n de datos europea de Vibetrace, todos los Datos personales se procesan en el EEE. Para los Clientes con cuentas en las Regiones de datos: Estados Unidos de Am\u00e9rica (EE. UU.) y Canad\u00e1, todos los Datos personales se procesan en el EEE o los Estados Unidos de Am\u00e9rica o Canad\u00e1. Para los Clientes con cuentas en nuestra Regi\u00f3n de datos de Asia Pac\u00edfico, todos los Datos personales se procesan en Singapur, el EEE o los Estados Unidos de Am\u00e9rica.<\/p>\n\n\n\n<h5 class=\"gb-headline gb-headline-f374159c gb-headline-text\">2.4.4.1 Tratamiento en el Espacio Econ\u00f3mico Europeo (EEE)<\/h5>\n\n\n\n<p>Para los Clientes con cuentas ubicadas en la Regi\u00f3n de datos europea de Vibetrace, todo el procesamiento de Datos personales se realiza de acuerdo con los derechos y regulaciones de privacidad siguiendo la Directiva de la UE 95\/46\/EC del Parlamento Europeo y del Consejo del 24 de octubre de 1995 (la Directiva) , y las implementaciones de la Directiva en la legislaci\u00f3n local. A partir del 25 de mayo de 2018, la Directiva y la legislaci\u00f3n local basada en la Directiva ser\u00e1n sustituidas por el Reglamento (UE) 2016\/679 del Parlamento Europeo y del Consejo, de 27 de abril de 2016, relativo a la protecci\u00f3n de las personas f\u00edsicas en lo que respecta al tratamiento de Datos Personales y sobre la libre circulaci\u00f3n de dichos datos, conocido como el Reglamento General de Protecci\u00f3n de Datos (GDPR), y el procesamiento de Vibetrace se llevar\u00e1 a cabo de acuerdo con el GDPR.<\/p>\n\n\n\n<h6 class=\"gb-headline gb-headline-5ba3aec1 gb-headline-text\"><strong>2.4.4.1.1 Controlador<\/strong><\/h6>\n\n\n\n<p>Vibetrace procesa datos personales tanto como procesador como controlador, tal como se define en la Directiva y el RGPD: la entidad de Vibetrace con la que usted, como cliente, firm\u00f3 un acuerdo al usar la plataforma de Vibetrace, ser\u00e1 el controlador de los datos del cliente, como se describe anteriormente. en el apartado \u201cRecogida de datos del Cliente\u201d. Para los datos del Visitante del cliente, como se describe en la secci\u00f3n &quot;Recopilaci\u00f3n de datos del Visitante del cliente&quot;, el Cliente ser\u00e1 el Controlador de conformidad con la Directiva y el RGPD, y Vibetrace ser\u00e1 el Procesador. Vibetrace se adhiere a la Directiva de 1995 y al RGPD del 25 de mayo de 2018. En consecuencia, Vibetrace procesa todos los datos proporcionados por sus Clientes con cuentas en su Regi\u00f3n de Datos Europea, en el Espacio Econ\u00f3mico Europeo (EEE) \u00fanicamente. Todos los datos recopilados por los Clientes de Vibetrace a trav\u00e9s de nuestra plataforma se almacenar\u00e1n exclusivamente en instalaciones de alojamiento seguro proporcionadas por Amazon, Google Microsoft Azure o Digital Ocean. Vibetrace tiene un acuerdo de procesamiento de datos con sus proveedores, lo que garantiza el cumplimiento de la Directiva. Todo el alojamiento se realiza de acuerdo con las m\u00e1s altas normas de seguridad. Todas las transferencias de datos internamente en el EEE se realizan de acuerdo con este acuerdo de procesamiento de datos.<\/p>\n\n\n\n<h5 class=\"gb-headline gb-headline-558cadd7 gb-headline-text\">2.4.4.2 Procesamiento de datos<\/h5>\n\n\n\n<p>Para los clientes con cuentas en la regi\u00f3n de datos de EE. UU. de Vibetrace, Vibetrace procesa datos en centros de datos ubicados en EE. UU. y en el EEE. Vibetrace ha adoptado medidas de seguridad f\u00edsicas, t\u00e9cnicas y organizativas razonables que reflejan sustancialmente las medidas de seguridad de la UE contra la destrucci\u00f3n, p\u00e9rdida, alteraci\u00f3n, divulgaci\u00f3n, acceso, uso o procesamiento accidentales, no autorizados o ilegales de los datos de los Clientes en posesi\u00f3n de Vibetrace. Vibetrace notificar\u00e1 de inmediato al Cliente en caso de cualquier acceso no autorizado conocido o uso de los datos de los Clientes. Todos los datos recopilados por los Clientes de Vibetrace a trav\u00e9s de nuestra plataforma se almacenar\u00e1n exclusivamente en instalaciones de alojamiento seguras proporcionadas por Amazon Web Services, Google Cloud, Microsoft Azure o Digital Ocean. El contrato de Vibetrace con su proveedor de alojamiento garantiza que todo el alojamiento se realice de acuerdo con las normas de seguridad m\u00e1s estrictas. La pol\u00edtica de Vibetrace es proteger y salvaguardar cualquier informaci\u00f3n personal obtenida por Vibetrace de acuerdo con las leyes estatales o federales de los Estados Unidos que rigen la protecci\u00f3n de informaci\u00f3n y datos personales. En consecuencia, Vibetrace se adhiere a las pr\u00e1cticas y pol\u00edticas que tienen como objetivo salvaguardar los datos. Todos los datos recopilados por los Clientes de Vibetrace a trav\u00e9s de encuestas se almacenar\u00e1n exclusivamente en instalaciones de alojamiento seguras proporcionadas por Amazon Web Services, Google Cloud, Microsoft Azure o Digital Ocean. El contrato de Vibetrace con su proveedor de alojamiento garantiza que todo el alojamiento se realice de acuerdo con las normas de seguridad m\u00e1s estrictas. La pol\u00edtica de Vibetrace es proteger y salvaguardar cualquier informaci\u00f3n personal obtenida por Vibetrace de acuerdo con las leyes canadienses que rigen la protecci\u00f3n de informaci\u00f3n y datos personales. En consecuencia, Vibetrace se adhiere a las pr\u00e1cticas y pol\u00edticas que tienen como objetivo salvaguardar los datos.<\/p>\n\n\n\n<h5 class=\"gb-headline gb-headline-081fb689 gb-headline-text\">2.4.4.4 Procesamiento en otras regiones<\/h5>\n\n\n\n<p>Para Clientes con cuentas en nuestra Regi\u00f3n de datos de Asia Pac\u00edfico, Vibetrace procesa datos en centros de datos ubicados en Singapur, Estados Unidos o el EEE. Vibetrace ha adoptado medidas de seguridad f\u00edsicas, t\u00e9cnicas y organizativas razonables que reflejan sustancialmente las medidas de seguridad de la UE contra la destrucci\u00f3n, p\u00e9rdida, alteraci\u00f3n, divulgaci\u00f3n, acceso, uso o procesamiento accidentales, no autorizados o ilegales de los datos de los Clientes en posesi\u00f3n de Vibetrace. Vibetrace notificar\u00e1 de inmediato al Cliente en caso de cualquier acceso o uso no autorizado conocido de los datos del Cliente. Todos los datos recopilados por los Clientes de Vibetrace a trav\u00e9s de su plataforma se almacenar\u00e1n exclusivamente en instalaciones de alojamiento seguras proporcionadas por Amazon Web Services, Google Cloud, Microsoft Azure o Digital Ocean. El contrato de Vibetrace con su proveedor de alojamiento garantiza que todo el alojamiento se realice de acuerdo con las normas de seguridad m\u00e1s estrictas. En consecuencia, Vibetrace se adhiere a las pr\u00e1cticas y pol\u00edticas que tienen como objetivo salvaguardar los datos.<\/p>\n\n\n\n<h2 class=\"gb-headline gb-headline-7c51987d gb-headline-text\">3. Conservaci\u00f3n y eliminaci\u00f3n<\/h2>\n\n\n\n<p>Vibetrace no conservar\u00e1 los datos m\u00e1s tiempo del necesario para cumplir con los fines para los que fueron recopilados o seg\u00fan lo exijan las leyes o reglamentos aplicables. Para los datos del visitante del cliente, los clientes de Vibetrace tienen el control del prop\u00f3sito de la recopilaci\u00f3n de datos y la duraci\u00f3n durante la cual se pueden conservar los datos personales. Para los datos del Visitante del Cliente, los Clientes con una cuenta activa tendr\u00e1n, por lo tanto, la responsabilidad de eliminar los datos cuando sea necesario. Cuando la cuenta de un Cliente finaliza o vence, todos los Datos personales recopilados a trav\u00e9s de la plataforma se eliminar\u00e1n, seg\u00fan lo exige la ley aplicable.<\/p>\n\n\n\n<h2 class=\"gb-headline gb-headline-db59ab39 gb-headline-text\">4. Aceptaci\u00f3n de estas Condiciones<\/h2>\n\n\n\n<p>Asumimos que todos los Visitantes de nuestro sitio web, los Visitantes del Cliente que visitan las propiedades digitales del Cliente con tecnolog\u00eda de Vibetrace y los Clientes de Vibetrace han le\u00eddo detenidamente este documento y est\u00e1n de acuerdo con su contenido. Si alguien no est\u00e1 de acuerdo con esta pol\u00edtica de privacidad, debe abstenerse de utilizar nuestro sitio web y plataforma. Nos reservamos el derecho de cambiar nuestra pol\u00edtica de privacidad seg\u00fan lo dicte la necesidad. El uso continuado del sitio web y la plataforma de Vibetrace despu\u00e9s de haber sido informado de dichos cambios en estas condiciones implica la aceptaci\u00f3n de la pol\u00edtica de privacidad revisada. Esta pol\u00edtica de privacidad es una parte integral de Vibetrace&nbsp;<a href=\"https:\/\/vibetrace.com\/es\/static\/terms-conditions.html\/\">condiciones de uso.<\/a><\/p>\n\n\n\n<h2 class=\"gb-headline gb-headline-931c6320 gb-headline-text\">5. Nuestra obligaci\u00f3n legal de divulgar informaci\u00f3n personal<\/h2>\n\n\n\n<p>Revelaremos la informaci\u00f3n personal de un usuario sin su permiso previo solo cuando tengamos motivos para creer que la divulgaci\u00f3n de esta informaci\u00f3n es necesaria para establecer la identidad, contactar o iniciar procedimientos legales contra una persona o personas sospechosas de infringir los derechos o la propiedad que pertenece a Vibetrace o a otros que podr\u00edan verse perjudicados por las actividades del usuario o de personas que podr\u00edan (deliberadamente o no) transgredir estos derechos y propiedad. Se nos permite divulgar informaci\u00f3n personal cuando tenemos buenas razones para creer que esto es legalmente requerido.<\/p>\n\n\n\n<h2 class=\"gb-headline gb-headline-e052a8dc gb-headline-text\">6. Para m\u00e1s informaci\u00f3n<\/h2>\n\n\n\n<p>Si tiene m\u00e1s preguntas sobre los datos que recopila Vibetrace o c\u00f3mo los usamos, no dude en contactarnos por correo electr\u00f3nico a: hello@vibetrace.com, o por escrito a: Devant Media SRL, str Regina Maria nr 4, Cozia, sc E, 7, Ramnicu Valcea Ruman\u00eda<\/p>\n\n<\/div><\/div>","protected":false},"excerpt":{"rendered":"<p>Pol\u00edtica de privacidad \u00daltima actualizaci\u00f3n: febrero de 2022 1. Introducci\u00f3n Vibetrace proporciona una plataforma de automatizaci\u00f3n de marketing a trav\u00e9s de... <a title=\"pol\u00edtica de privacidad\" class=\"read-more\" href=\"https:\/\/vibetrace.com\/es\/politica-de-privacidad\/\" aria-label=\"Leer m\u00e1s sobre Pol\u00edtica de Privacidad\"> <\/a><\/p>","protected":false},"author":9,"featured_media":0,"parent":0,"menu_order":0,"comment_status":"closed","ping_status":"closed","template":"","meta":{"inline_featured_image":false,"footnotes":""},"class_list":["post-165","page","type-page","status-publish"],"_links":{"self":[{"href":"https:\/\/vibetrace.com\/es\/wp-json\/wp\/v2\/pages\/165","targetHints":{"allow":["GET"]}}],"collection":[{"href":"https:\/\/vibetrace.com\/es\/wp-json\/wp\/v2\/pages"}],"about":[{"href":"https:\/\/vibetrace.com\/es\/wp-json\/wp\/v2\/types\/page"}],"author":[{"embeddable":true,"href":"https:\/\/vibetrace.com\/es\/wp-json\/wp\/v2\/users\/9"}],"replies":[{"embeddable":true,"href":"https:\/\/vibetrace.com\/es\/wp-json\/wp\/v2\/comments?post=165"}],"version-history":[{"count":0,"href":"https:\/\/vibetrace.com\/es\/wp-json\/wp\/v2\/pages\/165\/revisions"}],"wp:attachment":[{"href":"https:\/\/vibetrace.com\/es\/wp-json\/wp\/v2\/media?parent=165"}],"curies":[{"name":"wp","href":"https:\/\/api.w.org\/{rel}","templated":true}]}}