{"id":164,"date":"2021-08-12T09:55:01","date_gmt":"2021-08-12T09:55:01","guid":{"rendered":"https:\/\/vibetrace.com\/blog\/?page_id=164"},"modified":"2025-03-17T15:18:58","modified_gmt":"2025-03-17T15:18:58","slug":"terms-and-conditions","status":"publish","type":"page","link":"https:\/\/vibetrace.com\/es\/terminos-y-condiciones\/","title":{"rendered":"T\u00e9rminos y condiciones"},"content":{"rendered":"<div class=\"gb-container gb-container-e7643765\"><div class=\"gb-inside-container\">\n\n<h1 class=\"gb-headline gb-headline-43f892c3 gb-headline-text\">T\u00e9rminos y condiciones<\/h1>\n\n\n\n<p class=\"gb-headline gb-headline-7f536dbd gb-headline-text\">La privacidad y la seguridad de los datos es muy importante para nosotros.<\/p>\n\n<\/div><\/div>\n\n<div class=\"gb-container gb-container-b72c67b2\"><div class=\"gb-inside-container\">\n\n<p class=\"gb-headline gb-headline-7072ea91 gb-headline-text\">A continuaci\u00f3n encontrar\u00e1 nuestros t\u00e9rminos y condiciones. Devant Media es la empresa responsable de vibetrace.com (tambi\u00e9n conocido como &quot;Sitio&quot; o &quot;Aplicaci\u00f3n&quot;). Esta declaraci\u00f3n de privacidad describe c\u00f3mo Vibetrace recopila y utiliza su informaci\u00f3n personal en http:\/\/vibetrace.com u otros dominios de nuestra propiedad. <\/p>\n\n\n\n<p>Tambi\u00e9n describe las opciones que tiene con respecto a nuestro uso de su informaci\u00f3n personal y c\u00f3mo puede acceder y actualizar esta informaci\u00f3n. <\/p>\n\n\n\n<p>Nuestros servicios solo est\u00e1n dirigidos a empresas, no aceptamos registros de particulares y nos reservamos el derecho de eliminar cuentas de inmediato.<\/p>\n\n<\/div><\/div>\n\n<div class=\"gb-container gb-container-2ce3a7de\"><div class=\"gb-inside-container\">\n\n<h4 class=\"gb-headline gb-headline-f5583617 gb-headline-text\">Informaci\u00f3n que recopilamos<\/h4>\n\n\n\n<p>Vibetrace recopila estad\u00edsticas sobre el comportamiento de los visitantes de sus sitios web en red. Esta informaci\u00f3n puede mostrarse p\u00fablicamente o proporcionarla a otros. Sin embargo, Vibetrace no divulga informaci\u00f3n de identificaci\u00f3n personal que no sea la que se describe a continuaci\u00f3n.<\/p>\n\n\n\n<p><strong>Informaci\u00f3n proporcionada por el usuario:<\/strong>&nbsp;Usted nos proporciona informaci\u00f3n sobre usted, como su nombre y direcci\u00f3n de correo electr\u00f3nico, si se registra para obtener una cuenta de Usuario con el Servicio (lo que incluye &quot;seguir&quot;, &quot;me gusta&quot;, agregar la aplicaci\u00f3n Vibetrace, vincular su cuenta al servicio Vibetrace , etc., en un sitio web o red de terceros). Si se comunica con nosotros por correo electr\u00f3nico, podemos conservar el contenido de sus mensajes de correo electr\u00f3nico, su direcci\u00f3n de correo electr\u00f3nico y nuestras respuestas. Tambi\u00e9n podemos retener cualquier mensaje que env\u00ede a trav\u00e9s del Servicio. Puede proporcionarnos informaci\u00f3n en el Contenido de usuario que publique en el Servicio.<\/p>\n\n\n\n<p><strong>Informaci\u00f3n persistente:<\/strong>&nbsp;Al igual que muchos sitios web, nuestro Sitio y Aplicaci\u00f3n utilizan &quot;cookies&quot; para recopilar informaci\u00f3n. Una cookie es un peque\u00f1o archivo de datos que transferimos al disco duro de su computadora o dispositivo m\u00f3vil para fines de mantenimiento de registros. Usamos cookies para dos prop\u00f3sitos. Primero, utilizamos cookies persistentes para guardar su informaci\u00f3n de inicio de sesi\u00f3n para futuros inicios de sesi\u00f3n en el Sitio y la Aplicaci\u00f3n. En segundo lugar, utilizamos cookies de ID de sesi\u00f3n para habilitar ciertas caracter\u00edsticas del Sitio y la Aplicaci\u00f3n, para comprender mejor c\u00f3mo interact\u00faa con el Sitio y la Aplicaci\u00f3n y para monitorear el uso agregado por parte de los Usuarios de Vibetrace y el enrutamiento del tr\u00e1fico web en el Sitio y la Aplicaci\u00f3n. A diferencia de las cookies persistentes, las cookies de sesi\u00f3n se eliminan de su computadora cuando cierra sesi\u00f3n en el Sitio, la Aplicaci\u00f3n y el Servicio y luego cierra su navegador. Los anunciantes de terceros en el Sitio y la Aplicaci\u00f3n tambi\u00e9n pueden colocar o leer cookies en su navegador. Puede indicarle a su navegador, cambiando sus opciones, que deje de aceptar cookies o que le pregunte antes de aceptar una cookie de los sitios web que visita. Sin embargo, si no acepta las cookies, es posible que no pueda usar todas las partes del Sitio y la Aplicaci\u00f3n o todas las funciones del Servicio.<\/p>\n\n\n\n<p><strong>Identificadores de dispositivos:<\/strong>&nbsp;Cuando accede al Servicio a trav\u00e9s de un dispositivo m\u00f3vil, podemos acceder, recopilar, monitorear y\/o almacenar de forma remota uno o m\u00e1s &quot;identificadores de dispositivos&quot;. Los identificadores de dispositivos son peque\u00f1os archivos de datos o estructuras de datos similares almacenadas o asociadas con su dispositivo m\u00f3vil, que identifican de manera \u00fanica a su dispositivo m\u00f3vil y Vibetrace las utiliza para mejorar su uso del Servicio. Un identificador de dispositivo puede ser datos almacenados en relaci\u00f3n con el hardware del dispositivo, datos almacenados en relaci\u00f3n con el sistema operativo del dispositivo u otro software, o datos enviados al dispositivo por Vibetrace. Un identificador de dispositivo puede transmitirnos informaci\u00f3n sobre c\u00f3mo navega por el Servicio. Un identificador de dispositivo no recopila ni comparte ninguna informaci\u00f3n de identificaci\u00f3n personal sobre usted; sin embargo, un identificador de dispositivo puede usarse junto con otra informaci\u00f3n de una manera que puede constituir informaci\u00f3n de identificaci\u00f3n personal. Un identificador de dispositivo puede permanecer persistentemente en su dispositivo, para ayudarlo a iniciar sesi\u00f3n m\u00e1s r\u00e1pido y mejorar su navegaci\u00f3n a trav\u00e9s del Servicio. Es posible que algunas funciones del Servicio no funcionen correctamente si el uso o la disponibilidad de los identificadores de dispositivos se ven afectados o deshabilitados. Vibetrace puede acceder, recopilar o almacenar identificadores de dispositivos una vez que habilite los Servicios de Vibetrace en su dispositivo m\u00f3vil.<\/p>\n\n\n\n<p><strong>Datos de localizaci\u00f3n:<\/strong>&nbsp;Cuando utiliza el Servicio por o a trav\u00e9s de un dispositivo m\u00f3vil, podemos acceder, recopilar, monitorear y\/o almacenar de forma remota &quot;datos de ubicaci\u00f3n&quot;, que pueden incluir coordenadas de GPS (por ejemplo, latitud y\/o longitud) o informaci\u00f3n similar con respecto a la ubicaci\u00f3n de su dispositivo m\u00f3vil. Los datos de ubicaci\u00f3n pueden transmitirnos informaci\u00f3n sobre c\u00f3mo navega por el Servicio. Los datos de ubicaci\u00f3n no recopilan ni comparten ninguna informaci\u00f3n de identificaci\u00f3n personal sobre usted. Los datos de ubicaci\u00f3n pueden usarse junto con otra informaci\u00f3n de una manera que puede constituir informaci\u00f3n de identificaci\u00f3n personal. Es posible que algunas funciones del Servicio, en particular los servicios basados en la ubicaci\u00f3n, no funcionen correctamente si el uso o la disponibilidad de los datos de ubicaci\u00f3n se ven afectados o deshabilitados.<\/p>\n\n\n\n<p><strong>Informaci\u00f3n del archivo de registro:<\/strong>&nbsp;Su navegador informa autom\u00e1ticamente la informaci\u00f3n del archivo de registro cada vez que accede a una p\u00e1gina web. Cuando utiliza el Servicio, nuestros servidores registran autom\u00e1ticamente cierta informaci\u00f3n del archivo de registro. Estos registros del servidor pueden incluir informaci\u00f3n como su solicitud web, direcci\u00f3n de Protocolo de Internet (&quot;IP&quot;), tipo de navegador, p\u00e1ginas y URL de referencia\/salida, n\u00famero de clics y c\u00f3mo interact\u00faa con los enlaces en el Servicio, nombres de dominio, p\u00e1ginas de destino, p\u00e1ginas visitadas y otra informaci\u00f3n similar.<\/p>\n\n\n\n<p><strong>Informaci\u00f3n clara de gifs:<\/strong>&nbsp;Cuando utiliza el Servicio, podemos emplear gifs transparentes (tambi\u00e9n conocidos como balizas web) que se utilizan para rastrear los patrones de uso en l\u00ednea de nuestros usuarios de forma an\u00f3nima. Adem\u00e1s, tambi\u00e9n podemos usar gifs transparentes en correos electr\u00f3nicos basados en HTML enviados a nuestros usuarios para rastrear qu\u00e9 correos electr\u00f3nicos abren los destinatarios. La informaci\u00f3n se utiliza para permitir informes m\u00e1s precisos, mejorar la eficacia de nuestro marketing y hacer que Vibetrace sea mejor para nuestros usuarios.<\/p>\n\n\n\n<p><strong>Servicios de terceros:<\/strong>&nbsp;Vibetrace utiliza servicios de an\u00e1lisis de terceros, incluido Google Analytics, para ayudar a comprender el uso del Servicio. Estos servicios recopilan la informaci\u00f3n enviada por su navegador como parte de una solicitud de p\u00e1gina web, incluidas las cookies y su direcci\u00f3n IP. Su uso de dicha informaci\u00f3n se rige por su Pol\u00edtica de Privacidad.<\/p>\n\n\n\n<p>Todas las integraciones y servicios de terceros proporcionados como parte de este producto se ofrecen en un \u201c<strong>tal cual<\/strong>\u201d base, \u00fanicamente para su conveniencia. <\/p>\n\n\n\n<p>Si bien estas integraciones pueden mejorar la funcionalidad y la experiencia del usuario, no est\u00e1n incluidas en nuestros compromisos de soporte ni en la cobertura de nuestra garant\u00eda. No garantizamos su disponibilidad, fiabilidad, precisi\u00f3n ni idoneidad ininterrumpidas para ning\u00fan fin espec\u00edfico. Los usuarios reconocen y aceptan que la disponibilidad, funcionalidad o compatibilidad de estas integraciones puede cambiar o cesar sin previo aviso. El uso de dichas integraciones es bajo el propio riesgo del usuario y declinamos cualquier responsabilidad derivada o relacionada con su uso.<br><br><br><br><\/p>\n\n\n\n<h4 class=\"gb-headline gb-headline-f7c6c6e0 gb-headline-text\">C\u00f3mo usamos su informaci\u00f3n<\/h4>\n\n\n\n<p>La raz\u00f3n principal por la que recopilamos datos acumulativos es para brindarle una mejor experiencia en nuestro sitio web y en los sitios web de los Clientes. Los sitios web de los clientes son aquellos con los que estamos integrados y usted nos dio acceso para recopilar informaci\u00f3n sobre su comportamiento en ellos. Recopilamos datos acumulativos por una variedad de razones, que incluyen: marketing y promociones, an\u00e1lisis estad\u00edstico del comportamiento de nuestros visitantes, desarrollo de productos, mejoras de contenido y funciones. Toda la informaci\u00f3n que recopilamos tambi\u00e9n se hace an\u00f3nima mediante la generaci\u00f3n de datos estad\u00edsticos, que podemos vender a los Clientes para su beneficio como Usuario.<\/p>\n\n\n\n<p>Nuestros datos colectivos pueden compartirse con nuestros socios para brindarle un excelente servicio al cliente, descuentos para compras en l\u00ednea u otras actividades de marketing.<\/p>\n\n\n\n<p>Al proporcionar a Vibetrace su direcci\u00f3n de correo electr\u00f3nico (incluido &quot;seguir&quot;, &quot;gustar&quot;, agregar la aplicaci\u00f3n Vibetrace, vincular su cuenta al servicio Vibetrace, etc., en un sitio web o red de terceros), usted acepta que usemos la direcci\u00f3n de correo electr\u00f3nico para enviarle avisos relacionados con el Servicio, incluidos los avisos requeridos por la ley, en lugar de la comunicaci\u00f3n por correo postal. Tambi\u00e9n acepta que podemos enviarle notificaciones de actividad en el Servicio a la direcci\u00f3n de correo electr\u00f3nico que nos proporcione, de acuerdo con cualquier configuraci\u00f3n de privacidad aplicable. Podemos usar su direcci\u00f3n de correo electr\u00f3nico para enviarle otros mensajes, como boletines, cambios en las funciones del Servicio u ofertas especiales. Si no desea recibir dichos mensajes de correo electr\u00f3nico, puede optar por no participar o cambiar sus preferencias en su p\u00e1gina de perfil. La exclusi\u00f3n voluntaria puede evitar que reciba mensajes de correo electr\u00f3nico sobre actualizaciones, mejoras u ofertas. No puede optar por no recibir correos electr\u00f3nicos relacionados con el Servicio.<\/p>\n\n\n\n<p>Despu\u00e9s de la terminaci\u00f3n o desactivaci\u00f3n de su cuenta de usuario, Vibetrace puede conservar la informaci\u00f3n de su perfil y el Contenido de usuario durante un tiempo comercialmente razonable con fines de copia de seguridad, archivo o auditor\u00eda. Adem\u00e1s, Vibetrace puede retener y continuar usando indefinidamente toda la informaci\u00f3n (incluido el Contenido del usuario) contenida en sus comunicaciones a otros Usuarios o publicada en \u00e1reas p\u00fablicas o semip\u00fablicas del Servicio despu\u00e9s de la terminaci\u00f3n o desactivaci\u00f3n de su cuenta de Usuario.<\/p>\n\n\n\n<p>Si elige utilizar nuestro servicio de invitaci\u00f3n para invitar a un amigo al Servicio, le pediremos sus credenciales de correo electr\u00f3nico o cuenta de redes sociales. Vibetrace utilizar\u00e1 esta informaci\u00f3n para: (i) acceder a la libreta de direcciones de su cuenta de correo electr\u00f3nico o a la lista de amigos de su cuenta de redes sociales, (ii) permitirle seleccionar terceros a los que le gustar\u00eda invitar al Servicio, (ii) registrar a esos terceros partes si se acepta su invitaci\u00f3n, y (iv) realizar un seguimiento del \u00e9xito de nuestro servicio de invitaci\u00f3n. Los terceros que invite pueden comunicarse con nosotros para solicitar que eliminemos su informaci\u00f3n de nuestra base de datos hello@vibetrace.com.<\/p>\n\n\n\n<p>Vibetrace puede usar cierta informaci\u00f3n sobre usted y\/o su Contenido de usuario internamente para fines tales como analizar c\u00f3mo se usa el Servicio, diagnosticar problemas t\u00e9cnicos o del servicio, mantener la seguridad y personalizar el contenido.<\/p>\n\n\n\n<p>Vibetrace se reserva el derecho, pero no tiene la obligaci\u00f3n, de controlar el Contenido de usuario que publica en el Servicio. Nos reservamos el derecho de eliminar dicha informaci\u00f3n o material por cualquier motivo o sin motivo, incluido, entre otros, si, en nuestra opini\u00f3n, dicha informaci\u00f3n o material viola, o puede violar, cualquier ley aplicable o nuestro Acuerdo de T\u00e9rminos de uso, o para proteger o defender nuestros derechos o propiedad o los de cualquier tercero. Vibetrace tambi\u00e9n se reserva el derecho de eliminar informaci\u00f3n a pedido de un tercero.<\/p>\n\n\n\n<p>Usamos cookies, gifs transparentes, identificadores de dispositivos, datos de ubicaci\u00f3n e informaci\u00f3n de archivos de registro para: (a) recordar informaci\u00f3n para que no tenga que volver a ingresarla durante su visita o la pr\u00f3xima vez que visite el sitio; (b) proporcionar contenido e informaci\u00f3n personalizados y personalizados; (c) monitorear la efectividad de nuestro Servicio; (d) monitorear m\u00e9tricas agregadas como el n\u00famero total de visitantes, el tr\u00e1fico y los patrones demogr\u00e1ficos; (e) diagnosticar o solucionar problemas tecnol\u00f3gicos informados por nuestros Usuarios o ingenieros que est\u00e1n asociados con ciertas direcciones IP; (f) ayudarlo a acceder de manera eficiente a su informaci\u00f3n despu\u00e9s de iniciar sesi\u00f3n; y (h) rastrear el Contenido del usuario y los Usuarios en la medida necesaria para cumplir como proveedor de servicios con la Ley de derechos de autor del milenio digital; y (i) actualizar autom\u00e1ticamente la aplicaci\u00f3n Vibetrace en su sistema y dispositivos relacionados.<\/p>\n\n\n\n<h4 class=\"gb-headline gb-headline-14d38170 gb-headline-text\">C\u00f3mo compartimos su informaci\u00f3n<\/h4>\n\n\n\n<p>Informaci\u00f3n de identificaci\u00f3n personal: Vibetrace puede compartir su informaci\u00f3n de identificaci\u00f3n personal con terceros con el fin de proporcionarle el Servicio. Si hacemos esto, el uso de su informaci\u00f3n por parte de terceros estar\u00e1 sujeto a esta Pol\u00edtica de privacidad. Podemos almacenar informaci\u00f3n personal en ubicaciones fuera del control directo de Vibetrace (por ejemplo, en servidores o bases de datos ubicadas junto con proveedores de alojamiento).<\/p>\n\n\n\n<p>A medida que desarrollamos nuestro negocio, podemos comprar o vender activos u ofertas comerciales. La informaci\u00f3n de clientes, correos electr\u00f3nicos y visitantes es generalmente uno de los activos comerciales transferidos en este tipo de transacciones. Tambi\u00e9n podemos transferir o ceder dicha informaci\u00f3n en el curso de desinversiones, fusiones o disoluciones corporativas.<\/p>\n\n\n\n<p>Cualquier informaci\u00f3n o contenido personal que divulgue voluntariamente para publicarlo en el Servicio, como el Contenido del usuario, estar\u00e1 disponible para el p\u00fablico, seg\u00fan lo controle cualquier configuraci\u00f3n de privacidad aplicable. El texto, las im\u00e1genes o cualquier cosa que publique en el Servicio se marcan autom\u00e1ticamente como p\u00fablicos de forma predeterminada; Si elimina la informaci\u00f3n que public\u00f3 en el Servicio, las copias pueden permanecer visibles en las p\u00e1ginas almacenadas en cach\u00e9 y archivadas del Servicio, o si otros Usuarios han copiado o guardado esa informaci\u00f3n.<\/p>\n\n\n\n<p>De vez en cuando, podemos realizar concursos, ofertas especiales u otros eventos o actividades (&quot;Eventos&quot;) en el Servicio junto con un socio externo. Si proporciona informaci\u00f3n a dichos terceros, les da permiso para usarla con el prop\u00f3sito de ese Evento y cualquier otro uso que usted apruebe. No podemos controlar el uso de su informaci\u00f3n por parte de terceros. Si no desea que su informaci\u00f3n sea recopilada o compartida con un tercero, puede optar por no participar en estos Eventos.<\/p>\n\n\n\n<p>Salvo que se describa lo contrario en esta Pol\u00edtica de privacidad, Vibetrace no divulgar\u00e1 informaci\u00f3n personal a ning\u00fan tercero a menos que as\u00ed lo exija la ley o una citaci\u00f3n o si creemos que dicha acci\u00f3n es necesaria para (a) cumplir con la ley, cumplir con el proceso legal servido en nosotros o nuestros afiliados, o investigar, prevenir o tomar medidas con respecto a actividades ilegales sospechosas o reales; (b) para hacer cumplir nuestros T\u00e9rminos de uso [enlace], tomar precauciones contra la responsabilidad, investigar y defendernos de reclamos o alegaciones de terceros, ayudar a las agencias gubernamentales encargadas de hacer cumplir la ley o proteger la seguridad o la integridad de nuestro sitio; y (c) para ejercer o proteger los derechos, la propiedad o la seguridad personal de Vibetrace, nuestros Usuarios u otros.<\/p>\n\n\n\n<p>Informaci\u00f3n de identificaci\u00f3n no personal: podemos compartir informaci\u00f3n de identificaci\u00f3n no personal (como datos de uso an\u00f3nimos, p\u00e1ginas y URL de referencia\/salida, tipos de plataforma, n\u00famero de clics, etc.) con terceros interesados para ayudarlos a comprender los patrones de uso de ciertos servicios de Vibetrace.<\/p>\n\n\n\n<p>Vibetrace puede permitir que servidores de anuncios o redes de anuncios de terceros publiquen anuncios en el Servicio. Estos servidores de anuncios o redes publicitarias de terceros utilizan tecnolog\u00eda para enviar, directamente a su navegador, los anuncios y enlaces que aparecen en Vibetrace. Reciben autom\u00e1ticamente su direcci\u00f3n IP cuando esto sucede. Tambi\u00e9n pueden usar otras tecnolog\u00edas (como cookies, JavaScript o balizas web) para medir la efectividad de sus anuncios y personalizar el contenido publicitario. Vibetrace no proporciona ninguna informaci\u00f3n de identificaci\u00f3n personal a estos servidores de anuncios o redes publicitarias de terceros sin su consentimiento. Sin embargo, tenga en cuenta que si un anunciante le pide a Vibetrace que muestre un anuncio a una determinada audiencia y usted responde a ese anuncio, el anunciante o el servidor de anuncios pueden concluir que usted se ajusta a la descripci\u00f3n de la audiencia a la que intentan llegar. La Pol\u00edtica de privacidad de Vibetrace no se aplica y no podemos controlar las actividades de los anunciantes de terceros. Consulte las respectivas pol\u00edticas de privacidad de dichos anunciantes para obtener m\u00e1s informaci\u00f3n.<\/p>\n\n\n\n<h4 class=\"gb-headline gb-headline-cb92b00b gb-headline-text\">C\u00f3mo protegemos su informaci\u00f3n<\/h4>\n\n\n\n<p>Vibetrace se preocupa por la integridad y seguridad de su informaci\u00f3n personal. Sin embargo, no podemos asegurar ni garantizar la seguridad de la informaci\u00f3n que transmita a Vibetrace ni garantizar que no se pueda acceder, divulgar, alterar o destruir su informaci\u00f3n en el Servicio por incumplimiento de cualquiera de nuestras salvaguardas f\u00edsicas, t\u00e9cnicas o administrativas. Su configuraci\u00f3n de privacidad tambi\u00e9n puede verse afectada por cambios en la funcionalidad de los distribuidores de Vibetrace, como las redes sociales. Vibetrace no es responsable de la funcionalidad o las medidas de seguridad de terceros.<\/p>\n\n\n\n<p>Para proteger su privacidad y seguridad, tomamos medidas razonables (como solicitar una contrase\u00f1a \u00fanica) para verificar su identidad antes de otorgarle acceso a su cuenta. Usted es responsable de mantener en secreto su contrase\u00f1a \u00fanica y la informaci\u00f3n de su cuenta, y de controlar el acceso a sus comunicaciones por correo electr\u00f3nico de Vibetrace, en todo momento.<\/p>\n\n\n\n<h4 class=\"gb-headline gb-headline-49dd9697 gb-headline-text\">Transferencia internacional<\/h4>\n\n\n\n<p>Su informaci\u00f3n puede ser transferida y mantenida en computadoras ubicadas fuera de su estado, provincia, pa\u00eds u otra jurisdicci\u00f3n gubernamental donde las leyes de privacidad pueden no ser tan protectoras como las de su jurisdicci\u00f3n. <\/p>\n\n\n\n<p>Si se encuentra fuera de Estados Unidos y decide proporcionarnos informaci\u00f3n, Vibetrace LTD transfiere su informaci\u00f3n personal a Estados Unidos y la procesa all\u00ed. Su consentimiento a esta Pol\u00edtica de Privacidad y el env\u00edo de dicha informaci\u00f3n constituyen su consentimiento a dicha transferencia.<\/p>\n\n\n\n<h4 class=\"gb-headline gb-headline-a1562843 gb-headline-text\">Sus opciones sobre su informaci\u00f3n<\/h4>\n\n\n\n<p>Por supuesto, puede negarse a enviar informaci\u00f3n de identificaci\u00f3n personal a trav\u00e9s del Servicio, en cuyo caso es posible que Vibetrace no pueda brindarle ciertos servicios. Puede revisar y corregir la informaci\u00f3n sobre usted que Vibetrace mantiene archivada poni\u00e9ndose en contacto con nosotros directamente en hello@vibetrace.com.<\/p>\n\n\n\n<h4 class=\"gb-headline gb-headline-22cf3f15 gb-headline-text\">Privacidad de los ni\u00f1os<\/h4>\n\n\n\n<p>Proteger la privacidad de los ni\u00f1os peque\u00f1os es especialmente importante. Por ese motivo, Vibetrace no recopila ni solicita a sabiendas informaci\u00f3n personal de ninguna persona menor de 13 a\u00f1os ni permite a sabiendas que dichas personas se registren como Usuarios. Si tiene menos de 13 a\u00f1os, no nos env\u00ede ninguna informaci\u00f3n sobre usted, incluidos su nombre, direcci\u00f3n, n\u00famero de tel\u00e9fono o direcci\u00f3n de correo electr\u00f3nico. Ning\u00fan menor de 13 a\u00f1os puede proporcionar informaci\u00f3n personal a o en Vibetrace. En el caso de que sepamos que hemos recopilado informaci\u00f3n personal de un ni\u00f1o menor de 13 a\u00f1os sin verificaci\u00f3n del consentimiento de los padres, eliminaremos esa informaci\u00f3n lo m\u00e1s r\u00e1pido posible. Si cree que podr\u00edamos tener informaci\u00f3n de un ni\u00f1o menor de 13 a\u00f1os o sobre \u00e9l, comun\u00edquese con nosotros hello@vibetrace.com.<\/p>\n\n\n\n<h4 class=\"gb-headline gb-headline-935eb4ac gb-headline-text\">Enlaces a otros sitios web<\/h4>\n\n\n\n<p>No somos responsables de las pr\u00e1cticas empleadas por los sitios web vinculados hacia o desde el Servicio, ni de la informaci\u00f3n o el contenido que contiene. Recuerde que cuando utiliza un enlace para ir del Servicio a otro sitio web, nuestra Pol\u00edtica de privacidad ya no est\u00e1 vigente. Su navegaci\u00f3n e interacci\u00f3n en cualquier otro sitio web, incluidos aquellos que tienen un enlace en nuestro sitio web, est\u00e1n sujetos a las reglas y pol\u00edticas propias de ese sitio web. Por favor, lea sobre las normas y pol\u00edticas antes de proceder.<\/p>\n\n\n\n<h4 class=\"gb-headline gb-headline-f663226a gb-headline-text\">Procedimientos de notificaci\u00f3n<\/h4>\n\n\n\n<p>Es nuestra pol\u00edtica enviarle notificaciones, ya sea que dichas notificaciones sean requeridas por la ley o sean para marketing u otros fines relacionados con el negocio, a trav\u00e9s de un aviso por correo electr\u00f3nico, un aviso por escrito o en copia impresa, o mediante la publicaci\u00f3n visible de dicho aviso en el Servicio, seg\u00fan se determine. por Vibetrace a su exclusivo criterio. Nos reservamos el derecho de determinar la forma y los medios para enviarle notificaciones, siempre que pueda optar por no recibir ciertos medios de notificaci\u00f3n como se describe en esta Pol\u00edtica de privacidad.<\/p>\n\n\n\n<h4 class=\"gb-headline gb-headline-39576aa8 gb-headline-text\">Cambios a Nuestra Pol\u00edtica de Privacidad<\/h4>\n\n\n\n<p>Vibetrace puede actualizar su Pol\u00edtica de privacidad de vez en cuando, por lo que debe revisar esta Pol\u00edtica peri\u00f3dicamente. Cuando cambiemos la pol\u00edtica de manera sustancial, actualizaremos la fecha de &quot;\u00faltima modificaci\u00f3n&quot; en la parte superior de esta Pol\u00edtica de privacidad. Los cambios a esta Pol\u00edtica de privacidad son efectivos cuando se publican en esta p\u00e1gina. Si tiene alguna pregunta sobre esta Pol\u00edtica de privacidad, las pr\u00e1cticas de este sitio o sus tratos con este sitio web, cont\u00e1ctenos en hello@vibetrace.com.<\/p>\n\n<\/div><\/div>","protected":false},"excerpt":{"rendered":"<p>T\u00e9rminos y condiciones La privacidad y la seguridad de los datos son muy importantes para nosotros. A continuaci\u00f3n podr\u00e1s\u2026 <a title=\"T\u00e9rminos y condiciones\" class=\"read-more\" href=\"https:\/\/vibetrace.com\/es\/terminos-y-condiciones\/\" aria-label=\"Leer m\u00e1s sobre T\u00e9rminos y condiciones\"> <\/a><\/p>","protected":false},"author":9,"featured_media":0,"parent":0,"menu_order":0,"comment_status":"closed","ping_status":"closed","template":"","meta":{"inline_featured_image":false,"footnotes":""},"class_list":["post-164","page","type-page","status-publish"],"_links":{"self":[{"href":"https:\/\/vibetrace.com\/es\/wp-json\/wp\/v2\/pages\/164","targetHints":{"allow":["GET"]}}],"collection":[{"href":"https:\/\/vibetrace.com\/es\/wp-json\/wp\/v2\/pages"}],"about":[{"href":"https:\/\/vibetrace.com\/es\/wp-json\/wp\/v2\/types\/page"}],"author":[{"embeddable":true,"href":"https:\/\/vibetrace.com\/es\/wp-json\/wp\/v2\/users\/9"}],"replies":[{"embeddable":true,"href":"https:\/\/vibetrace.com\/es\/wp-json\/wp\/v2\/comments?post=164"}],"version-history":[{"count":1,"href":"https:\/\/vibetrace.com\/es\/wp-json\/wp\/v2\/pages\/164\/revisions"}],"predecessor-version":[{"id":26726,"href":"https:\/\/vibetrace.com\/es\/wp-json\/wp\/v2\/pages\/164\/revisions\/26726"}],"wp:attachment":[{"href":"https:\/\/vibetrace.com\/es\/wp-json\/wp\/v2\/media?parent=164"}],"curies":[{"name":"wp","href":"https:\/\/api.w.org\/{rel}","templated":true}]}}