{"id":120,"date":"2021-08-11T08:36:45","date_gmt":"2021-08-11T08:36:45","guid":{"rendered":"https:\/\/vibetrace.com\/blog\/?page_id=120"},"modified":"2021-08-14T14:34:22","modified_gmt":"2021-08-14T14:34:22","slug":"ecommerce-crm","status":"publish","type":"page","link":"https:\/\/vibetrace.com\/es\/ecommerce-crm\/","title":{"rendered":"CRM de comercio electr\u00f3nico"},"content":{"rendered":"<div class=\"gb-container gb-container-6b1c7030\"><div class=\"gb-inside-container\">\n<div class=\"gb-grid-wrapper gb-grid-wrapper-c2668a42\">\n<div class=\"gb-grid-column gb-grid-column-e9f2de89\"><div class=\"gb-container gb-container-e9f2de89\"><div class=\"gb-inside-container\">\n\n<h1 class=\"gb-headline gb-headline-6198c2a0 gb-headline-text\">CRM de comercio electr\u00f3nico<\/h1>\n\n\n\n<p class=\"gb-headline gb-headline-c7d89497\"><span class=\"gb-icon\"><svg style=\"fill-rule:evenodd;clip-rule:evenodd;stroke-linejoin:round;stroke-miterlimit:2;\" xml:space=\"preserve\" xmlns:xlink=\"http:\/\/www.w3.org\/1999\/xlink\" xmlns=\"http:\/\/www.w3.org\/2000\/svg\" version=\"1.1\" viewbox=\"0 0 600 456\" height=\"100%\" width=\"100%\"><path style=\"fill-rule:nonzero;\" d=\"M214.5,443.5c-7.7,7.7 -16.4,11.6 -26.1,11.6c-9.7,0 -18.4,-3.9 -26.1,-11.6l-162.3,-162.3l52.2,-52.2l136.2,136.2l362.3,-365.2l49.3,52.2l-385.5,391.3Z\"><\/path><\/svg><\/span><span class=\"gb-headline-text\">Aumente el ROI de las campa\u00f1as de marketing con informaci\u00f3n detallada de los clientes<\/span><\/p>\n\n\n\n<p class=\"gb-headline gb-headline-7d862e64\"><span class=\"gb-icon\"><svg style=\"fill-rule:evenodd;clip-rule:evenodd;stroke-linejoin:round;stroke-miterlimit:2;\" xml:space=\"preserve\" xmlns:xlink=\"http:\/\/www.w3.org\/1999\/xlink\" xmlns=\"http:\/\/www.w3.org\/2000\/svg\" version=\"1.1\" viewbox=\"0 0 600 456\" height=\"100%\" width=\"100%\"><path style=\"fill-rule:nonzero;\" d=\"M214.5,443.5c-7.7,7.7 -16.4,11.6 -26.1,11.6c-9.7,0 -18.4,-3.9 -26.1,-11.6l-162.3,-162.3l52.2,-52.2l136.2,136.2l362.3,-365.2l49.3,52.2l-385.5,391.3Z\"><\/path><\/svg><\/span><span class=\"gb-headline-text\"><strong>Personaliza la comunicaci\u00f3n<\/strong>\u00a0con cada cliente<\/span><\/p>\n\n\n\n<p class=\"gb-headline gb-headline-8511c2f6\"><span class=\"gb-icon\"><svg style=\"fill-rule:evenodd;clip-rule:evenodd;stroke-linejoin:round;stroke-miterlimit:2;\" xml:space=\"preserve\" xmlns:xlink=\"http:\/\/www.w3.org\/1999\/xlink\" xmlns=\"http:\/\/www.w3.org\/2000\/svg\" version=\"1.1\" viewbox=\"0 0 600 456\" height=\"100%\" width=\"100%\"><path style=\"fill-rule:nonzero;\" d=\"M214.5,443.5c-7.7,7.7 -16.4,11.6 -26.1,11.6c-9.7,0 -18.4,-3.9 -26.1,-11.6l-162.3,-162.3l52.2,-52.2l136.2,136.2l362.3,-365.2l49.3,52.2l-385.5,391.3Z\"><\/path><\/svg><\/span><span class=\"gb-headline-text\"><strong>Aumentar el compromiso<\/strong>\u00a0y optimizar para fidelizar<\/span><\/p>\n\n\n\n<p class=\"gb-headline gb-headline-3d67146b\"><span class=\"gb-icon\"><svg style=\"fill-rule:evenodd;clip-rule:evenodd;stroke-linejoin:round;stroke-miterlimit:2;\" xml:space=\"preserve\" xmlns:xlink=\"http:\/\/www.w3.org\/1999\/xlink\" xmlns=\"http:\/\/www.w3.org\/2000\/svg\" version=\"1.1\" viewbox=\"0 0 600 456\" height=\"100%\" width=\"100%\"><path style=\"fill-rule:nonzero;\" d=\"M214.5,443.5c-7.7,7.7 -16.4,11.6 -26.1,11.6c-9.7,0 -18.4,-3.9 -26.1,-11.6l-162.3,-162.3l52.2,-52.2l136.2,136.2l362.3,-365.2l49.3,52.2l-385.5,391.3Z\"><\/path><\/svg><\/span><span class=\"gb-headline-text\">Segmente a los usuarios por valor para el cliente, actividad del ciclo de vida o compromiso<\/span><\/p>\n\n\n\n<p class=\"gb-headline gb-headline-1d94a96e\"><span class=\"gb-icon\"><svg style=\"fill-rule:evenodd;clip-rule:evenodd;stroke-linejoin:round;stroke-miterlimit:2;\" xml:space=\"preserve\" xmlns:xlink=\"http:\/\/www.w3.org\/1999\/xlink\" xmlns=\"http:\/\/www.w3.org\/2000\/svg\" version=\"1.1\" viewbox=\"0 0 600 456\" height=\"100%\" width=\"100%\"><path style=\"fill-rule:nonzero;\" d=\"M214.5,443.5c-7.7,7.7 -16.4,11.6 -26.1,11.6c-9.7,0 -18.4,-3.9 -26.1,-11.6l-162.3,-162.3l52.2,-52.2l136.2,136.2l362.3,-365.2l49.3,52.2l-385.5,391.3Z\"><\/path><\/svg><\/span><span class=\"gb-headline-text\">Saque el m\u00e1ximo partido de cada cliente y cree\u00a0<strong>repetir el comportamiento de compra<\/strong><\/span><\/p>\n\n<\/div><\/div><\/div>\n\n<div class=\"gb-grid-column gb-grid-column-bf84404e\"><div class=\"gb-container gb-container-bf84404e\"><div class=\"gb-inside-container\">\n\n<figure class=\"wp-block-image size-full\"><img loading=\"lazy\" decoding=\"async\" width=\"598\" height=\"376\" src=\"https:\/\/vibetrace.com\/blog\/wp-content\/uploads\/2021\/08\/ecommerce-crm.webp\" alt=\"\" class=\"wp-image-443\" srcset=\"https:\/\/vibetrace.com\/wp-content\/uploads\/2021\/08\/ecommerce-crm.webp 598w, https:\/\/vibetrace.com\/wp-content\/uploads\/2021\/08\/ecommerce-crm-300x189.webp 300w\" sizes=\"auto, (max-width: 598px) 100vw, 598px\" \/><\/figure>\n\n<\/div><\/div><\/div>\n<\/div>\n<\/div><\/div>\n\n<div class=\"gb-container gb-container-3c675f5c\"><div class=\"gb-inside-container\">\n<div class=\"gb-grid-wrapper gb-grid-wrapper-9aa1cfd1\">\n<div class=\"gb-grid-column gb-grid-column-d47fa173\"><div class=\"gb-container gb-container-d47fa173 box-shadow\"><div class=\"gb-inside-container\">\n<div class=\"gb-button-wrapper gb-button-wrapper-b1932e92\">\n\n<a class=\"gb-button gb-button-90d9518b gb-button-text\" href=\"https:\/\/vibetrace.com\/es\/blog\/pricing\/\">Ver precios<\/a>\n\n<\/div>\n\n\n<div class=\"gb-headline gb-headline-5039b65d gb-headline-text\">Tus clientes son tu activo m\u00e1s importante. S\u00e1cale el m\u00e1ximo partido y aumenta las ventas.<\/div>\n\n<\/div><\/div><\/div>\n<\/div>\n<\/div><\/div>\n\n<div class=\"gb-container gb-container-4b9794f7\"><div class=\"gb-inside-container\">\n<div class=\"gb-grid-wrapper gb-grid-wrapper-41e9f2fa\">\n<div class=\"gb-grid-column gb-grid-column-25d49cf4\"><div class=\"gb-container gb-container-25d49cf4\"><div class=\"gb-inside-container\">\n\n<h3 class=\"wp-block-heading\">Comunicarse a nivel personal<\/h3>\n\n\n\n<ul class=\"wp-block-list\"><li><strong>Aumente su ROI en todos los canales con un enfoque de comunicaci\u00f3n personalizado con sus clientes.<\/strong><\/li><li><strong>Impulsar las ventas y las tasas de conversi\u00f3n<\/strong>&nbsp;poniendo al cliente en el centro de su estrategia minorista.<\/li><li>Proporcionar una&nbsp;<strong>experiencia de compra personalizada<\/strong>&nbsp;para captar clientes y fidelizarlos.<\/li><\/ul>\n\n\n\n<h3 class=\"wp-block-heading\">Motor de inteligencia del cliente<\/h3>\n\n\n\n<p>Toda la informaci\u00f3n del usuario, la actividad, las compras se re\u00fanen en lo que llamamos Motor de inteligencia del cliente. Es la columna vertebral de Vibetrace, conectado a su tienda para&nbsp;<strong>aumentar los ingresos, la tasa de conversi\u00f3n a trav\u00e9s de la automatizaci\u00f3n y la personalizaci\u00f3n.<\/strong><\/p>\n\n<\/div><\/div><\/div>\n\n<div class=\"gb-grid-column gb-grid-column-b670558e\"><div class=\"gb-container gb-container-b670558e\"><div class=\"gb-inside-container\">\n\n<figure class=\"wp-block-image size-full\"><img loading=\"lazy\" decoding=\"async\" width=\"489\" height=\"436\" src=\"https:\/\/vibetrace.com\/blog\/wp-content\/uploads\/2021\/08\/personalized-communication-1.webp\" alt=\"\" class=\"wp-image-510\" srcset=\"https:\/\/vibetrace.com\/wp-content\/uploads\/2021\/08\/personalized-communication-1.webp 489w, https:\/\/vibetrace.com\/wp-content\/uploads\/2021\/08\/personalized-communication-1-300x267.webp 300w\" sizes=\"auto, (max-width: 489px) 100vw, 489px\" \/><\/figure>\n\n<\/div><\/div><\/div>\n<\/div>\n<\/div><\/div>\n\n<div class=\"gb-container gb-container-00c0c01c\"><div class=\"gb-inside-container\">\n<div class=\"gb-container gb-container-8a4fbb37\"><div class=\"gb-inside-container\">\n<div class=\"gb-grid-wrapper gb-grid-wrapper-07335223\">\n<div class=\"gb-grid-column gb-grid-column-d5084e57\"><div class=\"gb-container gb-container-d5084e57\"><div class=\"gb-inside-container\">\n\n<h4 class=\"has-text-align-center wp-block-heading\">Recopilar informaci\u00f3n<\/h4>\n\n\n\n<p>Vibetrace considera inteligentemente a cada visitante individual en su viaje a trav\u00e9s de su sitio. Realiza un seguimiento de c\u00f3mo llegan a su sitio web, los productos vistos, los que seleccionan o ignoran, las compras que completan y los que abandonan.<\/p>\n\n<\/div><\/div><\/div>\n\n<div class=\"gb-grid-column gb-grid-column-85af019a\"><div class=\"gb-container gb-container-85af019a\"><div class=\"gb-inside-container\">\n\n<h4 class=\"has-text-align-center wp-block-heading\">Analizar datos<\/h4>\n\n\n\n<p>Analizamos el comportamiento de los usuarios en su sitio web, la actividad de env\u00edo de correos electr\u00f3nicos, el flujo de visitas y los combinamos con t\u00e9cnicas l\u00edderes de modelado de comportamiento para anticiparnos a los deseos y necesidades del comprador. A medida que se recopilan datos, se crea un rico perfil de consumidor.<\/p>\n\n<\/div><\/div><\/div>\n\n<div class=\"gb-grid-column gb-grid-column-8dc97181\"><div class=\"gb-container gb-container-8dc97181\"><div class=\"gb-inside-container\">\n\n<h5 class=\"has-text-align-center wp-block-heading\">Ofrecer personalizaci\u00f3n<\/h5>\n\n\n\n<p>Este perfil combinado con la actividad de otros compradores es la base para las recomendaciones de productos y la personalizaci\u00f3n del sitio. El resultado es una experiencia de compra personalizada para cada visitante: desde la p\u00e1gina de destino hasta el pago.<\/p>\n\n<\/div><\/div><\/div>\n<\/div>\n<\/div><\/div>\n<\/div><\/div>\n\n<div class=\"gb-container gb-container-7ffa1e8f\"><div class=\"gb-inside-container\">\n<div class=\"gb-grid-wrapper gb-grid-wrapper-d6af49d5\">\n<div class=\"gb-grid-column gb-grid-column-84ef6882\"><div class=\"gb-container gb-container-84ef6882\"><div class=\"gb-inside-container\">\n\n<h2 class=\"gb-headline gb-headline-357a88bf gb-headline-text\">\u00bfQuieres saber m\u00e1s sobre tus usuarios?<\/h2>\n\n<\/div><\/div><\/div>\n\n<div class=\"gb-grid-column gb-grid-column-4584798e\"><div class=\"gb-container gb-container-4584798e\"><div class=\"gb-inside-container\">\n<div class=\"gb-button-wrapper gb-button-wrapper-8d6a8be0\">\n\n<span class=\"gb-button gb-button-771305e4 gb-button-text\">Conoce a tus clientes, solicita una demo<\/span>\n\n<\/div>\n<\/div><\/div><\/div>\n<\/div>\n\n\n<p class=\"has-text-align-center\">El primero corre por nuestra cuenta, y conocemos bastantes lugares bonitos<\/p>\n\n<\/div><\/div>","protected":false},"excerpt":{"rendered":"<p>El primero corre por nuestra cuenta, y conocemos bastantes lugares bonitos<\/p>","protected":false},"author":9,"featured_media":0,"parent":0,"menu_order":0,"comment_status":"closed","ping_status":"closed","template":"","meta":{"inline_featured_image":false,"footnotes":""},"class_list":["post-120","page","type-page","status-publish"],"_links":{"self":[{"href":"https:\/\/vibetrace.com\/es\/wp-json\/wp\/v2\/pages\/120","targetHints":{"allow":["GET"]}}],"collection":[{"href":"https:\/\/vibetrace.com\/es\/wp-json\/wp\/v2\/pages"}],"about":[{"href":"https:\/\/vibetrace.com\/es\/wp-json\/wp\/v2\/types\/page"}],"author":[{"embeddable":true,"href":"https:\/\/vibetrace.com\/es\/wp-json\/wp\/v2\/users\/9"}],"replies":[{"embeddable":true,"href":"https:\/\/vibetrace.com\/es\/wp-json\/wp\/v2\/comments?post=120"}],"version-history":[{"count":0,"href":"https:\/\/vibetrace.com\/es\/wp-json\/wp\/v2\/pages\/120\/revisions"}],"wp:attachment":[{"href":"https:\/\/vibetrace.com\/es\/wp-json\/wp\/v2\/media?parent=120"}],"curies":[{"name":"wp","href":"https:\/\/api.w.org\/{rel}","templated":true}]}}