{"id":600,"date":"2021-08-14T18:19:47","date_gmt":"2021-08-14T18:19:47","guid":{"rendered":"https:\/\/vibetrace.com\/blog\/?page_id=600"},"modified":"2021-08-23T10:37:02","modified_gmt":"2021-08-23T10:37:02","slug":"why-vibetrace","status":"publish","type":"page","link":"https:\/\/vibetrace.com\/de\/warum-vibetrace\/","title":{"rendered":"Warum Vibratrace"},"content":{"rendered":"<div class=\"gb-container gb-container-65dc0282\"><div class=\"gb-inside-container\">\n\n<h1 class=\"gb-headline gb-headline-c6197b0e gb-headline-text\">Warum wir<\/h1>\n\n\n\n<p class=\"gb-headline gb-headline-3fe98b7a gb-headline-text\">Wir glauben, dass hervorragender Service gro\u00dfartig f\u00fcr das Gesch\u00e4ft ist<\/p>\n\n<\/div><\/div>\n\n<div class=\"gb-container gb-container-ca70e7d4\"><div class=\"gb-inside-container\">\n<div class=\"gb-grid-wrapper gb-grid-wrapper-2224c9a9\">\n<div class=\"gb-grid-column gb-grid-column-3cb2db8a\"><div class=\"gb-container gb-container-3cb2db8a\"><div class=\"gb-inside-container\">\n\n<h4 class=\"wp-block-heading\">E-Commerce-Erfahrung<\/h4>\n\n\n\n<p class=\"\">Seit 2007 arbeiten wir mit verschiedenen Online-Unternehmen zusammen, um ihnen dabei zu helfen, die Konversionsrate zu steigern. In dieser Zeit&nbsp;<strong>Wir haben mehr als ein paar Dutzend Tools f\u00fcr unsere Kunden verwendet.<\/strong><\/p>\n\n<\/div><\/div><\/div>\n\n<div class=\"gb-grid-column gb-grid-column-281c305b\"><div class=\"gb-container gb-container-281c305b\"><div class=\"gb-inside-container\">\n\n<h4 class=\"wp-block-heading\">Wir testen (noch) Tools von Mitbewerbern<\/h4>\n\n\n\n<p class=\"\">Von E-Mail-Marketing-L\u00f6sungen bis hin zu A\/B-Tests, Kontaktformular-Erstellern bis hin zu Social-Sharing-Widgets, Produktbewertungen bis hin zu wetterbasierten Bannern \u2013 wir haben sie alle ausprobiert. Einige funktionierten gut, andere nicht. In der Zwischenzeit&nbsp;<strong>Wir haben herausgefunden, was Online-H\u00e4ndler wirklich brauchen, also haben wir begonnen, unsere eigenen zu bauen.<\/strong><\/p>\n\n<\/div><\/div><\/div>\n\n<div class=\"gb-grid-column gb-grid-column-51ef2e8e\"><div class=\"gb-container gb-container-51ef2e8e\"><div class=\"gb-inside-container\">\n\n<h4 class=\"wp-block-heading\">Harte Arbeit verbunden<\/h4>\n\n\n\n<p class=\"\">Derzeit Vibetrace ist es ein&nbsp;<strong>einfach zu bedienendes, aber leistungsstarkes Tool<\/strong>&nbsp;das hilft E-Commerce-Vermarktern&nbsp;<strong>Konvertieren Sie den Traffic mithilfe von Personalisierung und Automatisierung in Verk\u00e4ufe.<\/strong><\/p>\n\n<\/div><\/div><\/div>\n\n<div class=\"gb-grid-column gb-grid-column-58f91747\"><div class=\"gb-container gb-container-58f91747\"><div class=\"gb-inside-container\">\n\n<h4 class=\"wp-block-heading\">Gute Spezialisten<\/h4>\n\n\n\n<p class=\"\">Es ist die kontinuierliche Arbeit von sehr erfahrenen Programmierern, intelligenten Technikern und gro\u00dfartigen Designern unter der Leitung von&nbsp;<strong>mehrere E-Commerce-Spezialisten<\/strong>, Data Scientists und Produktmanager, um es jeden Tag besser zu machen.<\/p>\n\n<\/div><\/div><\/div>\n<\/div>\n<\/div><\/div>\n\n<div class=\"gb-container gb-container-ea29bac9\"><div class=\"gb-inside-container\">\n<div class=\"gb-grid-wrapper gb-grid-wrapper-7eca65fa\">\n<div class=\"gb-grid-column gb-grid-column-a05264a0\"><div class=\"gb-container gb-container-a05264a0\"><div class=\"gb-inside-container\">\n\n<h2 class=\"wp-block-heading\">Ein kurzer Einblick in unser Team und was wir erreicht haben:<\/h2>\n\n\n\n<ul class=\"wp-block-list\"><li>Alle unsere Kunden sind von Anfang an bei uns.<\/li><li>Wir haben Kunden aus drei Kontinenten: Europa, Australien und Amerika<\/li><li>Der gr\u00f6\u00dfte Anstieg der Conversion-Rate betrug 73,61 TP3T f\u00fcr einen mittleren Kunden. (zig Bestellungen pro Tag)<\/li><li>er gr\u00f6\u00dfte Tag beim Sammeln von Leads war der 27. September 2013 mit 7392 E-Mail-Adressen f\u00fcr einen Kunden<\/li><li>Bei kleineren Kunden (&lt; 10 Bestellungen\/Tag) betr\u00e4gt die Erh\u00f6hung mehr als 1001 TP3T.<\/li><\/ul>\n\n<\/div><\/div><\/div>\n\n<div class=\"gb-grid-column gb-grid-column-b801391d\"><div class=\"gb-container gb-container-b801391d\"><div class=\"gb-inside-container\"><\/div><\/div><\/div>\n<\/div>\n<\/div><\/div>","protected":false},"excerpt":{"rendered":"<p>Warum wir? Wir glauben, dass hervorragender Service gut f\u00fcr das Gesch\u00e4ft ist<\/p>","protected":false},"author":9,"featured_media":0,"parent":0,"menu_order":0,"comment_status":"closed","ping_status":"closed","template":"","meta":{"inline_featured_image":false,"footnotes":""},"class_list":["post-600","page","type-page","status-publish"],"_links":{"self":[{"href":"https:\/\/vibetrace.com\/de\/wp-json\/wp\/v2\/pages\/600","targetHints":{"allow":["GET"]}}],"collection":[{"href":"https:\/\/vibetrace.com\/de\/wp-json\/wp\/v2\/pages"}],"about":[{"href":"https:\/\/vibetrace.com\/de\/wp-json\/wp\/v2\/types\/page"}],"author":[{"embeddable":true,"href":"https:\/\/vibetrace.com\/de\/wp-json\/wp\/v2\/users\/9"}],"replies":[{"embeddable":true,"href":"https:\/\/vibetrace.com\/de\/wp-json\/wp\/v2\/comments?post=600"}],"version-history":[{"count":0,"href":"https:\/\/vibetrace.com\/de\/wp-json\/wp\/v2\/pages\/600\/revisions"}],"wp:attachment":[{"href":"https:\/\/vibetrace.com\/de\/wp-json\/wp\/v2\/media?parent=600"}],"curies":[{"name":"wp","href":"https:\/\/api.w.org\/{rel}","templated":true}]}}