{"id":26629,"date":"2024-08-07T12:22:32","date_gmt":"2024-08-07T12:22:32","guid":{"rendered":"https:\/\/vibetrace.com\/?page_id=26629"},"modified":"2024-08-07T12:22:33","modified_gmt":"2024-08-07T12:22:33","slug":"essential-resources-for-digital-marketers-and-agencies","status":"publish","type":"page","link":"https:\/\/vibetrace.com\/de\/wichtige-ressourcen-fur-digitale-vermarkter-und-agenturen\/","title":{"rendered":"Wichtige Ressourcen f\u00fcr digitale Vermarkter und Agenturen"},"content":{"rendered":"<p>Egal, ob Sie ein erfahrener Vermarkter sind oder gerade erst anfangen, die richtigen Tools und Ressourcen zur Verf\u00fcgung zu haben, kann den entscheidenden Unterschied ausmachen. Von der Beherrschung von SEO und PPC bis hin zur Erstellung ansprechender Inhalte, der Analyse von Daten oder dem E-Mail-Marketing \u2013 die digitale Marketinglandschaft ist riesig und entwickelt sich st\u00e4ndig weiter.<\/p>\n\n\n\n<p>Hier ist Ihr Leitfaden mit den besten Ressourcen, die digitale Vermarkter in ihrem Toolkit haben sollten. <\/p>\n\n\n\n<p>Wir haben eine umfassende Liste wichtiger Tools, Websites und Plattformen zusammengestellt, die jeden Aspekt des digitalen Marketings abdecken. Diese Ressourcen helfen Ihnen, Ihre F\u00e4higkeiten zu verbessern, Ihren Workflow zu optimieren und letztendlich bessere Ergebnisse f\u00fcr Ihre Kampagnen zu erzielen.<a href=\"https:\/\/www.reddit.com\/r\/agency\/?f=flair_name%3A%22r%2FAgency%20Updates%22\" target=\"_blank\" rel=\"noopener\"><\/a><\/p>\n\n\n\n<h2 class=\"wp-block-heading\">PPC\/Bezahlte Suche<\/h2>\n\n\n\n<ul class=\"wp-block-list\">\n<li><a href=\"https:\/\/www.amazon.com\/Becoming-Digital-Marketer-Tech-Driven-Marketing\/dp\/1733794875\/\" target=\"_blank\" rel=\"noreferrer noopener\">Werden Sie Digital Marketer: Erwerben Sie die Hard- und Soft Skills f\u00fcr eine technologieorientierte Marketingkarriere<\/a>\u00a0von Gil &amp; Anya Gildner<\/li>\n\n\n\n<li><a href=\"https:\/\/www.amazon.com\/Beginners-Guide-Google-Ads-Everything\/dp\/1733794808\" target=\"_blank\" rel=\"noreferrer noopener\">Der Anf\u00e4ngerleitfaden zu Google Ads<\/a>\u00a0von Anya Gildner<\/li>\n\n\n\n<li><a href=\"https:\/\/www.amazon.com\/Unlevel-Playing-Field-Biggest-Mindshift\/dp\/1544523335\/\" target=\"_blank\" rel=\"noreferrer noopener\">Ungleiche Wettbewerbsbedingungen: Der gr\u00f6\u00dfte Mentalit\u00e4tswandel in der Geschichte des PPC<\/a>\u00a0von Frederick Vallaeys<\/li>\n\n\n\n<li><a href=\"https:\/\/www.amazon.com\/Ponderings-Professional-Philosophical-Pay-Click\/dp\/0578770199\/\" target=\"_blank\" rel=\"noreferrer noopener\">\u00dcberlegungen eines PPC-Profis<\/a>\u00a0von Kirk Williams<\/li>\n<\/ul>\n\n\n\n<h2 class=\"wp-block-heading\">Agenturen\/Unternehmen gr\u00fcnden<\/h2>\n\n\n\n<ul class=\"wp-block-list\">\n<li><a href=\"https:\/\/www.amazon.com\/Building-Successful-Micro-Agency-Profitable-Sustainable\/dp\/1733794840\" target=\"_blank\" rel=\"noreferrer noopener\">Aufbau einer erfolgreichen Mikroagentur: Ein Leitfaden zur Gr\u00fcndung profitabler und nachhaltiger Agenturen f\u00fcr digitales Marketing<\/a>\u00a0von Gil &amp; Anya Gildner<\/li>\n\n\n\n<li><a href=\"https:\/\/www.amazon.com\/Zero-One-Notes-Startups-Future\/dp\/0804139296\/\" target=\"_blank\" rel=\"noreferrer noopener\">Zero To One: Notizen zu Startups oder wie man die Zukunft baut<\/a>\u00a0von Peter Thiel &amp; Blake Masters<\/li>\n\n\n\n<li><a href=\"https:\/\/www.amazon.com\/Stop-Scale-Building-Digital-Actually\/dp\/B09Z9QZWYL\" target=\"_blank\" rel=\"noreferrer noopener\">Schluss mit der Skalierung: Bauen Sie eine digitale Agentur auf, die Ihnen wirklich gef\u00e4llt<\/a>\u00a0von Kirk Williams<\/li>\n\n\n\n<li><a href=\"https:\/\/www.amazon.com\/Digital-Marketing-AI-World-Futureproofing\/dp\/1544513372\/\" target=\"_blank\" rel=\"noreferrer noopener\">Digitales Marketing in einer KI-Welt: Machen Sie Ihre PPC-Agentur zukunftssicher<\/a>\u00a0von Fred Vallaeys<\/li>\n\n\n\n<li><a href=\"https:\/\/www.amazon.com\/Good-Great-Some-Companies-Others-ebook\/dp\/B0058DRUV6\" target=\"_blank\" rel=\"noreferrer noopener\">Von Gut zu Gro\u00dfartig<\/a>\u00a0von Jim Collins<\/li>\n<\/ul>\n\n\n\n<h2 class=\"wp-block-heading\">PPC\/Bezahlte Suche<\/h2>\n\n\n\n<ul class=\"wp-block-list\">\n<li><a href=\"https:\/\/www.discosloth.com\/beginners-guide-to-ppc\/?utm_source=ZATO%20Blog&amp;utm_medium=referral&amp;utm_campaign=where-to-start-in-ppc-blogpost\" target=\"_blank\" rel=\"noreferrer noopener\">Der Anf\u00e4ngerleitfaden zur PPC-Werbung<\/a>\u00a0von Discosloth (kostenlos)<\/li>\n\n\n\n<li><a href=\"https:\/\/www.amazon.com\/Beginners-Guide-Google-Ads-Everything\/dp\/1733794808\" target=\"_blank\" rel=\"noreferrer noopener\">Der Anf\u00e4ngerleitfaden zu Google Ads<\/a>\u00a0von Anya Gildner<\/li>\n\n\n\n<li><a href=\"https:\/\/www.godtierads.com\/framework\/\" target=\"_blank\" rel=\"noreferrer noopener\">Anzeigen der Stufe \u201eGott\u201c<\/a>\u00a0von Ed Leake<\/li>\n\n\n\n<li><a href=\"https:\/\/www.amazon.com\/Ponderings-Professional-Philosophical-Pay-Click\/dp\/0578770199\/\" target=\"_blank\" rel=\"noreferrer noopener\">\u00dcberlegungen eines PPC-Profis<\/a>\u00a0von Kirk Williams<\/li>\n\n\n\n<li><a href=\"https:\/\/www.amazon.com\/Unlevel-Playing-Field-Biggest-Mindshift\/dp\/1544523335\/\" target=\"_blank\" rel=\"noreferrer noopener\">Ungleiche Wettbewerbsbedingungen: Der gr\u00f6\u00dfte Mentalit\u00e4tswandel in der Geschichte des PPC<\/a>\u00a0von Frederick Vallaeys<\/li>\n\n\n\n<li><a href=\"https:\/\/www.udemy.com\/course\/the-ultimate-google-adwords-training-course\/\" target=\"_blank\" rel=\"noreferrer noopener\">Ultimatives Google Ads Training 2021<\/a>\u00a0von Isaac Rudansky (veraltet)<\/li>\n<\/ul>\n\n\n\n<h2 class=\"wp-block-heading\">SEO<\/h2>\n\n\n\n<ul class=\"wp-block-list\">\n<li><a href=\"https:\/\/moz.com\/beginners-guide-to-seo\" target=\"_blank\" rel=\"noreferrer noopener\">SEO-Leitfaden f\u00fcr Anf\u00e4nger<\/a>\u00a0von Rand Fishkin<\/li>\n\n\n\n<li><a href=\"https:\/\/zyppy.com\/seo-success-factors\/\" target=\"_blank\" rel=\"noreferrer noopener\">\u00dcber 100 Google Ranking-Faktoren<\/a>\u00a0von Zyppy<\/li>\n\n\n\n<li><a href=\"https:\/\/developers.google.com\/search\/docs\/fundamentals\/seo-starter-guide\" target=\"_blank\" rel=\"noreferrer noopener\">SEO-Starterhandbuch<\/a>\u00a0von Google<\/li>\n\n\n\n<li><a href=\"https:\/\/blog.hubspot.com\/marketing\/seo\" target=\"_blank\" rel=\"noreferrer noopener\">Der ultimative SEO-Leitfaden f\u00fcr 2023<\/a>\u00a0von Hubspot<\/li>\n<\/ul>\n\n\n\n<h2 class=\"wp-block-heading\">Email<\/h2>\n\n\n\n<p>Was auch immer Sie per E-Mail tun, es gibt zwei gro\u00dfe Kategorien: Kaltakquise (Outreach) und E-Mail-Marketing. Der Unterschied l\u00e4sst sich ganz einfach so verstehen: Bei Kaltakquise kaufen\/finden Sie E-Mail-Listen, um zu versuchen, ihnen etwas zu verkaufen, w\u00e4hrend beim echten E-Mail-Marketing Listen erstellt und im Laufe der Zeit mit den Abonnenten interagiert wird.<\/p>\n\n\n\n<ul class=\"wp-block-list\">\n<li><a href=\"https:\/\/backlinko.com\/email-marketing-guide\" target=\"_blank\" rel=\"noopener\">Leitfaden f\u00fcr E-Mail-Marketing<\/a> Backlinko<\/li>\n\n\n\n<li><a href=\"https:\/\/www.litmus.com\/blog\/\" target=\"_blank\" rel=\"noopener\">Litmus Blog<\/a> \u2013 insbesondere f\u00fcr den technischen Teil von E-Mails<\/li>\n\n\n\n<li><a href=\"https:\/\/academy.hubspot.com\/courses\/email-marketing\" target=\"_blank\" rel=\"noopener\">E-Mail-Marketing-Kurs<\/a> \u2013 Hubspot<\/li>\n\n\n\n<li><a href=\"https:\/\/www.coursera.org\/learn\/think-outside-the-inbox\" target=\"_blank\" rel=\"noopener\">\u00dcber den Tellerrand hinausblicken: E-Mail-Marketing<\/a> \u2013 Google\/Coursera<\/li>\n\n\n\n<li><a href=\"https:\/\/www.linkedin.com\/learning\/email-and-newsletter-marketing-foundations\/welcome\" target=\"_blank\" rel=\"noopener\">Grundlagen des E-Mail-Marketings<\/a> \u2013 Linkedin<\/li>\n<\/ul>","protected":false},"excerpt":{"rendered":"<p>Egal, ob Sie ein erfahrener Vermarkter sind oder gerade erst anfangen: Mit den richtigen Tools und Ressourcen ist es ganz einfach \u2026 <a title=\"Wichtige Ressourcen f\u00fcr digitale Vermarkter und Agenturen\" class=\"read-more\" href=\"https:\/\/vibetrace.com\/de\/wichtige-ressourcen-fur-digitale-vermarkter-und-agenturen\/\" aria-label=\"Weitere Informationen \u00fcber wesentliche Ressourcen f\u00fcr digitale Vermarkter und Agenturen\"> <\/a><\/p>","protected":false},"author":9,"featured_media":0,"parent":0,"menu_order":0,"comment_status":"closed","ping_status":"closed","template":"","meta":{"inline_featured_image":false,"footnotes":""},"class_list":["post-26629","page","type-page","status-publish"],"_links":{"self":[{"href":"https:\/\/vibetrace.com\/de\/wp-json\/wp\/v2\/pages\/26629","targetHints":{"allow":["GET"]}}],"collection":[{"href":"https:\/\/vibetrace.com\/de\/wp-json\/wp\/v2\/pages"}],"about":[{"href":"https:\/\/vibetrace.com\/de\/wp-json\/wp\/v2\/types\/page"}],"author":[{"embeddable":true,"href":"https:\/\/vibetrace.com\/de\/wp-json\/wp\/v2\/users\/9"}],"replies":[{"embeddable":true,"href":"https:\/\/vibetrace.com\/de\/wp-json\/wp\/v2\/comments?post=26629"}],"version-history":[{"count":1,"href":"https:\/\/vibetrace.com\/de\/wp-json\/wp\/v2\/pages\/26629\/revisions"}],"predecessor-version":[{"id":26630,"href":"https:\/\/vibetrace.com\/de\/wp-json\/wp\/v2\/pages\/26629\/revisions\/26630"}],"wp:attachment":[{"href":"https:\/\/vibetrace.com\/de\/wp-json\/wp\/v2\/media?parent=26629"}],"curies":[{"name":"wp","href":"https:\/\/api.w.org\/{rel}","templated":true}]}}