{"id":26547,"date":"2024-07-31T07:56:19","date_gmt":"2024-07-31T07:56:19","guid":{"rendered":"https:\/\/vibetrace.com\/?page_id=26547"},"modified":"2024-07-31T08:00:06","modified_gmt":"2024-07-31T08:00:06","slug":"content-partnership","status":"publish","type":"page","link":"https:\/\/vibetrace.com\/de\/content-partnerschaft\/","title":{"rendered":"Content-Partnerschaft"},"content":{"rendered":"<p>Sie haben Interesse an der gemeinsamen Produktion von gutem und qualitativ hochwertigem Content? Wir auch!<\/p>\n\n\n\n<p>In der Online-Welt funktionieren Partnerschaften sehr gut, wenn beide Seiten davon profitieren. Wenn Sie an einem Inhalt zusammenarbeiten m\u00f6chten, haben wir Erfahrung mit:<\/p>\n\n\n\n<ul class=\"wp-block-list\">\n<li>Dateneinblicke, Analysen, insbesondere im Zusammenhang mit E-Commerce, Online-Reisen und Finanzdienstleistungen<\/li>\n\n\n\n<li>Marketing-Automatisierung, Omni-Channel: E-Mail-Marketing, SMS, Push-Benachrichtigungen, WhatsApp-Marketing<\/li>\n\n\n\n<li>Kundenerfahrung: Personalisierung, Konversionsrate, Kundenbindung<\/li>\n\n\n\n<li>Customer Data Platforms: Datenanalyse, Kundensegmente, Kundenmodelle<\/li>\n<\/ul>\n\n\n\n<p><\/p>\n\n\n\n<p><strong>Vorteile einer Content-Partnerschaft<\/strong><\/p>\n\n\n\n<ul class=\"wp-block-list\">\n<li>Pr\u00e4senz vor einem gr\u00f6\u00dferen Publikum.<\/li>\n\n\n\n<li>Verbessern Sie die Glaubw\u00fcrdigkeit Ihrer Marke<\/li>\n\n\n\n<li>Gemeinsames Wachstum und Lernm\u00f6glichkeiten<\/li>\n\n\n\n<li>Zugriff auf unsere Dateneinblicke, internen Expertenressourcen und Tools<\/li>\n<\/ul>\n\n\n\n<p><strong>Was wir suchen<\/strong><\/p>\n\n\n\n<ul class=\"wp-block-list\">\n<li>Qualit\u00e4tsstandards f\u00fcr Inhalte (z. B. Originalit\u00e4t, Relevanz, Wert)<\/li>\n\n\n\n<li>Zielgruppe und Branchenrelevanz. Dabei konzentrieren wir uns auf folgende Zielgruppen: Digitalagenturen, E-Commerce, Onlinedienste, Einzelhandel. <\/li>\n\n\n\n<li>Egal, wie gro\u00df oder klein Sie sind, nehmen Sie Kontakt mit uns auf und lassen Sie uns dar\u00fcber reden<\/li>\n\n\n\n<li>Seriosit\u00e4t <\/li>\n<\/ul>\n\n\n\n<p>Wir suchen Partnerschaften, die unserem Publikum frische, originelle und wertvolle Inhalte bieten. Dazu geh\u00f6ren Blogbeitr\u00e4ge, Videos, Fallstudien und andere f\u00fcr unsere Branche relevante Inhalte. Unser Hauptaugenmerk liegt auf Inhalten, die den Interessen unseres Publikums entsprechen und einen echten Mehrwert bieten.<\/p>\n\n\n\n<p><strong>So funktioniert die Zusammenarbeit<\/strong><\/p>\n\n\n\n<ul class=\"wp-block-list\">\n<li>Bereit f\u00fcr eine Partnerschaft mit uns? So geht&#039;s:\n<ol class=\"wp-block-list\">\n<li><strong>Kontakt:<\/strong> Senden Sie uns eine E-Mail an <strong>contact@vibetrace.com<\/strong> mit Ihrer Idee oder Ihrem Vorschlag. Geben Sie an, was Sie Ihrer Meinung nach von uns ben\u00f6tigen werden<\/li>\n\n\n\n<li><strong>Rezension:<\/strong> Unser Team wird Ihren Vorschlag pr\u00fcfen und sich innerhalb einer Woche bei Ihnen melden.<\/li>\n\n\n\n<li><strong>Zusammenarbeiten:<\/strong> Sobald wir uns einig sind, arbeiten wir gemeinsam an der Erstellung und F\u00f6rderung der Inhalte.<\/li>\n\n\n\n<li><strong>Ver\u00f6ffentlichen:<\/strong> Wir ver\u00f6ffentlichen die Inhalte auf unserer Plattform und bewerben sie \u00fcber unsere Kan\u00e4le (Social Media + E-Mail + Werbung).<\/li>\n<\/ol>\n<\/li>\n<\/ul>\n\n\n\n<p>Wenn Sie an Gastbeitr\u00e4gen interessiert sind, k\u00f6nnen Sie <a href=\"https:\/\/vibetrace.com\/de\/gastbeitrag-schreibe-fur-uns\/\" data-type=\"page\" data-id=\"20855\">Lesen Sie hier unsere Anforderungen<\/a>.<\/p>","protected":false},"excerpt":{"rendered":"<p>Du hast Interesse daran, gemeinsam guten und hochwertigen Content zu produzieren? Wir auch! Im \u2026 <a title=\"Content-Partnerschaft\" class=\"read-more\" href=\"https:\/\/vibetrace.com\/de\/content-partnerschaft\/\" aria-label=\"Mehr Informationen \u00fcber Content Partnership\"> <\/a><\/p>","protected":false},"author":9,"featured_media":0,"parent":0,"menu_order":0,"comment_status":"closed","ping_status":"closed","template":"","meta":{"inline_featured_image":false,"footnotes":""},"class_list":["post-26547","page","type-page","status-publish"],"_links":{"self":[{"href":"https:\/\/vibetrace.com\/de\/wp-json\/wp\/v2\/pages\/26547","targetHints":{"allow":["GET"]}}],"collection":[{"href":"https:\/\/vibetrace.com\/de\/wp-json\/wp\/v2\/pages"}],"about":[{"href":"https:\/\/vibetrace.com\/de\/wp-json\/wp\/v2\/types\/page"}],"author":[{"embeddable":true,"href":"https:\/\/vibetrace.com\/de\/wp-json\/wp\/v2\/users\/9"}],"replies":[{"embeddable":true,"href":"https:\/\/vibetrace.com\/de\/wp-json\/wp\/v2\/comments?post=26547"}],"version-history":[{"count":2,"href":"https:\/\/vibetrace.com\/de\/wp-json\/wp\/v2\/pages\/26547\/revisions"}],"predecessor-version":[{"id":26550,"href":"https:\/\/vibetrace.com\/de\/wp-json\/wp\/v2\/pages\/26547\/revisions\/26550"}],"wp:attachment":[{"href":"https:\/\/vibetrace.com\/de\/wp-json\/wp\/v2\/media?parent=26547"}],"curies":[{"name":"wp","href":"https:\/\/api.w.org\/{rel}","templated":true}]}}