{"id":25843,"date":"2024-03-26T11:44:13","date_gmt":"2024-03-26T11:44:13","guid":{"rendered":"https:\/\/vibetrace.com\/?page_id=25843"},"modified":"2024-03-26T11:45:34","modified_gmt":"2024-03-26T11:45:34","slug":"connected-media","status":"publish","type":"page","link":"https:\/\/vibetrace.com\/de\/angeschlossene-medien\/","title":{"rendered":"Verbundene Medien"},"content":{"rendered":"<p>Unter \u201eVernetzte Medien\u201c versteht man die Integration verschiedener digitaler Kan\u00e4le und Ger\u00e4te, um Verbrauchern nahtlose und personalisierte Erlebnisse zu bieten. <\/p>\n\n\n\n<p>Im Kontext von Marketing und Werbung bieten vernetzte Medien Marken hervorragende M\u00f6glichkeiten, mit ihren Zielgruppen \u00fcber mehrere Kontaktpunkte hinweg zu interagieren, darunter Smartphones, Tablets, Desktops, Smart-TVs, Wearables und mehr. <\/p>\n\n\n\n<p>In einer Welt, in der Verbraucher verschiedene Kommunikationskan\u00e4le nutzen, m\u00fcssen Sie in der Lage sein, Folgendes zu nutzen: E-Mail, SMS, Website, WhatsApp und was sonst noch fehlt.<\/p>\n\n\n\n<p>Zu den wichtigsten Merkmalen und M\u00f6glichkeiten vernetzter Medien in Marketing und Werbung geh\u00f6ren:<\/p>\n\n\n\n<ol class=\"wp-block-list\">\n<li><strong>Multi-Channel-Integration:<\/strong> Mit vernetzten Medien k\u00f6nnen Marken ihre Marketingbem\u00fchungen \u00fcber verschiedene Kan\u00e4le wie soziale Medien, E-Mail, Suchmaschinen, Display-Werbung und mobile Apps integrieren. Diese Integration erm\u00f6glicht ein einheitliches und konsistentes Markenerlebnis f\u00fcr Verbraucher, da sie \u00fcber verschiedene Plattformen hinweg mit der Marke interagieren.<\/li>\n\n\n\n<li><strong>Personalisierung und Targeting:<\/strong> Durch den Zugriff auf umfassende Verbraucherdaten und erweiterte Targeting-Funktionen k\u00f6nnen Marken mithilfe vernetzter Medien personalisierte Inhalte und Werbung bereitstellen, die auf die Vorlieben, Verhaltensweisen und demografischen Merkmale einzelner Verbraucher zugeschnitten sind. Dieser personalisierte Ansatz steigert das Engagement und erh\u00f6ht die Relevanz von Marketingbotschaften, was zu h\u00f6heren Konversionsraten und einem h\u00f6heren ROI f\u00fchrt.<\/li>\n\n\n\n<li><strong>Ger\u00e4te\u00fcbergreifendes Tracking:<\/strong> Vernetzte Medien erm\u00f6glichen ger\u00e4te\u00fcbergreifendes Tracking, sodass Marketingfachleute verstehen, wie Verbraucher \u00fcber verschiedene Ger\u00e4te und Kan\u00e4le hinweg mit ihrer Marke interagieren. Diese umfassende Sicht auf das Verbraucherverhalten erm\u00f6glicht eine genauere Attributionsmodellierung und Optimierung von Marketingkampagnen, um Effektivit\u00e4t und Effizienz zu maximieren.<\/li>\n\n\n\n<li><strong>Echtzeitkommunikation:<\/strong> Vernetzte Medien erleichtern die Echtzeitkommunikation zwischen Marken und Verbrauchern und erm\u00f6glichen sofortiges Feedback, Kundensupport und Engagement. Marken k\u00f6nnen Echtzeitdaten nutzen, um schnell auf Verbraucheranfragen zu reagieren, Bedenken auszur\u00e4umen und neue Marktchancen zu nutzen.<\/li>\n\n\n\n<li><strong>Interaktive Erlebnisse:<\/strong> Vernetzte Medien er\u00f6ffnen M\u00f6glichkeiten f\u00fcr interaktive und immersive Erlebnisse wie Augmented Reality (AR), Virtual Reality (VR), Live-Streaming und Gamification. Diese interaktiven Erlebnisse fesseln das Publikum, vertiefen das Markenengagement und f\u00f6rdern Markentreue und Markenempfehlungen.<\/li>\n\n\n\n<li><strong>Messung und Analyse:<\/strong> Connected Media bietet robuste Mess- und Analysefunktionen, mit denen Marketingfachleute die Leistung ihrer Kampagnen in Echtzeit verfolgen und analysieren k\u00f6nnen. Durch Kennzahlen wie Impressionen, Klicks, Conversions und Engagement-Raten k\u00f6nnen Marken wertvolle Einblicke in die Wirksamkeit ihrer Marketingbem\u00fchungen gewinnen und ihre Strategien entsprechend optimieren.<\/li>\n<\/ol>","protected":false},"excerpt":{"rendered":"<p>\u201eVernetzte Medien\u201c bezieht sich auf die Integration verschiedener digitaler Kan\u00e4le und Ger\u00e4te, um eine nahtlose \u2026 zu erm\u00f6glichen. <a title=\"Verbundene Medien\" class=\"read-more\" href=\"https:\/\/vibetrace.com\/de\/angeschlossene-medien\/\" aria-label=\"Mehr Informationen \u00fcber Connected Media\"> <\/a><\/p>","protected":false},"author":9,"featured_media":0,"parent":0,"menu_order":0,"comment_status":"closed","ping_status":"closed","template":"","meta":{"inline_featured_image":false,"footnotes":""},"class_list":["post-25843","page","type-page","status-publish"],"_links":{"self":[{"href":"https:\/\/vibetrace.com\/de\/wp-json\/wp\/v2\/pages\/25843","targetHints":{"allow":["GET"]}}],"collection":[{"href":"https:\/\/vibetrace.com\/de\/wp-json\/wp\/v2\/pages"}],"about":[{"href":"https:\/\/vibetrace.com\/de\/wp-json\/wp\/v2\/types\/page"}],"author":[{"embeddable":true,"href":"https:\/\/vibetrace.com\/de\/wp-json\/wp\/v2\/users\/9"}],"replies":[{"embeddable":true,"href":"https:\/\/vibetrace.com\/de\/wp-json\/wp\/v2\/comments?post=25843"}],"version-history":[{"count":3,"href":"https:\/\/vibetrace.com\/de\/wp-json\/wp\/v2\/pages\/25843\/revisions"}],"predecessor-version":[{"id":25847,"href":"https:\/\/vibetrace.com\/de\/wp-json\/wp\/v2\/pages\/25843\/revisions\/25847"}],"wp:attachment":[{"href":"https:\/\/vibetrace.com\/de\/wp-json\/wp\/v2\/media?parent=25843"}],"curies":[{"name":"wp","href":"https:\/\/api.w.org\/{rel}","templated":true}]}}