{"id":25402,"date":"2024-02-21T09:20:10","date_gmt":"2024-02-21T09:20:10","guid":{"rendered":"https:\/\/vibetrace.com\/?page_id=25402"},"modified":"2024-02-21T10:14:33","modified_gmt":"2024-02-21T10:14:33","slug":"marketing-automation-roi-calculator","status":"publish","type":"page","link":"https:\/\/vibetrace.com\/de\/roi-rechner-fur-marketingautomatisierung\/","title":{"rendered":"ROI-Rechner"},"content":{"rendered":"<p>Geben Sie unten Ihre Zahlen ein und finden Sie heraus, wie viel Geld Sie ohne Vibratrace auf dem Tisch lassen<\/p>\n\n\n\n<style>\n.roi-pricing p.has-medium-font-size {margin-bottom:4px; margin-top:12px}\n.roi-pricing p.has-medium-font-size {margin-bottom:4px; margin-top:12px}\n<\/style>\n\n\n<div class=\"gb-container gb-container-ae3b4f52 roi-pricing\">\n<div class=\"gb-grid-wrapper gb-grid-wrapper-4307aaaf\">\n<div class=\"gb-grid-column gb-grid-column-8af595c2\"><div class=\"gb-container gb-container-8af595c2\">\n\n<p class=\"has-medium-font-size\" style=\"letter-spacing:0px\">Anzahl der monatlichen Besucher<\/p>\n\n\n\n<input type=\"number\" min=\"0\" value=\"200000\" id=\"input_calc1\" class=\"input\" required=\"\">\n\n\n\n<p class=\"has-medium-font-size\">Anzahl der Bestellungen pro Monat<\/p>\n\n\n\n<input type=\"number\" min=\"0\" value=\"1400\" id=\"input_calc2\" class=\"input\" required=\"\">\n\n\n\n<p class=\"has-medium-font-size\">Durchschnittlicher Bestellwert<\/p>\n\n\n\n<input type=\"number\" min=\"0\" value=\"220\" id=\"input_calc3\" class=\"input\" required=\"\">\n\n\n\n<p class=\"has-medium-font-size\">Lead-to-Customer-Rate<\/p>\n\n\n\n<p class=\"has-small-font-size\">Wenn Sie keine Daten haben, lassen Sie diese bitte leer. <\/p>\n\n\n\n<input type=\"number\" min=\"0\" max=\"100\" step=\"0.1\" value=\"0.5\" id=\"input_calc4\" class=\"input\" required=\"\">\n\n\n\n<p class=\"has-medium-font-size\">Kundenbindungsrate<\/p>\n\n\n\n<p class=\"has-small-font-size\">Wenn Sie keine Daten haben, lassen Sie diese bitte leer.<\/p>\n\n\n\n<input type=\"number\" min=\"0\" max=\"100\" step=\"1\" value=\"40\" id=\"input_calc5\" class=\"input\" required=\"\">\n\n\n\n<div style=\"height:50px\" aria-hidden=\"true\" class=\"wp-block-spacer\"><\/div>\n\n\n\n<div class=\"wp-block-buttons is-horizontal is-layout-flex wp-block-buttons-is-layout-flex\">\n<div class=\"wp-block-button\"><a class=\"wp-block-button__link wp-element-button\" href=\"javascript:calculateResult()\">Berechnung<\/a><\/div>\n<\/div>\n\n<\/div><\/div>\n\n<div class=\"gb-grid-column gb-grid-column-e762286a\"><div class=\"gb-container gb-container-e762286a\">\n\n<p class=\"has-text-align-left has-medium-font-size\">M\u00f6gliche Conversion-Rate mit Vibratrace<\/p>\n\n\n\n<p class=\"gb-headline gb-headline-text\" id=\"result_html1\">1 <\/p>\n\n\n\n<p class=\"has-text-align-left has-medium-font-size\">Potenzielle Zusatzverk\u00e4ufe<\/p>\n\n\n\n<p class=\"gb-headline gb-headline-text\" id=\"result_html2\">1 <\/p>\n\n\n\n<p class=\"has-text-align-left has-medium-font-size\">M\u00f6glicher AOV mit Vibratrace<\/p>\n\n\n\n<p class=\"gb-headline gb-headline-text\" id=\"result_html3\">1<\/p>\n\n\n\n<p class=\"has-text-align-left has-medium-font-size\">Potenzielle Lead-to-Customer-Rate<\/p>\n\n\n\n<p class=\"has-text-align-left has-small-font-size\">Eine gute Lead-to-Customer-Rate liegt bei mindestens 1% (der Durchschnitt liegt bei 2,5%).<\/p>\n\n\n\n<p class=\"gb-headline gb-headline-text\" id=\"result_html5\">1<\/p>\n\n\n\n<p class=\"has-text-align-left has-medium-font-size\">Potenzielle Kundenbindungsrate<\/p>\n\n\n\n<p class=\"has-text-align-left has-small-font-size\">Eine gute Kundenbindungsrate liegt bei mindestens 50%. (Durchschnitt ist 60%)<\/p>\n\n\n\n<p class=\"gb-headline gb-headline-text\" id=\"result_html6\">1<\/p>\n\n\n\n<p class=\"has-text-align-left has-medium-font-size\">Gesch\u00e4tzte monatliche Abonnementkosten<\/p>\n\n\n\n<p class=\"gb-headline gb-headline-text\" id=\"result_html7\">1<\/p>\n\n\n\n<p class=\"has-text-align-left has-medium-font-size\">Gesch\u00e4tzter ROI<\/p>\n\n\n\n<p class=\"gb-headline gb-headline-text\" id=\"result_html8\">1<\/p>\n\n\n\n<script>\n      function calculateResult() {\nvar calc1 = document.getElementById('input_calc1').value;\nvar calc2 = document.getElementById('input_calc2').value;\nvar calc3 = document.getElementById('input_calc3').value;\nvar calc4 = document.getElementById('input_calc4').value;\nvar calc5 = document.getElementById('input_calc5').value;\n        \nvar result1=((calc2 \/ calc1) * 100);\nresult1 = result1*1.08;\n\/\/conversio rate\ndocument.getElementById('result_html1').innerHTML = result1.toFixed(2) + '%';\n\n\/\/aov\nvar result3=(calc3 * 1.14);\ndocument.getElementById('result_html3').innerHTML = result3.toFixed(2) + '';\n\/\/ additional sales\nresult2 = calc2*1.08 - calc2;\ndocument.getElementById('result_html2').innerHTML = result2 + '  = [$' + result3 * result2  + \"]\";\n\/\/lead to customer\nvar result5 = 2.5;\nif (calc4 > 2 && calc4<4) {\nresult5 = calc4*1.2\n}\nif (calc4 <= 2.5) {\nresult5 = calc4*1.4\n}\nif (calc4 > 4) {\nresult5 = calc4*1.06\n}\nif (result5<1) {result5 = 1}\ndocument.getElementById('result_html5').innerHTML = result5.toFixed(2) + '%';\nvar result6 = 55;\nif (calc5 > 50 && calc5<65) {\nresult6 = calc5*1.15\n}\nif (calc5 <= 50) {\nresult6 = calc5*1.3\n}\nif (calc4 > 70) {\nresult6 = calc5*1.08\n}\ndocument.getElementById('result_html6').innerHTML = result6.toFixed(2) + '%';\n\/\/costs\nresult7 = (calc1\/1000 * 6 + 15)\ndocument.getElementById('result_html7').innerHTML = \"$\" \n+ result7.toFixed(2) + '';\n\/\/ ROI\nvar result8 = (result3 * result2 ) - result7;\ndocument.getElementById('result_html8').innerHTML = \"$\" \n+ result8.toFixed(2) + '';\n\n      }\n    <\/script>\n\n<\/div><\/div>\n<\/div>\n\n\n<p><\/p>\n\n\n\n<p class=\"has-text-align-center has-medium-font-size\"> Ergebnisse der Kapitalrendite<\/p>\n\n\n\n<p>Die folgende Tabelle ist eine Sch\u00e4tzung der Ertr\u00e4ge, die Sie mit Vibetrace erzielen. Erw\u00e4hnenswert ist, dass es sich dabei um eine grobe Sch\u00e4tzung handelt, die von Ihren individuellen Gesch\u00e4ftsanforderungen und Ihrer aktuellen Situation beeinflusst werden kann.<\/p>\n\n\n\n<p><\/p>\n\n<\/div>\n\n\n<div style=\"height:100px\" aria-hidden=\"true\" class=\"wp-block-spacer\"><\/div>\n\n\n\n<p><\/p>\n\n\n\n<h2 class=\"wp-block-heading\">ROI-Rechner f\u00fcr Marketingautomatisierung<\/h2>\n\n\n\n<p>Das Ziel unseres Marketing-Automatisierungs-ROI-Rechners besteht darin, fundierte Entscheidungen \u00fcber Investitionen in Marketing-Automatisierungstechnologie zu treffen, indem er deren finanzielle Auswirkungen quantifiziert. <\/p>\n\n\n\n<p>Es ist jedoch wichtig zu bedenken, dass der wahre Wert der Marketingautomatisierung auch immaterielle Vorteile umfassen kann, wie z. B. ein verbessertes Kundenerlebnis und eine verbesserte Markenwahrnehmung, die m\u00f6glicherweise nicht direkt in einer ROI-Berechnung erfasst werden.<\/p>\n\n\n<div id=\"rank-math-faq\" class=\"rank-math-block\">\n<div class=\"rank-math-list\">\n<div id=\"faq-question-1708503817003\" class=\"rank-math-list-item\">\n<h3 class=\"rank-math-question\">Welche Kosten sollte ich bei der Bewertung von Vibetrace ber\u00fccksichtigen?<\/h3>\n<div class=\"rank-math-answer\">\n\n<p>Inputkosten<br \/><strong>Softwarekosten:<\/strong> Die monatlichen oder j\u00e4hrlichen Abonnementgeb\u00fchren f\u00fcr die Marketing-Automatisierungsplattform.<br \/><strong>Implementierungskosten:<\/strong> Einmalige Kosten im Zusammenhang mit der Einrichtung des Marketing-Automatisierungssystems, die die Anpassung der Software, die Integration und die Schulung des Personals umfassen k\u00f6nnen.<br \/><strong>Betriebskosten:<\/strong> Laufende Kosten wie zus\u00e4tzliches Personal oder Berater, die zur Verwaltung der Marketing-Automatisierungsprozesse ben\u00f6tigt werden.<\/p>\n\n<\/div>\n<\/div>\n<div id=\"faq-question-1708503839701\" class=\"rank-math-list-item\">\n<h3 class=\"rank-math-question\">Welche Umsatzsteigerung sollte ich ber\u00fccksichtigen?<\/h3>\n<div class=\"rank-math-answer\">\n\n<p>Mehr Umsatz kann durch Umsatzsteigerung oder Kosteneinsparungen erzielt werden<\/p>\n<p><strong>Erh\u00f6hte Lead-Generierung:<\/strong> Sch\u00e4tzen Sie den Anstieg der Leads aufgrund effektiverer Marketingkampagnen.<br \/><strong>Verbesserte Conversion-Raten:<\/strong> Die Steigerung der Konversionsraten durch eine personalisiertere und zeitnahere Interaktion mit potenziellen Kunden.<br \/><strong>Effizienzgewinne:<\/strong> Kosteneinsparungen durch weniger manuelle Aufgaben und effizientere Marketingprozesse.<br \/><strong>Kundenbindung:<\/strong> Die finanziellen Auswirkungen einer verbesserten Kundenbindung und -treue durch personalisierte Kundenbindung.<\/p>\n\n<\/div>\n<\/div>\n<div id=\"faq-question-1708503897183\" class=\"rank-math-list-item\">\n<h3 class=\"rank-math-question\">Was ist die ROI-Formel?<\/h3>\n<div class=\"rank-math-answer\">\n\n<p>Der ROI wird durch den Vergleich der finanziellen Gewinne mit den Kosten berechnet. Eine Grundformel f\u00fcr den ROI lautet:<br \/>ROI = ((Gesamtgewinne \u2212 Gesamtkosten) \/ Gesamtkosten) \u00d7 100<\/p>\n\n<\/div>\n<\/div>\n<div id=\"faq-question-1708503989234\" class=\"rank-math-list-item\">\n<h3 class=\"rank-math-question\">Andere \u00dcberlegungen<\/h3>\n<div class=\"rank-math-answer\">\n\n<p><strong>Zeitraum:<\/strong> Der Rechner erm\u00f6glicht m\u00f6glicherweise die Angabe eines Zeitraums, \u00fcber den der ROI gemessen werden soll, beispielsweise ein Jahr, um der Tatsache Rechnung zu tragen, dass sich die Vorteile der Marketingautomatisierung im Laufe der Zeit ansammeln.<br \/><strong>Benutzerdefinierte Metriken:<\/strong> Einige Rechner erm\u00f6glichen das Hinzuf\u00fcgen benutzerdefinierter Kennzahlen, die f\u00fcr Ihr spezifisches Unternehmen oder Ihre Branche relevant sind, und bieten so eine individuellere ROI-Sch\u00e4tzung.<br \/><strong>Genauigkeit der Eingaben:<\/strong> Die Zuverl\u00e4ssigkeit der ROI-Berechnung h\u00e4ngt stark von der Genauigkeit der Eingabedaten ab. Sch\u00e4tzungen sollten so realistisch wie m\u00f6glich sein.<br \/><strong>Benchmarking:<\/strong> Es kann hilfreich sein, den berechneten ROI mit Branchen-Benchmarks oder fr\u00fcheren Leistungskennzahlen zu vergleichen, um die Wirksamkeit Ihrer Marketingautomatisierungsinvestition zu beurteilen.<\/p>\n\n<\/div>\n<\/div>\n<div id=\"faq-question-1708506492488\" class=\"rank-math-list-item\">\n<h3 class=\"rank-math-question\">Wo kann ich mehr \u00fcber die genannten Kennzahlen erfahren?<\/h3>\n<div class=\"rank-math-answer\">\n\n<p>Wenn Sie mehr dar\u00fcber erfahren m\u00f6chten, wie Sie Ihre Kennzahlen berechnen, k\u00f6nnen Sie unsere speziellen Seiten lesen:<br \/><a href=\"https:\/\/vibetrace.com\/de\/lead-to-customer-verhaltnis\/\">Lead-to-Customer-Ratio<\/a> <\/p>\n\n<\/div>\n<\/div>\n<\/div>\n<\/div>","protected":false},"excerpt":{"rendered":"<p>Geben Sie unten Ihre Zahlen ein und finden Sie heraus, wie viel Geld Sie auf dem Tisch liegen lassen, ohne \u2026 <a title=\"ROI-Rechner\" class=\"read-more\" href=\"https:\/\/vibetrace.com\/de\/roi-rechner-fur-marketingautomatisierung\/\" aria-label=\"Weitere Informationen \u00fcber ROI Calculator\"> <\/a><\/p>","protected":false},"author":9,"featured_media":0,"parent":0,"menu_order":0,"comment_status":"closed","ping_status":"closed","template":"","meta":{"inline_featured_image":false,"footnotes":""},"class_list":["post-25402","page","type-page","status-publish"],"_links":{"self":[{"href":"https:\/\/vibetrace.com\/de\/wp-json\/wp\/v2\/pages\/25402","targetHints":{"allow":["GET"]}}],"collection":[{"href":"https:\/\/vibetrace.com\/de\/wp-json\/wp\/v2\/pages"}],"about":[{"href":"https:\/\/vibetrace.com\/de\/wp-json\/wp\/v2\/types\/page"}],"author":[{"embeddable":true,"href":"https:\/\/vibetrace.com\/de\/wp-json\/wp\/v2\/users\/9"}],"replies":[{"embeddable":true,"href":"https:\/\/vibetrace.com\/de\/wp-json\/wp\/v2\/comments?post=25402"}],"version-history":[{"count":54,"href":"https:\/\/vibetrace.com\/de\/wp-json\/wp\/v2\/pages\/25402\/revisions"}],"predecessor-version":[{"id":25469,"href":"https:\/\/vibetrace.com\/de\/wp-json\/wp\/v2\/pages\/25402\/revisions\/25469"}],"wp:attachment":[{"href":"https:\/\/vibetrace.com\/de\/wp-json\/wp\/v2\/media?parent=25402"}],"curies":[{"name":"wp","href":"https:\/\/api.w.org\/{rel}","templated":true}]}}