{"id":20297,"date":"2023-03-18T06:39:23","date_gmt":"2023-03-18T06:39:23","guid":{"rendered":"https:\/\/vibetrace.com\/?page_id=20297"},"modified":"2023-03-22T13:48:29","modified_gmt":"2023-03-22T13:48:29","slug":"lp-white-label-agencies2","status":"publish","type":"page","link":"https:\/\/vibetrace.com\/de\/lp-white-label-agencies2\/","title":{"rendered":"White-Label-L\u00f6sung f\u00fcr Agenturen"},"content":{"rendered":"<p><img decoding=\"async\" src=\"https:\/\/vibetrace.com\/wp-content\/uploads\/2023\/02\/logo_vibetrace_white@3x-300x65.png\" title=\"\" alt=\"\" loading=\"lazy\"><\/p>\n<h2>Ihre eigene Marken-Omni-Channel-Marketing-Plattform!<\/h2>\n<p>E-Mail-Marketing, SMS, bezahlte Werbung, Umfragen und Analysen \u2013 synchronisieren Sie Ihr Marketing mit einer leistungsstarken Whitelist-Plattform!<\/p>\n<h2>Vereinbaren Sie noch heute eine Live-Demo!<\/h2>\n<style>\n.lp-input-container input.wp-lp-input {width:100%}<br \/>.lp-input-container {margin:10px 0}<br \/><\/style>\n<form id=\"demo_list_form\" action=\"https:\/\/pages.vtcdn.net\/lists\/213\/2693\/7ZPO5yLnxNeP\/subscribe\" method=\"POST\" target=\"_blank\" data-trp-original-action=\"https:\/\/pages.vtcdn.net\/lists\/213\/2693\/7ZPO5yLnxNeP\/subscribe\">\n<input name=\"name\" required=\"\" type=\"text\" placeholder=\"Ihren Namen *\"><br \/>\n<input name=\"email\" required=\"\" type=\"text\" placeholder=\"Ihre E-Mail-Adresse *\"><br \/>\n<input name=\"tel\" type=\"text\" placeholder=\"Telefonnummer\"><br \/>\n<input name=\"source\" type=\"hidden\" value=\"lp_agency\"><br \/>\n<input style=\"display: none;\" name=\"__em\" type=\"text\" value=\"\"><br \/>\n<input style=\"display: none;\" name=\"__name\" type=\"text\" value=\"\"><br \/>\n<button>Sehen Sie es in Aktion<\/button><br \/>\n<input type=\"hidden\" name=\"trp-form-language\" value=\"de\"\/><\/form>\n<p>* Hinterlassen Sie uns Ihre Daten und wir werden uns so schnell wie m\u00f6glich mit Ihnen in Verbindung setzen!<\/p>\n<h2>Vertrauen von \u00fcber 100 Marken<\/h2>\n<p>\u201eWir sind von Klaviyo zu Vibetrace gewechselt und erzielen mit einem integrierten Marketingansatz bessere Ergebnisse.\u201c<br \/>\n<img decoding=\"async\" width=\"608\" height=\"612\" src=\"https:\/\/vibetrace.com\/wp-content\/uploads\/2023\/03\/Screenshot-2023-03-18-at-10.24.03-AM.png\" alt=\"\" loading=\"lazy\"><br \/>\nAlina, getMARA<br \/>\nOperationen<br \/>\n<i>\ue934<\/i><i>\ue934<\/i><i>\ue934<\/i><i>\ue934<\/i><i>\ue934<\/i> 5\/5<br \/>\n\u201eWir sind von Klaviyo zu Vibetrace gewechselt und erzielen mit einem integrierten Marketingansatz bessere Ergebnisse.\u201c Unsere Kunden sch\u00e4tzen uns viel mehr und wir haben keine anderen Kunden verloren, weil \u201esie es mit einem Freelancer billiger bekommen\u201c.<br \/>\nAu\u00dferdem haben uns White-Label-Services geholfen, am zweiten Tag zus\u00e4tzliche Einnahmen zu erzielen.\u201c<br \/>\n<img decoding=\"async\" src=\"https:\/\/vibetrace.com\/wp-content\/uploads\/2023\/02\/image-69.png\" title=\"\" alt=\"\" loading=\"lazy\"><br \/>\nMike, VebaMarketing<br \/>\nGr\u00fcnder<br \/>\n<i>\ue934<\/i><i>\ue934<\/i><i>\ue934<\/i><i>\ue934<\/i><i>\ue934<\/i> 5\/5<\/p>\n<h2>Werde unersetzlich.<br \/>\nMit Ihrer eigenen Markenl\u00f6sung.<\/h2>\n<p>Zu viele Tools, die Ihnen das Leben erschweren? Verwenden Sie Vibetrace als Ihre Marketingl\u00f6sung aus einer Hand.<\/p>\n<p><img decoding=\"async\" width=\"1024\" height=\"1024\" src=\"https:\/\/vibetrace.com\/wp-content\/uploads\/2022\/05\/Whitelabel-for-Agencies-Hero-2.svg\" alt=\"Klaviyo-Alternative\" loading=\"lazy\"><\/p>\n<h2>Verwenden Sie Vibetrace als Ihre Marketingl\u00f6sung aus einer Hand.<\/h2>\n<ul>\n<li>\n\t\t\t\t\t\t\t\t\t\tHeben Sie sich in einem Ozean von \u201eMe too\u201c-Agenturen ab.<\/li>\n<li>\n\t\t\t\t\t\t\t\t\t\tKunden bleiben l\u00e4nger bei Ihnen, weil sie Ihre Plattform lieben.<\/li>\n<li>\n\t\t\t\t\t\t\t\t\t\tMit einem hohen LTV k\u00f6nnen Sie einen erstklassigen Service anbieten.<\/li>\n<\/ul>\n<p><a href=\"#\" role=\"button\"><br \/>\nSehen Sie es in Aktion<br \/>\n<\/a><\/p>\n<h2>Omni-Channel-Marketing, leicht gemacht<\/h2>\n<h3>\n\t\t\t\t\t\tE-Mail-Marketing und Automatisierungsabl\u00e4ufe<\/h3>\n<p>Willkommens-Flows, Nurture-Sequenzen, Abbruch-Warenkorb-Flows und mehr! Richten Sie benutzerdefinierte Ausl\u00f6ser ein, um den Kampagnen-ROI zu steigern.<\/p>\n<h3>\n\t\t\t\t\t\tSMS &amp; Web-Push<\/h3>\n<p>Binden Sie Ihre Kunden ein und lenken Sie ihre Aufmerksamkeit<br \/>\nin den ROI.<\/p>\n<h3>\n\t\t\t\t\t\tErweiterte Personalisierung<\/h3>\n<p>Nutze die Kraft der KI, um den richtigen Akkord zu treffen!<br \/>\nEmpfehlen Sie Produkte basierend auf dem Benutzerverhalten.<\/p>\n<h3>\n\t\t\t\t\t\tWebsite-Popups<\/h3>\n<p>Jeder Besucher z\u00e4hlt. Verwenden Sie Pop-ups, um spannende Angebote zu bewerben<br \/>\nund verwandeln Sie Besucher in Leads oder Kunden.<\/p>\n<h3>\n\t\t\t\t\t\tUmfragen und Erhebungen<\/h3>\n<p>H\u00f6ren Sie sich das Feedback Ihrer Kunden mit Umfragen und Umfragen an.<br \/>\nSteigern Sie Ihren ROI mit hochwertigen Daten.<\/p>\n<h3>\n\t\t\t\t\t\tFacebook-Werbung<\/h3>\n<p>Skalieren Sie Kampagnen mit bezahlter Werbung bis zum Mond. Nutzen Sie leistungsstarkes Targeting<br \/>\num unbewusste Interessenten zu engagieren.<\/p>\n<h3>\n\t\t\t\t\t\tEchtzeitberichte<\/h3>\n<p>Integrierte Berichte erleichtern die Nachverfolgung<br \/>\nund die Kampagnenleistung analysieren.<\/p>\n<h3>\n\t\t\t\t\t\tBranding<\/h3>\n<p>F\u00fcgen Sie Marken-URLs und benutzerdefiniertes Branding hinzu<br \/>\nIhre Marketingkommunikation.<\/p>\n<h2>Nahtlose Datenintegration<\/h2>\n<p>Verabschieden Sie sich von klobigen Dashboards!<\/p>\n<p>Ob es sich um Produkt-, Benutzer-, Bestell- oder Verhaltensdaten handelt, speichern Sie alles in einer einzigen Datenbank und integrieren Sie es in Sekundenschnelle in Ihre Kampagnen.<\/p>\n<p><img decoding=\"async\" width=\"934\" height=\"416\" src=\"https:\/\/vibetrace.com\/wp-content\/uploads\/2023\/03\/Imagereporting-tool-white-label-automation.png\" alt=\"\" loading=\"lazy\" srcset=\"https:\/\/vibetrace.com\/wp-content\/uploads\/2023\/03\/Imagereporting-tool-white-label-automation.png 934w, https:\/\/vibetrace.com\/wp-content\/uploads\/2023\/03\/Imagereporting-tool-white-label-automation-300x134.png 300w, https:\/\/vibetrace.com\/wp-content\/uploads\/2023\/03\/Imagereporting-tool-white-label-automation-768x342.png 768w, https:\/\/vibetrace.com\/wp-content\/uploads\/2023\/03\/Imagereporting-tool-white-label-automation-18x8.png 18w\" sizes=\"auto, (max-width: 934px) 100vw, 934px\"><\/p>\n<h2>Sind Sie bereit, Ihren Wettbewerbsvorteil zu erlangen?<\/h2>\n<p>Sehen Sie Vibetrace in Aktion. Erfahren Sie, wie es die Kampagnen Ihrer Kunden auf die n\u00e4chste Stufe bringen kann.<\/p>\n<p><a href=\"#\" role=\"button\"><br \/>\nSehen Sie es in Aktion<br \/>\n<\/a><\/p>\n<p>2023 \u2013 Vibetrace \u2013 Z\u00fcrich Schweiz<\/p>\n<p>Unsere White-Label-L\u00f6sung wird derzeit von vielen der Top-500-Online-H\u00e4ndler und E-Commerce-Websites unterst\u00fctzt. Vibetrace ist ein Produktunternehmen, das sich auf Agenturen und Gro\u00dfkunden konzentriert.<\/p>","protected":false},"excerpt":{"rendered":"<p>Ihre eigene Marken-Omni-Channel-Marketing-Plattform! E-Mail-Marketing, SMS, bezahlte Werbung, Umfragen und Analysen \u2013 \u2026 <a title=\"White-Label-L\u00f6sung f\u00fcr Agenturen\" class=\"read-more\" href=\"https:\/\/vibetrace.com\/de\/lp-white-label-agencies2\/\" aria-label=\"Mehr Informationen \u00fcber White-Label-L\u00f6sung f\u00fcr Agenturen\"> <\/a><\/p>","protected":false},"author":9,"featured_media":0,"parent":0,"menu_order":0,"comment_status":"closed","ping_status":"closed","template":"","meta":{"inline_featured_image":false,"footnotes":""},"class_list":["post-20297","page","type-page","status-publish"],"_links":{"self":[{"href":"https:\/\/vibetrace.com\/de\/wp-json\/wp\/v2\/pages\/20297","targetHints":{"allow":["GET"]}}],"collection":[{"href":"https:\/\/vibetrace.com\/de\/wp-json\/wp\/v2\/pages"}],"about":[{"href":"https:\/\/vibetrace.com\/de\/wp-json\/wp\/v2\/types\/page"}],"author":[{"embeddable":true,"href":"https:\/\/vibetrace.com\/de\/wp-json\/wp\/v2\/users\/9"}],"replies":[{"embeddable":true,"href":"https:\/\/vibetrace.com\/de\/wp-json\/wp\/v2\/comments?post=20297"}],"version-history":[{"count":0,"href":"https:\/\/vibetrace.com\/de\/wp-json\/wp\/v2\/pages\/20297\/revisions"}],"wp:attachment":[{"href":"https:\/\/vibetrace.com\/de\/wp-json\/wp\/v2\/media?parent=20297"}],"curies":[{"name":"wp","href":"https:\/\/api.w.org\/{rel}","templated":true}]}}