{"id":19301,"date":"2023-02-20T18:22:27","date_gmt":"2023-02-20T18:22:27","guid":{"rendered":"https:\/\/vibetrace.com\/?page_id=19301"},"modified":"2023-03-22T13:50:29","modified_gmt":"2023-03-22T13:50:29","slug":"lp-white-label-agencies","status":"publish","type":"page","link":"https:\/\/vibetrace.com\/de\/lp-white-label-agenturen\/","title":{"rendered":"LP-White-Label-Agenturen"},"content":{"rendered":"<div class=\"gb-container gb-container-dbaba807\"><div class=\"gb-inside-container\">\n<div class=\"gb-container gb-container-aca22789\"><div class=\"gb-inside-container\">\n<div class=\"gb-grid-wrapper gb-grid-wrapper-3fbb2bd4\">\n<div class=\"gb-grid-column gb-grid-column-eb5d4634\"><div class=\"gb-container gb-container-eb5d4634\"><div class=\"gb-inside-container\">\n\n<figure class=\"wp-block-image size-large is-resized\"><a href=\"https:\/\/vibetrace.com\/de\/\"><img loading=\"lazy\" decoding=\"async\" src=\"https:\/\/vibetrace.com\/wp-content\/uploads\/2023\/02\/logo_vibetrace_white@3x-1024x221.png\" alt=\"\" class=\"wp-image-19377\" width=\"228\" height=\"49\" srcset=\"https:\/\/vibetrace.com\/wp-content\/uploads\/2023\/02\/logo_vibetrace_white@3x-1024x221.png 1024w, https:\/\/vibetrace.com\/wp-content\/uploads\/2023\/02\/logo_vibetrace_white@3x-300x65.png 300w, https:\/\/vibetrace.com\/wp-content\/uploads\/2023\/02\/logo_vibetrace_white@3x-768x166.png 768w, https:\/\/vibetrace.com\/wp-content\/uploads\/2023\/02\/logo_vibetrace_white@3x-1536x332.png 1536w, https:\/\/vibetrace.com\/wp-content\/uploads\/2023\/02\/logo_vibetrace_white@3x-2048x442.png 2048w, https:\/\/vibetrace.com\/wp-content\/uploads\/2023\/02\/logo_vibetrace_white@3x-18x4.png 18w\" sizes=\"auto, (max-width: 228px) 100vw, 228px\" \/><\/a><\/figure>\n\n<\/div><\/div><\/div>\n\n<div class=\"gb-grid-column gb-grid-column-e40872a1\"><div class=\"gb-container gb-container-e40872a1\"><div class=\"gb-inside-container\"><\/div><\/div><\/div>\n<\/div>\n<\/div><\/div>\n\n<div class=\"gb-container gb-container-e28b46d5\"><div class=\"gb-inside-container\">\n<div class=\"gb-grid-wrapper gb-grid-wrapper-e86a6f43\">\n<div class=\"gb-grid-column gb-grid-column-e51f5970\"><div class=\"gb-container gb-container-e51f5970\"><div class=\"gb-inside-container\">\n\n<h2 class=\"gb-headline gb-headline-e5abb250 gb-headline-text\">Steigern Sie den Umsatz, indem Sie Ihre Kunden l\u00e4nger binden<\/h2>\n\n\n\n<p class=\"has-base-3-color has-text-color\">Haben Sie Ihre eigenen <strong>komplette White-Label-Marketing-Automatisierungssoftware<\/strong> f\u00fcr Ihre Agenturkunden.<\/p>\n\n\n\n<p class=\"has-base-3-color has-text-color\">Binden Sie mehr Kunden und binden Sie sie f\u00fcr eine erh\u00f6hte Kundenbindung und einen h\u00f6heren Lebenszeitwert.<\/p>\n\n<\/div><\/div><\/div>\n\n<div class=\"gb-grid-column gb-grid-column-988b9c58\"><div class=\"gb-container gb-container-988b9c58\"><div class=\"gb-inside-container\">\n\n<figure class=\"wp-block-image size-full\"><img loading=\"lazy\" decoding=\"async\" width=\"984\" height=\"566\" src=\"https:\/\/vibetrace.com\/wp-content\/uploads\/2023\/02\/white-label-customer-database-marketing-platform-2.png\" alt=\"\" class=\"wp-image-19426\" srcset=\"https:\/\/vibetrace.com\/wp-content\/uploads\/2023\/02\/white-label-customer-database-marketing-platform-2.png 984w, https:\/\/vibetrace.com\/wp-content\/uploads\/2023\/02\/white-label-customer-database-marketing-platform-2-300x173.png 300w, https:\/\/vibetrace.com\/wp-content\/uploads\/2023\/02\/white-label-customer-database-marketing-platform-2-768x442.png 768w, https:\/\/vibetrace.com\/wp-content\/uploads\/2023\/02\/white-label-customer-database-marketing-platform-2-18x10.png 18w\" sizes=\"auto, (max-width: 984px) 100vw, 984px\" \/><\/figure>\n\n<\/div><\/div><\/div>\n<\/div>\n<\/div><\/div>\n<\/div><\/div>\n\n<div class=\"gb-container gb-container-20d46cfa\"><div class=\"gb-inside-container\">\n\n<h2 class=\"gb-headline gb-headline-7f21273f gb-headline-text\">Steigern und halten Sie Ums\u00e4tze, w\u00e4hrend Sie relevant bleiben<\/h2>\n\n\n\n<script>window.vt_stopcampaigns=true;<\/script>\n\n\n\n<p><\/p>\n\n\n<div class=\"gb-grid-wrapper gb-grid-wrapper-0f10da0d\">\n<div class=\"gb-grid-column gb-grid-column-f7960c80\"><div class=\"gb-container gb-container-f7960c80\"><div class=\"gb-inside-container\">\n\n<h3 class=\"wp-block-heading\">Was Sie bekommen:<\/h3>\n\n\n\n<ol class=\"wp-block-list\">\n<li>Dein eigenes <strong>Marketing-Automatisierungsplattform<\/strong><\/li>\n\n\n\n<li>Kein Wechseln und Erlernen mehrerer Softwarel\u00f6sungen mehr<\/li>\n\n\n\n<li><strong>Weniger Arbeit<\/strong> Integration von Daten und technischen L\u00f6sungen.<\/li>\n\n\n\n<li>Sei <strong>wettbewerbsf\u00e4higer<\/strong> mit den neuesten Trends und Technologien<\/li>\n<\/ol>\n\n\n\n<p>Enthaltene Funktionen:<\/p>\n\n\n\n<ul class=\"wp-block-list\">\n<li>E-Mail Marketing<\/li>\n\n\n\n<li>SMS &amp; Webpush<\/li>\n\n\n\n<li>Automatisierungs-Workflows<\/li>\n\n\n\n<li>Produktempfehlungen<\/li>\n\n\n\n<li>Website-Popups, dynamischer Inhalt<\/li>\n\n\n\n<li>Umfragen, Erhebungen &amp; Formulare<\/li>\n\n\n\n<li>Facebook-Werbung <\/li>\n<\/ul>\n\n\n\n<p>Dar\u00fcber hinaus haben Sie<strong> volle Kontrolle \u00fcber Preise, Abrechnung und Zahlungen<\/strong>. Kunden werden automatisch genau abgerechnet, sodass Sie sich auf neue Gesch\u00e4fte konzentrieren k\u00f6nnen.<\/p>\n\n\n\n<p>Bewerben Sie sich f\u00fcr die Nutzung unserer L\u00f6sung und machen Sie <strong>bis zu 30% mehr Gewinn<\/strong>.<\/p>\n\n\n\n<p>Einfache Integration mit: Shopify, Magento, Prestashop, Woocommerce, Opencart f\u00fcr Ihre Kunden<\/p>\n\n<\/div><\/div><\/div>\n\n<div class=\"gb-grid-column gb-grid-column-fca872b4\"><div class=\"gb-container gb-container-fca872b4\"><div class=\"gb-inside-container\">\n\n<h3 class=\"gb-headline gb-headline-cb47f91b gb-headline-text\">M\u00f6chten Sie eine Demo?<\/h3>\n\n\n\n<p>Hinterlassen Sie uns Ihre Daten und wir werden uns so schnell wie m\u00f6glich mit Ihnen in Verbindung setzen!<\/p>\n\n\n\n<style>\n.lp-input-container input.wp-lp-input {width:100%}\n.lp-input-container {margin:10px 0}\n<\/style>\n<form id=\"demo_list_form\" class=\"book-form\" action=\"https:\/\/pages.vtcdn.net\/lists\/213\/2693\/7ZPO5yLnxNeP\/subscribe\" method=\"POST\" target=\"_blank\" data-trp-original-action=\"https:\/\/pages.vtcdn.net\/lists\/213\/2693\/7ZPO5yLnxNeP\/subscribe\">\n<div class=\"lp-input-container\">\n<input class=\"wp-block-search__input wp-block-search__input wp-lp-input\" placeholder=\"Ihren Namen *\" name=\"name\" required=\"\">\n<\/div>\n<div class=\"lp-input-container\">\n<input class=\"wp-block-search__input wp-block-search__input wp-lp-input\" placeholder=\"Ihre E-Mail-Adresse *\" name=\"email\" required=\"\">\n<\/div>\n<div class=\"lp-input-container\">\n<input class=\"wp-block-search__input wp-block-search__input wp-lp-input\" placeholder=\"Telefonnummer\" name=\"tel\">\n<\/div>\n<input type=\"hidden\" value=\"lp_agency\" name=\"source\">\n<input type=\"text\" style=\"display:none\" name=\"__em\" value=\"\">\n<input type=\"text\" style=\"display:none\" name=\"__name\" value=\"\">\n<div class=\"lp-input-container\">\n<button class=\"\">Sende Informationen<\/button>\n<\/div>\n<input type=\"hidden\" name=\"trp-form-language\" value=\"de\"\/><\/form>\n\n<\/div><\/div><\/div>\n<\/div>\n<\/div><\/div>\n\n<div class=\"gb-container gb-container-8bfaa8b3\"><div class=\"gb-inside-container\">\n\n<p class=\"has-text-align-center has-large-font-size\">Haben Sie noch Fragen?<\/p>\n\n\n\n<p class=\"has-text-align-center has-medium-font-size\">Wir beraten Sie gerne telefonisch:<\/p>\n\n\n\n<p class=\"has-text-align-center has-medium-font-size\"><a href=\"tel: 41764656765\">+41 764 65 67 65<\/a> (CH)<\/p>\n\n<\/div><\/div>\n\n<div class=\"gb-container gb-container-40117758\"><div class=\"gb-inside-container\">\n<div class=\"gb-container gb-container-11add892\"><div class=\"gb-inside-container\">\n<div class=\"gb-grid-wrapper gb-grid-wrapper-b8d9abbf\">\n<div class=\"gb-grid-column gb-grid-column-c84977b6\"><div class=\"gb-container gb-container-c84977b6\"><div class=\"gb-inside-container\">\n\n<p class=\"has-text-align-center has-large-font-size\">1<\/p>\n\n\n\n<p class=\"has-text-align-center\">Vollst\u00e4ndige Anpassung, Branding und URLs<\/p>\n\n<\/div><\/div><\/div>\n\n<div class=\"gb-grid-column gb-grid-column-b31fd408\"><div class=\"gb-container gb-container-b31fd408\"><div class=\"gb-inside-container\">\n\n<p class=\"has-text-align-center has-large-font-size\">2 <\/p>\n\n\n\n<p class=\"has-text-align-center\">Schnelle Integrationen und Kunden-Onboarding<\/p>\n\n<\/div><\/div><\/div>\n\n<div class=\"gb-grid-column gb-grid-column-16d1af56\"><div class=\"gb-container gb-container-16d1af56\"><div class=\"gb-inside-container\">\n\n<p class=\"has-text-align-center has-large-font-size\">3<\/p>\n\n\n\n<p class=\"has-text-align-center\">White-Label-Services (Marketing + Entwicklung)<\/p>\n\n<\/div><\/div><\/div>\n\n<div class=\"gb-grid-column gb-grid-column-512e3db4\"><div class=\"gb-container gb-container-512e3db4\"><div class=\"gb-inside-container\">\n\n<p class=\"has-text-align-center has-large-font-size\">4<\/p>\n\n\n\n<p class=\"has-text-align-center\">Mengenrabatte, benutzerdefinierte Preise und automatische Rechnungsstellung<\/p>\n\n<\/div><\/div><\/div>\n<\/div>\n<\/div><\/div>\n<\/div><\/div>\n\n<div class=\"gb-container gb-container-c038a6c8\"><div class=\"gb-inside-container\">\n\n<h3 class=\"wp-block-heading\">Was aktuelle Agenturen sagen.<\/h3>\n\n\n<div class=\"gb-grid-wrapper gb-grid-wrapper-478292e2\">\n<div class=\"gb-grid-column gb-grid-column-c309719d\"><div class=\"gb-container gb-container-c309719d\"><div class=\"gb-inside-container\">\n<div class=\"wp-block-image\">\n<figure class=\"alignleft size-large is-resized\"><img loading=\"lazy\" decoding=\"async\" src=\"https:\/\/vibetrace.com\/wp-content\/uploads\/2023\/02\/image-34-1024x1024.png\" alt=\"\" class=\"wp-image-19370\" width=\"131\" height=\"131\" srcset=\"https:\/\/vibetrace.com\/wp-content\/uploads\/2023\/02\/image-34.png 1024w, https:\/\/vibetrace.com\/wp-content\/uploads\/2023\/02\/image-34-300x300.png 300w, https:\/\/vibetrace.com\/wp-content\/uploads\/2023\/02\/image-34-150x150.png 150w, https:\/\/vibetrace.com\/wp-content\/uploads\/2023\/02\/image-34-768x768.png 768w, https:\/\/vibetrace.com\/wp-content\/uploads\/2023\/02\/image-34-12x12.png 12w\" sizes=\"auto, (max-width: 131px) 100vw, 131px\" \/><\/figure>\n<\/div>\n\n\n<p>Wir sind von der Nutzung von Klaviyo f\u00fcr unsere Kunden zu Vibetrace gewechselt und erzielen mit einem integrierten Marketingansatz bessere Ergebnisse. <\/p>\n\n\n\n<p>Es ist nicht erforderlich, verschiedene Tools einzuf\u00fchren, und die Benutzer sehen alles wie UNSERE SOFTWARE!<\/p>\n\n\n\n<p>Alina, Betrieb @getMARA<\/p>\n\n\n\n<p><\/p>\n\n<\/div><\/div><\/div>\n\n<div class=\"gb-grid-column gb-grid-column-79a9b593\"><div class=\"gb-container gb-container-79a9b593\"><div class=\"gb-inside-container\">\n<div class=\"wp-block-image\">\n<figure class=\"alignleft size-large is-resized\"><img decoding=\"async\" src=\"https:\/\/vibetrace.com\/wp-content\/uploads\/2023\/02\/image-69-1024x1024.png\" alt=\"\" class=\"wp-image-19503\" width=\"131\" srcset=\"https:\/\/vibetrace.com\/wp-content\/uploads\/2023\/02\/image-69.png 1024w, https:\/\/vibetrace.com\/wp-content\/uploads\/2023\/02\/image-69-300x300.png 300w, https:\/\/vibetrace.com\/wp-content\/uploads\/2023\/02\/image-69-150x150.png 150w, https:\/\/vibetrace.com\/wp-content\/uploads\/2023\/02\/image-69-768x768.png 768w, https:\/\/vibetrace.com\/wp-content\/uploads\/2023\/02\/image-69-12x12.png 12w\" sizes=\"(max-width: 1024px) 100vw, 1024px\" \/><\/figure>\n<\/div>\n\n\n<p>Unsere Kunden sch\u00e4tzen uns viel mehr und wir haben keinen anderen Kunden verloren, weil \u201edie es billiger bekommen\u201c mit einem Freelancer. <\/p>\n\n\n\n<p>Auch White-Label-Services halfen uns, am zweiten Tag zus\u00e4tzliche Einnahmen zu erzielen.<\/p>\n\n\n\n<p>Mike, Gr\u00fcnder von VebaMarketing<\/p>\n\n<\/div><\/div><\/div>\n<\/div>\n\n\n<p><\/p>\n\n\n\n<p>2023 \u2013 Vibetrace \u2013 Z\u00fcrich Schweiz<\/p>\n\n\n\n<p>Unsere White-Label-L\u00f6sung unterst\u00fctzt derzeit viele der 500 f\u00fchrenden Online-H\u00e4ndler und E-Commerce-Websites. Vibetrace ist ein Produktunternehmen, das sich auf Agenturen und Gro\u00dfkunden konzentriert.<\/p>\n\n<\/div><\/div>","protected":false},"excerpt":{"rendered":"<p>Umsatz steigern und sichern, dabei relevant bleiben. Haben Sie noch Fragen? Wir helfen Ihnen gerne weiter. <a title=\"LP-White-Label-Agenturen\" class=\"read-more\" href=\"https:\/\/vibetrace.com\/de\/lp-white-label-agenturen\/\" aria-label=\"Weitere Informationen \u00fcber LP White Label Agencies\"> <\/a><\/p>","protected":false},"author":9,"featured_media":0,"parent":0,"menu_order":0,"comment_status":"closed","ping_status":"closed","template":"","meta":{"inline_featured_image":false,"footnotes":""},"class_list":["post-19301","page","type-page","status-publish"],"_links":{"self":[{"href":"https:\/\/vibetrace.com\/de\/wp-json\/wp\/v2\/pages\/19301","targetHints":{"allow":["GET"]}}],"collection":[{"href":"https:\/\/vibetrace.com\/de\/wp-json\/wp\/v2\/pages"}],"about":[{"href":"https:\/\/vibetrace.com\/de\/wp-json\/wp\/v2\/types\/page"}],"author":[{"embeddable":true,"href":"https:\/\/vibetrace.com\/de\/wp-json\/wp\/v2\/users\/9"}],"replies":[{"embeddable":true,"href":"https:\/\/vibetrace.com\/de\/wp-json\/wp\/v2\/comments?post=19301"}],"version-history":[{"count":0,"href":"https:\/\/vibetrace.com\/de\/wp-json\/wp\/v2\/pages\/19301\/revisions"}],"wp:attachment":[{"href":"https:\/\/vibetrace.com\/de\/wp-json\/wp\/v2\/media?parent=19301"}],"curies":[{"name":"wp","href":"https:\/\/api.w.org\/{rel}","templated":true}]}}