{"id":18406,"date":"2023-02-02T14:52:17","date_gmt":"2023-02-02T14:52:17","guid":{"rendered":"https:\/\/vibetrace.com\/?page_id=18406"},"modified":"2023-02-02T16:30:50","modified_gmt":"2023-02-02T16:30:50","slug":"email-subject-lines-generator","status":"publish","type":"page","link":"https:\/\/vibetrace.com\/de\/e-mail-betreffzeilen-generator\/","title":{"rendered":"E-Mail-Betreffzeilen-Generator"},"content":{"rendered":"<h3 class=\"wp-block-heading\">Lassen Sie uns Betreffzeilen mit KI generieren und verbessern:<\/h3>\n\n\n\n<p>Sind Sie es leid, nach der perfekten Betreffzeile f\u00fcr Ihre E-Mail zu suchen? Erstellen Sie einzigartige Betreffzeilen oder bewerten Sie Ihre Ideen mit unserem E-Mail-Betreffzeilengenerator auf Basis der OpenAI- und GPT-Technologie:<\/p>\n\n\n\n<iframe src=\"https:\/\/subjectlines.vibetrace.com\/\" style=\"border:0px; width:100%; height:1000px\"><\/iframe>\n\n\n\n<p>Ein guter E-Mail-Betreffzeilen-Generator sollte in der Lage sein, kreative, einpr\u00e4gsame und aufmerksamkeitsstarke Betreffzeilen zu generieren, die auf den Inhalt der E-Mail zugeschnitten sind.<\/p>\n\n\n\n<p>Es sollte auch in der Lage sein, Betreffzeilen basierend auf den im E-Mail-Text verwendeten Schl\u00fcsselw\u00f6rtern vorzuschlagen. Unser E-Mail-Betreffzeilen-Generator sollte in der Lage sein, bestimmte W\u00f6rter, Phrasen und Satzzeichen zu empfehlen, die verwendet werden k\u00f6nnen, um die Betreffzeile effektiver zu gestalten.<\/p>\n\n\n\n<p>Eine gute Betreffzeile ist ohnehin zwischen 10 und 50 Zeichen lang. Generieren Sie eines mit k\u00fcnstlicher Intelligenz, die von Vibetrace Email Marketing zusammen mit OpenAi und ChatGPT bereitgestellt wird<\/p>\n\n\n\n<p>E-Mail-Betreffzeilen sind ein wichtiges Thema im E-Mail-Marketing und wir haben einige handvoll Artikel daf\u00fcr erstellt&nbsp;<a href=\"https:\/\/vibetrace.com\/de\/tag\/email-subject-lines\/\" target=\"_blank\" rel=\"noreferrer noopener\">besondere Feiertage<\/a>.<\/p>","protected":false},"excerpt":{"rendered":"<p>Lassen Sie uns Betreffzeilen mithilfe von KI erstellen und verbessern: Sie haben es satt, nach dem perfekten Betreff zu suchen \u2026 <a title=\"E-Mail-Betreffzeilen-Generator\" class=\"read-more\" href=\"https:\/\/vibetrace.com\/de\/e-mail-betreffzeilen-generator\/\" aria-label=\"Weitere Informationen \u00fcber Email Subject Lines Generator\"> <\/a><\/p>","protected":false},"author":9,"featured_media":18427,"parent":0,"menu_order":0,"comment_status":"closed","ping_status":"closed","template":"","meta":{"inline_featured_image":false,"footnotes":""},"class_list":["post-18406","page","type-page","status-publish","has-post-thumbnail"],"_links":{"self":[{"href":"https:\/\/vibetrace.com\/de\/wp-json\/wp\/v2\/pages\/18406","targetHints":{"allow":["GET"]}}],"collection":[{"href":"https:\/\/vibetrace.com\/de\/wp-json\/wp\/v2\/pages"}],"about":[{"href":"https:\/\/vibetrace.com\/de\/wp-json\/wp\/v2\/types\/page"}],"author":[{"embeddable":true,"href":"https:\/\/vibetrace.com\/de\/wp-json\/wp\/v2\/users\/9"}],"replies":[{"embeddable":true,"href":"https:\/\/vibetrace.com\/de\/wp-json\/wp\/v2\/comments?post=18406"}],"version-history":[{"count":0,"href":"https:\/\/vibetrace.com\/de\/wp-json\/wp\/v2\/pages\/18406\/revisions"}],"wp:featuredmedia":[{"embeddable":true,"href":"https:\/\/vibetrace.com\/de\/wp-json\/wp\/v2\/media\/18427"}],"wp:attachment":[{"href":"https:\/\/vibetrace.com\/de\/wp-json\/wp\/v2\/media?parent=18406"}],"curies":[{"name":"wp","href":"https:\/\/api.w.org\/{rel}","templated":true}]}}