{"id":168,"date":"2021-08-12T09:55:01","date_gmt":"2021-08-12T09:55:01","guid":{"rendered":"https:\/\/vibetrace.com\/blog\/?page_id=168"},"modified":"2023-06-14T08:15:55","modified_gmt":"2023-06-14T08:15:55","slug":"refund-policy","status":"publish","type":"page","link":"https:\/\/vibetrace.com\/de\/ruckgaberecht\/","title":{"rendered":"R\u00fcckgaberecht"},"content":{"rendered":"<div class=\"gb-container gb-container-f62b97ef\"><div class=\"gb-inside-container\">\n\n<h3 class=\"gb-headline gb-headline-c663a4db gb-headline-text\">R\u00fcckgaberecht<\/h3>\n\n\n\n<p><strong>Monatliche Abonnements:<\/strong>&nbsp;Sie haben DREI\u00dfIG (30) Tage ab dem Datum des urspr\u00fcnglichen Kaufs Zeit, um eine R\u00fcckerstattung f\u00fcr Ihr monatliches Abonnement zu beantragen. Jede R\u00fcckerstattungsanfrage nach Ablauf der Frist von Drei\u00dfig (30) Tagen wird nicht bearbeitet. Sie k\u00f6nnen jederzeit nach Ablauf der ersten Drei\u00dfig (30) Tage k\u00fcndigen.<\/p>\n\n\n\n<p><strong>Jahresabonnements:<\/strong>&nbsp;Bei K\u00e4ufen von Jahresabonnements haben Sie ab dem Datum des urspr\u00fcnglichen Kaufs Drei\u00dfig (30) Tage Zeit, um eine R\u00fcckerstattung f\u00fcr Ihr Jahresabonnement zu beantragen. Alle R\u00fcckerstattungsantr\u00e4ge nach 30 Tagen werden anteilig entsprechend der verbleibenden Zeit des urspr\u00fcnglichen j\u00e4hrlichen Abonnementzeitraums berechnet. Beispiel: Wenn Sie im Januar dieses Jahres ein Jahresabonnement kaufen und 6 Monate nach dem Kaufdatum entscheiden, dass Sie eine R\u00fcckerstattung w\u00fcnschen, betr\u00e4gt Ihre anteilige R\u00fcckerstattung 501 TP3T des Kaufpreises. Sobald eine R\u00fccksendung eingegangen ist oder ein g\u00fcltiger R\u00fcckerstattungsantrag gestellt wurde, dauert der R\u00fcckerstattungsprozess nicht l\u00e4nger als 30 Tage. Alle R\u00fcckerstattungen werden entweder auf die urspr\u00fcngliche Kreditkarte zur\u00fcckgebucht \u2013 ODER \u2013 per Scheck an den Namen und die Adresse der Rechnungsadresse gesendet. Internationale Bestellungen, die auf die urspr\u00fcngliche Kreditkarte zur\u00fcckerstattet werden, und PayPal-Bestellungen werden dem PayPal-Konto wieder gutgeschrieben.<\/p>\n\n\n\n<p><\/p>\n\n\n\n<p>Vom zu erstattenden Gesamtbetrag ziehen wir verbrauchte Ressourcen ab, die an unsere Vertragspartner gezahlt werden m\u00fcssen: SMS-Guthaben, E-Mail-Nutzung, Werbekosten.<\/p>\n\n<\/div><\/div>","protected":false},"excerpt":{"rendered":"<p>R\u00fcckerstattungsrichtlinie f\u00fcr monatliche Abonnements: Sie haben DREISSIG (30) Tage ab dem Datum des urspr\u00fcnglichen Kaufs \u2026 <a title=\"R\u00fcckgaberecht\" class=\"read-more\" href=\"https:\/\/vibetrace.com\/de\/ruckgaberecht\/\" aria-label=\"Weitere Informationen zur R\u00fcckerstattungsrichtlinie\"> <\/a><\/p>","protected":false},"author":9,"featured_media":0,"parent":0,"menu_order":0,"comment_status":"closed","ping_status":"closed","template":"","meta":{"inline_featured_image":false,"footnotes":""},"class_list":["post-168","page","type-page","status-publish"],"_links":{"self":[{"href":"https:\/\/vibetrace.com\/de\/wp-json\/wp\/v2\/pages\/168","targetHints":{"allow":["GET"]}}],"collection":[{"href":"https:\/\/vibetrace.com\/de\/wp-json\/wp\/v2\/pages"}],"about":[{"href":"https:\/\/vibetrace.com\/de\/wp-json\/wp\/v2\/types\/page"}],"author":[{"embeddable":true,"href":"https:\/\/vibetrace.com\/de\/wp-json\/wp\/v2\/users\/9"}],"replies":[{"embeddable":true,"href":"https:\/\/vibetrace.com\/de\/wp-json\/wp\/v2\/comments?post=168"}],"version-history":[{"count":0,"href":"https:\/\/vibetrace.com\/de\/wp-json\/wp\/v2\/pages\/168\/revisions"}],"wp:attachment":[{"href":"https:\/\/vibetrace.com\/de\/wp-json\/wp\/v2\/media?parent=168"}],"curies":[{"name":"wp","href":"https:\/\/api.w.org\/{rel}","templated":true}]}}