{"id":166,"date":"2021-08-12T09:55:01","date_gmt":"2021-08-12T09:55:01","guid":{"rendered":"https:\/\/vibetrace.com\/blog\/?page_id=166"},"modified":"2023-06-14T08:15:19","modified_gmt":"2023-06-14T08:15:19","slug":"cookie-policy","status":"publish","type":"page","link":"https:\/\/vibetrace.com\/de\/cookie-richtlinie\/","title":{"rendered":"Cookie-Richtlinie"},"content":{"rendered":"<div class=\"gb-container gb-container-1d3c9211\"><div class=\"gb-inside-container\">\n\n<h1 class=\"gb-headline gb-headline-c7d43197 gb-headline-text\">Cookie-Richtlinie<\/h1>\n\n\n\n<p class=\"gb-headline gb-headline-d3ef2b05 gb-headline-text\">Wie Vibetrace Cookies verwaltet.<\/p>\n\n\n\n<p>Letzte \u00c4nderung: Mai 2018<\/p>\n\n\n\n<p>Diese Website oder ihre Tools von Drittanbietern verwenden Cookies, die f\u00fcr ihr Funktionieren und zum Erreichen der in dieser Cookie-Richtlinie erl\u00e4uterten Zwecke erforderlich sind. Indem Sie das Cookie-Warnbanner schlie\u00dfen, auf der Seite scrollen, auf einen Link klicken oder anderweitig weiter surfen, stimmen Sie der Verwendung von Cookies zu.<\/p>\n\n<\/div><\/div>\n\n<div class=\"gb-container gb-container-3c618fce\"><div class=\"gb-inside-container\">\n\n<h2 class=\"gb-headline gb-headline-6ab5fe31 gb-headline-text\">Was sind Cookies?<\/h2>\n\n\n\n<p>Damit moderne Websites den Erwartungen der Besucher entsprechen, m\u00fcssen sie bestimmte grundlegende Informationen \u00fcber die Besucher sammeln. Dazu erstellt eine Website kleine Textdateien, die auf den Ger\u00e4ten der Besucher abgelegt werden \u2013 diese Dateien werden als Cookies bezeichnet. Cookies werden jedem Besucher eindeutig zugewiesen und k\u00f6nnen nur von einem Webserver in der Dom\u00e4ne gelesen werden, die das Cookie an den Besucher ausgegeben hat. Cookies k\u00f6nnen nicht verwendet werden, um Programme auszuf\u00fchren oder Viren auf das Ger\u00e4t eines Besuchers zu \u00fcbertragen.<\/p>\n\n\n\n<p>Cookies erledigen verschiedene Aufgaben, die das Interneterlebnis des Besuchers viel reibungsloser und interaktiver machen. Beispielsweise werden Cookies verwendet, um die Pr\u00e4ferenzen des Besuchers auf h\u00e4ufig besuchten Websites zu speichern, um sich an die bevorzugte Sprache zu erinnern und um effizienter zwischen den Seiten zu navigieren. Viele, wenn auch nicht alle, der gesammelten Daten sind anonym, obwohl einige davon darauf ausgelegt sind, Surfmuster und ungef\u00e4hre geografische Standorte zu erkennen, um das Besuchererlebnis zu verbessern.<\/p>\n\n\n\n<h2 class=\"gb-headline gb-headline-8e136e62 gb-headline-text\">Wie werden Cookies auf vibetrace.com verwendet?<\/h2>\n\n\n\n<p>Vibetrace platziert Cookies, um kleine Informationen auf Ihrem Computer zu speichern und dann abzurufen, wenn Sie diese besuchen. Dadurch soll sichergestellt werden, dass unsere Inhalte auf Ihre Vorgaben zugeschnitten sind, wodurch das Besuchererlebnis auf der Website verbessert wird. Unter anderem erm\u00f6glichen die von uns verwendeten Cookies den Besuchern, sich auf der Website anzumelden, und lassen uns (anonym) berechnen, wie viele Besucher die Website hat.<\/p>\n\n\n\n<p>Wir glauben, dass das Besuchererlebnis der Website beeintr\u00e4chtigt w\u00fcrde, wenn Besucher die von uns verwendeten Cookies ablehnen.<\/p>\n\n\n\n<h2 class=\"gb-headline gb-headline-7a48a6d9 gb-headline-text\">Welche Arten von Cookies gibt es und welche verwenden wir?<\/h2>\n\n\n\n<p>Cookies k\u00f6nnen nach ihrer Speicherdauer und ihrer Funktion kategorisiert werden.<\/p>\n\n\n\n<h3 class=\"gb-headline gb-headline-029c37a4 gb-headline-text\">Cookies nach Speicherdauer kategorisiert:<\/h3>\n\n\n\n<h4 class=\"gb-headline gb-headline-6b95bc84 gb-headline-text\">Persistente Cookies<\/h4>\n\n\n\n<p>Persistente Cookies verbleiben auf dem Ger\u00e4t eines Besuchers f\u00fcr einen festgelegten Zeitraum, der im Cookie angegeben ist. Sie werden jedes Mal aktiviert, wenn der Besucher die Website besucht, die dieses bestimmte Cookie erstellt hat.<\/p>\n\n\n\n<p>Beispiele daf\u00fcr, wie wir dauerhafte Cookies verwenden:<\/p>\n\n\n\n<ul class=\"wp-block-list\">\n<li>Besuchern erlauben, sich anzumelden<\/li>\n\n\n\n<li>Berechnung der Anzahl der Website-Besucher<\/li>\n<\/ul>\n\n\n\n<h4 class=\"gb-headline gb-headline-aa22531c gb-headline-text\">Sitzungscookies<\/h4>\n\n\n\n<p>Sitzungscookies sind tempor\u00e4r. Sie erm\u00f6glichen Website-Betreibern, die Aktionen eines Besuchers w\u00e4hrend einer Browsersitzung zu verkn\u00fcpfen. Eine Browsersitzung beginnt, wenn ein Besucher ein Browserfenster \u00f6ffnet, und endet, wenn er es schlie\u00dft. Sobald Sie den Browser schlie\u00dfen, werden alle Session-Cookies gel\u00f6scht.<\/p>\n\n\n\n<p>Beispiele daf\u00fcr, wie wir Session-Cookies verwenden:<\/p>\n\n\n\n<ul class=\"wp-block-list\">\n<li>Um die Benutzerfreundlichkeit unserer Website zu verbessern<\/li>\n\n\n\n<li>Um den Besucher zum am besten verf\u00fcgbaren Webserver zu leiten<\/li>\n<\/ul>\n\n\n\n<h3 class=\"gb-headline gb-headline-78dd96e0 gb-headline-text\">Cookies nach Funktion kategorisiert:<\/h3>\n\n\n\n<h4 class=\"gb-headline gb-headline-13d6fc6a gb-headline-text\">Unbedingt erforderliche Cookies<\/h4>\n\n\n\n<p>Unbedingt erforderliche Cookies sind unerl\u00e4sslich, um auf einer Website zu navigieren und ihre Funktionen zu nutzen. Ohne sie k\u00f6nnten Besucher grundlegende Dienste wie die Registrierung nicht nutzen. Diese Cookies sammeln keine Informationen \u00fcber Besucher, die f\u00fcr Marketingzwecke verwendet werden k\u00f6nnten, oder um sich zu merken, wo ein Besucher im Internet war.<\/p>\n\n\n\n<p>Beispiele daf\u00fcr, wie Vibetrace \u201eunbedingt erforderliche\u201c Cookies verwendet, sind:<\/p>\n\n\n\n<ul class=\"wp-block-list\">\n<li>Besuchern die M\u00f6glichkeit zu geben, sich als registrierter Benutzer auf der Website anzumelden<\/li>\n<\/ul>\n\n\n\n<h4 class=\"gb-headline gb-headline-e7d44885 gb-headline-text\">Nicht notwendige Cookies<\/h4>\n\n\n\n<p>Dies sind alle Cookies, die nicht unter die Definition von wesentlichen Cookies fallen, wie Cookies, die verwendet werden, um Ihr Verhalten auf einer Website zu analysieren (\u201eanalytische\u201c Cookies) oder Cookies, die verwendet werden, um Ihnen Werbung anzuzeigen (\u201eWerbe\u201c-Cookies).<\/p>\n\n\n\n<p>Performance-Cookies sammeln zu statistischen Zwecken anonyme Daten dar\u00fcber, wie Besucher eine Website nutzen, und werden verwendet, um das Besuchererlebnis zu verbessern. Es gibt auch nicht unbedingt erforderliche Cookies, die Benutzer identifizieren, um das Erscheinungsbild einer Website f\u00fcr sie anzupassen, eine Personalisierung der Website bereitzustellen und das Marketing zu verbessern.<\/p>\n\n\n\n<p>Beispiele daf\u00fcr, wie Vibetrace Performance-Cookies verwendet, sind:<\/p>\n\n\n\n<ul class=\"wp-block-list\">\n<li>Sammeln von Daten \u00fcber Besuche auf der Website, einschlie\u00dflich Anzahl der Besucher und Besuche, Verweildauer auf der Website, angeklickte Seiten oder Herkunft der Besucher<\/li>\n\n\n\n<li>Informationen, die von Performance-Cookies geliefert werden, helfen uns zu verstehen, wie Besucher die Website nutzen; zum Beispiel, ob Besucher uns schon einmal besucht haben, was Besucher angesehen oder angeklickt haben und wie sie uns gefunden haben<\/li>\n\n\n\n<li>Informationen, die von Performance-Cookies geliefert werden, werden in (Re-)Marketing-Aktivit\u00e4ten verwendet.<\/li>\n\n\n\n<li>Erinnern an die Sprachwahl eines Besuchers<\/li>\n\n\n\n<li>Merken des Benutzernamens f\u00fcr die Anmeldeseite.<\/li>\n<\/ul>\n\n\n\n<h2 class=\"gb-headline gb-headline-493b2fba gb-headline-text\">Wie k\u00f6nnen Besucher Cookies kontrollieren?<\/h2>\n\n\n\n<p>Besucher m\u00fcssen sich dar\u00fcber im Klaren sein, dass alle Einstellungen verloren gehen, wenn Cookies gel\u00f6scht werden, und viele Websites nicht richtig funktionieren oder die Funktionalit\u00e4t verloren geht. Vibetrace empfiehlt daher nicht, Cookies bei der Nutzung von vibetrace.com zu deaktivieren.<\/p>\n\n\n\n<p>Die meisten Browser akzeptieren Cookies automatisch, aber Besucher k\u00f6nnen die Einstellungen ihres Browsers \u00e4ndern, um Cookies zu l\u00f6schen oder die automatische Annahme zu verhindern. Browser bieten im Allgemeinen die M\u00f6glichkeit, die aktuell gespeicherten Cookies anzuzeigen und Cookies zu akzeptieren, abzulehnen oder zu l\u00f6schen, Cookies von Drittanbietern zu blockieren, Cookies von bestimmten Websites zu blockieren, alle Cookies zu akzeptieren und eine Benachrichtigung zu abonnieren, wenn ein Cookie ausgegeben wird. Ein Besuch des Men\u00fcs \u201eOptionen\u201c oder \u201eEinstellungen\u201c in ihrem Browser erm\u00f6glicht es Besuchern, Einstellungen zu \u00e4ndern. Der Hilfebereich des Browsers enth\u00e4lt normalerweise detaillierte Informationen dar\u00fcber, wie dies erreicht wird.<\/p>\n\n\n\n<h3 class=\"gb-headline gb-headline-38daf538 gb-headline-text\">Performance-Cookies verwalten<\/h3>\n\n\n\n<p>Es ist m\u00f6glich, die Aufzeichnung Ihrer anonymisierten Browsing-Aktivit\u00e4ten innerhalb von Websites durch Performance-Cookies abzulehnen. Besucher k\u00f6nnen die Verwendung ihrer Daten verhindern, indem sie ein Browser-Add-on installieren, das die Funktionalit\u00e4t blockiert.<\/p>\n\n\n\n<p>Vibetrace.com verwendet verschiedene Tools zum Aufzeichnen von Performance-Cookies:<\/p>\n\n\n\n<ul class=\"wp-block-list\">\n<li>Google Analytics<\/li>\n\n\n\n<li>Google Adwords (DoubleClick)<\/li>\n\n\n\n<li>Facebook-Pixel<\/li>\n\n\n\n<li>Andere \u00e4hnliche Dienste von Drittanbietern<\/li>\n<\/ul>\n\n\n\n<p>Vergessen Sie nicht, dass wir durch das Nichtzulassen von Performance-Cookies daran gehindert werden, zu erfahren, was Menschen an unserer Website m\u00f6gen oder nicht m\u00f6gen, damit wir sie verbessern k\u00f6nnen.<\/p>\n\n\n\n<h2 class=\"gb-headline gb-headline-fc46a9f1 gb-headline-text\">Zustimmung des Besuchers<\/h2>\n\n\n\n<p>Indem Sie die Website weiter nutzen, stimmen Sie der Platzierung von Cookies auf Ihrem Ger\u00e4t zu. Wenn Sie sich daf\u00fcr entscheiden, unsere Cookies nicht zu erhalten, k\u00f6nnen wir nicht garantieren, dass Ihre Erfahrung so erf\u00fcllend sein wird, wie sie es sonst w\u00e4re.<\/p>\n\n<\/div><\/div>","protected":false},"excerpt":{"rendered":"<p>Cookie-Richtlinie Wie Vibetrace Cookies verwaltet. Letzte \u00c4nderung: Mai 2018 Diese Website oder ihre Drittpartei \u2026 <a title=\"Cookie-Richtlinie\" class=\"read-more\" href=\"https:\/\/vibetrace.com\/de\/cookie-richtlinie\/\" aria-label=\"Weitere Informationen zur Cookie-Richtlinie\"> <\/a><\/p>","protected":false},"author":9,"featured_media":0,"parent":0,"menu_order":0,"comment_status":"closed","ping_status":"closed","template":"","meta":{"inline_featured_image":false,"footnotes":""},"class_list":["post-166","page","type-page","status-publish"],"_links":{"self":[{"href":"https:\/\/vibetrace.com\/de\/wp-json\/wp\/v2\/pages\/166","targetHints":{"allow":["GET"]}}],"collection":[{"href":"https:\/\/vibetrace.com\/de\/wp-json\/wp\/v2\/pages"}],"about":[{"href":"https:\/\/vibetrace.com\/de\/wp-json\/wp\/v2\/types\/page"}],"author":[{"embeddable":true,"href":"https:\/\/vibetrace.com\/de\/wp-json\/wp\/v2\/users\/9"}],"replies":[{"embeddable":true,"href":"https:\/\/vibetrace.com\/de\/wp-json\/wp\/v2\/comments?post=166"}],"version-history":[{"count":0,"href":"https:\/\/vibetrace.com\/de\/wp-json\/wp\/v2\/pages\/166\/revisions"}],"wp:attachment":[{"href":"https:\/\/vibetrace.com\/de\/wp-json\/wp\/v2\/media?parent=166"}],"curies":[{"name":"wp","href":"https:\/\/api.w.org\/{rel}","templated":true}]}}