{"id":165,"date":"2021-08-12T09:55:01","date_gmt":"2021-08-12T09:55:01","guid":{"rendered":"https:\/\/vibetrace.com\/blog\/?page_id=165"},"modified":"2023-06-14T08:14:47","modified_gmt":"2023-06-14T08:14:47","slug":"privacy-policy","status":"publish","type":"page","link":"https:\/\/vibetrace.com\/de\/datenschutz-bestimmungen\/","title":{"rendered":"Datenschutz-Bestimmungen"},"content":{"rendered":"<div class=\"gb-container gb-container-69601c13\"><div class=\"gb-inside-container\">\n\n<h1 class=\"wp-block-heading has-text-align-center\">Datenschutz-Bestimmungen<\/h1>\n\n\n\n<p class=\"has-text-align-center\">Letzte Aktualisierung: Februar 2022<\/p>\n\n<\/div><\/div>\n\n<div class=\"gb-container gb-container-b0feab63\"><div class=\"gb-inside-container\">\n\n<h2 class=\"gb-headline gb-headline-e2e2670e gb-headline-text\">1. Einleitung<\/h2>\n\n\n\n<p>Vibetrace bietet eine Marketing-Automatisierungsplattform \u00fcber ein Software-as-a-Service (SaaS)-Modell. Bei Vibetrace sind die Privatsph\u00e4re und Sicherheit unserer Kunden und ihrer Besucher von gr\u00f6\u00dfter Bedeutung. Vibetrace verpflichtet sich, die Daten, die Sie mit uns teilen, zu sch\u00fctzen. Diese Datenschutzrichtlinie erl\u00e4utert, wie Vibetrace Informationen verarbeitet, die verwendet werden k\u00f6nnen, um eine Person direkt oder indirekt zu identifizieren (\u201epersonenbezogene Daten\u201c), die durch die Nutzung seiner Website und Plattform gesammelt werden. F\u00fcr die Zwecke dieser Richtlinie definiert Vibetrace den Begriff \u201eKunde\u201c oder \u201eAuftraggeber\u201c als eine Einheit, mit der Vibetrace eine etablierte Beziehung unterh\u00e4lt, den Begriff \u201eBesucher des Kunden\u201c als jede Person, die eine von Vibetrace betriebene Website unserer Kunden besucht oder die als Kontakt in einem Kundenkonto enthalten ist, und der Begriff \u201eBesucher\u201c als Person, die unsere Front-End-Website besucht (z. B. vibetrace.com). Alle auf der Plattform von Vibetrace gespeicherten Informationen werden vertraulich behandelt. Alle Informationen werden sicher gespeichert und sind nur f\u00fcr autorisiertes Personal zug\u00e4nglich. Vibetrace implementiert und unterh\u00e4lt angemessene technische, Sicherheits- und organisatorische Ma\u00dfnahmen, um personenbezogene Daten vor unbefugter oder rechtswidriger Verarbeitung und Nutzung sowie vor versehentlichem Verlust, Zerst\u00f6rung, Besch\u00e4digung, Diebstahl oder Offenlegung zu sch\u00fctzen.<\/p>\n\n\n\n<h2 class=\"gb-headline gb-headline-3e27e8f8 gb-headline-text\">2. Sammlung und Verwendung<\/h2>\n\n\n\n<h3 class=\"gb-headline gb-headline-016ad7a5 gb-headline-text\">2.1 .Allgemeines<\/h3>\n\n\n\n<p>Die folgenden Abschnitte behandeln die Besonderheiten jeder der drei Gruppen, aus denen Daten gesammelt werden: Website-Besucher, Kundenbesucher und Besucher.<\/p>\n\n\n\n<h3 class=\"gb-headline gb-headline-6804def4 gb-headline-text\">2.2 Website-Besucher<\/h3>\n\n\n\n<p>Wenn Sie nur ein Besucher unserer Website sind, dann ist dieser Abschnitt f\u00fcr Sie relevant. Durch den Besuch dieser Website stimmen Sie der Erfassung und Verwendung Ihrer personenbezogenen Daten wie hierin beschrieben zu. Wenn Sie mit den hier dargelegten Bedingungen nicht einverstanden sind, besuchen Sie diese Website bitte nicht. Wenn dies nach geltendem Recht erforderlich ist, werden wir Ihre ausdr\u00fcckliche Zustimmung zur Verarbeitung personenbezogener Daten einholen, die auf dieser Website erhoben oder von Ihnen freiwillig zur Verf\u00fcgung gestellt wurden. Bitte beachten Sie, dass jede Zustimmung vollkommen freiwillig ist. Wenn Sie jedoch die angeforderte Zustimmung zur Verarbeitung Ihrer personenbezogenen Daten nicht erteilen, ist die Nutzung dieser Website m\u00f6glicherweise nicht m\u00f6glich. Vibetrace kann Informationen von Besuchern seiner Website sammeln, aufzeichnen und analysieren. Wir k\u00f6nnen Ihre IP-Adresse aufzeichnen und Cookies verwenden. Vibetrace kann Informationen hinzuf\u00fcgen, die durch Seitenaufrufaktivit\u00e4ten oder Interaktionen mit Seitenelementen gesammelt wurden. Dar\u00fcber hinaus kann Vibetrace alle personenbezogenen Daten erfassen und verarbeiten, die Sie uns freiwillig in den Formularen unserer Website zur Verf\u00fcgung stellen, z. B. wenn Sie sich f\u00fcr Veranstaltungen anmelden oder sich f\u00fcr Informationen und Newsletter anmelden. Wenn Sie Vibetrace Ihre Social-Media-Details zur Verf\u00fcgung stellen, kann Vibetrace \u00f6ffentlich verf\u00fcgbare Informationen \u00fcber Sie aus Social Media abrufen. Solche personenbezogenen Daten k\u00f6nnen Ihre IP-Adresse, Ihren Vor- und Nachnamen, Ihre Post- und E-Mail-Adresse, Ihre Telefonnummer, Ihre Berufsbezeichnung, Daten f\u00fcr soziale Netzwerke, Ihre Interessengebiete, Ihr Interesse an Vibetrace-Produkten und bestimmte Informationen \u00fcber Ihr Unternehmen umfassen f\u00fcr die Sie arbeiten (Firmenname und Adresse) sowie Informationen \u00fcber die Art der Beziehung, die zwischen Vibetrace und Ihnen besteht. Vibetrace sammelt Daten \u00fcber Besuche auf der Website, einschlie\u00dflich Anzahl der Besucher und Besuche, Geolokalisierungsdaten, Verweildauer auf der Website, angeklickte Seiten oder wohin Besucher gekommen sind.<\/p>\n\n\n\n<h4 class=\"gb-headline gb-headline-70975dae gb-headline-text\">2.2.1 Zweck der Verarbeitung personenbezogener Daten<\/h4>\n\n\n\n<p>Vibetrace verwendet die gesammelten Daten, um mit Besuchern zu kommunizieren, Inhalte f\u00fcr Besucher anzupassen, Besuchern Anzeigen auf anderen Websites zu zeigen und seine Website zu verbessern, indem analysiert wird, wie Besucher auf seiner Website navigieren.<\/p>\n\n\n\n<h4 class=\"gb-headline gb-headline-4e3d8d72 gb-headline-text\">2.2.2 Weitergabe personenbezogener Daten<\/h4>\n\n\n\n<p>Vibetrace kann diese Informationen auch an Dienstanbieter oder Auftragnehmer weitergeben, um eine angeforderte Dienstleistung oder Transaktion bereitzustellen oder um das Besucherverhalten auf seiner Website zu analysieren.<\/p>\n\n\n\n<h4 class=\"gb-headline gb-headline-d4260ed2 gb-headline-text\">2.2.3 Cookies<\/h4>\n\n\n\n<p>Cookies sind kleine Informationseinheiten, die von einer Website an die Festplatte eines Besuchers gesendet werden. Cookies k\u00f6nnen nicht verwendet werden, um Programme auszuf\u00fchren oder Viren auf Ihren Computer zu \u00fcbertragen. Indem Sie die Website weiterhin besuchen, stimmen Sie der Platzierung von Cookies auf Ihrem Ger\u00e4t zu. Wenn Sie sich entscheiden, unsere Cookies nicht zu akzeptieren, k\u00f6nnen wir nicht garantieren, dass Ihre Erfahrung so erf\u00fcllend sein wird, wie sie es sonst w\u00e4re. Wir k\u00f6nnen auch Cookies von Drittanbietern f\u00fcr funktionale und Marketingzwecke platzieren. Die Verwendung von Cookies ist weit verbreitet und kommt dem Surfer zugute. Weitere Informationen finden Sie unter&nbsp;<a href=\"https:\/\/vibetrace.com\/de\/static\/cookie-policy.html\/\">Vibetrace-Cookie-Richtlinie.<\/a><\/p>\n\n\n\n<h4 class=\"gb-headline gb-headline-1e269500 gb-headline-text\">2.2.4 Links zu anderen Websites<\/h4>\n\n\n\n<p>Bitte beachten Sie, dass Besucher beim Besuch unserer Website Links zu anderen Websites folgen k\u00f6nnen, die au\u00dferhalb unseres Einflussbereichs liegen. Vibetrace ist nicht verantwortlich f\u00fcr den Inhalt oder die Datenschutzrichtlinien dieser anderen Websites.<\/p>\n\n\n\n<h3 class=\"gb-headline gb-headline-ae4b50d9 gb-headline-text\">2.3 Kundenbesucher<\/h3>\n\n\n\n<p>Kundenbesucher sollten sich dar\u00fcber im Klaren sein, dass sie bei ihrer Interaktion mit unserer L\u00f6sung auf den Websites von Kunden Informationen preisgeben k\u00f6nnten, die sie gegen\u00fcber Vibetrace-Kunden pers\u00f6nlich identifizierbar machen k\u00f6nnten. Der auf der Vibetrace-Plattform implementierte Sicherheits- und Datenschutz deckt diese Art der \u00dcbertragung oder Offenlegung personenbezogener Daten nicht ab. Kundenbesucher, die mit Kampagnen interagieren, die mit der Vibetrace-Plattform erstellt wurden, sollten sich dar\u00fcber im Klaren sein, dass sie allein f\u00fcr den Inhalt ihrer Dateneingaben oder Umfrageantworten verantwortlich sind. F\u00fcr detailliertere Informationen zum Schutz der Privatsph\u00e4re bei der Interaktion mit unseren Kampagnen oder der Beantwortung von Kundenbefragungen k\u00f6nnen sich Besucher an die Stelle wenden, die die Umfrage durchf\u00fchrt. Es liegt in der Verantwortung des Kunden sicherzustellen, dass die Erfassung und Verarbeitung von Daten in \u00dcbereinstimmung mit geltendem Recht erfolgt. Vibetrace verarbeitet personenbezogene Daten von Kundenbesuchern nicht f\u00fcr andere Zwecke oder auf andere Weise als von seinen Kunden angewiesen. Bitte \u00fcberpr\u00fcfen Sie die Datenschutzrichtlinie jedes Kunden.<\/p>\n\n\n\n<h4 class=\"gb-headline gb-headline-d9457085 gb-headline-text\">2.3.1. Erkundigt sich<\/h4>\n\n\n\n<p>Wenn Sie sich nach Ihren personenbezogenen Daten erkundigen m\u00f6chten, die m\u00f6glicherweise von Vibetrace erfasst wurden, empfehlen wir Ihnen, sich an die Stelle zu wenden, die diese erstellt hat oder Verbindungen zu ihr hat. Da Vibetrace ein Datenverarbeiter ist, kontrolliert es nur die von Kunden gesendeten personenbezogenen Daten und verarbeitet diese im Auftrag seiner Kunden. Wenn Sie sich nicht sicher sind, wer f\u00fcr die Erstellung verantwortlich ist, k\u00f6nnen Sie uns zur weiteren Kl\u00e4rung kontaktieren.<\/p>\n\n\n\n<h3 class=\"gb-headline gb-headline-7ffd696c gb-headline-text\">2.4 Kunden<\/h3>\n\n\n\n<h4 class=\"gb-headline gb-headline-a73aed0d gb-headline-text\">2.4.1. Allgemein<\/h4>\n\n\n\n<p>Um seinen Kunden Dienstleistungen anbieten zu k\u00f6nnen, erhebt Vibetrace bestimmte Arten von Daten von ihnen. Dar\u00fcber hinaus sammeln die Kunden von Vibetrace Informationen von den Besuchern der Kunden, wenn sie digitale oder Offline-Eigenschaften, die in die Vibetrace-Plattform integriert sind, besuchen oder damit interagieren. In diesem Abschnitt wird beschrieben, wie diese beiden Arten von Daten von Vibetrace erfasst und verwendet werden, sowie die geografischen Unterschiede, die sich auf diese Richtlinie auswirken. Von Kunden in Vibetrace eingegebene oder \u00fcbertragene Daten wie Texte, Fragen, Kontakte, Mediendateien etc. bleiben Eigentum des Kunden und d\u00fcrfen von Vibetrace ohne ausdr\u00fcckliche Zustimmung des Kunden nicht an Dritte weitergegeben werden.<\/p>\n\n\n\n<h4 class=\"gb-headline gb-headline-ecf1cdbc gb-headline-text\">2.4.2 Erhebung von Kundendaten<\/h4>\n\n\n\n<p>W\u00e4hrend der Registrierung eines Kunden und sp\u00e4ter auf der Vibetrace-Plattform geben sie Informationen wie Name, Firmenname, E-Mail, Adresse, Telefonnummer, Kreditkartennummer und andere relevante Daten an. Diese Informationen werden von Vibetrace verwendet, um den Kunden zu identifizieren und ihm Support, Dienstleistungen, Mailings, Verkaufs- und Marketingaktionen, Rechnungsstellung und die Erf\u00fcllung vertraglicher Verpflichtungen bereitzustellen. Vibetrace-Kunden k\u00f6nnen jederzeit auf ihre Kontaktdaten zugreifen und diese bearbeiten, aktualisieren oder l\u00f6schen, indem sie sich mit ihrem Benutzernamen und Passwort auf der Plattform von Vibetrace anmelden. Der Vibetrace-Kunde kann innerhalb seines Kontos weitere Kundenkonten mit unterschiedlichen Berechtigungsstufen erstellen. Es liegt in der Verantwortung des Kunden, der andere Kundenkonten erstellt, die Zugriffsebene auszuw\u00e4hlen, die jeder Kunde haben sollte. Sobald sich diese neuen Kunden bei Vibetrace anmelden, erf\u00fcllen sie die Definition von Kunden in dieser Richtlinie. Vibetrace bewahrt Kundendaten nicht l\u00e4nger auf, als dies zur Erf\u00fcllung der Zwecke, f\u00fcr die sie erhoben wurden, oder gem\u00e4\u00df den geltenden Gesetzen oder Vorschriften erforderlich ist.<\/p>\n\n\n\n<h4 class=\"gb-headline gb-headline-3d3bc958 gb-headline-text\">2.4.3 Erfassung von Besucherdaten des Kunden<\/h4>\n\n\n\n<p>Kampagnen, E-Mails, Interaktionen, Websites, Site-Interaktionen oder Umfragen, die zum Sammeln von Daten verwendet werden, werden von Kunden erstellt, die sie relevanten Unternehmen, Organisationen und Einzelpersonen zur Verf\u00fcgung stellen. Es liegt in der Verantwortung des Kunden sicherzustellen, dass die Erhebung und Verarbeitung von Daten in \u00dcbereinstimmung mit geltendem Recht erfolgt. Vibetrace verarbeitet personenbezogene Daten nicht f\u00fcr andere Zwecke oder auf andere Weise als auf Anweisung seiner Kunden. Kundenbesucherdaten umfassen Daten von Einzelpersonen, die von einem Vibetrace-Kunden zu Marketing- oder Gesch\u00e4ftszwecken f\u00fcr den Kunden verfolgt, hochgeladen, \u00fcbertragen oder manuell in sein Konto eingegeben werden. Zu den personenbezogenen Daten k\u00f6nnen pers\u00f6nliche Kontaktinformationen wie Name, Wohnadresse, private Telefon- oder Handynummer, E-Mail-Adresse, Informationen \u00fcber Familie, Lebensstil und soziale Umst\u00e4nde geh\u00f6ren, einschlie\u00dflich Alter, Geburtsdatum, Familienstand, Anzahl der Kinder, Besch\u00e4ftigungsdetails, Ausbildung \/Qualifikation, Gesch\u00e4ftskontaktdaten, Geschlecht, Religion, Rasse, Gesundheitsdetails und andere sensible personenbezogene Daten. Antworten auf Fragen von Besuchern des Kunden k\u00f6nnen auch personenbezogene Daten enthalten. Der Zweck der Erfassung personenbezogener Daten h\u00e4ngt von den Gesch\u00e4fts- und Marketinganforderungen des jeweiligen Kunden ab, wie von den Kunden von Vibetrace festgelegt. Da Vibetrace Dienstleistungen f\u00fcr eine breite Gruppe von Kunden und Unternehmen anbietet, kann der Zweck sehr unterschiedlich sein. F\u00fcr Kunden im EWR oder f\u00fcr Kunden, die Dienstleistungen f\u00fcr Personen im EWR erbringen, sind die Kunden der \u201eDatenverantwortliche\u201c, wie in der Richtlinie und der DSGVO definiert. Der Zweck wird folglich vom Kunden von Vibetrace festgelegt. Wenn Sie oder Ihre Organisation gem\u00e4\u00df der Datenschutz-Grundverordnung der Europ\u00e4ischen Union (DSGVO) verpflichtet sind, mit Ihren Datenverarbeitern einen Vertrag oder andere verbindliche Rechtsakte nach dem Recht der EU oder der Mitgliedstaaten abzuschlie\u00dfen,&nbsp;<a href=\"https:\/\/vibetrace.com\/de\/static\/data-processing.html\/\">Lesen und akzeptieren Sie die Datenverarbeitungsvereinbarung von Vibetrace<\/a>&nbsp;in Ihrem Vibetrace-Konto.<\/p>\n\n\n\n<h4 class=\"gb-headline gb-headline-73736007 gb-headline-text\">2.4.4. Geografische Position<\/h4>\n\n\n\n<p>Vibetrace bietet eine Reihe von Datenregionen. <\/p>\n\n\n\n<p>Eine \u201eDatenregion\u201c von Vibetrace ist eine Reihe von Rechenzentren, die sich innerhalb eines definierten geografischen Gebiets befinden, in dem Kunden- und Kundenbesucherdaten gespeichert werden. Personenbezogene Daten k\u00f6nnen zwischen Datenregionen \u00fcbertragen werden. F\u00fcr Vibetrace-Kunden mit Konten in der europ\u00e4ischen Datenregion von Vibetrace werden alle personenbezogenen Daten im EWR verarbeitet. F\u00fcr Kunden mit Konten in den Datenregionen: Vereinigte Staaten von Amerika (USA) und Kanada werden alle personenbezogenen Daten im EWR oder den Vereinigten Staaten von Amerika oder Kanada verarbeitet. F\u00fcr Kunden mit Konten in unserer Datenregion Asien-Pazifik werden alle personenbezogenen Daten in Singapur, im EWR oder in den Vereinigten Staaten von Amerika verarbeitet.<\/p>\n\n\n\n<h4 class=\"gb-headline gb-headline-00522b25 gb-headline-text\">2.4.4. Geografische Position<\/h4>\n\n\n\n<p>Vibetrace bietet eine Reihe von Datenregionen. Eine \u201eDatenregion\u201c von Vibetrace ist eine Reihe von Rechenzentren, die sich innerhalb eines definierten geografischen Gebiets befinden, in dem Kunden- und Kundenbesucherdaten gespeichert werden. Personenbezogene Daten k\u00f6nnen zwischen Datenregionen \u00fcbertragen werden. F\u00fcr Vibetrace-Kunden mit Konten in der europ\u00e4ischen Datenregion von Vibetrace werden alle personenbezogenen Daten im EWR verarbeitet. F\u00fcr Kunden mit Konten in den Datenregionen: Vereinigte Staaten von Amerika (USA) und Kanada werden alle personenbezogenen Daten im EWR oder den Vereinigten Staaten von Amerika oder Kanada verarbeitet. F\u00fcr Kunden mit Konten in unserer Datenregion Asien-Pazifik werden alle personenbezogenen Daten in Singapur, im EWR oder in den Vereinigten Staaten von Amerika verarbeitet.<\/p>\n\n\n\n<h5 class=\"gb-headline gb-headline-f374159c gb-headline-text\">2.4.4.1 Verarbeitung im Europ\u00e4ischen Wirtschaftsraum (EWR)<\/h5>\n\n\n\n<p>F\u00fcr Kunden mit Konten in der europ\u00e4ischen Datenregion von Vibetrace erfolgt die gesamte Verarbeitung personenbezogener Daten in \u00dcbereinstimmung mit den Datenschutzrechten und -bestimmungen gem\u00e4\u00df der EU-Richtlinie 95\/46\/EG des Europ\u00e4ischen Parlaments und des Rates vom 24. Oktober 1995 (die Richtlinie). , und die Umsetzung der Richtlinie in die lokale Gesetzgebung. Ab dem 25. Mai 2018 werden die Richtlinie und die auf der Richtlinie basierenden lokalen Rechtsvorschriften durch die Verordnungen (EU) 2016\/679 des Europ\u00e4ischen Parlaments und des Rates vom 27. April 2016 zum Schutz nat\u00fcrlicher Personen bei der Verarbeitung ersetzt personenbezogener Daten und zum freien Datenverkehr, bekannt als die Datenschutz-Grundverordnung (DSGVO), und die Verarbeitung durch Vibetrace erfolgt gem\u00e4\u00df der DSGVO.<\/p>\n\n\n\n<h6 class=\"gb-headline gb-headline-5ba3aec1 gb-headline-text\"><strong>2.4.4.1.1 Verantwortlicher<\/strong><\/h6>\n\n\n\n<p>Vibetrace verarbeitet personenbezogene Daten sowohl als Auftragsverarbeiter als auch als Verantwortlicher, wie in der Richtlinie und der DSGVO definiert: Das Vibetrace-Unternehmen, mit dem Sie als Kunde bei der Nutzung der Vibetrace-Plattform eine Vereinbarung getroffen haben, ist der Verantwortliche f\u00fcr Kundendaten, wie oben beschrieben im Abschnitt \u201eErhebung von Kundendaten\u201c. F\u00fcr Kunden-Besucherdaten, wie im Abschnitt \u201eErfassung von Kunden-Besucherdaten\u201c beschrieben, ist der Kunde der Verantwortliche gem\u00e4\u00df der Richtlinie und der DSGVO, und Vibetrace ist der Auftragsverarbeiter. Vibetrace h\u00e4lt sich an die Richtlinie von 1995 und die DSGVO vom 25. Mai 2018. Folglich verarbeitet Vibetrace alle Daten, die von seinen Kunden mit Konten in seiner Europ\u00e4ischen Datenregion, im Europ\u00e4ischen Wirtschaftsraum (EWR) bereitgestellt werden. Alle von Vibetrace-Kunden \u00fcber unsere Plattform gesammelten Daten werden ausschlie\u00dflich in sicheren Hosting-Einrichtungen gespeichert, die von Amazon, Google Microsoft Azure oder Digital Ocean bereitgestellt werden. Vibetrace hat mit seinen Anbietern eine Datenverarbeitungsvereinbarung abgeschlossen, die die Einhaltung der Richtlinie gew\u00e4hrleistet. Das gesamte Hosting erfolgt nach den h\u00f6chsten Sicherheitsvorschriften. Alle Daten\u00fcbermittlungen innerhalb des EWR erfolgen gem\u00e4\u00df dieser Datenverarbeitungsvereinbarung.<\/p>\n\n\n\n<h5 class=\"gb-headline gb-headline-558cadd7 gb-headline-text\">2.4.4.2 Verarbeitung von Daten<\/h5>\n\n\n\n<p>F\u00fcr Kunden mit Konten in der US-Datenregion von Vibetrace verarbeitet Vibetrace Daten in Rechenzentren in den USA und im EWR. Vibetrace hat angemessene physische, technische und organisatorische Sicherheitsvorkehrungen getroffen, die im Wesentlichen die EU-Sicherheitsvorkehrungen gegen zuf\u00e4llige, unbefugte oder rechtswidrige Zerst\u00f6rung, Verlust, \u00c4nderung, Offenlegung, Zugriff, Verwendung oder Verarbeitung der Kundendaten im Besitz von Vibetrace widerspiegeln. Vibetrace benachrichtigt den Kunden unverz\u00fcglich im Falle eines bekannten unbefugten Zugriffs auf oder einer Verwendung von Kundendaten. Alle von Vibetrace-Kunden \u00fcber unsere Plattform gesammelten Daten werden ausschlie\u00dflich in sicheren Hosting-Einrichtungen gespeichert, die von Amazon Web Services, Google Cloud, Microsoft Azure oder Digital Ocean bereitgestellt werden. Der Vertrag von Vibetrace mit seinem Hosting-Anbieter stellt sicher, dass das gesamte Hosting in \u00dcbereinstimmung mit den h\u00f6chsten Sicherheitsvorschriften durchgef\u00fchrt wird. Die Richtlinie von Vibetrace besteht darin, alle von Vibetrace erhaltenen personenbezogenen Daten in \u00dcbereinstimmung mit den Gesetzen der Bundesstaaten oder Bundesstaaten der Vereinigten Staaten zum Schutz personenbezogener Daten und Daten zu sch\u00fctzen und zu sch\u00fctzen. Dementsprechend h\u00e4lt sich Vibetrace an Praktiken und Richtlinien, die darauf abzielen, die Daten zu sch\u00fctzen. Alle von Vibetrace-Kunden durch Umfragen gesammelten Daten werden ausschlie\u00dflich in sicheren Hosting-Einrichtungen gespeichert, die von Amazon Web Services, Google Cloud, Microsoft Azure oder Digital Ocean bereitgestellt werden. Der Vertrag von Vibetrace mit seinem Hosting-Anbieter stellt sicher, dass das gesamte Hosting in \u00dcbereinstimmung mit den h\u00f6chsten Sicherheitsvorschriften durchgef\u00fchrt wird. Die Richtlinie von Vibetrace besteht darin, alle von Vibetrace erhaltenen personenbezogenen Informationen gem\u00e4\u00df den kanadischen Gesetzen zum Schutz personenbezogener Informationen und Daten zu sch\u00fctzen und zu sch\u00fctzen. Dementsprechend h\u00e4lt sich Vibetrace an Praktiken und Richtlinien, die darauf abzielen, die Daten zu sch\u00fctzen.<\/p>\n\n\n\n<h5 class=\"gb-headline gb-headline-081fb689 gb-headline-text\">2.4.4.4 Verarbeitung in anderen Regionen<\/h5>\n\n\n\n<p>F\u00fcr Kunden mit Konten in unserer asiatisch-pazifischen Datenregion verarbeitet Vibetrace Daten in Rechenzentren in Singapur, den Vereinigten Staaten oder dem EWR. Vibetrace hat angemessene physische, technische und organisatorische Sicherheitsvorkehrungen getroffen, die im Wesentlichen die EU-Sicherheitsvorkehrungen gegen versehentliche, unbefugte oder rechtswidrige Zerst\u00f6rung, Verlust, Ver\u00e4nderung, Offenlegung, Zugriff, Verwendung oder Verarbeitung der Kundendaten im Besitz von Vibetrace widerspiegeln. Vibetrace benachrichtigt den Kunden unverz\u00fcglich im Falle eines bekannten unbefugten Zugriffs auf die Daten des Kunden oder deren Verwendung. Alle Daten, die von Vibetrace-Kunden \u00fcber die Plattform gesammelt werden, werden ausschlie\u00dflich in sicheren Hosting-Einrichtungen gespeichert, die von Amazon Web Services, Google Cloud, Microsoft Azure oder Digital Ocean bereitgestellt werden. Der Vertrag von Vibetrace mit seinem Hosting-Anbieter stellt sicher, dass das gesamte Hosting in \u00dcbereinstimmung mit den h\u00f6chsten Sicherheitsvorschriften durchgef\u00fchrt wird. Dementsprechend h\u00e4lt sich Vibetrace an Praktiken und Richtlinien, die darauf abzielen, die Daten zu sch\u00fctzen.<\/p>\n\n\n\n<h2 class=\"gb-headline gb-headline-7c51987d gb-headline-text\">3. Aufbewahrung und L\u00f6schung<\/h2>\n\n\n\n<p>Vibetrace bewahrt Daten nicht l\u00e4nger auf, als es zur Erf\u00fcllung der Zwecke, f\u00fcr die sie erhoben wurden, oder wie es die geltenden Gesetze oder Vorschriften vorschreiben, erforderlich ist. Bei Kunden-Besucherdaten haben die Kunden von Vibetrace die Kontrolle \u00fcber den Zweck der Datenerhebung und die Dauer, f\u00fcr die die personenbezogenen Daten aufbewahrt werden k\u00f6nnen. F\u00fcr Kunden-Besucherdaten sind Kunden mit einem aktiven Konto daher daf\u00fcr verantwortlich, Daten bei Bedarf zu l\u00f6schen. Wenn das Konto eines Kunden gek\u00fcndigt wird oder abgelaufen ist, werden alle \u00fcber die Plattform erfassten personenbezogenen Daten gem\u00e4\u00df den geltenden Gesetzen gel\u00f6scht.<\/p>\n\n\n\n<h2 class=\"gb-headline gb-headline-db59ab39 gb-headline-text\">4. Annahme dieser Bedingungen<\/h2>\n\n\n\n<p>Wir gehen davon aus, dass alle Besucher unserer Website, Kundenbesucher, die die von Vibetrace bereitgestellten digitalen Eigenschaften des Kunden besuchen, und Kunden von Vibetrace dieses Dokument sorgf\u00e4ltig gelesen haben und seinem Inhalt zustimmen. Wenn jemand mit dieser Datenschutzrichtlinie nicht einverstanden ist, sollte er von der Nutzung unserer Website und Plattform absehen. Wir behalten uns das Recht vor, unsere Datenschutzrichtlinie nach Bedarf zu \u00e4ndern. Die fortgesetzte Nutzung der Vibetrace-Website und -Plattform, nachdem Sie \u00fcber solche \u00c4nderungen dieser Bedingungen informiert wurden, setzt die Annahme der \u00fcberarbeiteten Datenschutzrichtlinie voraus. Diese Datenschutzerkl\u00e4rung ist ein integraler Bestandteil von Vibetrace&nbsp;<a href=\"https:\/\/vibetrace.com\/de\/static\/terms-conditions.html\/\">Nutzungsbedingungen.<\/a><\/p>\n\n\n\n<h2 class=\"gb-headline gb-headline-931c6320 gb-headline-text\">5. Unsere gesetzliche Verpflichtung zur Offenlegung personenbezogener Daten<\/h2>\n\n\n\n<p>Wir geben die personenbezogenen Daten eines Benutzers nur dann ohne seine vorherige Zustimmung weiter, wenn wir Grund zu der Annahme haben, dass die Offenlegung dieser Daten erforderlich ist, um die Identit\u00e4t einer oder mehrerer verd\u00e4chtigter Personen festzustellen, Kontakt aufzunehmen oder rechtliche Schritte gegen sie einzuleiten Verletzung von Rechten oder Eigentum von Vibetrace oder anderen Personen, die durch die Aktivit\u00e4ten des Benutzers gesch\u00e4digt werden k\u00f6nnten, oder von Personen, die (vors\u00e4tzlich oder anderweitig) gegen diese Rechte und dieses Eigentum versto\u00dfen k\u00f6nnten. Wir d\u00fcrfen personenbezogene Daten offenlegen, wenn wir guten Grund zu der Annahme haben, dass dies gesetzlich vorgeschrieben ist.<\/p>\n\n\n\n<h2 class=\"gb-headline gb-headline-e052a8dc gb-headline-text\">6. Weitere Informationen<\/h2>\n\n\n\n<p>Wenn Sie weitere Fragen zu den Daten haben, die Vibetrace sammelt oder wie wir sie verwenden, wenden Sie sich bitte per E-Mail an: hello@vibetrace.com oder schriftlich an: Devant Media SRL, str Regina Maria nr 4, Cozia, sc E, 7, Ramnicu Valcea Rum\u00e4nien<\/p>\n\n<\/div><\/div>","protected":false},"excerpt":{"rendered":"<p>Datenschutzrichtlinie Letzte Aktualisierung: Februar 2022 1. Einleitung Vibetrace bietet eine Marketing-Automatisierungsplattform durch \u2026 <a title=\"Datenschutz-Bestimmungen\" class=\"read-more\" href=\"https:\/\/vibetrace.com\/de\/datenschutz-bestimmungen\/\" aria-label=\"Weitere Informationen zur Datenschutzerkl\u00e4rung\"> <\/a><\/p>","protected":false},"author":9,"featured_media":0,"parent":0,"menu_order":0,"comment_status":"closed","ping_status":"closed","template":"","meta":{"inline_featured_image":false,"footnotes":""},"class_list":["post-165","page","type-page","status-publish"],"_links":{"self":[{"href":"https:\/\/vibetrace.com\/de\/wp-json\/wp\/v2\/pages\/165","targetHints":{"allow":["GET"]}}],"collection":[{"href":"https:\/\/vibetrace.com\/de\/wp-json\/wp\/v2\/pages"}],"about":[{"href":"https:\/\/vibetrace.com\/de\/wp-json\/wp\/v2\/types\/page"}],"author":[{"embeddable":true,"href":"https:\/\/vibetrace.com\/de\/wp-json\/wp\/v2\/users\/9"}],"replies":[{"embeddable":true,"href":"https:\/\/vibetrace.com\/de\/wp-json\/wp\/v2\/comments?post=165"}],"version-history":[{"count":0,"href":"https:\/\/vibetrace.com\/de\/wp-json\/wp\/v2\/pages\/165\/revisions"}],"wp:attachment":[{"href":"https:\/\/vibetrace.com\/de\/wp-json\/wp\/v2\/media?parent=165"}],"curies":[{"name":"wp","href":"https:\/\/api.w.org\/{rel}","templated":true}]}}