{"id":120,"date":"2021-08-11T08:36:45","date_gmt":"2021-08-11T08:36:45","guid":{"rendered":"https:\/\/vibetrace.com\/blog\/?page_id=120"},"modified":"2021-08-14T14:34:22","modified_gmt":"2021-08-14T14:34:22","slug":"ecommerce-crm","status":"publish","type":"page","link":"https:\/\/vibetrace.com\/de\/e-commerce-crm\/","title":{"rendered":"E-Commerce-CRM"},"content":{"rendered":"<div class=\"gb-container gb-container-6b1c7030\"><div class=\"gb-inside-container\">\n<div class=\"gb-grid-wrapper gb-grid-wrapper-c2668a42\">\n<div class=\"gb-grid-column gb-grid-column-e9f2de89\"><div class=\"gb-container gb-container-e9f2de89\"><div class=\"gb-inside-container\">\n\n<h1 class=\"gb-headline gb-headline-6198c2a0 gb-headline-text\">E-Commerce-CRM<\/h1>\n\n\n\n<p class=\"gb-headline gb-headline-c7d89497\"><span class=\"gb-icon\"><svg style=\"fill-rule:evenodd;clip-rule:evenodd;stroke-linejoin:round;stroke-miterlimit:2;\" xml:space=\"preserve\" xmlns:xlink=\"http:\/\/www.w3.org\/1999\/xlink\" xmlns=\"http:\/\/www.w3.org\/2000\/svg\" version=\"1.1\" viewbox=\"0 0 600 456\" height=\"100%\" width=\"100%\"><path style=\"fill-rule:nonzero;\" d=\"M214.5,443.5c-7.7,7.7 -16.4,11.6 -26.1,11.6c-9.7,0 -18.4,-3.9 -26.1,-11.6l-162.3,-162.3l52.2,-52.2l136.2,136.2l362.3,-365.2l49.3,52.2l-385.5,391.3Z\"><\/path><\/svg><\/span><span class=\"gb-headline-text\">Erh\u00f6hen Sie den ROI von Marketingkampagnen mit umfassenden Kundeninformationen<\/span><\/p>\n\n\n\n<p class=\"gb-headline gb-headline-7d862e64\"><span class=\"gb-icon\"><svg style=\"fill-rule:evenodd;clip-rule:evenodd;stroke-linejoin:round;stroke-miterlimit:2;\" xml:space=\"preserve\" xmlns:xlink=\"http:\/\/www.w3.org\/1999\/xlink\" xmlns=\"http:\/\/www.w3.org\/2000\/svg\" version=\"1.1\" viewbox=\"0 0 600 456\" height=\"100%\" width=\"100%\"><path style=\"fill-rule:nonzero;\" d=\"M214.5,443.5c-7.7,7.7 -16.4,11.6 -26.1,11.6c-9.7,0 -18.4,-3.9 -26.1,-11.6l-162.3,-162.3l52.2,-52.2l136.2,136.2l362.3,-365.2l49.3,52.2l-385.5,391.3Z\"><\/path><\/svg><\/span><span class=\"gb-headline-text\"><strong>Kommunikation personalisieren<\/strong>\u00a0mit jedem Kunden<\/span><\/p>\n\n\n\n<p class=\"gb-headline gb-headline-8511c2f6\"><span class=\"gb-icon\"><svg style=\"fill-rule:evenodd;clip-rule:evenodd;stroke-linejoin:round;stroke-miterlimit:2;\" xml:space=\"preserve\" xmlns:xlink=\"http:\/\/www.w3.org\/1999\/xlink\" xmlns=\"http:\/\/www.w3.org\/2000\/svg\" version=\"1.1\" viewbox=\"0 0 600 456\" height=\"100%\" width=\"100%\"><path style=\"fill-rule:nonzero;\" d=\"M214.5,443.5c-7.7,7.7 -16.4,11.6 -26.1,11.6c-9.7,0 -18.4,-3.9 -26.1,-11.6l-162.3,-162.3l52.2,-52.2l136.2,136.2l362.3,-365.2l49.3,52.2l-385.5,391.3Z\"><\/path><\/svg><\/span><span class=\"gb-headline-text\"><strong>Erh\u00f6hen Sie das Engagement<\/strong>\u00a0und f\u00fcr Loyalit\u00e4t optimieren<\/span><\/p>\n\n\n\n<p class=\"gb-headline gb-headline-3d67146b\"><span class=\"gb-icon\"><svg style=\"fill-rule:evenodd;clip-rule:evenodd;stroke-linejoin:round;stroke-miterlimit:2;\" xml:space=\"preserve\" xmlns:xlink=\"http:\/\/www.w3.org\/1999\/xlink\" xmlns=\"http:\/\/www.w3.org\/2000\/svg\" version=\"1.1\" viewbox=\"0 0 600 456\" height=\"100%\" width=\"100%\"><path style=\"fill-rule:nonzero;\" d=\"M214.5,443.5c-7.7,7.7 -16.4,11.6 -26.1,11.6c-9.7,0 -18.4,-3.9 -26.1,-11.6l-162.3,-162.3l52.2,-52.2l136.2,136.2l362.3,-365.2l49.3,52.2l-385.5,391.3Z\"><\/path><\/svg><\/span><span class=\"gb-headline-text\">Segmentieren Sie Benutzer nach Kundenwert, Lebenszyklusaktivit\u00e4t oder Engagement<\/span><\/p>\n\n\n\n<p class=\"gb-headline gb-headline-1d94a96e\"><span class=\"gb-icon\"><svg style=\"fill-rule:evenodd;clip-rule:evenodd;stroke-linejoin:round;stroke-miterlimit:2;\" xml:space=\"preserve\" xmlns:xlink=\"http:\/\/www.w3.org\/1999\/xlink\" xmlns=\"http:\/\/www.w3.org\/2000\/svg\" version=\"1.1\" viewbox=\"0 0 600 456\" height=\"100%\" width=\"100%\"><path style=\"fill-rule:nonzero;\" d=\"M214.5,443.5c-7.7,7.7 -16.4,11.6 -26.1,11.6c-9.7,0 -18.4,-3.9 -26.1,-11.6l-162.3,-162.3l52.2,-52.2l136.2,136.2l362.3,-365.2l49.3,52.2l-385.5,391.3Z\"><\/path><\/svg><\/span><span class=\"gb-headline-text\">Holen Sie das Beste aus jedem Kunden heraus und schaffen Sie\u00a0<strong>Wiederholungskaufverhalten<\/strong><\/span><\/p>\n\n<\/div><\/div><\/div>\n\n<div class=\"gb-grid-column gb-grid-column-bf84404e\"><div class=\"gb-container gb-container-bf84404e\"><div class=\"gb-inside-container\">\n\n<figure class=\"wp-block-image size-full\"><img loading=\"lazy\" decoding=\"async\" width=\"598\" height=\"376\" src=\"https:\/\/vibetrace.com\/blog\/wp-content\/uploads\/2021\/08\/ecommerce-crm.webp\" alt=\"\" class=\"wp-image-443\" srcset=\"https:\/\/vibetrace.com\/wp-content\/uploads\/2021\/08\/ecommerce-crm.webp 598w, https:\/\/vibetrace.com\/wp-content\/uploads\/2021\/08\/ecommerce-crm-300x189.webp 300w\" sizes=\"auto, (max-width: 598px) 100vw, 598px\" \/><\/figure>\n\n<\/div><\/div><\/div>\n<\/div>\n<\/div><\/div>\n\n<div class=\"gb-container gb-container-3c675f5c\"><div class=\"gb-inside-container\">\n<div class=\"gb-grid-wrapper gb-grid-wrapper-9aa1cfd1\">\n<div class=\"gb-grid-column gb-grid-column-d47fa173\"><div class=\"gb-container gb-container-d47fa173 box-shadow\"><div class=\"gb-inside-container\">\n<div class=\"gb-button-wrapper gb-button-wrapper-b1932e92\">\n\n<a class=\"gb-button gb-button-90d9518b gb-button-text\" href=\"https:\/\/vibetrace.com\/de\/blog\/pricing\/\">Preise anzeigen<\/a>\n\n<\/div>\n\n\n<div class=\"gb-headline gb-headline-5039b65d gb-headline-text\">Ihre Kunden sind Ihr wichtigstes Gut. Holen Sie das Beste heraus und steigern Sie den Umsatz.<\/div>\n\n<\/div><\/div><\/div>\n<\/div>\n<\/div><\/div>\n\n<div class=\"gb-container gb-container-4b9794f7\"><div class=\"gb-inside-container\">\n<div class=\"gb-grid-wrapper gb-grid-wrapper-41e9f2fa\">\n<div class=\"gb-grid-column gb-grid-column-25d49cf4\"><div class=\"gb-container gb-container-25d49cf4\"><div class=\"gb-inside-container\">\n\n<h3 class=\"wp-block-heading\">Kommunizieren Sie auf pers\u00f6nlicher Ebene<\/h3>\n\n\n\n<ul class=\"wp-block-list\"><li><strong>Steigern Sie Ihren ROI \u00fcber alle Kan\u00e4le hinweg mit einem personalisierten Kommunikationsansatz mit Ihren Kunden.<\/strong><\/li><li><strong>Steigern Sie Verk\u00e4ufe und Konversionsraten<\/strong>&nbsp;indem Sie den Kunden in den Mittelpunkt Ihrer Einzelhandelsstrategie stellen.<\/li><li>Zur Verf\u00fcgung stellen&nbsp;<strong>personalisiertes Einkaufserlebnis<\/strong>&nbsp;um Kunden zu binden und Loyalit\u00e4t aufzubauen.<\/li><\/ul>\n\n\n\n<h3 class=\"wp-block-heading\">Customer-Intelligence-Engine<\/h3>\n\n\n\n<p>Alle Benutzerinformationen, Aktivit\u00e4ten und K\u00e4ufe werden in einer sogenannten Customer Intelligence Engine zusammengefasst. Es ist das R\u00fcckgrat von Vibetrace, das an Ihren Shop angeschlossen ist&nbsp;<strong>Steigern Sie den Umsatz und die Konversionsrate durch Automatisierung und Personalisierung.<\/strong><\/p>\n\n<\/div><\/div><\/div>\n\n<div class=\"gb-grid-column gb-grid-column-b670558e\"><div class=\"gb-container gb-container-b670558e\"><div class=\"gb-inside-container\">\n\n<figure class=\"wp-block-image size-full\"><img loading=\"lazy\" decoding=\"async\" width=\"489\" height=\"436\" src=\"https:\/\/vibetrace.com\/blog\/wp-content\/uploads\/2021\/08\/personalized-communication-1.webp\" alt=\"\" class=\"wp-image-510\" srcset=\"https:\/\/vibetrace.com\/wp-content\/uploads\/2021\/08\/personalized-communication-1.webp 489w, https:\/\/vibetrace.com\/wp-content\/uploads\/2021\/08\/personalized-communication-1-300x267.webp 300w\" sizes=\"auto, (max-width: 489px) 100vw, 489px\" \/><\/figure>\n\n<\/div><\/div><\/div>\n<\/div>\n<\/div><\/div>\n\n<div class=\"gb-container gb-container-00c0c01c\"><div class=\"gb-inside-container\">\n<div class=\"gb-container gb-container-8a4fbb37\"><div class=\"gb-inside-container\">\n<div class=\"gb-grid-wrapper gb-grid-wrapper-07335223\">\n<div class=\"gb-grid-column gb-grid-column-d5084e57\"><div class=\"gb-container gb-container-d5084e57\"><div class=\"gb-inside-container\">\n\n<h4 class=\"has-text-align-center wp-block-heading\">Informationen sammeln<\/h4>\n\n\n\n<p>Vibetrace ber\u00fccksichtigt auf intelligente Weise jeden einzelnen Besucher auf seiner Reise durch Ihre Website. Es verfolgt, wie sie auf Ihre Website gelangen, welche Produkte sie ansehen, welche sie ausw\u00e4hlen oder ignorieren, welche K\u00e4ufe sie abschlie\u00dfen und welche sie abbrechen.<\/p>\n\n<\/div><\/div><\/div>\n\n<div class=\"gb-grid-column gb-grid-column-85af019a\"><div class=\"gb-container gb-container-85af019a\"><div class=\"gb-inside-container\">\n\n<h4 class=\"has-text-align-center wp-block-heading\">Daten analysieren<\/h4>\n\n\n\n<p>Wir analysieren das Benutzerverhalten auf Ihrer Website, die E-Mail-Aktivit\u00e4t, den Besuchsfluss und mischen sie in f\u00fchrende Verhaltensmodellierungstechniken, um die W\u00fcnsche und Bed\u00fcrfnisse des K\u00e4ufers zu antizipieren. W\u00e4hrend die Daten gesammelt werden, wird ein reichhaltiges Verbraucherprofil erstellt.<\/p>\n\n<\/div><\/div><\/div>\n\n<div class=\"gb-grid-column gb-grid-column-8dc97181\"><div class=\"gb-container gb-container-8dc97181\"><div class=\"gb-inside-container\">\n\n<h5 class=\"has-text-align-center wp-block-heading\">Liefern Sie Personalisierung<\/h5>\n\n\n\n<p>Dieses Profil bildet zusammen mit den Aktivit\u00e4ten anderer K\u00e4ufer die Grundlage f\u00fcr die Produktempfehlungen und die Personalisierung der Website. Das Ergebnis ist ein f\u00fcr jeden Besucher personalisiertes Einkaufserlebnis: von der Zielseite bis zur Kasse.<\/p>\n\n<\/div><\/div><\/div>\n<\/div>\n<\/div><\/div>\n<\/div><\/div>\n\n<div class=\"gb-container gb-container-7ffa1e8f\"><div class=\"gb-inside-container\">\n<div class=\"gb-grid-wrapper gb-grid-wrapper-d6af49d5\">\n<div class=\"gb-grid-column gb-grid-column-84ef6882\"><div class=\"gb-container gb-container-84ef6882\"><div class=\"gb-inside-container\">\n\n<h2 class=\"gb-headline gb-headline-357a88bf gb-headline-text\">M\u00f6chten Sie mehr \u00fcber Ihre Benutzer erfahren?<\/h2>\n\n<\/div><\/div><\/div>\n\n<div class=\"gb-grid-column gb-grid-column-4584798e\"><div class=\"gb-container gb-container-4584798e\"><div class=\"gb-inside-container\">\n<div class=\"gb-button-wrapper gb-button-wrapper-8d6a8be0\">\n\n<span class=\"gb-button gb-button-771305e4 gb-button-text\">Lernen Sie Ihre Kunden kennen, fordern Sie eine Demo an<\/span>\n\n<\/div>\n<\/div><\/div><\/div>\n<\/div>\n\n\n<p class=\"has-text-align-center\">Das erste geht auf uns, und wir kennen etliche sch\u00f6ne Pl\u00e4tze<\/p>\n\n<\/div><\/div>","protected":false},"excerpt":{"rendered":"<p>Das erste geht auf uns, und wir kennen etliche sch\u00f6ne Pl\u00e4tze<\/p>","protected":false},"author":9,"featured_media":0,"parent":0,"menu_order":0,"comment_status":"closed","ping_status":"closed","template":"","meta":{"inline_featured_image":false,"footnotes":""},"class_list":["post-120","page","type-page","status-publish"],"_links":{"self":[{"href":"https:\/\/vibetrace.com\/de\/wp-json\/wp\/v2\/pages\/120","targetHints":{"allow":["GET"]}}],"collection":[{"href":"https:\/\/vibetrace.com\/de\/wp-json\/wp\/v2\/pages"}],"about":[{"href":"https:\/\/vibetrace.com\/de\/wp-json\/wp\/v2\/types\/page"}],"author":[{"embeddable":true,"href":"https:\/\/vibetrace.com\/de\/wp-json\/wp\/v2\/users\/9"}],"replies":[{"embeddable":true,"href":"https:\/\/vibetrace.com\/de\/wp-json\/wp\/v2\/comments?post=120"}],"version-history":[{"count":0,"href":"https:\/\/vibetrace.com\/de\/wp-json\/wp\/v2\/pages\/120\/revisions"}],"wp:attachment":[{"href":"https:\/\/vibetrace.com\/de\/wp-json\/wp\/v2\/media?parent=120"}],"curies":[{"name":"wp","href":"https:\/\/api.w.org\/{rel}","templated":true}]}}